{"id":42948,"date":"2024-05-23T06:32:19","date_gmt":"2024-05-23T10:32:19","guid":{"rendered":"https:\/\/www.qeiinc.com\/?page_id=42948"},"modified":"2025-04-16T12:29:33","modified_gmt":"2025-04-16T16:29:33","slug":"inscripcion-en-talleres-internacionales-de-capacitacion-para-grupos-de-usuarios","status":"publish","type":"page","link":"https:\/\/www.qeiinc.com\/es\/customer-portal\/international-user-group-training-workshops-registration\/","title":{"rendered":"Inscripci\u00f3n a la Conferencia Internacional del Grupo de Usuarios y al Taller de Capacitaci\u00f3n"},"content":{"rendered":"<div id=\"register\" class=\"fusion-container-anchor\"><div class=\"fusion-fullwidth fullwidth-box fusion-builder-row-1 fusion-flex-container has-pattern-background has-mask-background nonhundred-percent-fullwidth non-hundred-percent-height-scrolling\" style=\"--awb-border-radius-top-left:0px;--awb-border-radius-top-right:0px;--awb-border-radius-bottom-right:0px;--awb-border-radius-bottom-left:0px;--awb-flex-wrap:wrap;\" ><div class=\"fusion-builder-row fusion-row fusion-flex-align-items-flex-start fusion-flex-justify-content-center fusion-flex-content-wrap\" style=\"max-width:1310.4px;margin-left: calc(-4% \/ 2 );margin-right: calc(-4% \/ 2 );\"><div class=\"fusion-layout-column fusion_builder_column fusion-builder-column-0 fusion_builder_column_3_4 3_4 fusion-flex-column\" style=\"--awb-bg-size:cover;--awb-width-large:75%;--awb-margin-top-large:20px;--awb-spacing-right-large:2.56%;--awb-margin-bottom-large:20px;--awb-spacing-left-large:2.56%;--awb-width-medium:75%;--awb-order-medium:0;--awb-spacing-right-medium:2.56%;--awb-spacing-left-medium:2.56%;--awb-width-small:100%;--awb-order-small:0;--awb-spacing-right-small:1.92%;--awb-spacing-left-small:1.92%;\"><div class=\"fusion-column-wrapper fusion-column-has-shadow fusion-flex-justify-content-flex-start fusion-content-layout-column\"><div class=\"fusion-title title fusion-title-1 fusion-sep-none fusion-title-center fusion-title-text fusion-title-size-two\" style=\"--awb-margin-top-small:10px;--awb-margin-right-small:0px;--awb-margin-bottom-small:20px;--awb-margin-left-small:0px;\"><h2 class=\"fusion-title-heading title-heading-center fusion-responsive-typography-calculated\" style=\"margin:0;--fontSize:48;line-height:1.2;\">Reg\u00edstrese ahora<\/h2><\/div><div class=\"fusion-text fusion-text-1\" style=\"--awb-content-alignment:center;\"><\/div><\/div><\/div><\/div><\/div><\/div>","protected":false},"excerpt":{"rendered":"","protected":false},"author":20,"featured_media":0,"parent":38766,"menu_order":0,"comment_status":"closed","ping_status":"closed","template":"100-width.php","meta":{"_acf_changed":false,"footnotes":""},"class_list":["post-42948","page","type-page","status-publish","hentry"],"acf":[],"yoast_head":"<!-- This site is optimized with the Yoast SEO plugin v27.3 - https:\/\/yoast.com\/product\/yoast-seo-wordpress\/ -->\n<title>International User Group Conference &amp; Training Workshop Registration | QEI Automation Solutions<\/title>\n<meta name=\"description\" content=\"QEI Automation Solutions :\" \/>\n<meta name=\"robots\" content=\"index, follow, max-snippet:-1, max-image-preview:large, max-video-preview:-1\" \/>\n<link rel=\"canonical\" href=\"https:\/\/www.qeiinc.com\/es\/portal-del-cliente\/inscripcion-en-talleres-internacionales-de-capacitacion-para-grupos-de-usuarios\/\" \/>\n<meta property=\"og:locale\" content=\"es_ES\" \/>\n<meta property=\"og:type\" content=\"article\" \/>\n<meta property=\"og:title\" content=\"International User Group Conference &amp; Training Workshop Registration | QEI Automation Solutions\" \/>\n<meta property=\"og:description\" content=\"QEI Automation Solutions :\" \/>\n<meta property=\"og:url\" content=\"https:\/\/www.qeiinc.com\/es\/portal-del-cliente\/inscripcion-en-talleres-internacionales-de-capacitacion-para-grupos-de-usuarios\/\" \/>\n<meta property=\"og:site_name\" content=\"QEI Automation Solutions\" \/>\n<meta property=\"article:publisher\" content=\"https:\/\/www.facebook.com\/qeiscada\/\" \/>\n<meta property=\"article:modified_time\" content=\"2025-04-16T16:29:33+00:00\" \/>\n<meta property=\"og:image\" content=\"https:\/\/www.qeiinc.com\/wp-content\/uploads\/2025\/04\/qei-social.jpg\" \/>\n\t<meta property=\"og:image:width\" content=\"1500\" \/>\n\t<meta property=\"og:image:height\" content=\"752\" \/>\n\t<meta property=\"og:image:type\" content=\"image\/jpeg\" \/>\n<meta name=\"twitter:card\" content=\"summary_large_image\" \/>\n<meta name=\"twitter:site\" content=\"@QeiScada\" \/>\n<meta name=\"twitter:label1\" content=\"Tiempo de lectura\" \/>\n\t<meta name=\"twitter:data1\" content=\"5 minutos\" \/>\n<script type=\"application\/ld+json\" class=\"yoast-schema-graph\">{\"@context\":\"https:\\\/\\\/schema.org\",\"@graph\":[{\"@type\":\"WebPage\",\"@id\":\"https:\\\/\\\/www.qeiinc.com\\\/customer-portal\\\/international-user-group-training-workshops-registration\\\/\",\"url\":\"https:\\\/\\\/www.qeiinc.com\\\/customer-portal\\\/international-user-group-training-workshops-registration\\\/\",\"name\":\"International User Group Conference & Training Workshop Registration | QEI Automation Solutions\",\"isPartOf\":{\"@id\":\"https:\\\/\\\/www.qeiinc.com\\\/#website\"},\"datePublished\":\"2024-05-23T10:32:19+00:00\",\"dateModified\":\"2025-04-16T16:29:33+00:00\",\"description\":\"QEI Automation Solutions :\",\"breadcrumb\":{\"@id\":\"https:\\\/\\\/www.qeiinc.com\\\/customer-portal\\\/international-user-group-training-workshops-registration\\\/#breadcrumb\"},\"inLanguage\":\"es-CO\",\"potentialAction\":[{\"@type\":\"ReadAction\",\"target\":[\"https:\\\/\\\/www.qeiinc.com\\\/customer-portal\\\/international-user-group-training-workshops-registration\\\/\"]}]},{\"@type\":\"BreadcrumbList\",\"@id\":\"https:\\\/\\\/www.qeiinc.com\\\/customer-portal\\\/international-user-group-training-workshops-registration\\\/#breadcrumb\",\"itemListElement\":[{\"@type\":\"ListItem\",\"position\":1,\"name\":\"Home\",\"item\":\"https:\\\/\\\/www.qeiinc.com\\\/\"},{\"@type\":\"ListItem\",\"position\":2,\"name\":\"QEI Customer Portal\",\"item\":\"https:\\\/\\\/www.qeiinc.com\\\/customer-portal\\\/\"},{\"@type\":\"ListItem\",\"position\":3,\"name\":\"International User Group Conference &#038; Training Workshop Registration\"}]},{\"@type\":\"WebSite\",\"@id\":\"https:\\\/\\\/www.qeiinc.com\\\/#website\",\"url\":\"https:\\\/\\\/www.qeiinc.com\\\/\",\"name\":\"QEI\",\"description\":\"Automation Solutions\",\"publisher\":{\"@id\":\"https:\\\/\\\/www.qeiinc.com\\\/#organization\"},\"potentialAction\":[{\"@type\":\"SearchAction\",\"target\":{\"@type\":\"EntryPoint\",\"urlTemplate\":\"https:\\\/\\\/www.qeiinc.com\\\/?s={search_term_string}\"},\"query-input\":{\"@type\":\"PropertyValueSpecification\",\"valueRequired\":true,\"valueName\":\"search_term_string\"}}],\"inLanguage\":\"es-CO\"},{\"@type\":\"Organization\",\"@id\":\"https:\\\/\\\/www.qeiinc.com\\\/#organization\",\"name\":\"QEI\",\"url\":\"https:\\\/\\\/www.qeiinc.com\\\/\",\"logo\":{\"@type\":\"ImageObject\",\"inLanguage\":\"es-CO\",\"@id\":\"https:\\\/\\\/www.qeiinc.com\\\/#\\\/schema\\\/logo\\\/image\\\/\",\"url\":\"https:\\\/\\\/www.qeiinc.com\\\/wp-content\\\/uploads\\\/2025\\\/04\\\/qei-social-logo.jpg\",\"contentUrl\":\"https:\\\/\\\/www.qeiinc.com\\\/wp-content\\\/uploads\\\/2025\\\/04\\\/qei-social-logo.jpg\",\"width\":696,\"height\":696,\"caption\":\"QEI\"},\"image\":{\"@id\":\"https:\\\/\\\/www.qeiinc.com\\\/#\\\/schema\\\/logo\\\/image\\\/\"},\"sameAs\":[\"https:\\\/\\\/www.facebook.com\\\/qeiscada\\\/\",\"https:\\\/\\\/x.com\\\/QeiScada\",\"https:\\\/\\\/www.linkedin.com\\\/company\\\/qei-llc\\\/\"]}]}<\/script>\n<!-- \/ Yoast SEO plugin. -->","yoast_head_json":{"title":"Inscripci\u00f3n a la Conferencia Internacional del Grupo de Usuarios y Taller de Capacitaci\u00f3n | Soluciones de Automatizaci\u00f3n QEI","description":"Soluciones de automatizaci\u00f3n QEI :","robots":{"index":"index","follow":"follow","max-snippet":"max-snippet:-1","max-image-preview":"max-image-preview:large","max-video-preview":"max-video-preview:-1"},"canonical":"https:\/\/www.qeiinc.com\/es\/portal-del-cliente\/inscripcion-en-talleres-internacionales-de-capacitacion-para-grupos-de-usuarios\/","og_locale":"es_ES","og_type":"article","og_title":"International User Group Conference & Training Workshop Registration | QEI Automation Solutions","og_description":"QEI Automation Solutions :","og_url":"https:\/\/www.qeiinc.com\/es\/portal-del-cliente\/inscripcion-en-talleres-internacionales-de-capacitacion-para-grupos-de-usuarios\/","og_site_name":"QEI Automation Solutions","article_publisher":"https:\/\/www.facebook.com\/qeiscada\/","article_modified_time":"2025-04-16T16:29:33+00:00","og_image":[{"width":1500,"height":752,"url":"https:\/\/www.qeiinc.com\/wp-content\/uploads\/2025\/04\/qei-social.jpg","type":"image\/jpeg"}],"twitter_card":"summary_large_image","twitter_site":"@QeiScada","twitter_misc":{"Tiempo de lectura":"5 minutos"},"schema":{"@context":"https:\/\/schema.org","@graph":[{"@type":"WebPage","@id":"https:\/\/www.qeiinc.com\/customer-portal\/international-user-group-training-workshops-registration\/","url":"https:\/\/www.qeiinc.com\/customer-portal\/international-user-group-training-workshops-registration\/","name":"Inscripci\u00f3n a la Conferencia Internacional del Grupo de Usuarios y Taller de Capacitaci\u00f3n | Soluciones de Automatizaci\u00f3n QEI","isPartOf":{"@id":"https:\/\/www.qeiinc.com\/#website"},"datePublished":"2024-05-23T10:32:19+00:00","dateModified":"2025-04-16T16:29:33+00:00","description":"Soluciones de automatizaci\u00f3n QEI :","breadcrumb":{"@id":"https:\/\/www.qeiinc.com\/customer-portal\/international-user-group-training-workshops-registration\/#breadcrumb"},"inLanguage":"es-CO","potentialAction":[{"@type":"ReadAction","target":["https:\/\/www.qeiinc.com\/customer-portal\/international-user-group-training-workshops-registration\/"]}]},{"@type":"BreadcrumbList","@id":"https:\/\/www.qeiinc.com\/customer-portal\/international-user-group-training-workshops-registration\/#breadcrumb","itemListElement":[{"@type":"ListItem","position":1,"name":"Home","item":"https:\/\/www.qeiinc.com\/"},{"@type":"ListItem","position":2,"name":"QEI Customer Portal","item":"https:\/\/www.qeiinc.com\/customer-portal\/"},{"@type":"ListItem","position":3,"name":"International User Group Conference &#038; Training Workshop Registration"}]},{"@type":"WebSite","@id":"https:\/\/www.qeiinc.com\/#website","url":"https:\/\/www.qeiinc.com\/","name":"QEI","description":"Soluciones de automatizaci\u00f3n","publisher":{"@id":"https:\/\/www.qeiinc.com\/#organization"},"potentialAction":[{"@type":"SearchAction","target":{"@type":"EntryPoint","urlTemplate":"https:\/\/www.qeiinc.com\/?s={search_term_string}"},"query-input":{"@type":"PropertyValueSpecification","valueRequired":true,"valueName":"search_term_string"}}],"inLanguage":"es-CO"},{"@type":"Organization","@id":"https:\/\/www.qeiinc.com\/#organization","name":"QEI","url":"https:\/\/www.qeiinc.com\/","logo":{"@type":"ImageObject","inLanguage":"es-CO","@id":"https:\/\/www.qeiinc.com\/#\/schema\/logo\/image\/","url":"https:\/\/www.qeiinc.com\/wp-content\/uploads\/2025\/04\/qei-social-logo.jpg","contentUrl":"https:\/\/www.qeiinc.com\/wp-content\/uploads\/2025\/04\/qei-social-logo.jpg","width":696,"height":696,"caption":"QEI"},"image":{"@id":"https:\/\/www.qeiinc.com\/#\/schema\/logo\/image\/"},"sameAs":["https:\/\/www.facebook.com\/qeiscada\/","https:\/\/x.com\/QeiScada","https:\/\/www.linkedin.com\/company\/qei-llc\/"]}]}},"publishpress_future_workflow_manual_trigger":{"enabledWorkflows":[]},"_links":{"self":[{"href":"https:\/\/www.qeiinc.com\/es\/wp-json\/wp\/v2\/pages\/42948","targetHints":{"allow":["GET"]}}],"collection":[{"href":"https:\/\/www.qeiinc.com\/es\/wp-json\/wp\/v2\/pages"}],"about":[{"href":"https:\/\/www.qeiinc.com\/es\/wp-json\/wp\/v2\/types\/page"}],"author":[{"embeddable":true,"href":"https:\/\/www.qeiinc.com\/es\/wp-json\/wp\/v2\/users\/20"}],"replies":[{"embeddable":true,"href":"https:\/\/www.qeiinc.com\/es\/wp-json\/wp\/v2\/comments?post=42948"}],"version-history":[{"count":4,"href":"https:\/\/www.qeiinc.com\/es\/wp-json\/wp\/v2\/pages\/42948\/revisions"}],"predecessor-version":[{"id":44017,"href":"https:\/\/www.qeiinc.com\/es\/wp-json\/wp\/v2\/pages\/42948\/revisions\/44017"}],"up":[{"embeddable":true,"href":"https:\/\/www.qeiinc.com\/es\/wp-json\/wp\/v2\/pages\/38766"}],"wp:attachment":[{"href":"https:\/\/www.qeiinc.com\/es\/wp-json\/wp\/v2\/media?parent=42948"}],"curies":[{"name":"wp","href":"https:\/\/api.w.org\/{rel}","templated":true}]}}