{"id":2614,"date":"2014-02-12T15:48:17","date_gmt":"2014-02-12T15:48:17","guid":{"rendered":"https:\/\/www.qeiinc.com\/shop\/get-the-whole-look\/river-island-black-hat\/"},"modified":"2024-10-23T15:05:31","modified_gmt":"2024-10-23T19:05:31","slug":"epaq-9400-9405-pasarela-para-subestaciones","status":"publish","type":"product","link":"https:\/\/www.qeiinc.com\/es\/product\/epaq-9400-9405-substation-gateway\/","title":{"rendered":"Gateway de subestaci\u00f3n ePAQ-9400\/9405"},"content":{"rendered":"<div class=\"fusion-fullwidth fullwidth-box fusion-builder-row-1 fusion-flex-container nonhundred-percent-fullwidth non-hundred-percent-height-scrolling\" style=\"--awb-border-radius-top-left:0px;--awb-border-radius-top-right:0px;--awb-border-radius-bottom-right:0px;--awb-border-radius-bottom-left:0px;--awb-flex-wrap:wrap;\" ><div class=\"fusion-builder-row fusion-row fusion-flex-align-items-flex-start fusion-flex-content-wrap\" style=\"max-width:1310.4px;margin-left: calc(-4% \/ 2 );margin-right: calc(-4% \/ 2 );\"><div class=\"fusion-layout-column fusion_builder_column fusion-builder-column-0 fusion_builder_column_1_1 1_1 fusion-flex-column\" style=\"--awb-bg-color:var(--awb-color4);--awb-bg-color-hover:var(--awb-color4);--awb-bg-size:cover;--awb-width-large:100%;--awb-margin-top-large:20px;--awb-spacing-right-large:1.92%;--awb-margin-bottom-large:20px;--awb-spacing-left-large:1.92%;--awb-width-medium:100%;--awb-order-medium:0;--awb-spacing-right-medium:1.92%;--awb-spacing-left-medium:1.92%;--awb-width-small:100%;--awb-order-small:0;--awb-spacing-right-small:1.92%;--awb-spacing-left-small:1.92%;\" data-scroll-devices=\"small-visibility,medium-visibility,large-visibility\"><div class=\"fusion-column-wrapper fusion-column-has-shadow fusion-flex-justify-content-flex-start fusion-content-layout-column\"><div class=\"fusion-tabs fusion-tabs-1 clean nav-is-justified horizontal-tabs icon-position-left mobile-mode-accordion\" style=\"--awb-title-border-radius-top-left:0px;--awb-title-border-radius-top-right:0px;--awb-title-border-radius-bottom-right:0px;--awb-title-border-radius-bottom-left:0px;--awb-content-padding-top:0px;--awb-content-padding-right:60px;--awb-content-padding-bottom:0px;--awb-content-padding-left:40px;--awb-title-font-size:22px;--awb-title-text-transform:uppercase;--awb-title-line-height:29px;--awb-alignment:start;--awb-inactive-color:rgba(0,162,224,0.79);--awb-title-text-color:var(--awb-color1);--awb-background-color:var(--awb-custom_color_1);--awb-border-color:var(--awb-color3);--awb-active-border-color:var(--awb-color5);--awb-title-font-family:&quot;Geologica&quot;;--awb-title-font-style:normal;--awb-title-font-weight:200;\"><div class=\"nav\"><ul class=\"nav-tabs nav-justified\" role=\"tablist\"><li class=\"active\" role=\"presentation\"><a class=\"tab-link\" data-toggle=\"tab\" role=\"tab\" aria-controls=\"tab-4575d8f10ed3315e225\" aria-selected=\"true\" id=\"fusion-tab-features\" href=\"#tab-4575d8f10ed3315e225\"><h4 class=\"fusion-tab-heading\"><i class=\"fontawesome-icon fa-list fas\" aria-hidden=\"true\" style=\"font-size:16px;\"><\/i>Caracter\u00edsticas<\/h4><\/a><\/li><li role=\"presentation\"><a class=\"tab-link\" data-toggle=\"tab\" role=\"tab\" aria-controls=\"tab-742919863fdd0cbd077\" aria-selected=\"false\" tabindex=\"-1\" id=\"fusion-tab-specifications\" href=\"#tab-742919863fdd0cbd077\"><h4 class=\"fusion-tab-heading\"><i class=\"fontawesome-icon fa-cogs fas\" aria-hidden=\"true\" style=\"font-size:16px;\"><\/i>Especificaciones<\/h4><\/a><\/li><li role=\"presentation\"><a class=\"tab-link\" data-toggle=\"tab\" role=\"tab\" aria-controls=\"tab-b1ecd79300ac40df615\" aria-selected=\"false\" tabindex=\"-1\" id=\"fusion-tab-downloads\" href=\"#tab-b1ecd79300ac40df615\"><h4 class=\"fusion-tab-heading\"><i class=\"fontawesome-icon fa-file-pdf fas\" aria-hidden=\"true\" style=\"font-size:16px;\"><\/i>Descargas <\/h4><\/a><\/li><\/ul><\/div><div class=\"tab-content\"><div class=\"nav fusion-mobile-tab-nav\"><ul class=\"nav-tabs nav-justified\" role=\"tablist\"><li class=\"active\" role=\"presentation\"><a class=\"tab-link\" data-toggle=\"tab\" role=\"tab\" aria-controls=\"tab-4575d8f10ed3315e225\" aria-selected=\"true\" id=\"mobile-fusion-tab-features\" href=\"#tab-4575d8f10ed3315e225\"><h4 class=\"fusion-tab-heading\"><i class=\"fontawesome-icon fa-list fas\" aria-hidden=\"true\" style=\"font-size:16px;\"><\/i>Caracter\u00edsticas<\/h4><\/a><\/li><\/ul><\/div><div class=\"tab-pane fade fusion-clearfix in active\" role=\"tabpanel\" tabindex=\"0\" aria-labelledby=\"fusion-tab-features\" id=\"tab-4575d8f10ed3315e225\">\n<ul>\n<li>Montaje en armario o bastidor, 2U<\/li>\n<li>Protocolos probados sobre el terreno<\/li>\n<li>Ampliable con el ePAQ 9405 para incluir entradas anal\u00f3gicas de transductor o poste de l\u00ednea<\/li>\n<li>Configuraci\u00f3n mediante el software ConfigWiz 2.0 para Windows<\/li>\n<li>Control de bucle cerrado (CLC) Programable<\/li>\n<li>Conexiones en el panel frontal e indicadores LED para facilitar la instalaci\u00f3n y la resoluci\u00f3n de problemas<\/li>\n<li>Interfaces de cobre y fibra<\/li>\n<li>Interfaz IRIG B para sellado de tiempo y SOE<\/li>\n<\/ul>\n<\/div><div class=\"nav fusion-mobile-tab-nav\"><ul class=\"nav-tabs nav-justified\" role=\"tablist\"><li role=\"presentation\"><a class=\"tab-link\" data-toggle=\"tab\" role=\"tab\" aria-controls=\"tab-742919863fdd0cbd077\" aria-selected=\"false\" tabindex=\"-1\" id=\"mobile-fusion-tab-specifications\" href=\"#tab-742919863fdd0cbd077\"><h4 class=\"fusion-tab-heading\"><i class=\"fontawesome-icon fa-cogs fas\" aria-hidden=\"true\" style=\"font-size:16px;\"><\/i>Especificaciones<\/h4><\/a><\/li><\/ul><\/div><div class=\"tab-pane fade fusion-clearfix\" role=\"tabpanel\" tabindex=\"0\" aria-labelledby=\"fusion-tab-specifications\" id=\"tab-742919863fdd0cbd077\">\n<p><a href=\"https:\/\/www.qeiinc.com\/wp-content\/uploads\/2024\/02\/ePAQ-9400-specs.png\"><img decoding=\"async\" class=\"lazyload alignright size-full wp-image-41090\" src=\"https:\/\/www.qeiinc.com\/wp-content\/uploads\/2024\/02\/ePAQ-9400-specs.png\" data-orig-src=\"https:\/\/www.qeiinc.com\/wp-content\/uploads\/2024\/02\/ePAQ-9400-specs.png\" alt=\"\" width=\"1460\" height=\"1368\" srcset=\"data:image\/svg+xml,%3Csvg%20xmlns%3D%27http%3A%2F%2Fwww.w3.org%2F2000%2Fsvg%27%20width%3D%271460%27%20height%3D%271368%27%20viewBox%3D%270%200%201460%201368%27%3E%3Crect%20width%3D%271460%27%20height%3D%271368%27%20fill-opacity%3D%220%22%2F%3E%3C%2Fsvg%3E\" data-srcset=\"https:\/\/www.qeiinc.com\/wp-content\/uploads\/2024\/02\/ePAQ-9400-specs-200x187.png 200w, https:\/\/www.qeiinc.com\/wp-content\/uploads\/2024\/02\/ePAQ-9400-specs-300x281.png 300w, https:\/\/www.qeiinc.com\/wp-content\/uploads\/2024\/02\/ePAQ-9400-specs-400x375.png 400w, https:\/\/www.qeiinc.com\/wp-content\/uploads\/2024\/02\/ePAQ-9400-specs-500x468.png 500w, https:\/\/www.qeiinc.com\/wp-content\/uploads\/2024\/02\/ePAQ-9400-specs-600x562.png 600w, https:\/\/www.qeiinc.com\/wp-content\/uploads\/2024\/02\/ePAQ-9400-specs-700x656.png 700w, https:\/\/www.qeiinc.com\/wp-content\/uploads\/2024\/02\/ePAQ-9400-specs-768x720.png 768w, https:\/\/www.qeiinc.com\/wp-content\/uploads\/2024\/02\/ePAQ-9400-specs-800x750.png 800w, https:\/\/www.qeiinc.com\/wp-content\/uploads\/2024\/02\/ePAQ-9400-specs-1024x959.png 1024w, https:\/\/www.qeiinc.com\/wp-content\/uploads\/2024\/02\/ePAQ-9400-specs-1200x1124.png 1200w, https:\/\/www.qeiinc.com\/wp-content\/uploads\/2024\/02\/ePAQ-9400-specs.png 1460w\" data-sizes=\"auto\" data-orig-sizes=\"(max-width: 1460px) 100vw, 1460px\" \/><\/a><\/p>\n<\/div><div class=\"nav fusion-mobile-tab-nav\"><ul class=\"nav-tabs nav-justified\" role=\"tablist\"><li role=\"presentation\"><a class=\"tab-link\" data-toggle=\"tab\" role=\"tab\" aria-controls=\"tab-b1ecd79300ac40df615\" aria-selected=\"false\" tabindex=\"-1\" id=\"mobile-fusion-tab-downloads\" href=\"#tab-b1ecd79300ac40df615\"><h4 class=\"fusion-tab-heading\"><i class=\"fontawesome-icon fa-file-pdf fas\" aria-hidden=\"true\" style=\"font-size:16px;\"><\/i>Descargas <\/h4><\/a><\/li><\/ul><\/div><div class=\"tab-pane fade fusion-clearfix\" role=\"tabpanel\" tabindex=\"0\" aria-labelledby=\"fusion-tab-downloads\" id=\"tab-b1ecd79300ac40df615\">\n<h4><a href=\"https:\/\/www.qeiinc.com\/wp-content\/uploads\/2025\/12\/ePAQ-9400-9405-rev-1.6-9-9-24-es-419.pdf\" target=\"_blank\" rel=\"noopener\">ePAQ-9400\/9405 Folleto de la pasarela de subestaci\u00f3n<\/a><\/h4>\n<\/div><\/div><\/div><\/div><\/div><\/div><\/div>","protected":false},"excerpt":{"rendered":"<p class=\"p2\"><b>La unidad ideal para E\/S distribuidas en la subestaci\u00f3n o en el alimentador de distribuci\u00f3n<\/b><\/p>\n<p class=\"p2\">QEI ePAQ-9400\/9405 es una gateway que puede interactuar con puntos de estado, anal\u00f3gicos, de control y acumuladores cableados, as\u00ed como con IED dentro de su subestaci\u00f3n, pero es lo suficientemente compacta y reforzada como para utilizarse con fines de automatizaci\u00f3n de la distribuci\u00f3n dentro y fuera de la valla de la subestaci\u00f3n.<\/p>\n<p class=\"p2\">Con protocolos probados en campo como DNP3, Modbus y Fast Meter, el ePAQ-9400\/9405 puede encajar perfectamente en su sistema SCADA existente, a la vez que proporciona una automatizaci\u00f3n fiable y nuevas capacidades.<\/p>\n<p class=\"p2\">El ePAQ-9400 proporciona estado, control y capacidad de pasarela de m\u00faltiples IED. La opci\u00f3n ePAQ-9405 permite a\u00f1adir capacidad anal\u00f3gica.<\/p>\n<p class=\"p2\">ePAQ-9400\/9405 es su gateway multifunci\u00f3n de subestaci\u00f3n, convertidor de protocolos y RTU, todo en uno.<\/p>","protected":false},"featured_media":42451,"comment_status":"open","ping_status":"closed","template":"","meta":{"_acf_changed":false},"product_brand":[],"product_cat":[390,385],"product_tag":[],"class_list":{"0":"post-2614","1":"product","2":"type-product","3":"status-publish","4":"has-post-thumbnail","6":"product_cat-data-concentrators","7":"product_cat-automation-products","9":"first","10":"instock","11":"virtual","12":"product-type-simple"},"acf":[],"yoast_head":"<!-- This site is optimized with the Yoast SEO plugin v27.5 - https:\/\/yoast.com\/product\/yoast-seo-wordpress\/ -->\n<title>ePAQ-9400\/9405 Substation Gateway | QEI Automation Solutions<\/title>\n<meta name=\"description\" content=\"The QEI ePAQ-9400\/9405 is a gateway which can interface with hardwired status, analog, control and accumulator points, as well as IEDs within your substation, yet is compact and hardened enough to be used for distribution automation purposes inside and outside the substation fence.\" \/>\n<meta name=\"robots\" content=\"index, follow, max-snippet:-1, max-image-preview:large, max-video-preview:-1\" \/>\n<link rel=\"canonical\" href=\"https:\/\/www.qeiinc.com\/es\/producto\/epaq-9400-9405-pasarela-para-subestaciones\/\" \/>\n<meta property=\"og:locale\" content=\"es_ES\" \/>\n<meta property=\"og:type\" content=\"article\" \/>\n<meta property=\"og:title\" content=\"ePAQ-9400\/9405 Substation Gateway | QEI Automation Solutions\" \/>\n<meta property=\"og:description\" content=\"The QEI ePAQ-9400\/9405 is a gateway which can interface with hardwired status, analog, control and accumulator points, as well as IEDs within your substation, yet is compact and hardened enough to be used for distribution automation purposes inside and outside the substation fence.\" \/>\n<meta property=\"og:url\" content=\"https:\/\/www.qeiinc.com\/es\/producto\/epaq-9400-9405-pasarela-para-subestaciones\/\" \/>\n<meta property=\"og:site_name\" content=\"QEI Automation Solutions\" \/>\n<meta property=\"article:publisher\" content=\"https:\/\/www.facebook.com\/qeiscada\/\" \/>\n<meta property=\"article:modified_time\" content=\"2024-10-23T19:05:31+00:00\" \/>\n<meta property=\"og:image\" content=\"https:\/\/www.qeiinc.com\/wp-content\/uploads\/2014\/02\/qei-epaq-9400v2.jpg\" \/>\n\t<meta property=\"og:image:width\" content=\"1200\" \/>\n\t<meta property=\"og:image:height\" content=\"864\" \/>\n\t<meta property=\"og:image:type\" content=\"image\/jpeg\" \/>\n<meta name=\"twitter:card\" content=\"summary_large_image\" \/>\n<meta name=\"twitter:site\" content=\"@QeiScada\" \/>\n<meta name=\"twitter:label1\" content=\"Tiempo de lectura\" \/>\n\t<meta name=\"twitter:data1\" content=\"5 minutos\" \/>\n<script type=\"application\/ld+json\" class=\"yoast-schema-graph\">{\"@context\":\"https:\\\/\\\/schema.org\",\"@graph\":[{\"@type\":\"WebPage\",\"@id\":\"https:\\\/\\\/www.qeiinc.com\\\/product\\\/epaq-9400-9405-substation-gateway\\\/\",\"url\":\"https:\\\/\\\/www.qeiinc.com\\\/product\\\/epaq-9400-9405-substation-gateway\\\/\",\"name\":\"ePAQ-9400\\\/9405 Substation Gateway | QEI Automation Solutions\",\"isPartOf\":{\"@id\":\"https:\\\/\\\/www.qeiinc.com\\\/#website\"},\"primaryImageOfPage\":{\"@id\":\"https:\\\/\\\/www.qeiinc.com\\\/product\\\/epaq-9400-9405-substation-gateway\\\/#primaryimage\"},\"image\":{\"@id\":\"https:\\\/\\\/www.qeiinc.com\\\/product\\\/epaq-9400-9405-substation-gateway\\\/#primaryimage\"},\"thumbnailUrl\":\"https:\\\/\\\/www.qeiinc.com\\\/wp-content\\\/uploads\\\/2014\\\/02\\\/qei-epaq-9400v2.jpg\",\"datePublished\":\"2014-02-12T15:48:17+00:00\",\"dateModified\":\"2024-10-23T19:05:31+00:00\",\"description\":\"The QEI ePAQ-9400\\\/9405 is a gateway which can interface with hardwired status, analog, control and accumulator points, as well as IEDs within your substation, yet is compact and hardened enough to be used for distribution automation purposes inside and outside the substation fence.\",\"breadcrumb\":{\"@id\":\"https:\\\/\\\/www.qeiinc.com\\\/product\\\/epaq-9400-9405-substation-gateway\\\/#breadcrumb\"},\"inLanguage\":\"es-CO\",\"potentialAction\":[{\"@type\":\"ReadAction\",\"target\":[\"https:\\\/\\\/www.qeiinc.com\\\/product\\\/epaq-9400-9405-substation-gateway\\\/\"]}]},{\"@type\":\"ImageObject\",\"inLanguage\":\"es-CO\",\"@id\":\"https:\\\/\\\/www.qeiinc.com\\\/product\\\/epaq-9400-9405-substation-gateway\\\/#primaryimage\",\"url\":\"https:\\\/\\\/www.qeiinc.com\\\/wp-content\\\/uploads\\\/2014\\\/02\\\/qei-epaq-9400v2.jpg\",\"contentUrl\":\"https:\\\/\\\/www.qeiinc.com\\\/wp-content\\\/uploads\\\/2014\\\/02\\\/qei-epaq-9400v2.jpg\",\"width\":1200,\"height\":864},{\"@type\":\"BreadcrumbList\",\"@id\":\"https:\\\/\\\/www.qeiinc.com\\\/product\\\/epaq-9400-9405-substation-gateway\\\/#breadcrumb\",\"itemListElement\":[{\"@type\":\"ListItem\",\"position\":1,\"name\":\"Home\",\"item\":\"https:\\\/\\\/www.qeiinc.com\\\/\"},{\"@type\":\"ListItem\",\"position\":2,\"name\":\"Products\",\"item\":\"https:\\\/\\\/www.qeiinc.com\\\/products\\\/\"},{\"@type\":\"ListItem\",\"position\":3,\"name\":\"ePAQ-9400\\\/9405 Substation Gateway\"}]},{\"@type\":\"WebSite\",\"@id\":\"https:\\\/\\\/www.qeiinc.com\\\/#website\",\"url\":\"https:\\\/\\\/www.qeiinc.com\\\/\",\"name\":\"QEI\",\"description\":\"Automation Solutions\",\"publisher\":{\"@id\":\"https:\\\/\\\/www.qeiinc.com\\\/#organization\"},\"potentialAction\":[{\"@type\":\"SearchAction\",\"target\":{\"@type\":\"EntryPoint\",\"urlTemplate\":\"https:\\\/\\\/www.qeiinc.com\\\/?s={search_term_string}\"},\"query-input\":{\"@type\":\"PropertyValueSpecification\",\"valueRequired\":true,\"valueName\":\"search_term_string\"}}],\"inLanguage\":\"es-CO\"},{\"@type\":\"Organization\",\"@id\":\"https:\\\/\\\/www.qeiinc.com\\\/#organization\",\"name\":\"QEI\",\"url\":\"https:\\\/\\\/www.qeiinc.com\\\/\",\"logo\":{\"@type\":\"ImageObject\",\"inLanguage\":\"es-CO\",\"@id\":\"https:\\\/\\\/www.qeiinc.com\\\/#\\\/schema\\\/logo\\\/image\\\/\",\"url\":\"https:\\\/\\\/www.qeiinc.com\\\/wp-content\\\/uploads\\\/2025\\\/04\\\/qei-social-logo.jpg\",\"contentUrl\":\"https:\\\/\\\/www.qeiinc.com\\\/wp-content\\\/uploads\\\/2025\\\/04\\\/qei-social-logo.jpg\",\"width\":696,\"height\":696,\"caption\":\"QEI\"},\"image\":{\"@id\":\"https:\\\/\\\/www.qeiinc.com\\\/#\\\/schema\\\/logo\\\/image\\\/\"},\"sameAs\":[\"https:\\\/\\\/www.facebook.com\\\/qeiscada\\\/\",\"https:\\\/\\\/x.com\\\/QeiScada\",\"https:\\\/\\\/www.linkedin.com\\\/company\\\/qei-llc\\\/\"]}]}<\/script>\n<!-- \/ Yoast SEO plugin. -->","yoast_head_json":{"title":"Pasarela de subestaci\u00f3n ePAQ-9400\/9405 | QEI Automation Solutions","description":"QEI ePAQ-9400\/9405 es una gateway que puede interactuar con puntos de estado, anal\u00f3gicos, de control y acumuladores cableados, as\u00ed como con IED dentro de su subestaci\u00f3n, pero es lo suficientemente compacta y reforzada como para utilizarse con fines de automatizaci\u00f3n de la distribuci\u00f3n dentro y fuera de la valla de la subestaci\u00f3n.","robots":{"index":"index","follow":"follow","max-snippet":"max-snippet:-1","max-image-preview":"max-image-preview:large","max-video-preview":"max-video-preview:-1"},"canonical":"https:\/\/www.qeiinc.com\/es\/producto\/epaq-9400-9405-pasarela-para-subestaciones\/","og_locale":"es_ES","og_type":"article","og_title":"ePAQ-9400\/9405 Substation Gateway | QEI Automation Solutions","og_description":"The QEI ePAQ-9400\/9405 is a gateway which can interface with hardwired status, analog, control and accumulator points, as well as IEDs within your substation, yet is compact and hardened enough to be used for distribution automation purposes inside and outside the substation fence.","og_url":"https:\/\/www.qeiinc.com\/es\/producto\/epaq-9400-9405-pasarela-para-subestaciones\/","og_site_name":"QEI Automation Solutions","article_publisher":"https:\/\/www.facebook.com\/qeiscada\/","article_modified_time":"2024-10-23T19:05:31+00:00","og_image":[{"width":1200,"height":864,"url":"https:\/\/www.qeiinc.com\/wp-content\/uploads\/2014\/02\/qei-epaq-9400v2.jpg","type":"image\/jpeg"}],"twitter_card":"summary_large_image","twitter_site":"@QeiScada","twitter_misc":{"Tiempo de lectura":"5 minutos"},"schema":{"@context":"https:\/\/schema.org","@graph":[{"@type":"WebPage","@id":"https:\/\/www.qeiinc.com\/product\/epaq-9400-9405-substation-gateway\/","url":"https:\/\/www.qeiinc.com\/product\/epaq-9400-9405-substation-gateway\/","name":"Pasarela de subestaci\u00f3n ePAQ-9400\/9405 | QEI Automation Solutions","isPartOf":{"@id":"https:\/\/www.qeiinc.com\/#website"},"primaryImageOfPage":{"@id":"https:\/\/www.qeiinc.com\/product\/epaq-9400-9405-substation-gateway\/#primaryimage"},"image":{"@id":"https:\/\/www.qeiinc.com\/product\/epaq-9400-9405-substation-gateway\/#primaryimage"},"thumbnailUrl":"https:\/\/www.qeiinc.com\/wp-content\/uploads\/2014\/02\/qei-epaq-9400v2.jpg","datePublished":"2014-02-12T15:48:17+00:00","dateModified":"2024-10-23T19:05:31+00:00","description":"QEI ePAQ-9400\/9405 es una gateway que puede interactuar con puntos de estado, anal\u00f3gicos, de control y acumuladores cableados, as\u00ed como con IED dentro de su subestaci\u00f3n, pero es lo suficientemente compacta y reforzada como para utilizarse con fines de automatizaci\u00f3n de la distribuci\u00f3n dentro y fuera de la valla de la subestaci\u00f3n.","breadcrumb":{"@id":"https:\/\/www.qeiinc.com\/product\/epaq-9400-9405-substation-gateway\/#breadcrumb"},"inLanguage":"es-CO","potentialAction":[{"@type":"ReadAction","target":["https:\/\/www.qeiinc.com\/product\/epaq-9400-9405-substation-gateway\/"]}]},{"@type":"ImageObject","inLanguage":"es-CO","@id":"https:\/\/www.qeiinc.com\/product\/epaq-9400-9405-substation-gateway\/#primaryimage","url":"https:\/\/www.qeiinc.com\/wp-content\/uploads\/2014\/02\/qei-epaq-9400v2.jpg","contentUrl":"https:\/\/www.qeiinc.com\/wp-content\/uploads\/2014\/02\/qei-epaq-9400v2.jpg","width":1200,"height":864},{"@type":"BreadcrumbList","@id":"https:\/\/www.qeiinc.com\/product\/epaq-9400-9405-substation-gateway\/#breadcrumb","itemListElement":[{"@type":"ListItem","position":1,"name":"Home","item":"https:\/\/www.qeiinc.com\/"},{"@type":"ListItem","position":2,"name":"Products","item":"https:\/\/www.qeiinc.com\/products\/"},{"@type":"ListItem","position":3,"name":"ePAQ-9400\/9405 Substation Gateway"}]},{"@type":"WebSite","@id":"https:\/\/www.qeiinc.com\/#website","url":"https:\/\/www.qeiinc.com\/","name":"QEI","description":"Soluciones de automatizaci\u00f3n","publisher":{"@id":"https:\/\/www.qeiinc.com\/#organization"},"potentialAction":[{"@type":"SearchAction","target":{"@type":"EntryPoint","urlTemplate":"https:\/\/www.qeiinc.com\/?s={search_term_string}"},"query-input":{"@type":"PropertyValueSpecification","valueRequired":true,"valueName":"search_term_string"}}],"inLanguage":"es-CO"},{"@type":"Organization","@id":"https:\/\/www.qeiinc.com\/#organization","name":"QEI","url":"https:\/\/www.qeiinc.com\/","logo":{"@type":"ImageObject","inLanguage":"es-CO","@id":"https:\/\/www.qeiinc.com\/#\/schema\/logo\/image\/","url":"https:\/\/www.qeiinc.com\/wp-content\/uploads\/2025\/04\/qei-social-logo.jpg","contentUrl":"https:\/\/www.qeiinc.com\/wp-content\/uploads\/2025\/04\/qei-social-logo.jpg","width":696,"height":696,"caption":"QEI"},"image":{"@id":"https:\/\/www.qeiinc.com\/#\/schema\/logo\/image\/"},"sameAs":["https:\/\/www.facebook.com\/qeiscada\/","https:\/\/x.com\/QeiScada","https:\/\/www.linkedin.com\/company\/qei-llc\/"]}]}},"publishpress_future_workflow_manual_trigger":{"enabledWorkflows":[]},"_links":{"self":[{"href":"https:\/\/www.qeiinc.com\/es\/wp-json\/wp\/v2\/product\/2614","targetHints":{"allow":["GET"]}}],"collection":[{"href":"https:\/\/www.qeiinc.com\/es\/wp-json\/wp\/v2\/product"}],"about":[{"href":"https:\/\/www.qeiinc.com\/es\/wp-json\/wp\/v2\/types\/product"}],"replies":[{"embeddable":true,"href":"https:\/\/www.qeiinc.com\/es\/wp-json\/wp\/v2\/comments?post=2614"}],"wp:featuredmedia":[{"embeddable":true,"href":"https:\/\/www.qeiinc.com\/es\/wp-json\/wp\/v2\/media\/42451"}],"wp:attachment":[{"href":"https:\/\/www.qeiinc.com\/es\/wp-json\/wp\/v2\/media?parent=2614"}],"wp:term":[{"taxonomy":"product_brand","embeddable":true,"href":"https:\/\/www.qeiinc.com\/es\/wp-json\/wp\/v2\/product_brand?post=2614"},{"taxonomy":"product_cat","embeddable":true,"href":"https:\/\/www.qeiinc.com\/es\/wp-json\/wp\/v2\/product_cat?post=2614"},{"taxonomy":"product_tag","embeddable":true,"href":"https:\/\/www.qeiinc.com\/es\/wp-json\/wp\/v2\/product_tag?post=2614"}],"curies":[{"name":"wp","href":"https:\/\/api.w.org\/{rel}","templated":true}]}}