{"id":40141,"date":"2024-02-19T09:32:31","date_gmt":"2024-02-19T15:32:31","guid":{"rendered":"https:\/\/www.qeiinc.com\/?post_type=product&#038;p=40141"},"modified":"2026-01-26T09:40:45","modified_gmt":"2026-01-26T14:40:45","slug":"dio-9100-9110-modulo-io-distribuido","status":"publish","type":"product","link":"https:\/\/www.qeiinc.com\/es\/product\/dio-9100-9110-distributed-io-module\/","title":{"rendered":"DIO-9100\/9110 - M\u00f3dulo de E\/S distribuidas"},"content":{"rendered":"<div class=\"fusion-fullwidth fullwidth-box fusion-builder-row-1 fusion-flex-container nonhundred-percent-fullwidth non-hundred-percent-height-scrolling\" style=\"--awb-border-radius-top-left:0px;--awb-border-radius-top-right:0px;--awb-border-radius-bottom-right:0px;--awb-border-radius-bottom-left:0px;--awb-flex-wrap:wrap;\" ><div class=\"fusion-builder-row fusion-row fusion-flex-align-items-flex-start fusion-flex-content-wrap\" style=\"max-width:1310.4px;margin-left: calc(-4% \/ 2 );margin-right: calc(-4% \/ 2 );\"><div class=\"fusion-layout-column fusion_builder_column fusion-builder-column-0 fusion_builder_column_1_1 1_1 fusion-flex-column\" style=\"--awb-bg-color:var(--awb-color4);--awb-bg-color-hover:var(--awb-color4);--awb-bg-size:cover;--awb-width-large:100%;--awb-margin-top-large:20px;--awb-spacing-right-large:1.92%;--awb-margin-bottom-large:20px;--awb-spacing-left-large:1.92%;--awb-width-medium:100%;--awb-order-medium:0;--awb-spacing-right-medium:1.92%;--awb-spacing-left-medium:1.92%;--awb-width-small:100%;--awb-order-small:0;--awb-spacing-right-small:1.92%;--awb-spacing-left-small:1.92%;\" data-scroll-devices=\"small-visibility,medium-visibility,large-visibility\"><div class=\"fusion-column-wrapper fusion-column-has-shadow fusion-flex-justify-content-flex-start fusion-content-layout-column\"><div class=\"fusion-tabs fusion-tabs-1 clean nav-is-justified horizontal-tabs icon-position-left mobile-mode-accordion\" style=\"--awb-title-border-radius-top-left:0px;--awb-title-border-radius-top-right:0px;--awb-title-border-radius-bottom-right:0px;--awb-title-border-radius-bottom-left:0px;--awb-content-padding-top:0px;--awb-content-padding-right:60px;--awb-content-padding-bottom:0px;--awb-content-padding-left:40px;--awb-title-font-size:22px;--awb-title-text-transform:uppercase;--awb-title-line-height:29px;--awb-alignment:start;--awb-inactive-color:rgba(0,162,224,0.79);--awb-title-text-color:var(--awb-color1);--awb-background-color:var(--awb-custom_color_1);--awb-border-color:var(--awb-color3);--awb-active-border-color:var(--awb-color5);--awb-title-font-family:&quot;Geologica&quot;;--awb-title-font-style:normal;--awb-title-font-weight:200;\"><div class=\"nav\"><ul class=\"nav-tabs nav-justified\" role=\"tablist\"><li class=\"active\" role=\"presentation\"><a class=\"tab-link\" data-toggle=\"tab\" role=\"tab\" aria-controls=\"tab-a95b4c23ae7ee985f02\" aria-selected=\"true\" id=\"fusion-tab-features\" href=\"#tab-a95b4c23ae7ee985f02\"><h4 class=\"fusion-tab-heading\"><i class=\"fontawesome-icon fa-list fas\" aria-hidden=\"true\" style=\"font-size:16px;\"><\/i>Caracter\u00edsticas<\/h4><\/a><\/li><li role=\"presentation\"><a class=\"tab-link\" data-toggle=\"tab\" role=\"tab\" aria-controls=\"tab-4299423706062caeb51\" aria-selected=\"false\" tabindex=\"-1\" id=\"fusion-tab-specifications\" href=\"#tab-4299423706062caeb51\"><h4 class=\"fusion-tab-heading\"><i class=\"fontawesome-icon fa-cogs fas\" aria-hidden=\"true\" style=\"font-size:16px;\"><\/i>Especificaciones<\/h4><\/a><\/li><li role=\"presentation\"><a class=\"tab-link\" data-toggle=\"tab\" role=\"tab\" aria-controls=\"tab-99b62acfdf04b1adf1d\" aria-selected=\"false\" tabindex=\"-1\" id=\"fusion-tab-downloads\" href=\"#tab-99b62acfdf04b1adf1d\"><h4 class=\"fusion-tab-heading\"><i class=\"fontawesome-icon fa-file-pdf fas\" aria-hidden=\"true\" style=\"font-size:16px;\"><\/i>Descargas <\/h4><\/a><\/li><\/ul><\/div><div class=\"tab-content\"><div class=\"nav fusion-mobile-tab-nav\"><ul class=\"nav-tabs nav-justified\" role=\"tablist\"><li class=\"active\" role=\"presentation\"><a class=\"tab-link\" data-toggle=\"tab\" role=\"tab\" aria-controls=\"tab-a95b4c23ae7ee985f02\" aria-selected=\"true\" id=\"mobile-fusion-tab-features\" href=\"#tab-a95b4c23ae7ee985f02\"><h4 class=\"fusion-tab-heading\"><i class=\"fontawesome-icon fa-list fas\" aria-hidden=\"true\" style=\"font-size:16px;\"><\/i>Caracter\u00edsticas<\/h4><\/a><\/li><\/ul><\/div><div class=\"tab-pane fade fusion-clearfix in active\" role=\"tabpanel\" tabindex=\"0\" aria-labelledby=\"fusion-tab-features\" id=\"tab-a95b4c23ae7ee985f02\">\n<ul>\n<li>\n<div class=\"textWrapper-0-2-487\">\n<div class=\"block-0-2-17 block-d1519-0-2-5826 body-0-2-25\">Montaje en panel o en bastidor, 2U<\/div>\n<\/div>\n<\/li>\n<li>Protocolo DNP3 o Modbus (cliente y servidor)<\/li>\n<li>Ampliable para incluir entradas anal\u00f3gicas de CC<\/li>\n<li>Configuraci\u00f3n mediante el software ConfigWiz para Windows<\/li>\n<li>Indicadores LED en el panel frontal para facilitar la evaluaci\u00f3n del funcionamiento<\/li>\n<\/ul>\n<\/div><div class=\"nav fusion-mobile-tab-nav\"><ul class=\"nav-tabs nav-justified\" role=\"tablist\"><li role=\"presentation\"><a class=\"tab-link\" data-toggle=\"tab\" role=\"tab\" aria-controls=\"tab-4299423706062caeb51\" aria-selected=\"false\" tabindex=\"-1\" id=\"mobile-fusion-tab-specifications\" href=\"#tab-4299423706062caeb51\"><h4 class=\"fusion-tab-heading\"><i class=\"fontawesome-icon fa-cogs fas\" aria-hidden=\"true\" style=\"font-size:16px;\"><\/i>Especificaciones<\/h4><\/a><\/li><\/ul><\/div><div class=\"tab-pane fade fusion-clearfix\" role=\"tabpanel\" tabindex=\"0\" aria-labelledby=\"fusion-tab-specifications\" id=\"tab-4299423706062caeb51\">\n<p><a href=\"https:\/\/www.qeiinc.com\/wp-content\/uploads\/2024\/02\/DIO-9100-9110-Distributed-IO-Module.jpg\"><img decoding=\"async\" class=\"lazyload alignright size-full wp-image-41196\" src=\"https:\/\/www.qeiinc.com\/wp-content\/uploads\/2024\/02\/DIO-9100-9110-Distributed-IO-Module.jpg\" data-orig-src=\"https:\/\/www.qeiinc.com\/wp-content\/uploads\/2024\/02\/DIO-9100-9110-Distributed-IO-Module.jpg\" alt=\"\" width=\"1460\" height=\"1164\" srcset=\"data:image\/svg+xml,%3Csvg%20xmlns%3D%27http%3A%2F%2Fwww.w3.org%2F2000%2Fsvg%27%20width%3D%271460%27%20height%3D%271164%27%20viewBox%3D%270%200%201460%201164%27%3E%3Crect%20width%3D%271460%27%20height%3D%271164%27%20fill-opacity%3D%220%22%2F%3E%3C%2Fsvg%3E\" data-srcset=\"https:\/\/www.qeiinc.com\/wp-content\/uploads\/2024\/02\/DIO-9100-9110-Distributed-IO-Module-177x142.jpg 177w, https:\/\/www.qeiinc.com\/wp-content\/uploads\/2024\/02\/DIO-9100-9110-Distributed-IO-Module-200x159.jpg 200w, https:\/\/www.qeiinc.com\/wp-content\/uploads\/2024\/02\/DIO-9100-9110-Distributed-IO-Module-300x239.jpg 300w, https:\/\/www.qeiinc.com\/wp-content\/uploads\/2024\/02\/DIO-9100-9110-Distributed-IO-Module-400x319.jpg 400w, https:\/\/www.qeiinc.com\/wp-content\/uploads\/2024\/02\/DIO-9100-9110-Distributed-IO-Module-500x399.jpg 500w, https:\/\/www.qeiinc.com\/wp-content\/uploads\/2024\/02\/DIO-9100-9110-Distributed-IO-Module-600x478.jpg 600w, https:\/\/www.qeiinc.com\/wp-content\/uploads\/2024\/02\/DIO-9100-9110-Distributed-IO-Module-700x558.jpg 700w, https:\/\/www.qeiinc.com\/wp-content\/uploads\/2024\/02\/DIO-9100-9110-Distributed-IO-Module-768x612.jpg 768w, https:\/\/www.qeiinc.com\/wp-content\/uploads\/2024\/02\/DIO-9100-9110-Distributed-IO-Module-800x638.jpg 800w, https:\/\/www.qeiinc.com\/wp-content\/uploads\/2024\/02\/DIO-9100-9110-Distributed-IO-Module-1024x816.jpg 1024w, https:\/\/www.qeiinc.com\/wp-content\/uploads\/2024\/02\/DIO-9100-9110-Distributed-IO-Module-1200x957.jpg 1200w, https:\/\/www.qeiinc.com\/wp-content\/uploads\/2024\/02\/DIO-9100-9110-Distributed-IO-Module.jpg 1460w\" data-sizes=\"auto\" data-orig-sizes=\"(max-width: 1460px) 100vw, 1460px\" \/><\/a><\/p>\n<\/div><div class=\"nav fusion-mobile-tab-nav\"><ul class=\"nav-tabs nav-justified\" role=\"tablist\"><li role=\"presentation\"><a class=\"tab-link\" data-toggle=\"tab\" role=\"tab\" aria-controls=\"tab-99b62acfdf04b1adf1d\" aria-selected=\"false\" tabindex=\"-1\" id=\"mobile-fusion-tab-downloads\" href=\"#tab-99b62acfdf04b1adf1d\"><h4 class=\"fusion-tab-heading\"><i class=\"fontawesome-icon fa-file-pdf fas\" aria-hidden=\"true\" style=\"font-size:16px;\"><\/i>Descargas <\/h4><\/a><\/li><\/ul><\/div><div class=\"tab-pane fade fusion-clearfix\" role=\"tabpanel\" tabindex=\"0\" aria-labelledby=\"fusion-tab-downloads\" id=\"tab-99b62acfdf04b1adf1d\">\n<h4><a href=\"https:\/\/www.qeiinc.com\/wp-content\/uploads\/2024\/03\/4-DIO-9100-9110-rev-3.0.pdf\" target=\"_blank\" rel=\"noopener\">DIO-9100\/9110 - Folleto del m\u00f3dulo de E\/S distribuidas<\/a><\/h4>\n<\/div><\/div><\/div><\/div><\/div><\/div><\/div>","protected":false},"excerpt":{"rendered":"<p><strong>E\/S distribuidas dentro de la subestaci\u00f3n o en el alimentador de distribuci\u00f3n<\/strong><\/p>\n<p>El QEI DIO-9100\/9110 interactuar\u00e1 con puntos de estado, anal\u00f3gicos, de control y acumuladores dentro de su subestaci\u00f3n, o m\u00e1s all\u00e1, utilizando entradas cableadas y protocolos est\u00e1ndar del sector como MODBUS o DNP3. Puede montarse dentro de su aparamenta o en armarios de poste en el alimentador de distribuci\u00f3n. Puede servir como RTU rentable y de uso general o como concentrador de datos para IED en todo el sistema.<\/p>\n<p>El DIO-9100 proporciona comunicaciones de estado, control e IED, mientras que el DIO-9110 puede admitir adem\u00e1s entradas anal\u00f3gicas est\u00e1ndar basadas en transductor. La configuraci\u00f3n se realiza con nuestro ConfigWiz\u00ae basado en Windows\u00ae.<\/p>","protected":false},"featured_media":44434,"comment_status":"open","ping_status":"closed","template":"","meta":{"_acf_changed":false},"product_brand":[],"product_cat":[385,392],"product_tag":[],"class_list":{"0":"post-40141","1":"product","2":"type-product","3":"status-publish","4":"has-post-thumbnail","6":"product_cat-automation-products","7":"product_cat-distributed-i-o","9":"first","10":"instock","11":"shipping-taxable","12":"product-type-simple"},"acf":[],"yoast_head":"<!-- This site is optimized with the Yoast SEO plugin v27.5 - https:\/\/yoast.com\/product\/yoast-seo-wordpress\/ -->\n<title>DIO-9100\/9110 - Distributed I\/O Module | QEI Automation Solutions<\/title>\n<meta name=\"description\" content=\"The QEI DIO-9100\/9110 will interface with status, analog, control and accumulator points within your substation, or beyond, using hardwired inputs and industry standard protocols such as MODBUS or DNP3.\" \/>\n<meta name=\"robots\" content=\"index, follow, max-snippet:-1, max-image-preview:large, max-video-preview:-1\" \/>\n<link rel=\"canonical\" href=\"https:\/\/www.qeiinc.com\/es\/producto\/dio-9100-9110-modulo-io-distribuido\/\" \/>\n<meta property=\"og:locale\" content=\"es_ES\" \/>\n<meta property=\"og:type\" content=\"article\" \/>\n<meta property=\"og:title\" content=\"DIO-9100\/9110 - Distributed I\/O Module | QEI Automation Solutions\" \/>\n<meta property=\"og:description\" content=\"The QEI DIO-9100\/9110 will interface with status, analog, control and accumulator points within your substation, or beyond, using hardwired inputs and industry standard protocols such as MODBUS or DNP3.\" \/>\n<meta property=\"og:url\" content=\"https:\/\/www.qeiinc.com\/es\/producto\/dio-9100-9110-modulo-io-distribuido\/\" \/>\n<meta property=\"og:site_name\" content=\"QEI Automation Solutions\" \/>\n<meta property=\"article:publisher\" content=\"https:\/\/www.facebook.com\/qeiscada\/\" \/>\n<meta property=\"article:modified_time\" content=\"2026-01-26T14:40:45+00:00\" \/>\n<meta property=\"og:image\" content=\"https:\/\/www.qeiinc.com\/wp-content\/uploads\/2024\/02\/qei-dio-9110.jpg\" \/>\n\t<meta property=\"og:image:width\" content=\"1200\" \/>\n\t<meta property=\"og:image:height\" content=\"864\" \/>\n\t<meta property=\"og:image:type\" content=\"image\/jpeg\" \/>\n<meta name=\"twitter:card\" content=\"summary_large_image\" \/>\n<meta name=\"twitter:site\" content=\"@QeiScada\" \/>\n<meta name=\"twitter:label1\" content=\"Tiempo de lectura\" \/>\n\t<meta name=\"twitter:data1\" content=\"3 minutos\" \/>\n<script type=\"application\/ld+json\" class=\"yoast-schema-graph\">{\"@context\":\"https:\\\/\\\/schema.org\",\"@graph\":[{\"@type\":\"WebPage\",\"@id\":\"https:\\\/\\\/www.qeiinc.com\\\/product\\\/dio-9100-9110-distributed-io-module\\\/\",\"url\":\"https:\\\/\\\/www.qeiinc.com\\\/product\\\/dio-9100-9110-distributed-io-module\\\/\",\"name\":\"DIO-9100\\\/9110 - Distributed I\\\/O Module | QEI Automation Solutions\",\"isPartOf\":{\"@id\":\"https:\\\/\\\/www.qeiinc.com\\\/#website\"},\"primaryImageOfPage\":{\"@id\":\"https:\\\/\\\/www.qeiinc.com\\\/product\\\/dio-9100-9110-distributed-io-module\\\/#primaryimage\"},\"image\":{\"@id\":\"https:\\\/\\\/www.qeiinc.com\\\/product\\\/dio-9100-9110-distributed-io-module\\\/#primaryimage\"},\"thumbnailUrl\":\"https:\\\/\\\/www.qeiinc.com\\\/wp-content\\\/uploads\\\/2024\\\/02\\\/qei-dio-9110.jpg\",\"datePublished\":\"2024-02-19T15:32:31+00:00\",\"dateModified\":\"2026-01-26T14:40:45+00:00\",\"description\":\"The QEI DIO-9100\\\/9110 will interface with status, analog, control and accumulator points within your substation, or beyond, using hardwired inputs and industry standard protocols such as MODBUS or DNP3.\",\"breadcrumb\":{\"@id\":\"https:\\\/\\\/www.qeiinc.com\\\/product\\\/dio-9100-9110-distributed-io-module\\\/#breadcrumb\"},\"inLanguage\":\"es-CO\",\"potentialAction\":[{\"@type\":\"ReadAction\",\"target\":[\"https:\\\/\\\/www.qeiinc.com\\\/product\\\/dio-9100-9110-distributed-io-module\\\/\"]}]},{\"@type\":\"ImageObject\",\"inLanguage\":\"es-CO\",\"@id\":\"https:\\\/\\\/www.qeiinc.com\\\/product\\\/dio-9100-9110-distributed-io-module\\\/#primaryimage\",\"url\":\"https:\\\/\\\/www.qeiinc.com\\\/wp-content\\\/uploads\\\/2024\\\/02\\\/qei-dio-9110.jpg\",\"contentUrl\":\"https:\\\/\\\/www.qeiinc.com\\\/wp-content\\\/uploads\\\/2024\\\/02\\\/qei-dio-9110.jpg\",\"width\":1200,\"height\":864},{\"@type\":\"BreadcrumbList\",\"@id\":\"https:\\\/\\\/www.qeiinc.com\\\/product\\\/dio-9100-9110-distributed-io-module\\\/#breadcrumb\",\"itemListElement\":[{\"@type\":\"ListItem\",\"position\":1,\"name\":\"Home\",\"item\":\"https:\\\/\\\/www.qeiinc.com\\\/\"},{\"@type\":\"ListItem\",\"position\":2,\"name\":\"Products\",\"item\":\"https:\\\/\\\/www.qeiinc.com\\\/products\\\/\"},{\"@type\":\"ListItem\",\"position\":3,\"name\":\"DIO-9100\\\/9110 &#8211; Distributed I\\\/O Module\"}]},{\"@type\":\"WebSite\",\"@id\":\"https:\\\/\\\/www.qeiinc.com\\\/#website\",\"url\":\"https:\\\/\\\/www.qeiinc.com\\\/\",\"name\":\"QEI\",\"description\":\"Automation Solutions\",\"publisher\":{\"@id\":\"https:\\\/\\\/www.qeiinc.com\\\/#organization\"},\"potentialAction\":[{\"@type\":\"SearchAction\",\"target\":{\"@type\":\"EntryPoint\",\"urlTemplate\":\"https:\\\/\\\/www.qeiinc.com\\\/?s={search_term_string}\"},\"query-input\":{\"@type\":\"PropertyValueSpecification\",\"valueRequired\":true,\"valueName\":\"search_term_string\"}}],\"inLanguage\":\"es-CO\"},{\"@type\":\"Organization\",\"@id\":\"https:\\\/\\\/www.qeiinc.com\\\/#organization\",\"name\":\"QEI\",\"url\":\"https:\\\/\\\/www.qeiinc.com\\\/\",\"logo\":{\"@type\":\"ImageObject\",\"inLanguage\":\"es-CO\",\"@id\":\"https:\\\/\\\/www.qeiinc.com\\\/#\\\/schema\\\/logo\\\/image\\\/\",\"url\":\"https:\\\/\\\/www.qeiinc.com\\\/wp-content\\\/uploads\\\/2025\\\/04\\\/qei-social-logo.jpg\",\"contentUrl\":\"https:\\\/\\\/www.qeiinc.com\\\/wp-content\\\/uploads\\\/2025\\\/04\\\/qei-social-logo.jpg\",\"width\":696,\"height\":696,\"caption\":\"QEI\"},\"image\":{\"@id\":\"https:\\\/\\\/www.qeiinc.com\\\/#\\\/schema\\\/logo\\\/image\\\/\"},\"sameAs\":[\"https:\\\/\\\/www.facebook.com\\\/qeiscada\\\/\",\"https:\\\/\\\/x.com\\\/QeiScada\",\"https:\\\/\\\/www.linkedin.com\\\/company\\\/qei-llc\\\/\"]}]}<\/script>\n<!-- \/ Yoast SEO plugin. -->","yoast_head_json":{"title":"DIO-9100\/9110 - M\u00f3dulo de E\/S distribuida | QEI Automation Solutions","description":"El QEI DIO-9100\/9110 interactuar\u00e1 con puntos de estado, anal\u00f3gicos, de control y acumuladores dentro de su subestaci\u00f3n, o m\u00e1s all\u00e1, utilizando entradas cableadas y protocolos est\u00e1ndar del sector como MODBUS o DNP3.","robots":{"index":"index","follow":"follow","max-snippet":"max-snippet:-1","max-image-preview":"max-image-preview:large","max-video-preview":"max-video-preview:-1"},"canonical":"https:\/\/www.qeiinc.com\/es\/producto\/dio-9100-9110-modulo-io-distribuido\/","og_locale":"es_ES","og_type":"article","og_title":"DIO-9100\/9110 - Distributed I\/O Module | QEI Automation Solutions","og_description":"The QEI DIO-9100\/9110 will interface with status, analog, control and accumulator points within your substation, or beyond, using hardwired inputs and industry standard protocols such as MODBUS or DNP3.","og_url":"https:\/\/www.qeiinc.com\/es\/producto\/dio-9100-9110-modulo-io-distribuido\/","og_site_name":"QEI Automation Solutions","article_publisher":"https:\/\/www.facebook.com\/qeiscada\/","article_modified_time":"2026-01-26T14:40:45+00:00","og_image":[{"width":1200,"height":864,"url":"https:\/\/www.qeiinc.com\/wp-content\/uploads\/2024\/02\/qei-dio-9110.jpg","type":"image\/jpeg"}],"twitter_card":"summary_large_image","twitter_site":"@QeiScada","twitter_misc":{"Tiempo de lectura":"3 minutos"},"schema":{"@context":"https:\/\/schema.org","@graph":[{"@type":"WebPage","@id":"https:\/\/www.qeiinc.com\/product\/dio-9100-9110-distributed-io-module\/","url":"https:\/\/www.qeiinc.com\/product\/dio-9100-9110-distributed-io-module\/","name":"DIO-9100\/9110 - M\u00f3dulo de E\/S distribuida | QEI Automation Solutions","isPartOf":{"@id":"https:\/\/www.qeiinc.com\/#website"},"primaryImageOfPage":{"@id":"https:\/\/www.qeiinc.com\/product\/dio-9100-9110-distributed-io-module\/#primaryimage"},"image":{"@id":"https:\/\/www.qeiinc.com\/product\/dio-9100-9110-distributed-io-module\/#primaryimage"},"thumbnailUrl":"https:\/\/www.qeiinc.com\/wp-content\/uploads\/2024\/02\/qei-dio-9110.jpg","datePublished":"2024-02-19T15:32:31+00:00","dateModified":"2026-01-26T14:40:45+00:00","description":"El QEI DIO-9100\/9110 interactuar\u00e1 con puntos de estado, anal\u00f3gicos, de control y acumuladores dentro de su subestaci\u00f3n, o m\u00e1s all\u00e1, utilizando entradas cableadas y protocolos est\u00e1ndar del sector como MODBUS o DNP3.","breadcrumb":{"@id":"https:\/\/www.qeiinc.com\/product\/dio-9100-9110-distributed-io-module\/#breadcrumb"},"inLanguage":"es-CO","potentialAction":[{"@type":"ReadAction","target":["https:\/\/www.qeiinc.com\/product\/dio-9100-9110-distributed-io-module\/"]}]},{"@type":"ImageObject","inLanguage":"es-CO","@id":"https:\/\/www.qeiinc.com\/product\/dio-9100-9110-distributed-io-module\/#primaryimage","url":"https:\/\/www.qeiinc.com\/wp-content\/uploads\/2024\/02\/qei-dio-9110.jpg","contentUrl":"https:\/\/www.qeiinc.com\/wp-content\/uploads\/2024\/02\/qei-dio-9110.jpg","width":1200,"height":864},{"@type":"BreadcrumbList","@id":"https:\/\/www.qeiinc.com\/product\/dio-9100-9110-distributed-io-module\/#breadcrumb","itemListElement":[{"@type":"ListItem","position":1,"name":"Home","item":"https:\/\/www.qeiinc.com\/"},{"@type":"ListItem","position":2,"name":"Products","item":"https:\/\/www.qeiinc.com\/products\/"},{"@type":"ListItem","position":3,"name":"DIO-9100\/9110 &#8211; Distributed I\/O Module"}]},{"@type":"WebSite","@id":"https:\/\/www.qeiinc.com\/#website","url":"https:\/\/www.qeiinc.com\/","name":"QEI","description":"Soluciones de automatizaci\u00f3n","publisher":{"@id":"https:\/\/www.qeiinc.com\/#organization"},"potentialAction":[{"@type":"SearchAction","target":{"@type":"EntryPoint","urlTemplate":"https:\/\/www.qeiinc.com\/?s={search_term_string}"},"query-input":{"@type":"PropertyValueSpecification","valueRequired":true,"valueName":"search_term_string"}}],"inLanguage":"es-CO"},{"@type":"Organization","@id":"https:\/\/www.qeiinc.com\/#organization","name":"QEI","url":"https:\/\/www.qeiinc.com\/","logo":{"@type":"ImageObject","inLanguage":"es-CO","@id":"https:\/\/www.qeiinc.com\/#\/schema\/logo\/image\/","url":"https:\/\/www.qeiinc.com\/wp-content\/uploads\/2025\/04\/qei-social-logo.jpg","contentUrl":"https:\/\/www.qeiinc.com\/wp-content\/uploads\/2025\/04\/qei-social-logo.jpg","width":696,"height":696,"caption":"QEI"},"image":{"@id":"https:\/\/www.qeiinc.com\/#\/schema\/logo\/image\/"},"sameAs":["https:\/\/www.facebook.com\/qeiscada\/","https:\/\/x.com\/QeiScada","https:\/\/www.linkedin.com\/company\/qei-llc\/"]}]}},"publishpress_future_workflow_manual_trigger":{"enabledWorkflows":[]},"_links":{"self":[{"href":"https:\/\/www.qeiinc.com\/es\/wp-json\/wp\/v2\/product\/40141","targetHints":{"allow":["GET"]}}],"collection":[{"href":"https:\/\/www.qeiinc.com\/es\/wp-json\/wp\/v2\/product"}],"about":[{"href":"https:\/\/www.qeiinc.com\/es\/wp-json\/wp\/v2\/types\/product"}],"replies":[{"embeddable":true,"href":"https:\/\/www.qeiinc.com\/es\/wp-json\/wp\/v2\/comments?post=40141"}],"wp:featuredmedia":[{"embeddable":true,"href":"https:\/\/www.qeiinc.com\/es\/wp-json\/wp\/v2\/media\/44434"}],"wp:attachment":[{"href":"https:\/\/www.qeiinc.com\/es\/wp-json\/wp\/v2\/media?parent=40141"}],"wp:term":[{"taxonomy":"product_brand","embeddable":true,"href":"https:\/\/www.qeiinc.com\/es\/wp-json\/wp\/v2\/product_brand?post=40141"},{"taxonomy":"product_cat","embeddable":true,"href":"https:\/\/www.qeiinc.com\/es\/wp-json\/wp\/v2\/product_cat?post=40141"},{"taxonomy":"product_tag","embeddable":true,"href":"https:\/\/www.qeiinc.com\/es\/wp-json\/wp\/v2\/product_tag?post=40141"}],"curies":[{"name":"wp","href":"https:\/\/api.w.org\/{rel}","templated":true}]}}