{"id":40143,"date":"2024-02-19T09:33:06","date_gmt":"2024-02-19T15:33:06","guid":{"rendered":"https:\/\/www.qeiinc.com\/?post_type=product&#038;p=40143"},"modified":"2024-10-23T15:02:19","modified_gmt":"2024-10-23T19:02:19","slug":"traza-cc","status":"publish","type":"product","link":"https:\/\/www.qeiinc.com\/es\/product\/dc-trace\/","title":{"rendered":"Captura de forma de onda digital DC Trace"},"content":{"rendered":"<div class=\"fusion-fullwidth fullwidth-box fusion-builder-row-1 fusion-flex-container nonhundred-percent-fullwidth non-hundred-percent-height-scrolling\" style=\"--awb-border-radius-top-left:0px;--awb-border-radius-top-right:0px;--awb-border-radius-bottom-right:0px;--awb-border-radius-bottom-left:0px;--awb-flex-wrap:wrap;\" ><div class=\"fusion-builder-row fusion-row fusion-flex-align-items-flex-start fusion-flex-content-wrap\" style=\"max-width:1310.4px;margin-left: calc(-4% \/ 2 );margin-right: calc(-4% \/ 2 );\"><div class=\"fusion-layout-column fusion_builder_column fusion-builder-column-0 fusion_builder_column_1_1 1_1 fusion-flex-column\" style=\"--awb-bg-color:var(--awb-color4);--awb-bg-color-hover:var(--awb-color4);--awb-bg-size:cover;--awb-width-large:100%;--awb-margin-top-large:20px;--awb-spacing-right-large:1.92%;--awb-margin-bottom-large:20px;--awb-spacing-left-large:1.92%;--awb-width-medium:100%;--awb-order-medium:0;--awb-spacing-right-medium:1.92%;--awb-spacing-left-medium:1.92%;--awb-width-small:100%;--awb-order-small:0;--awb-spacing-right-small:1.92%;--awb-spacing-left-small:1.92%;\" data-scroll-devices=\"small-visibility,medium-visibility,large-visibility\"><div class=\"fusion-column-wrapper fusion-column-has-shadow fusion-flex-justify-content-flex-start fusion-content-layout-column\"><div class=\"fusion-tabs fusion-tabs-1 clean nav-is-justified horizontal-tabs icon-position-left mobile-mode-accordion\" style=\"--awb-title-border-radius-top-left:0px;--awb-title-border-radius-top-right:0px;--awb-title-border-radius-bottom-right:0px;--awb-title-border-radius-bottom-left:0px;--awb-content-padding-top:0px;--awb-content-padding-right:60px;--awb-content-padding-bottom:0px;--awb-content-padding-left:40px;--awb-title-font-size:22px;--awb-title-text-transform:uppercase;--awb-title-line-height:29px;--awb-alignment:start;--awb-inactive-color:rgba(0,162,224,0.79);--awb-title-text-color:var(--awb-color1);--awb-background-color:var(--awb-custom_color_1);--awb-border-color:var(--awb-color3);--awb-active-border-color:var(--awb-color5);--awb-title-font-family:&quot;Geologica&quot;;--awb-title-font-style:normal;--awb-title-font-weight:200;\"><div class=\"nav\"><ul class=\"nav-tabs nav-justified\" role=\"tablist\"><li class=\"active\" role=\"presentation\"><a class=\"tab-link\" data-toggle=\"tab\" role=\"tab\" aria-controls=\"tab-ce9f098dae2d007b5e5\" aria-selected=\"true\" id=\"fusion-tab-features\" href=\"#tab-ce9f098dae2d007b5e5\"><h4 class=\"fusion-tab-heading\"><i class=\"fontawesome-icon fa-list fas\" aria-hidden=\"true\" style=\"font-size:16px;\"><\/i>Caracter\u00edsticas<\/h4><\/a><\/li><\/ul><\/div><div class=\"tab-content\"><div class=\"nav fusion-mobile-tab-nav\"><ul class=\"nav-tabs nav-justified\" role=\"tablist\"><li class=\"active\" role=\"presentation\"><a class=\"tab-link\" data-toggle=\"tab\" role=\"tab\" aria-controls=\"tab-ce9f098dae2d007b5e5\" aria-selected=\"true\" id=\"mobile-fusion-tab-features\" href=\"#tab-ce9f098dae2d007b5e5\"><h4 class=\"fusion-tab-heading\"><i class=\"fontawesome-icon fa-list fas\" aria-hidden=\"true\" style=\"font-size:16px;\"><\/i>Caracter\u00edsticas<\/h4><\/a><\/li><\/ul><\/div><div class=\"tab-pane fade fusion-clearfix in active\" role=\"tabpanel\" tabindex=\"0\" aria-labelledby=\"fusion-tab-features\" id=\"tab-ce9f098dae2d007b5e5\">\n<ul>\n<li>Monitoriza 12 entradas anal\u00f3gicas de CC (transductor incluido)<\/li>\n<li>12 entradas de estado (incluidas 12 entradas de disparo para captura de fallos)<\/li>\n<li>4 salidas de control (8 rel\u00e9s)<\/li>\n<li>2000 muestras por segundo<\/li>\n<li>0 - 4000 Muestras Pre y Post Evento - (Configurable en todo el sistema)<\/li>\n<li>200 Los archivos de muestra pueden almacenarse localmente sin necesidad de almacenamiento USB adicional<\/li>\n<li>La transferencia de datos puede realizarse mediante un protocolo SCADA (como DNP3 o Modbus)<\/li>\n<li>Las muestras pueden transmitirse a una velocidad de 2.000 muestras\/seg. a trav\u00e9s de un socket TCP\/IP para obtener tendencias en tiempo real.<\/li>\n<li>Alimentaci\u00f3n de 24\/48 V CC o 125 V CC con caja NEMA 4<\/li>\n<li>Graba hasta 24 horas de datos a una velocidad configurable por el usuario de 1 a 2.000 muestras por segundo<\/li>\n<li>Crear canales virtuales mediante el uso de f\u00f3rmulas y ecuaciones matem\u00e1ticas para analizar trazas anal\u00f3gicas en tiempo real.<\/li>\n<\/ul>\n<\/div><\/div><\/div><\/div><\/div><\/div><\/div>","protected":false},"excerpt":{"rendered":"<p><strong>An\u00e1lisis y visualizaci\u00f3n de tendencias anal\u00f3gicas de CC en campo<\/strong><\/p>\n<p>El DCT-9600 es un Registrador Digital de Faltas (DFR) para buses y alimentadores de CC en subestaciones el\u00e9ctricas de tracci\u00f3n. Esta unidad est\u00e1 dise\u00f1ada para transmitir valores anal\u00f3gicos en tiempo real y transmitir los datos de falta capturados al software de visualizaci\u00f3n y an\u00e1lisis de la estaci\u00f3n de trabajo DC Trace de QEI.<\/p>\n<p>El software DC Trace de QEI puede proporcionar visualizaci\u00f3n en tiempo real de hasta doce trazas anal\u00f3gicas simult\u00e1neas en un entorno Windows\u00ae f\u00e1cil de usar en cualquier consola de operador designada de la red de su empresa. Estos datos en tiempo real se transmiten directamente desde el DCT-9600 al m\u00f3dulo de software DC Trace y, posteriormente, a todas las consolas activas.<\/p>\n<p>Los registros de fallos tambi\u00e9n pueden guardarse opcionalmente en una unidad USB para ampliar la capacidad de almacenamiento. Adem\u00e1s de los valores en tiempo real, el DCT-9600 capturar\u00e1 los valores de fallo en el sitio remoto y los almacenar\u00e1 para su posterior notificaci\u00f3n a la estaci\u00f3n de trabajo DC Trace. Los registros de fallos almacenados se cargan desde el DCT-9600 directamente al software DC Trace para su visualizaci\u00f3n detallada junto con la forma de onda del perfil de fallo. El software DC Trace tambi\u00e9n proporciona herramientas para el an\u00e1lisis posterior de la forma de onda de la falla.<\/p>","protected":false},"featured_media":41185,"comment_status":"open","ping_status":"closed","template":"","meta":{"_acf_changed":false},"product_brand":[],"product_cat":[402,385],"product_tag":[],"class_list":{"0":"post-40143","1":"product","2":"type-product","3":"status-publish","4":"has-post-thumbnail","6":"product_cat-power-monitoring","7":"product_cat-automation-products","9":"first","10":"instock","11":"shipping-taxable","12":"product-type-simple"},"acf":[],"yoast_head":"<!-- This site is optimized with the Yoast SEO plugin v27.5 - https:\/\/yoast.com\/product\/yoast-seo-wordpress\/ -->\n<title>DC Trace Digital Waveform Capture | QEI Automation Solutions<\/title>\n<meta name=\"description\" content=\"The DCT-9600 is a Digital Fault Recorder (DFR) for DC busses and feeders in traction power substations.\" \/>\n<meta name=\"robots\" content=\"index, follow, max-snippet:-1, max-image-preview:large, max-video-preview:-1\" \/>\n<link rel=\"canonical\" href=\"https:\/\/www.qeiinc.com\/es\/producto\/traza-cc\/\" \/>\n<meta property=\"og:locale\" content=\"es_ES\" \/>\n<meta property=\"og:type\" content=\"article\" \/>\n<meta property=\"og:title\" content=\"DC Trace Digital Waveform Capture | QEI Automation Solutions\" \/>\n<meta property=\"og:description\" content=\"The DCT-9600 is a Digital Fault Recorder (DFR) for DC busses and feeders in traction power substations.\" \/>\n<meta property=\"og:url\" content=\"https:\/\/www.qeiinc.com\/es\/producto\/traza-cc\/\" \/>\n<meta property=\"og:site_name\" content=\"QEI Automation Solutions\" \/>\n<meta property=\"article:publisher\" content=\"https:\/\/www.facebook.com\/qeiscada\/\" \/>\n<meta property=\"article:modified_time\" content=\"2024-10-23T19:02:19+00:00\" \/>\n<meta property=\"og:image\" content=\"https:\/\/www.qeiinc.com\/wp-content\/uploads\/2024\/02\/qei-dc-trace.jpg\" \/>\n\t<meta property=\"og:image:width\" content=\"1000\" \/>\n\t<meta property=\"og:image:height\" content=\"720\" \/>\n\t<meta property=\"og:image:type\" content=\"image\/jpeg\" \/>\n<meta name=\"twitter:card\" content=\"summary_large_image\" \/>\n<meta name=\"twitter:site\" content=\"@QeiScada\" \/>\n<meta name=\"twitter:label1\" content=\"Tiempo de lectura\" \/>\n\t<meta name=\"twitter:data1\" content=\"3 minutos\" \/>\n<script type=\"application\/ld+json\" class=\"yoast-schema-graph\">{\"@context\":\"https:\\\/\\\/schema.org\",\"@graph\":[{\"@type\":\"WebPage\",\"@id\":\"https:\\\/\\\/www.qeiinc.com\\\/product\\\/dc-trace\\\/\",\"url\":\"https:\\\/\\\/www.qeiinc.com\\\/product\\\/dc-trace\\\/\",\"name\":\"DC Trace Digital Waveform Capture | QEI Automation Solutions\",\"isPartOf\":{\"@id\":\"https:\\\/\\\/www.qeiinc.com\\\/#website\"},\"primaryImageOfPage\":{\"@id\":\"https:\\\/\\\/www.qeiinc.com\\\/product\\\/dc-trace\\\/#primaryimage\"},\"image\":{\"@id\":\"https:\\\/\\\/www.qeiinc.com\\\/product\\\/dc-trace\\\/#primaryimage\"},\"thumbnailUrl\":\"https:\\\/\\\/www.qeiinc.com\\\/wp-content\\\/uploads\\\/2024\\\/02\\\/qei-dc-trace.jpg\",\"datePublished\":\"2024-02-19T15:33:06+00:00\",\"dateModified\":\"2024-10-23T19:02:19+00:00\",\"description\":\"The DCT-9600 is a Digital Fault Recorder (DFR) for DC busses and feeders in traction power substations.\",\"breadcrumb\":{\"@id\":\"https:\\\/\\\/www.qeiinc.com\\\/product\\\/dc-trace\\\/#breadcrumb\"},\"inLanguage\":\"es-CO\",\"potentialAction\":[{\"@type\":\"ReadAction\",\"target\":[\"https:\\\/\\\/www.qeiinc.com\\\/product\\\/dc-trace\\\/\"]}]},{\"@type\":\"ImageObject\",\"inLanguage\":\"es-CO\",\"@id\":\"https:\\\/\\\/www.qeiinc.com\\\/product\\\/dc-trace\\\/#primaryimage\",\"url\":\"https:\\\/\\\/www.qeiinc.com\\\/wp-content\\\/uploads\\\/2024\\\/02\\\/qei-dc-trace.jpg\",\"contentUrl\":\"https:\\\/\\\/www.qeiinc.com\\\/wp-content\\\/uploads\\\/2024\\\/02\\\/qei-dc-trace.jpg\",\"width\":1000,\"height\":720},{\"@type\":\"BreadcrumbList\",\"@id\":\"https:\\\/\\\/www.qeiinc.com\\\/product\\\/dc-trace\\\/#breadcrumb\",\"itemListElement\":[{\"@type\":\"ListItem\",\"position\":1,\"name\":\"Home\",\"item\":\"https:\\\/\\\/www.qeiinc.com\\\/\"},{\"@type\":\"ListItem\",\"position\":2,\"name\":\"Products\",\"item\":\"https:\\\/\\\/www.qeiinc.com\\\/products\\\/\"},{\"@type\":\"ListItem\",\"position\":3,\"name\":\"DC Trace Digital Waveform Capture\"}]},{\"@type\":\"WebSite\",\"@id\":\"https:\\\/\\\/www.qeiinc.com\\\/#website\",\"url\":\"https:\\\/\\\/www.qeiinc.com\\\/\",\"name\":\"QEI\",\"description\":\"Automation Solutions\",\"publisher\":{\"@id\":\"https:\\\/\\\/www.qeiinc.com\\\/#organization\"},\"potentialAction\":[{\"@type\":\"SearchAction\",\"target\":{\"@type\":\"EntryPoint\",\"urlTemplate\":\"https:\\\/\\\/www.qeiinc.com\\\/?s={search_term_string}\"},\"query-input\":{\"@type\":\"PropertyValueSpecification\",\"valueRequired\":true,\"valueName\":\"search_term_string\"}}],\"inLanguage\":\"es-CO\"},{\"@type\":\"Organization\",\"@id\":\"https:\\\/\\\/www.qeiinc.com\\\/#organization\",\"name\":\"QEI\",\"url\":\"https:\\\/\\\/www.qeiinc.com\\\/\",\"logo\":{\"@type\":\"ImageObject\",\"inLanguage\":\"es-CO\",\"@id\":\"https:\\\/\\\/www.qeiinc.com\\\/#\\\/schema\\\/logo\\\/image\\\/\",\"url\":\"https:\\\/\\\/www.qeiinc.com\\\/wp-content\\\/uploads\\\/2025\\\/04\\\/qei-social-logo.jpg\",\"contentUrl\":\"https:\\\/\\\/www.qeiinc.com\\\/wp-content\\\/uploads\\\/2025\\\/04\\\/qei-social-logo.jpg\",\"width\":696,\"height\":696,\"caption\":\"QEI\"},\"image\":{\"@id\":\"https:\\\/\\\/www.qeiinc.com\\\/#\\\/schema\\\/logo\\\/image\\\/\"},\"sameAs\":[\"https:\\\/\\\/www.facebook.com\\\/qeiscada\\\/\",\"https:\\\/\\\/x.com\\\/QeiScada\",\"https:\\\/\\\/www.linkedin.com\\\/company\\\/qei-llc\\\/\"]}]}<\/script>\n<!-- \/ Yoast SEO plugin. -->","yoast_head_json":{"title":"Captura de forma de onda digital DC Trace | QEI Automation Solutions","description":"El DCT-9600 es un registrador digital de aver\u00edas (DFR) para barras y alimentadores de CC en subestaciones el\u00e9ctricas de tracci\u00f3n.","robots":{"index":"index","follow":"follow","max-snippet":"max-snippet:-1","max-image-preview":"max-image-preview:large","max-video-preview":"max-video-preview:-1"},"canonical":"https:\/\/www.qeiinc.com\/es\/producto\/traza-cc\/","og_locale":"es_ES","og_type":"article","og_title":"DC Trace Digital Waveform Capture | QEI Automation Solutions","og_description":"The DCT-9600 is a Digital Fault Recorder (DFR) for DC busses and feeders in traction power substations.","og_url":"https:\/\/www.qeiinc.com\/es\/producto\/traza-cc\/","og_site_name":"QEI Automation Solutions","article_publisher":"https:\/\/www.facebook.com\/qeiscada\/","article_modified_time":"2024-10-23T19:02:19+00:00","og_image":[{"width":1000,"height":720,"url":"https:\/\/www.qeiinc.com\/wp-content\/uploads\/2024\/02\/qei-dc-trace.jpg","type":"image\/jpeg"}],"twitter_card":"summary_large_image","twitter_site":"@QeiScada","twitter_misc":{"Tiempo de lectura":"3 minutos"},"schema":{"@context":"https:\/\/schema.org","@graph":[{"@type":"WebPage","@id":"https:\/\/www.qeiinc.com\/product\/dc-trace\/","url":"https:\/\/www.qeiinc.com\/product\/dc-trace\/","name":"Captura de forma de onda digital DC Trace | QEI Automation Solutions","isPartOf":{"@id":"https:\/\/www.qeiinc.com\/#website"},"primaryImageOfPage":{"@id":"https:\/\/www.qeiinc.com\/product\/dc-trace\/#primaryimage"},"image":{"@id":"https:\/\/www.qeiinc.com\/product\/dc-trace\/#primaryimage"},"thumbnailUrl":"https:\/\/www.qeiinc.com\/wp-content\/uploads\/2024\/02\/qei-dc-trace.jpg","datePublished":"2024-02-19T15:33:06+00:00","dateModified":"2024-10-23T19:02:19+00:00","description":"El DCT-9600 es un registrador digital de aver\u00edas (DFR) para barras y alimentadores de CC en subestaciones el\u00e9ctricas de tracci\u00f3n.","breadcrumb":{"@id":"https:\/\/www.qeiinc.com\/product\/dc-trace\/#breadcrumb"},"inLanguage":"es-CO","potentialAction":[{"@type":"ReadAction","target":["https:\/\/www.qeiinc.com\/product\/dc-trace\/"]}]},{"@type":"ImageObject","inLanguage":"es-CO","@id":"https:\/\/www.qeiinc.com\/product\/dc-trace\/#primaryimage","url":"https:\/\/www.qeiinc.com\/wp-content\/uploads\/2024\/02\/qei-dc-trace.jpg","contentUrl":"https:\/\/www.qeiinc.com\/wp-content\/uploads\/2024\/02\/qei-dc-trace.jpg","width":1000,"height":720},{"@type":"BreadcrumbList","@id":"https:\/\/www.qeiinc.com\/product\/dc-trace\/#breadcrumb","itemListElement":[{"@type":"ListItem","position":1,"name":"Home","item":"https:\/\/www.qeiinc.com\/"},{"@type":"ListItem","position":2,"name":"Products","item":"https:\/\/www.qeiinc.com\/products\/"},{"@type":"ListItem","position":3,"name":"DC Trace Digital Waveform Capture"}]},{"@type":"WebSite","@id":"https:\/\/www.qeiinc.com\/#website","url":"https:\/\/www.qeiinc.com\/","name":"QEI","description":"Soluciones de automatizaci\u00f3n","publisher":{"@id":"https:\/\/www.qeiinc.com\/#organization"},"potentialAction":[{"@type":"SearchAction","target":{"@type":"EntryPoint","urlTemplate":"https:\/\/www.qeiinc.com\/?s={search_term_string}"},"query-input":{"@type":"PropertyValueSpecification","valueRequired":true,"valueName":"search_term_string"}}],"inLanguage":"es-CO"},{"@type":"Organization","@id":"https:\/\/www.qeiinc.com\/#organization","name":"QEI","url":"https:\/\/www.qeiinc.com\/","logo":{"@type":"ImageObject","inLanguage":"es-CO","@id":"https:\/\/www.qeiinc.com\/#\/schema\/logo\/image\/","url":"https:\/\/www.qeiinc.com\/wp-content\/uploads\/2025\/04\/qei-social-logo.jpg","contentUrl":"https:\/\/www.qeiinc.com\/wp-content\/uploads\/2025\/04\/qei-social-logo.jpg","width":696,"height":696,"caption":"QEI"},"image":{"@id":"https:\/\/www.qeiinc.com\/#\/schema\/logo\/image\/"},"sameAs":["https:\/\/www.facebook.com\/qeiscada\/","https:\/\/x.com\/QeiScada","https:\/\/www.linkedin.com\/company\/qei-llc\/"]}]}},"publishpress_future_workflow_manual_trigger":{"enabledWorkflows":[]},"_links":{"self":[{"href":"https:\/\/www.qeiinc.com\/es\/wp-json\/wp\/v2\/product\/40143","targetHints":{"allow":["GET"]}}],"collection":[{"href":"https:\/\/www.qeiinc.com\/es\/wp-json\/wp\/v2\/product"}],"about":[{"href":"https:\/\/www.qeiinc.com\/es\/wp-json\/wp\/v2\/types\/product"}],"replies":[{"embeddable":true,"href":"https:\/\/www.qeiinc.com\/es\/wp-json\/wp\/v2\/comments?post=40143"}],"wp:featuredmedia":[{"embeddable":true,"href":"https:\/\/www.qeiinc.com\/es\/wp-json\/wp\/v2\/media\/41185"}],"wp:attachment":[{"href":"https:\/\/www.qeiinc.com\/es\/wp-json\/wp\/v2\/media?parent=40143"}],"wp:term":[{"taxonomy":"product_brand","embeddable":true,"href":"https:\/\/www.qeiinc.com\/es\/wp-json\/wp\/v2\/product_brand?post=40143"},{"taxonomy":"product_cat","embeddable":true,"href":"https:\/\/www.qeiinc.com\/es\/wp-json\/wp\/v2\/product_cat?post=40143"},{"taxonomy":"product_tag","embeddable":true,"href":"https:\/\/www.qeiinc.com\/es\/wp-json\/wp\/v2\/product_tag?post=40143"}],"curies":[{"name":"wp","href":"https:\/\/api.w.org\/{rel}","templated":true}]}}