{"id":40570,"date":"2024-02-23T08:23:07","date_gmt":"2024-02-23T14:23:07","guid":{"rendered":"https:\/\/www.qeiinc.com\/?post_type=product&#038;p=40570"},"modified":"2025-02-04T09:59:26","modified_gmt":"2025-02-04T14:59:26","slug":"epaq-9410-20-pasarela-de-subestacion-con-i-o","status":"publish","type":"product","link":"https:\/\/www.qeiinc.com\/es\/product\/epaq-9410-20-substation-gateway-with-i-o\/","title":{"rendered":"ePAQ-9410\/20 Pasarela de subestaci\u00f3n con E\/S"},"content":{"rendered":"<div class=\"fusion-fullwidth fullwidth-box fusion-builder-row-1 fusion-flex-container nonhundred-percent-fullwidth non-hundred-percent-height-scrolling\" style=\"--awb-border-radius-top-left:0px;--awb-border-radius-top-right:0px;--awb-border-radius-bottom-right:0px;--awb-border-radius-bottom-left:0px;--awb-flex-wrap:wrap;\" ><div class=\"fusion-builder-row fusion-row fusion-flex-align-items-flex-start fusion-flex-content-wrap\" style=\"max-width:1310.4px;margin-left: calc(-4% \/ 2 );margin-right: calc(-4% \/ 2 );\"><div class=\"fusion-layout-column fusion_builder_column fusion-builder-column-0 fusion_builder_column_1_1 1_1 fusion-flex-column\" style=\"--awb-bg-color:var(--awb-color4);--awb-bg-color-hover:var(--awb-color4);--awb-bg-size:cover;--awb-width-large:100%;--awb-margin-top-large:20px;--awb-spacing-right-large:1.92%;--awb-margin-bottom-large:20px;--awb-spacing-left-large:1.92%;--awb-width-medium:100%;--awb-order-medium:0;--awb-spacing-right-medium:1.92%;--awb-spacing-left-medium:1.92%;--awb-width-small:100%;--awb-order-small:0;--awb-spacing-right-small:1.92%;--awb-spacing-left-small:1.92%;\" data-scroll-devices=\"small-visibility,medium-visibility,large-visibility\"><div class=\"fusion-column-wrapper fusion-column-has-shadow fusion-flex-justify-content-flex-start fusion-content-layout-column\"><div class=\"fusion-tabs fusion-tabs-1 clean nav-is-justified horizontal-tabs icon-position-left mobile-mode-accordion\" style=\"--awb-title-border-radius-top-left:0px;--awb-title-border-radius-top-right:0px;--awb-title-border-radius-bottom-right:0px;--awb-title-border-radius-bottom-left:0px;--awb-content-padding-top:0px;--awb-content-padding-right:60px;--awb-content-padding-bottom:0px;--awb-content-padding-left:40px;--awb-title-font-size:22px;--awb-title-text-transform:uppercase;--awb-title-line-height:29px;--awb-alignment:start;--awb-inactive-color:rgba(0,162,224,0.79);--awb-title-text-color:var(--awb-color1);--awb-background-color:var(--awb-custom_color_1);--awb-border-color:var(--awb-color3);--awb-active-border-color:var(--awb-color5);--awb-title-font-family:&quot;Geologica&quot;;--awb-title-font-style:normal;--awb-title-font-weight:200;\"><div class=\"nav\"><ul class=\"nav-tabs nav-justified\" role=\"tablist\"><li class=\"active\" role=\"presentation\"><a class=\"tab-link\" data-toggle=\"tab\" role=\"tab\" aria-controls=\"tab-9492a8f647b1ccf257f\" aria-selected=\"true\" id=\"fusion-tab-features\" href=\"#tab-9492a8f647b1ccf257f\"><h4 class=\"fusion-tab-heading\"><i class=\"fontawesome-icon fa-list fas\" aria-hidden=\"true\" style=\"font-size:16px;\"><\/i>Caracter\u00edsticas<\/h4><\/a><\/li><li role=\"presentation\"><a class=\"tab-link\" data-toggle=\"tab\" role=\"tab\" aria-controls=\"tab-f04150111962dc1ecda\" aria-selected=\"false\" tabindex=\"-1\" id=\"fusion-tab-specifications\" href=\"#tab-f04150111962dc1ecda\"><h4 class=\"fusion-tab-heading\"><i class=\"fontawesome-icon fa-cogs fas\" aria-hidden=\"true\" style=\"font-size:16px;\"><\/i>Especificaciones<\/h4><\/a><\/li><li role=\"presentation\"><a class=\"tab-link\" data-toggle=\"tab\" role=\"tab\" aria-controls=\"tab-90de999932e3a87795a\" aria-selected=\"false\" tabindex=\"-1\" id=\"fusion-tab-downloads\" href=\"#tab-90de999932e3a87795a\"><h4 class=\"fusion-tab-heading\"><i class=\"fontawesome-icon fa-file-pdf fas\" aria-hidden=\"true\" style=\"font-size:16px;\"><\/i>Descargas <\/h4><\/a><\/li><\/ul><\/div><div class=\"tab-content\"><div class=\"nav fusion-mobile-tab-nav\"><ul class=\"nav-tabs nav-justified\" role=\"tablist\"><li class=\"active\" role=\"presentation\"><a class=\"tab-link\" data-toggle=\"tab\" role=\"tab\" aria-controls=\"tab-9492a8f647b1ccf257f\" aria-selected=\"true\" id=\"mobile-fusion-tab-features\" href=\"#tab-9492a8f647b1ccf257f\"><h4 class=\"fusion-tab-heading\"><i class=\"fontawesome-icon fa-list fas\" aria-hidden=\"true\" style=\"font-size:16px;\"><\/i>Caracter\u00edsticas<\/h4><\/a><\/li><\/ul><\/div><div class=\"tab-pane fade fusion-clearfix in active\" role=\"tabpanel\" tabindex=\"0\" aria-labelledby=\"fusion-tab-features\" id=\"tab-9492a8f647b1ccf257f\">\n<ul>\n<li>Interfaz con todos los dispositivos mediante cualquier protocolo abierto y a trav\u00e9s de cualquier medio.<\/li>\n<li>Elecci\u00f3n de conexiones de puerto serie RJ-45 o DB-9<\/li>\n<li>Arquitectura redundante para aplicaciones cr\u00edticas<\/li>\n<li>Ampliaci\u00f3n sencilla y modular para puntos de E\/S de hardware adicionales<\/li>\n<li>Los puertos serie pueden configurarse para conectores DB-9 en el panel trasero (opci\u00f3n)<\/li>\n<li>Herramientas de seguridad disponibles para cumplir los \u00faltimos requisitos NERC-CIP y de ciberseguridad<\/li>\n<li>Configuraci\u00f3n r\u00e1pida y sencilla con el software para Windows ConfigWiz suministrado<\/li>\n<li>Tarjeta de memoria SD y puertos USB para una ampliaci\u00f3n y actualizaci\u00f3n sencillas y seguras.<\/li>\n<li>Servidor web integrado y HMI para visualizaci\u00f3n local o remota<\/li>\n<\/ul>\n<\/div><div class=\"nav fusion-mobile-tab-nav\"><ul class=\"nav-tabs nav-justified\" role=\"tablist\"><li role=\"presentation\"><a class=\"tab-link\" data-toggle=\"tab\" role=\"tab\" aria-controls=\"tab-f04150111962dc1ecda\" aria-selected=\"false\" tabindex=\"-1\" id=\"mobile-fusion-tab-specifications\" href=\"#tab-f04150111962dc1ecda\"><h4 class=\"fusion-tab-heading\"><i class=\"fontawesome-icon fa-cogs fas\" aria-hidden=\"true\" style=\"font-size:16px;\"><\/i>Especificaciones<\/h4><\/a><\/li><\/ul><\/div><div class=\"tab-pane fade fusion-clearfix\" role=\"tabpanel\" tabindex=\"0\" aria-labelledby=\"fusion-tab-specifications\" id=\"tab-f04150111962dc1ecda\">\n<p><a href=\"https:\/\/www.qeiinc.com\/wp-content\/uploads\/2024\/02\/ePAQ-9410-20-Substation-Gateway-with-I-O-Specs.jpg\"><img decoding=\"async\" class=\"lazyload alignright size-full wp-image-41613\" src=\"https:\/\/www.qeiinc.com\/wp-content\/uploads\/2024\/02\/ePAQ-9410-20-Substation-Gateway-with-I-O-Specs.jpg\" data-orig-src=\"https:\/\/www.qeiinc.com\/wp-content\/uploads\/2024\/02\/ePAQ-9410-20-Substation-Gateway-with-I-O-Specs.jpg\" alt=\"\" width=\"1546\" height=\"1492\" srcset=\"data:image\/svg+xml,%3Csvg%20xmlns%3D%27http%3A%2F%2Fwww.w3.org%2F2000%2Fsvg%27%20width%3D%271546%27%20height%3D%271492%27%20viewBox%3D%270%200%201546%201492%27%3E%3Crect%20width%3D%271546%27%20height%3D%271492%27%20fill-opacity%3D%220%22%2F%3E%3C%2Fsvg%3E\" data-srcset=\"https:\/\/www.qeiinc.com\/wp-content\/uploads\/2024\/02\/ePAQ-9410-20-Substation-Gateway-with-I-O-Specs-200x193.jpg 200w, https:\/\/www.qeiinc.com\/wp-content\/uploads\/2024\/02\/ePAQ-9410-20-Substation-Gateway-with-I-O-Specs-300x290.jpg 300w, https:\/\/www.qeiinc.com\/wp-content\/uploads\/2024\/02\/ePAQ-9410-20-Substation-Gateway-with-I-O-Specs-400x386.jpg 400w, https:\/\/www.qeiinc.com\/wp-content\/uploads\/2024\/02\/ePAQ-9410-20-Substation-Gateway-with-I-O-Specs-500x483.jpg 500w, https:\/\/www.qeiinc.com\/wp-content\/uploads\/2024\/02\/ePAQ-9410-20-Substation-Gateway-with-I-O-Specs-600x579.jpg 600w, https:\/\/www.qeiinc.com\/wp-content\/uploads\/2024\/02\/ePAQ-9410-20-Substation-Gateway-with-I-O-Specs-700x676.jpg 700w, https:\/\/www.qeiinc.com\/wp-content\/uploads\/2024\/02\/ePAQ-9410-20-Substation-Gateway-with-I-O-Specs-768x741.jpg 768w, https:\/\/www.qeiinc.com\/wp-content\/uploads\/2024\/02\/ePAQ-9410-20-Substation-Gateway-with-I-O-Specs-800x772.jpg 800w, https:\/\/www.qeiinc.com\/wp-content\/uploads\/2024\/02\/ePAQ-9410-20-Substation-Gateway-with-I-O-Specs-1024x988.jpg 1024w, https:\/\/www.qeiinc.com\/wp-content\/uploads\/2024\/02\/ePAQ-9410-20-Substation-Gateway-with-I-O-Specs-1200x1158.jpg 1200w, https:\/\/www.qeiinc.com\/wp-content\/uploads\/2024\/02\/ePAQ-9410-20-Substation-Gateway-with-I-O-Specs-1536x1482.jpg 1536w, https:\/\/www.qeiinc.com\/wp-content\/uploads\/2024\/02\/ePAQ-9410-20-Substation-Gateway-with-I-O-Specs.jpg 1546w\" data-sizes=\"auto\" data-orig-sizes=\"(max-width: 1546px) 100vw, 1546px\" \/><\/a><\/p>\n<\/div><div class=\"nav fusion-mobile-tab-nav\"><ul class=\"nav-tabs nav-justified\" role=\"tablist\"><li role=\"presentation\"><a class=\"tab-link\" data-toggle=\"tab\" role=\"tab\" aria-controls=\"tab-90de999932e3a87795a\" aria-selected=\"false\" tabindex=\"-1\" id=\"mobile-fusion-tab-downloads\" href=\"#tab-90de999932e3a87795a\"><h4 class=\"fusion-tab-heading\"><i class=\"fontawesome-icon fa-file-pdf fas\" aria-hidden=\"true\" style=\"font-size:16px;\"><\/i>Descargas <\/h4><\/a><\/li><\/ul><\/div><div class=\"tab-pane fade fusion-clearfix\" role=\"tabpanel\" tabindex=\"0\" aria-labelledby=\"fusion-tab-downloads\" id=\"tab-90de999932e3a87795a\">\n<h4><a href=\"https:\/\/www.qeiinc.com\/wp-content\/uploads\/2024\/03\/6-ePAQ-9410-9420-rev-V-4.7-3-12-2024.pdf\" target=\"_blank\" rel=\"noopener\">ePAQ-9410\/20 Gateway de subestaci\u00f3n con E\/S Folleto<\/a><\/h4>\n<h4><a href=\"https:\/\/www.qeiinc.com\/wp-content\/uploads\/2025\/12\/11-CONFIGWIZ-2-Tech-Bulletin.Rev7-es-419.pdf\">ConfigWiz 2.0<\/a><\/h4>\n<\/div><\/div><\/div><\/div><\/div><\/div><\/div>","protected":false},"excerpt":{"rendered":"<p><strong>Aproveche el potencial de sus dispositivos de subestaci\u00f3n<\/strong><\/p>\n<p>Las pasarelas multifunci\u00f3n ePAQ-9410\/9420 deber\u00edan ser el n\u00facleo de su programa de gesti\u00f3n de subestaciones para la Smart Grid.  Ya sea como interfaz ampliable para las RTU heredadas o como plataforma para la siguiente fase de su programa de automatizaci\u00f3n de la distribuci\u00f3n, el ePAQ-9410\/9420 puede servir para conectar los innumerables dispositivos inteligentes de su subestaci\u00f3n a su empresa en general de forma fiable y segura.<strong>\u00a0<\/strong><\/p>\n<p>El ePAQ-9410\/9420 puede integrar el cat\u00e1logo completo de IED utilizando nuestra biblioteca de protocolos est\u00e1ndar industriales abiertos o heredados, ya est\u00e9n basados en serie o en LAN.  Adem\u00e1s de la concentraci\u00f3n de datos, la unidad puede realizar los c\u00e1lculos personalizados necesarios para filtrar, traducir, preprocesar o reducir. Con ConfigWiz\u00ae, los datos en bruto o procesados del IED pueden distribuirse a cualquier empresa remota mediante SCADA, mantenimiento o actividades de ingenier\u00eda a trav\u00e9s de canales serie o basados en WAN.  Si es necesario, estas transferencias pueden cifrarse y autenticarse para mayor seguridad.<\/p>","protected":false},"featured_media":41612,"comment_status":"open","ping_status":"closed","template":"","meta":{"_acf_changed":false},"product_brand":[],"product_cat":[391,385],"product_tag":[],"class_list":{"0":"post-40570","1":"product","2":"type-product","3":"status-publish","4":"has-post-thumbnail","6":"product_cat-remote-terminal-units","7":"product_cat-automation-products","9":"first","10":"instock","11":"shipping-taxable","12":"product-type-simple"},"acf":[],"yoast_head":"<!-- This site is optimized with the Yoast SEO plugin v27.5 - https:\/\/yoast.com\/product\/yoast-seo-wordpress\/ -->\n<title>ePAQ-9410\/20 Substation Gateway with I\/O | QEI Automation Solutions<\/title>\n<meta name=\"description\" content=\"The ePAQ-9410\/9420 Multifunction Gateways should be at the core of your substation management program for the Smart Grid.\u00a0\" \/>\n<meta name=\"robots\" content=\"index, follow, max-snippet:-1, max-image-preview:large, max-video-preview:-1\" \/>\n<link rel=\"canonical\" href=\"https:\/\/www.qeiinc.com\/es\/producto\/epaq-9410-20-pasarela-de-subestacion-con-i-o\/\" \/>\n<meta property=\"og:locale\" content=\"es_ES\" \/>\n<meta property=\"og:type\" content=\"article\" \/>\n<meta property=\"og:title\" content=\"ePAQ-9410\/20 Substation Gateway with I\/O | QEI Automation Solutions\" \/>\n<meta property=\"og:description\" content=\"The ePAQ-9410\/9420 Multifunction Gateways should be at the core of your substation management program for the Smart Grid.\u00a0\" \/>\n<meta property=\"og:url\" content=\"https:\/\/www.qeiinc.com\/es\/producto\/epaq-9410-20-pasarela-de-subestacion-con-i-o\/\" \/>\n<meta property=\"og:site_name\" content=\"QEI Automation Solutions\" \/>\n<meta property=\"article:publisher\" content=\"https:\/\/www.facebook.com\/qeiscada\/\" \/>\n<meta property=\"article:modified_time\" content=\"2025-02-04T14:59:26+00:00\" \/>\n<meta property=\"og:image\" content=\"https:\/\/www.qeiinc.com\/wp-content\/uploads\/2024\/02\/ePAQ-9410-9420-Multifunction-Gateway-with-IO.png\" \/>\n\t<meta property=\"og:image:width\" content=\"1000\" \/>\n\t<meta property=\"og:image:height\" content=\"720\" \/>\n\t<meta property=\"og:image:type\" content=\"image\/png\" \/>\n<meta name=\"twitter:card\" content=\"summary_large_image\" \/>\n<meta name=\"twitter:site\" content=\"@QeiScada\" \/>\n<meta name=\"twitter:label1\" content=\"Tiempo de lectura\" \/>\n\t<meta name=\"twitter:data1\" content=\"3 minutos\" \/>\n<script type=\"application\/ld+json\" class=\"yoast-schema-graph\">{\"@context\":\"https:\\\/\\\/schema.org\",\"@graph\":[{\"@type\":\"WebPage\",\"@id\":\"https:\\\/\\\/www.qeiinc.com\\\/product\\\/epaq-9410-20-substation-gateway-with-i-o\\\/\",\"url\":\"https:\\\/\\\/www.qeiinc.com\\\/product\\\/epaq-9410-20-substation-gateway-with-i-o\\\/\",\"name\":\"ePAQ-9410\\\/20 Substation Gateway with I\\\/O | QEI Automation Solutions\",\"isPartOf\":{\"@id\":\"https:\\\/\\\/www.qeiinc.com\\\/#website\"},\"primaryImageOfPage\":{\"@id\":\"https:\\\/\\\/www.qeiinc.com\\\/product\\\/epaq-9410-20-substation-gateway-with-i-o\\\/#primaryimage\"},\"image\":{\"@id\":\"https:\\\/\\\/www.qeiinc.com\\\/product\\\/epaq-9410-20-substation-gateway-with-i-o\\\/#primaryimage\"},\"thumbnailUrl\":\"https:\\\/\\\/www.qeiinc.com\\\/wp-content\\\/uploads\\\/2024\\\/02\\\/ePAQ-9410-9420-Multifunction-Gateway-with-IO.png\",\"datePublished\":\"2024-02-23T14:23:07+00:00\",\"dateModified\":\"2025-02-04T14:59:26+00:00\",\"description\":\"The ePAQ-9410\\\/9420 Multifunction Gateways should be at the core of your substation management program for the Smart Grid.\u00a0\",\"breadcrumb\":{\"@id\":\"https:\\\/\\\/www.qeiinc.com\\\/product\\\/epaq-9410-20-substation-gateway-with-i-o\\\/#breadcrumb\"},\"inLanguage\":\"es-CO\",\"potentialAction\":[{\"@type\":\"ReadAction\",\"target\":[\"https:\\\/\\\/www.qeiinc.com\\\/product\\\/epaq-9410-20-substation-gateway-with-i-o\\\/\"]}]},{\"@type\":\"ImageObject\",\"inLanguage\":\"es-CO\",\"@id\":\"https:\\\/\\\/www.qeiinc.com\\\/product\\\/epaq-9410-20-substation-gateway-with-i-o\\\/#primaryimage\",\"url\":\"https:\\\/\\\/www.qeiinc.com\\\/wp-content\\\/uploads\\\/2024\\\/02\\\/ePAQ-9410-9420-Multifunction-Gateway-with-IO.png\",\"contentUrl\":\"https:\\\/\\\/www.qeiinc.com\\\/wp-content\\\/uploads\\\/2024\\\/02\\\/ePAQ-9410-9420-Multifunction-Gateway-with-IO.png\",\"width\":1000,\"height\":720},{\"@type\":\"BreadcrumbList\",\"@id\":\"https:\\\/\\\/www.qeiinc.com\\\/product\\\/epaq-9410-20-substation-gateway-with-i-o\\\/#breadcrumb\",\"itemListElement\":[{\"@type\":\"ListItem\",\"position\":1,\"name\":\"Home\",\"item\":\"https:\\\/\\\/www.qeiinc.com\\\/\"},{\"@type\":\"ListItem\",\"position\":2,\"name\":\"Products\",\"item\":\"https:\\\/\\\/www.qeiinc.com\\\/products\\\/\"},{\"@type\":\"ListItem\",\"position\":3,\"name\":\"ePAQ-9410\\\/20 Substation Gateway with I\\\/O\"}]},{\"@type\":\"WebSite\",\"@id\":\"https:\\\/\\\/www.qeiinc.com\\\/#website\",\"url\":\"https:\\\/\\\/www.qeiinc.com\\\/\",\"name\":\"QEI\",\"description\":\"Automation Solutions\",\"publisher\":{\"@id\":\"https:\\\/\\\/www.qeiinc.com\\\/#organization\"},\"potentialAction\":[{\"@type\":\"SearchAction\",\"target\":{\"@type\":\"EntryPoint\",\"urlTemplate\":\"https:\\\/\\\/www.qeiinc.com\\\/?s={search_term_string}\"},\"query-input\":{\"@type\":\"PropertyValueSpecification\",\"valueRequired\":true,\"valueName\":\"search_term_string\"}}],\"inLanguage\":\"es-CO\"},{\"@type\":\"Organization\",\"@id\":\"https:\\\/\\\/www.qeiinc.com\\\/#organization\",\"name\":\"QEI\",\"url\":\"https:\\\/\\\/www.qeiinc.com\\\/\",\"logo\":{\"@type\":\"ImageObject\",\"inLanguage\":\"es-CO\",\"@id\":\"https:\\\/\\\/www.qeiinc.com\\\/#\\\/schema\\\/logo\\\/image\\\/\",\"url\":\"https:\\\/\\\/www.qeiinc.com\\\/wp-content\\\/uploads\\\/2025\\\/04\\\/qei-social-logo.jpg\",\"contentUrl\":\"https:\\\/\\\/www.qeiinc.com\\\/wp-content\\\/uploads\\\/2025\\\/04\\\/qei-social-logo.jpg\",\"width\":696,\"height\":696,\"caption\":\"QEI\"},\"image\":{\"@id\":\"https:\\\/\\\/www.qeiinc.com\\\/#\\\/schema\\\/logo\\\/image\\\/\"},\"sameAs\":[\"https:\\\/\\\/www.facebook.com\\\/qeiscada\\\/\",\"https:\\\/\\\/x.com\\\/QeiScada\",\"https:\\\/\\\/www.linkedin.com\\\/company\\\/qei-llc\\\/\"]}]}<\/script>\n<!-- \/ Yoast SEO plugin. -->","yoast_head_json":{"title":"ePAQ-9410\/20 Pasarela de subestaci\u00f3n con E\/S | QEI Automation Solutions","description":"Las pasarelas multifunci\u00f3n ePAQ-9410\/9420 deben ser el n\u00facleo de su programa de gesti\u00f3n de subestaciones para la red inteligente.\u00a0","robots":{"index":"index","follow":"follow","max-snippet":"max-snippet:-1","max-image-preview":"max-image-preview:large","max-video-preview":"max-video-preview:-1"},"canonical":"https:\/\/www.qeiinc.com\/es\/producto\/epaq-9410-20-pasarela-de-subestacion-con-i-o\/","og_locale":"es_ES","og_type":"article","og_title":"ePAQ-9410\/20 Substation Gateway with I\/O | QEI Automation Solutions","og_description":"The ePAQ-9410\/9420 Multifunction Gateways should be at the core of your substation management program for the Smart Grid.\u00a0","og_url":"https:\/\/www.qeiinc.com\/es\/producto\/epaq-9410-20-pasarela-de-subestacion-con-i-o\/","og_site_name":"QEI Automation Solutions","article_publisher":"https:\/\/www.facebook.com\/qeiscada\/","article_modified_time":"2025-02-04T14:59:26+00:00","og_image":[{"width":1000,"height":720,"url":"https:\/\/www.qeiinc.com\/wp-content\/uploads\/2024\/02\/ePAQ-9410-9420-Multifunction-Gateway-with-IO.png","type":"image\/png"}],"twitter_card":"summary_large_image","twitter_site":"@QeiScada","twitter_misc":{"Tiempo de lectura":"3 minutos"},"schema":{"@context":"https:\/\/schema.org","@graph":[{"@type":"WebPage","@id":"https:\/\/www.qeiinc.com\/product\/epaq-9410-20-substation-gateway-with-i-o\/","url":"https:\/\/www.qeiinc.com\/product\/epaq-9410-20-substation-gateway-with-i-o\/","name":"ePAQ-9410\/20 Pasarela de subestaci\u00f3n con E\/S | QEI Automation Solutions","isPartOf":{"@id":"https:\/\/www.qeiinc.com\/#website"},"primaryImageOfPage":{"@id":"https:\/\/www.qeiinc.com\/product\/epaq-9410-20-substation-gateway-with-i-o\/#primaryimage"},"image":{"@id":"https:\/\/www.qeiinc.com\/product\/epaq-9410-20-substation-gateway-with-i-o\/#primaryimage"},"thumbnailUrl":"https:\/\/www.qeiinc.com\/wp-content\/uploads\/2024\/02\/ePAQ-9410-9420-Multifunction-Gateway-with-IO.png","datePublished":"2024-02-23T14:23:07+00:00","dateModified":"2025-02-04T14:59:26+00:00","description":"Las pasarelas multifunci\u00f3n ePAQ-9410\/9420 deben ser el n\u00facleo de su programa de gesti\u00f3n de subestaciones para la red inteligente.\u00a0","breadcrumb":{"@id":"https:\/\/www.qeiinc.com\/product\/epaq-9410-20-substation-gateway-with-i-o\/#breadcrumb"},"inLanguage":"es-CO","potentialAction":[{"@type":"ReadAction","target":["https:\/\/www.qeiinc.com\/product\/epaq-9410-20-substation-gateway-with-i-o\/"]}]},{"@type":"ImageObject","inLanguage":"es-CO","@id":"https:\/\/www.qeiinc.com\/product\/epaq-9410-20-substation-gateway-with-i-o\/#primaryimage","url":"https:\/\/www.qeiinc.com\/wp-content\/uploads\/2024\/02\/ePAQ-9410-9420-Multifunction-Gateway-with-IO.png","contentUrl":"https:\/\/www.qeiinc.com\/wp-content\/uploads\/2024\/02\/ePAQ-9410-9420-Multifunction-Gateway-with-IO.png","width":1000,"height":720},{"@type":"BreadcrumbList","@id":"https:\/\/www.qeiinc.com\/product\/epaq-9410-20-substation-gateway-with-i-o\/#breadcrumb","itemListElement":[{"@type":"ListItem","position":1,"name":"Home","item":"https:\/\/www.qeiinc.com\/"},{"@type":"ListItem","position":2,"name":"Products","item":"https:\/\/www.qeiinc.com\/products\/"},{"@type":"ListItem","position":3,"name":"ePAQ-9410\/20 Substation Gateway with I\/O"}]},{"@type":"WebSite","@id":"https:\/\/www.qeiinc.com\/#website","url":"https:\/\/www.qeiinc.com\/","name":"QEI","description":"Soluciones de automatizaci\u00f3n","publisher":{"@id":"https:\/\/www.qeiinc.com\/#organization"},"potentialAction":[{"@type":"SearchAction","target":{"@type":"EntryPoint","urlTemplate":"https:\/\/www.qeiinc.com\/?s={search_term_string}"},"query-input":{"@type":"PropertyValueSpecification","valueRequired":true,"valueName":"search_term_string"}}],"inLanguage":"es-CO"},{"@type":"Organization","@id":"https:\/\/www.qeiinc.com\/#organization","name":"QEI","url":"https:\/\/www.qeiinc.com\/","logo":{"@type":"ImageObject","inLanguage":"es-CO","@id":"https:\/\/www.qeiinc.com\/#\/schema\/logo\/image\/","url":"https:\/\/www.qeiinc.com\/wp-content\/uploads\/2025\/04\/qei-social-logo.jpg","contentUrl":"https:\/\/www.qeiinc.com\/wp-content\/uploads\/2025\/04\/qei-social-logo.jpg","width":696,"height":696,"caption":"QEI"},"image":{"@id":"https:\/\/www.qeiinc.com\/#\/schema\/logo\/image\/"},"sameAs":["https:\/\/www.facebook.com\/qeiscada\/","https:\/\/x.com\/QeiScada","https:\/\/www.linkedin.com\/company\/qei-llc\/"]}]}},"publishpress_future_workflow_manual_trigger":{"enabledWorkflows":[]},"_links":{"self":[{"href":"https:\/\/www.qeiinc.com\/es\/wp-json\/wp\/v2\/product\/40570","targetHints":{"allow":["GET"]}}],"collection":[{"href":"https:\/\/www.qeiinc.com\/es\/wp-json\/wp\/v2\/product"}],"about":[{"href":"https:\/\/www.qeiinc.com\/es\/wp-json\/wp\/v2\/types\/product"}],"replies":[{"embeddable":true,"href":"https:\/\/www.qeiinc.com\/es\/wp-json\/wp\/v2\/comments?post=40570"}],"wp:featuredmedia":[{"embeddable":true,"href":"https:\/\/www.qeiinc.com\/es\/wp-json\/wp\/v2\/media\/41612"}],"wp:attachment":[{"href":"https:\/\/www.qeiinc.com\/es\/wp-json\/wp\/v2\/media?parent=40570"}],"wp:term":[{"taxonomy":"product_brand","embeddable":true,"href":"https:\/\/www.qeiinc.com\/es\/wp-json\/wp\/v2\/product_brand?post=40570"},{"taxonomy":"product_cat","embeddable":true,"href":"https:\/\/www.qeiinc.com\/es\/wp-json\/wp\/v2\/product_cat?post=40570"},{"taxonomy":"product_tag","embeddable":true,"href":"https:\/\/www.qeiinc.com\/es\/wp-json\/wp\/v2\/product_tag?post=40570"}],"curies":[{"name":"wp","href":"https:\/\/api.w.org\/{rel}","templated":true}]}}