{"id":40573,"date":"2024-02-23T08:24:24","date_gmt":"2024-02-23T14:24:24","guid":{"rendered":"https:\/\/www.qeiinc.com\/?post_type=product&#038;p=40573"},"modified":"2025-10-13T09:54:44","modified_gmt":"2025-10-13T13:54:44","slug":"stn-9180-rtu-de-alta-densidad","status":"publish","type":"product","link":"https:\/\/www.qeiinc.com\/es\/product\/stn-9180-high-density-rtu\/","title":{"rendered":"STN-9180 RTU de alta densidad"},"content":{"rendered":"<p><div class=\"fusion-fullwidth fullwidth-box fusion-builder-row-1 fusion-flex-container has-pattern-background has-mask-background nonhundred-percent-fullwidth non-hundred-percent-height-scrolling\" style=\"--awb-border-radius-top-left:0px;--awb-border-radius-top-right:0px;--awb-border-radius-bottom-right:0px;--awb-border-radius-bottom-left:0px;--awb-flex-wrap:wrap;\" ><div class=\"fusion-builder-row fusion-row fusion-flex-align-items-flex-start fusion-flex-content-wrap\" style=\"max-width:1310.4px;margin-left: calc(-4% \/ 2 );margin-right: calc(-4% \/ 2 );\"><div class=\"fusion-layout-column fusion_builder_column fusion-builder-column-0 fusion_builder_column_2_5 2_5 fusion-flex-column\" style=\"--awb-padding-right:30px;--awb-padding-left:30px;--awb-bg-size:cover;--awb-border-color:var(--awb-custom_color_1);--awb-border-left:1px;--awb-border-style:solid;--awb-width-large:40%;--awb-margin-top-large:20px;--awb-spacing-right-large:4.8%;--awb-margin-bottom-large:20px;--awb-spacing-left-large:4.8%;--awb-width-medium:40%;--awb-order-medium:0;--awb-spacing-right-medium:4.8%;--awb-spacing-left-medium:4.8%;--awb-width-small:100%;--awb-order-small:0;--awb-spacing-right-small:1.92%;--awb-spacing-left-small:1.92%;\" data-scroll-devices=\"small-visibility,medium-visibility,large-visibility\"><div class=\"fusion-column-wrapper fusion-column-has-shadow fusion-flex-justify-content-flex-start fusion-content-layout-column\"><div class=\"fusion-image-element\" style=\"text-align:left;--awb-max-width:350px;--awb-caption-title-font-family:var(--h2_typography-font-family);--awb-caption-title-font-weight:var(--h2_typography-font-weight);--awb-caption-title-font-style:var(--h2_typography-font-style);--awb-caption-title-size:var(--h2_typography-font-size);--awb-caption-title-transform:var(--h2_typography-text-transform);--awb-caption-title-line-height:var(--h2_typography-line-height);--awb-caption-title-letter-spacing:var(--h2_typography-letter-spacing);\"><span class=\"fusion-imageframe imageframe-none imageframe-1 hover-type-none\"><img decoding=\"async\" width=\"900\" height=\"144\" title=\"qei-configwiz\" src=\"https:\/\/www.qeiinc.com\/wp-content\/uploads\/2024\/03\/qei-configwiz.png\" data-orig-src=\"https:\/\/www.qeiinc.com\/wp-content\/uploads\/2024\/03\/qei-configwiz.png\" alt class=\"lazyload img-responsive wp-image-41032\" srcset=\"data:image\/svg+xml,%3Csvg%20xmlns%3D%27http%3A%2F%2Fwww.w3.org%2F2000%2Fsvg%27%20width%3D%27900%27%20height%3D%27144%27%20viewBox%3D%270%200%20900%20144%27%3E%3Crect%20width%3D%27900%27%20height%3D%27144%27%20fill-opacity%3D%220%22%2F%3E%3C%2Fsvg%3E\" data-srcset=\"https:\/\/www.qeiinc.com\/wp-content\/uploads\/2024\/03\/qei-configwiz-200x32.png 200w, https:\/\/www.qeiinc.com\/wp-content\/uploads\/2024\/03\/qei-configwiz-400x64.png 400w, https:\/\/www.qeiinc.com\/wp-content\/uploads\/2024\/03\/qei-configwiz-600x96.png 600w, https:\/\/www.qeiinc.com\/wp-content\/uploads\/2024\/03\/qei-configwiz-800x128.png 800w, https:\/\/www.qeiinc.com\/wp-content\/uploads\/2024\/03\/qei-configwiz.png 900w\" data-sizes=\"auto\" data-orig-sizes=\"(max-width: 640px) 100vw, 600px\" \/><\/span><\/div><div class=\"fusion-separator fusion-full-width-sep\" style=\"align-self: center;margin-left: auto;margin-right: auto;margin-top:15px;width:100%;\"><\/div><div class=\"fusion-text fusion-text-1\" style=\"--awb-font-size:20px;--awb-line-height:30px;--awb-text-color:var(--awb-custom_color_1);\"><p>ConfigWiz proporciona una interfaz de usuario Windows\u00ae de arrastrar y soltar que gu\u00eda al t\u00e9cnico a trav\u00e9s de los pasos necesarios para definir una RTU:<\/p>\n<ul>\n<li>configuraci\u00f3n de todos los puertos de comunicaci\u00f3n<\/li>\n<li>selecci\u00f3n de clientes de comunicaci\u00f3n IED<\/li>\n<li>selecci\u00f3n de servidores de comunicaci\u00f3n Master Station<\/li>\n<li>mapeo de los puntos de datos entre la base de datos del cliente IED de la RTU y la base de datos del servidor de la Master Station<\/li>\n<\/ul>\n<p>Una vez finalizado el proceso de configuraci\u00f3n, el archivo de configuraci\u00f3n de RTU resultante se archiva en PC para su almacenamiento a largo plazo y, a continuaci\u00f3n, se compila y descarga en el STN-9180 para su ejecuci\u00f3n.<\/p>\n<\/div><\/div><\/div><div class=\"fusion-layout-column fusion_builder_column fusion-builder-column-1 fusion_builder_column_3_5 3_5 fusion-flex-column\" style=\"--awb-bg-size:cover;--awb-width-large:60%;--awb-margin-top-large:20px;--awb-spacing-right-large:3.2%;--awb-margin-bottom-large:20px;--awb-spacing-left-large:3.2%;--awb-width-medium:60%;--awb-order-medium:0;--awb-spacing-right-medium:3.2%;--awb-spacing-left-medium:3.2%;--awb-width-small:100%;--awb-order-small:0;--awb-spacing-right-small:1.92%;--awb-spacing-left-small:1.92%;\"><div class=\"fusion-column-wrapper fusion-column-has-shadow fusion-flex-justify-content-flex-start fusion-content-layout-column\"><div class=\"fusion-text fusion-text-2\"><p>Hay tres modelos de bastidores de tarjetas: el 6HD1, el 6HD2 y el 6HD3 con seis, doce y dieciocho ranuras para tarjetas de estado y anal\u00f3gicas en total por bastidor. (respectivamente). Las tres versiones tienen cuatro ranuras dedicadas a tarjetas de control. En todas las versiones, las terminaciones de campo de estado y anal\u00f3gicas se realizan en tarjetas 6STB y 6ATB montadas externamente (respectivamente). Las terminaciones de control se realizan en el reverso del propio bastidor.<\/p>\n<p>Si se necesitan m\u00e1s E\/S, se pueden conectar en cadena jaulas de tarjetas adicionales, lo que proporciona la capacidad para gestionar los puntos de E\/S cableados necesarios.<\/p>\n<p>Adem\u00e1s de esta gran capacidad de E\/S cableadas, el STN-9180 tambi\u00e9n dispone de conexiones RS-232 y RS485 para la capacidad de comunicaci\u00f3n entre la estaci\u00f3n maestra y el IED. El n\u00famero de puertos de comunicaciones serie puede ampliarse hasta 9. Una tarjeta secundaria adicional proporciona conectividad TCP\/IP a trav\u00e9s de dos puertos Ethernet para comunicaciones o configuraci\u00f3n. Se dispone de una amplia biblioteca de protocolos actuales y heredados para las comunicaciones con las estaciones maestras y los IED.<\/p>\n<p>Los puntos de datos de las tarjetas de E\/S y los IED se asignan para las comunicaciones a la estaci\u00f3n maestra o a otros puertos mediante nuestro software ConfigWiz\u00ae basado en Windows\u00ae. Cualquier valor recuperado de un IED o de una entrada cableada puede asignarse a uno o m\u00e1s puertos de comunicaciones, independientemente del protocolo, el medio de comunicaci\u00f3n, la velocidad en baudios o el m\u00e9todo de sondeo. El STN-9180 es muy \u00fatil para adaptar canales y protocolos de comunicaci\u00f3n heredados a la red actual de su empresa.<\/p>\n<\/div><\/div><\/div><\/div><\/div><div class=\"fusion-fullwidth fullwidth-box fusion-builder-row-2 fusion-flex-container nonhundred-percent-fullwidth non-hundred-percent-height-scrolling\" style=\"--awb-border-radius-top-left:0px;--awb-border-radius-top-right:0px;--awb-border-radius-bottom-right:0px;--awb-border-radius-bottom-left:0px;--awb-flex-wrap:wrap;\" ><div class=\"fusion-builder-row fusion-row fusion-flex-align-items-flex-start fusion-flex-content-wrap\" style=\"max-width:1310.4px;margin-left: calc(-4% \/ 2 );margin-right: calc(-4% \/ 2 );\"><div class=\"fusion-layout-column fusion_builder_column fusion-builder-column-2 fusion_builder_column_1_1 1_1 fusion-flex-column\" style=\"--awb-bg-color:var(--awb-color4);--awb-bg-color-hover:var(--awb-color4);--awb-bg-size:cover;--awb-width-large:100%;--awb-margin-top-large:20px;--awb-spacing-right-large:1.92%;--awb-margin-bottom-large:20px;--awb-spacing-left-large:1.92%;--awb-width-medium:100%;--awb-order-medium:0;--awb-spacing-right-medium:1.92%;--awb-spacing-left-medium:1.92%;--awb-width-small:100%;--awb-order-small:0;--awb-spacing-right-small:1.92%;--awb-spacing-left-small:1.92%;\" data-scroll-devices=\"small-visibility,medium-visibility,large-visibility\"><div class=\"fusion-column-wrapper fusion-column-has-shadow fusion-flex-justify-content-flex-start fusion-content-layout-column\"><div class=\"fusion-tabs fusion-tabs-1 clean nav-is-justified horizontal-tabs icon-position-left mobile-mode-accordion\" style=\"--awb-title-border-radius-top-left:0px;--awb-title-border-radius-top-right:0px;--awb-title-border-radius-bottom-right:0px;--awb-title-border-radius-bottom-left:0px;--awb-content-padding-top:0px;--awb-content-padding-right:60px;--awb-content-padding-bottom:0px;--awb-content-padding-left:40px;--awb-title-font-size:22px;--awb-title-text-transform:uppercase;--awb-title-line-height:29px;--awb-alignment:start;--awb-inactive-color:rgba(0,162,224,0.79);--awb-title-text-color:var(--awb-color1);--awb-background-color:var(--awb-custom_color_1);--awb-border-color:var(--awb-color3);--awb-active-border-color:var(--awb-color5);--awb-title-font-family:&quot;Geologica&quot;;--awb-title-font-style:normal;--awb-title-font-weight:200;\"><div class=\"nav\"><ul class=\"nav-tabs nav-justified\" role=\"tablist\"><li class=\"active\" role=\"presentation\"><a class=\"tab-link\" data-toggle=\"tab\" role=\"tab\" aria-controls=\"tab-a8fa5d10f67e4177d9b\" aria-selected=\"true\" id=\"fusion-tab-features\" href=\"#tab-a8fa5d10f67e4177d9b\"><h4 class=\"fusion-tab-heading\"><i class=\"fontawesome-icon fa-list fas\" aria-hidden=\"true\" style=\"font-size:16px;\"><\/i>Caracter\u00edsticas<\/h4><\/a><\/li><li role=\"presentation\"><a class=\"tab-link\" data-toggle=\"tab\" role=\"tab\" aria-controls=\"tab-39144c3a89d96d682a8\" aria-selected=\"false\" tabindex=\"-1\" id=\"fusion-tab-downloads\" href=\"#tab-39144c3a89d96d682a8\"><h4 class=\"fusion-tab-heading\"><i class=\"fontawesome-icon fa-file-pdf fas\" aria-hidden=\"true\" style=\"font-size:16px;\"><\/i>Descargas <\/h4><\/a><\/li><\/ul><\/div><div class=\"tab-content\"><div class=\"nav fusion-mobile-tab-nav\"><ul class=\"nav-tabs nav-justified\" role=\"tablist\"><li class=\"active\" role=\"presentation\"><a class=\"tab-link\" data-toggle=\"tab\" role=\"tab\" aria-controls=\"tab-a8fa5d10f67e4177d9b\" aria-selected=\"true\" id=\"mobile-fusion-tab-features\" href=\"#tab-a8fa5d10f67e4177d9b\"><h4 class=\"fusion-tab-heading\"><i class=\"fontawesome-icon fa-list fas\" aria-hidden=\"true\" style=\"font-size:16px;\"><\/i>Caracter\u00edsticas<\/h4><\/a><\/li><\/ul><\/div><div class=\"tab-pane fade fusion-clearfix in active\" role=\"tabpanel\" tabindex=\"0\" aria-labelledby=\"fusion-tab-features\" id=\"tab-a8fa5d10f67e4177d9b\">\n<ul>\n<li>Protocolos de servidor (a estaci\u00f3n maestra): DNP3 (serie y sobre IP), L&amp;G 8979 (serie y sobre IP), Modbus (RTU y TCP), QUICS (serie y sobre IP), Tejas\/Valmet Series III\/V, BETAC, CDC I y II, Conitel y otros.<\/li>\n<li>Protocolos cliente (a IED): DNP3 (serie y sobre IP), Modbus (RTU y TCP), SEL Fast Meter\/ASCII con detecci\u00f3n de dispositivos.<\/li>\n<li>Interfaz de navegador web local o remoto.<\/li>\n<li>Capacidad de Control L\u00f3gico Programable y Comunicaciones (PLCC) para algoritmos de control de bucle cerrado definidos por el usuario, como para el control Volt-VAR, o para la reducci\u00f3n de datos de subestaci\u00f3n.<\/li>\n<li>L\u00edmites de E\/S cableadas:1024 de estado, 128 anal\u00f3gicas + control<\/li>\n<li>La configuraci\u00f3n se realiza mediante el programa de gesti\u00f3n segura ConfigWiz\u00ae a trav\u00e9s del puerto de mantenimiento local o de una conexi\u00f3n IP local o remota. Dispone de un complemento completo de filtrado de datos, conmutaci\u00f3n de puertos, control de E\/S IED y otras funciones de gesti\u00f3n\/diagn\u00f3stico.<\/li>\n<li>Estado de secuencia de eventos (SOE) de 1 ms y entrada de reloj IRIG-B opcional.<\/li>\n<li>Alimentaci\u00f3n: 120VAC, 24Vdc, 48Vdc o 125Vdc.<\/li>\n<\/ul>\n<\/div><div class=\"nav fusion-mobile-tab-nav\"><ul class=\"nav-tabs nav-justified\" role=\"tablist\"><li role=\"presentation\"><a class=\"tab-link\" data-toggle=\"tab\" role=\"tab\" aria-controls=\"tab-39144c3a89d96d682a8\" aria-selected=\"false\" tabindex=\"-1\" id=\"mobile-fusion-tab-downloads\" href=\"#tab-39144c3a89d96d682a8\"><h4 class=\"fusion-tab-heading\"><i class=\"fontawesome-icon fa-file-pdf fas\" aria-hidden=\"true\" style=\"font-size:16px;\"><\/i>Descargas <\/h4><\/a><\/li><\/ul><\/div><div class=\"tab-pane fade fusion-clearfix\" role=\"tabpanel\" tabindex=\"0\" aria-labelledby=\"fusion-tab-downloads\" id=\"tab-39144c3a89d96d682a8\">\n<h4><a href=\"https:\/\/www.qeiinc.com\/wp-content\/uploads\/2024\/03\/10-STN-9180-High-Density-RTU-Tech-Bulletin.Rev4_-1.pdf\" target=\"_blank\" rel=\"noopener\">STN-9180 Folleto de RTU de alta densidad<\/a><\/h4>\n<\/div><\/div><\/div><\/div><\/div><\/div><\/div><\/p>","protected":false},"excerpt":{"rendered":"<p>Las instalaciones de RTU heredadas suelen tener un elevado n\u00famero de puntos de control, anal\u00f3gicos y de estado para soportar una variedad de puntos cableados, rel\u00e9s de control y bancos de transductores. Aunque los dispositivos electr\u00f3nicos inteligentes (IED) modernos proporcionan esta entrada para las instalaciones m\u00e1s nuevas, no es rentable actualizar todos los puntos inmediatamente.<\/p>\n<p>La RTU de alta densidad STN-9180 proporciona un medio para facilitar la transici\u00f3n a la conectividad IED, preservando al mismo tiempo su considerable inversi\u00f3n en cableado y transductores existentes. La STN-9180, con E\/S de alta densidad, consta de un panel procesador central 6CPP6 en una gran caja NEMA 4, con una o m\u00e1s cajas de tarjetas de alta densidad para contener las tarjetas de estado, anal\u00f3gicas y de control.<\/p>","protected":false},"featured_media":42448,"comment_status":"open","ping_status":"closed","template":"","meta":{"_acf_changed":false},"product_brand":[],"product_cat":[391,385],"product_tag":[],"class_list":{"0":"post-40573","1":"product","2":"type-product","3":"status-publish","4":"has-post-thumbnail","6":"product_cat-remote-terminal-units","7":"product_cat-automation-products","9":"first","10":"instock","11":"shipping-taxable","12":"product-type-simple"},"acf":[],"yoast_head":"<!-- This site is optimized with the Yoast SEO plugin v27.6 - https:\/\/yoast.com\/product\/yoast-seo-wordpress\/ -->\n<title>STN-9180 High Density RTU | QEI Automation Solutions<\/title>\n<meta name=\"description\" content=\"Legacy RTU installations often have high status, analog and control point counts to support a variety of hardwired points, control relays and transducer banks.\" \/>\n<meta name=\"robots\" content=\"index, follow, max-snippet:-1, max-image-preview:large, max-video-preview:-1\" \/>\n<link rel=\"canonical\" href=\"https:\/\/www.qeiinc.com\/es\/producto\/stn-9180-rtu-de-alta-densidad\/\" \/>\n<meta property=\"og:locale\" content=\"es_ES\" \/>\n<meta property=\"og:type\" content=\"article\" \/>\n<meta property=\"og:title\" content=\"STN-9180 High Density RTU | QEI Automation Solutions\" \/>\n<meta property=\"og:description\" content=\"Legacy RTU installations often have high status, analog and control point counts to support a variety of hardwired points, control relays and transducer banks.\" \/>\n<meta property=\"og:url\" content=\"https:\/\/www.qeiinc.com\/es\/producto\/stn-9180-rtu-de-alta-densidad\/\" \/>\n<meta property=\"og:site_name\" content=\"QEI Automation Solutions\" \/>\n<meta property=\"article:publisher\" content=\"https:\/\/www.facebook.com\/qeiscada\/\" \/>\n<meta property=\"article:modified_time\" content=\"2025-10-13T13:54:44+00:00\" \/>\n<meta property=\"og:image\" content=\"https:\/\/www.qeiinc.com\/wp-content\/uploads\/2024\/02\/qei-STN-9180v2.jpg\" \/>\n\t<meta property=\"og:image:width\" content=\"1000\" \/>\n\t<meta property=\"og:image:height\" content=\"720\" \/>\n\t<meta property=\"og:image:type\" content=\"image\/jpeg\" \/>\n<meta name=\"twitter:card\" content=\"summary_large_image\" \/>\n<meta name=\"twitter:site\" content=\"@QeiScada\" \/>\n<meta name=\"twitter:label1\" content=\"Tiempo de lectura\" \/>\n\t<meta name=\"twitter:data1\" content=\"11 minutos\" \/>\n<script type=\"application\/ld+json\" class=\"yoast-schema-graph\">{\"@context\":\"https:\\\/\\\/schema.org\",\"@graph\":[{\"@type\":\"WebPage\",\"@id\":\"https:\\\/\\\/www.qeiinc.com\\\/product\\\/stn-9180-high-density-rtu\\\/\",\"url\":\"https:\\\/\\\/www.qeiinc.com\\\/product\\\/stn-9180-high-density-rtu\\\/\",\"name\":\"STN-9180 High Density RTU | QEI Automation Solutions\",\"isPartOf\":{\"@id\":\"https:\\\/\\\/www.qeiinc.com\\\/#website\"},\"primaryImageOfPage\":{\"@id\":\"https:\\\/\\\/www.qeiinc.com\\\/product\\\/stn-9180-high-density-rtu\\\/#primaryimage\"},\"image\":{\"@id\":\"https:\\\/\\\/www.qeiinc.com\\\/product\\\/stn-9180-high-density-rtu\\\/#primaryimage\"},\"thumbnailUrl\":\"https:\\\/\\\/www.qeiinc.com\\\/wp-content\\\/uploads\\\/2024\\\/02\\\/qei-STN-9180v2.jpg\",\"datePublished\":\"2024-02-23T14:24:24+00:00\",\"dateModified\":\"2025-10-13T13:54:44+00:00\",\"description\":\"Legacy RTU installations often have high status, analog and control point counts to support a variety of hardwired points, control relays and transducer banks.\",\"breadcrumb\":{\"@id\":\"https:\\\/\\\/www.qeiinc.com\\\/product\\\/stn-9180-high-density-rtu\\\/#breadcrumb\"},\"inLanguage\":\"es-CO\",\"potentialAction\":[{\"@type\":\"ReadAction\",\"target\":[\"https:\\\/\\\/www.qeiinc.com\\\/product\\\/stn-9180-high-density-rtu\\\/\"]}]},{\"@type\":\"ImageObject\",\"inLanguage\":\"es-CO\",\"@id\":\"https:\\\/\\\/www.qeiinc.com\\\/product\\\/stn-9180-high-density-rtu\\\/#primaryimage\",\"url\":\"https:\\\/\\\/www.qeiinc.com\\\/wp-content\\\/uploads\\\/2024\\\/02\\\/qei-STN-9180v2.jpg\",\"contentUrl\":\"https:\\\/\\\/www.qeiinc.com\\\/wp-content\\\/uploads\\\/2024\\\/02\\\/qei-STN-9180v2.jpg\",\"width\":1000,\"height\":720},{\"@type\":\"BreadcrumbList\",\"@id\":\"https:\\\/\\\/www.qeiinc.com\\\/product\\\/stn-9180-high-density-rtu\\\/#breadcrumb\",\"itemListElement\":[{\"@type\":\"ListItem\",\"position\":1,\"name\":\"Home\",\"item\":\"https:\\\/\\\/www.qeiinc.com\\\/\"},{\"@type\":\"ListItem\",\"position\":2,\"name\":\"Products\",\"item\":\"https:\\\/\\\/www.qeiinc.com\\\/products\\\/\"},{\"@type\":\"ListItem\",\"position\":3,\"name\":\"STN-9180 High Density RTU\"}]},{\"@type\":\"WebSite\",\"@id\":\"https:\\\/\\\/www.qeiinc.com\\\/#website\",\"url\":\"https:\\\/\\\/www.qeiinc.com\\\/\",\"name\":\"QEI\",\"description\":\"Automation Solutions\",\"publisher\":{\"@id\":\"https:\\\/\\\/www.qeiinc.com\\\/#organization\"},\"potentialAction\":[{\"@type\":\"SearchAction\",\"target\":{\"@type\":\"EntryPoint\",\"urlTemplate\":\"https:\\\/\\\/www.qeiinc.com\\\/?s={search_term_string}\"},\"query-input\":{\"@type\":\"PropertyValueSpecification\",\"valueRequired\":true,\"valueName\":\"search_term_string\"}}],\"inLanguage\":\"es-CO\"},{\"@type\":\"Organization\",\"@id\":\"https:\\\/\\\/www.qeiinc.com\\\/#organization\",\"name\":\"QEI\",\"url\":\"https:\\\/\\\/www.qeiinc.com\\\/\",\"logo\":{\"@type\":\"ImageObject\",\"inLanguage\":\"es-CO\",\"@id\":\"https:\\\/\\\/www.qeiinc.com\\\/#\\\/schema\\\/logo\\\/image\\\/\",\"url\":\"https:\\\/\\\/www.qeiinc.com\\\/wp-content\\\/uploads\\\/2025\\\/04\\\/qei-social-logo.jpg\",\"contentUrl\":\"https:\\\/\\\/www.qeiinc.com\\\/wp-content\\\/uploads\\\/2025\\\/04\\\/qei-social-logo.jpg\",\"width\":696,\"height\":696,\"caption\":\"QEI\"},\"image\":{\"@id\":\"https:\\\/\\\/www.qeiinc.com\\\/#\\\/schema\\\/logo\\\/image\\\/\"},\"sameAs\":[\"https:\\\/\\\/www.facebook.com\\\/qeiscada\\\/\",\"https:\\\/\\\/x.com\\\/QeiScada\",\"https:\\\/\\\/www.linkedin.com\\\/company\\\/qei-llc\\\/\"]}]}<\/script>\n<!-- \/ Yoast SEO plugin. -->","yoast_head_json":{"title":"STN-9180 RTU de alta densidad | QEI Automation Solutions","description":"Las instalaciones de RTU heredadas suelen tener un elevado n\u00famero de puntos de estado, anal\u00f3gicos y de control para admitir una gran variedad de puntos cableados, rel\u00e9s de control y bancos de transductores.","robots":{"index":"index","follow":"follow","max-snippet":"max-snippet:-1","max-image-preview":"max-image-preview:large","max-video-preview":"max-video-preview:-1"},"canonical":"https:\/\/www.qeiinc.com\/es\/producto\/stn-9180-rtu-de-alta-densidad\/","og_locale":"es_ES","og_type":"article","og_title":"STN-9180 High Density RTU | QEI Automation Solutions","og_description":"Legacy RTU installations often have high status, analog and control point counts to support a variety of hardwired points, control relays and transducer banks.","og_url":"https:\/\/www.qeiinc.com\/es\/producto\/stn-9180-rtu-de-alta-densidad\/","og_site_name":"QEI Automation Solutions","article_publisher":"https:\/\/www.facebook.com\/qeiscada\/","article_modified_time":"2025-10-13T13:54:44+00:00","og_image":[{"width":1000,"height":720,"url":"https:\/\/www.qeiinc.com\/wp-content\/uploads\/2024\/02\/qei-STN-9180v2.jpg","type":"image\/jpeg"}],"twitter_card":"summary_large_image","twitter_site":"@QeiScada","twitter_misc":{"Tiempo de lectura":"11 minutos"},"schema":{"@context":"https:\/\/schema.org","@graph":[{"@type":"WebPage","@id":"https:\/\/www.qeiinc.com\/product\/stn-9180-high-density-rtu\/","url":"https:\/\/www.qeiinc.com\/product\/stn-9180-high-density-rtu\/","name":"STN-9180 RTU de alta densidad | QEI Automation Solutions","isPartOf":{"@id":"https:\/\/www.qeiinc.com\/#website"},"primaryImageOfPage":{"@id":"https:\/\/www.qeiinc.com\/product\/stn-9180-high-density-rtu\/#primaryimage"},"image":{"@id":"https:\/\/www.qeiinc.com\/product\/stn-9180-high-density-rtu\/#primaryimage"},"thumbnailUrl":"https:\/\/www.qeiinc.com\/wp-content\/uploads\/2024\/02\/qei-STN-9180v2.jpg","datePublished":"2024-02-23T14:24:24+00:00","dateModified":"2025-10-13T13:54:44+00:00","description":"Las instalaciones de RTU heredadas suelen tener un elevado n\u00famero de puntos de estado, anal\u00f3gicos y de control para admitir una gran variedad de puntos cableados, rel\u00e9s de control y bancos de transductores.","breadcrumb":{"@id":"https:\/\/www.qeiinc.com\/product\/stn-9180-high-density-rtu\/#breadcrumb"},"inLanguage":"es-CO","potentialAction":[{"@type":"ReadAction","target":["https:\/\/www.qeiinc.com\/product\/stn-9180-high-density-rtu\/"]}]},{"@type":"ImageObject","inLanguage":"es-CO","@id":"https:\/\/www.qeiinc.com\/product\/stn-9180-high-density-rtu\/#primaryimage","url":"https:\/\/www.qeiinc.com\/wp-content\/uploads\/2024\/02\/qei-STN-9180v2.jpg","contentUrl":"https:\/\/www.qeiinc.com\/wp-content\/uploads\/2024\/02\/qei-STN-9180v2.jpg","width":1000,"height":720},{"@type":"BreadcrumbList","@id":"https:\/\/www.qeiinc.com\/product\/stn-9180-high-density-rtu\/#breadcrumb","itemListElement":[{"@type":"ListItem","position":1,"name":"Home","item":"https:\/\/www.qeiinc.com\/"},{"@type":"ListItem","position":2,"name":"Products","item":"https:\/\/www.qeiinc.com\/products\/"},{"@type":"ListItem","position":3,"name":"STN-9180 High Density RTU"}]},{"@type":"WebSite","@id":"https:\/\/www.qeiinc.com\/#website","url":"https:\/\/www.qeiinc.com\/","name":"QEI","description":"Soluciones de automatizaci\u00f3n","publisher":{"@id":"https:\/\/www.qeiinc.com\/#organization"},"potentialAction":[{"@type":"SearchAction","target":{"@type":"EntryPoint","urlTemplate":"https:\/\/www.qeiinc.com\/?s={search_term_string}"},"query-input":{"@type":"PropertyValueSpecification","valueRequired":true,"valueName":"search_term_string"}}],"inLanguage":"es-CO"},{"@type":"Organization","@id":"https:\/\/www.qeiinc.com\/#organization","name":"QEI","url":"https:\/\/www.qeiinc.com\/","logo":{"@type":"ImageObject","inLanguage":"es-CO","@id":"https:\/\/www.qeiinc.com\/#\/schema\/logo\/image\/","url":"https:\/\/www.qeiinc.com\/wp-content\/uploads\/2025\/04\/qei-social-logo.jpg","contentUrl":"https:\/\/www.qeiinc.com\/wp-content\/uploads\/2025\/04\/qei-social-logo.jpg","width":696,"height":696,"caption":"QEI"},"image":{"@id":"https:\/\/www.qeiinc.com\/#\/schema\/logo\/image\/"},"sameAs":["https:\/\/www.facebook.com\/qeiscada\/","https:\/\/x.com\/QeiScada","https:\/\/www.linkedin.com\/company\/qei-llc\/"]}]}},"publishpress_future_workflow_manual_trigger":{"enabledWorkflows":[]},"_links":{"self":[{"href":"https:\/\/www.qeiinc.com\/es\/wp-json\/wp\/v2\/product\/40573","targetHints":{"allow":["GET"]}}],"collection":[{"href":"https:\/\/www.qeiinc.com\/es\/wp-json\/wp\/v2\/product"}],"about":[{"href":"https:\/\/www.qeiinc.com\/es\/wp-json\/wp\/v2\/types\/product"}],"replies":[{"embeddable":true,"href":"https:\/\/www.qeiinc.com\/es\/wp-json\/wp\/v2\/comments?post=40573"}],"wp:featuredmedia":[{"embeddable":true,"href":"https:\/\/www.qeiinc.com\/es\/wp-json\/wp\/v2\/media\/42448"}],"wp:attachment":[{"href":"https:\/\/www.qeiinc.com\/es\/wp-json\/wp\/v2\/media?parent=40573"}],"wp:term":[{"taxonomy":"product_brand","embeddable":true,"href":"https:\/\/www.qeiinc.com\/es\/wp-json\/wp\/v2\/product_brand?post=40573"},{"taxonomy":"product_cat","embeddable":true,"href":"https:\/\/www.qeiinc.com\/es\/wp-json\/wp\/v2\/product_cat?post=40573"},{"taxonomy":"product_tag","embeddable":true,"href":"https:\/\/www.qeiinc.com\/es\/wp-json\/wp\/v2\/product_tag?post=40573"}],"curies":[{"name":"wp","href":"https:\/\/api.w.org\/{rel}","templated":true}]}}