{"id":40574,"date":"2024-02-23T08:24:45","date_gmt":"2024-02-23T14:24:45","guid":{"rendered":"https:\/\/www.qeiinc.com\/?post_type=product&#038;p=40574"},"modified":"2024-10-23T11:44:14","modified_gmt":"2024-10-23T15:44:14","slug":"stn-9050-9150-subestacion-rtu","status":"publish","type":"product","link":"https:\/\/www.qeiinc.com\/es\/product\/stn-9050-9150-substation-rtu\/","title":{"rendered":"STN-9050\/9150 Subestaci\u00f3n RTU"},"content":{"rendered":"<p><div class=\"fusion-fullwidth fullwidth-box fusion-builder-row-1 fusion-flex-container has-pattern-background has-mask-background nonhundred-percent-fullwidth non-hundred-percent-height-scrolling\" style=\"--awb-border-radius-top-left:0px;--awb-border-radius-top-right:0px;--awb-border-radius-bottom-right:0px;--awb-border-radius-bottom-left:0px;--awb-flex-wrap:wrap;\" ><div class=\"fusion-builder-row fusion-row fusion-flex-align-items-flex-start fusion-flex-content-wrap\" style=\"max-width:1310.4px;margin-left: calc(-4% \/ 2 );margin-right: calc(-4% \/ 2 );\"><div class=\"fusion-layout-column fusion_builder_column fusion-builder-column-0 fusion_builder_column_2_5 2_5 fusion-flex-column\" style=\"--awb-padding-right:30px;--awb-padding-left:30px;--awb-bg-size:cover;--awb-border-color:var(--awb-custom_color_1);--awb-border-left:1px;--awb-border-style:solid;--awb-width-large:40%;--awb-margin-top-large:20px;--awb-spacing-right-large:4.8%;--awb-margin-bottom-large:20px;--awb-spacing-left-large:4.8%;--awb-width-medium:40%;--awb-order-medium:0;--awb-spacing-right-medium:4.8%;--awb-spacing-left-medium:4.8%;--awb-width-small:100%;--awb-order-small:0;--awb-spacing-right-small:1.92%;--awb-spacing-left-small:1.92%;\" data-scroll-devices=\"small-visibility,medium-visibility,large-visibility\"><div class=\"fusion-column-wrapper fusion-column-has-shadow fusion-flex-justify-content-flex-start fusion-content-layout-column\"><div class=\"fusion-image-element\" style=\"text-align:left;--awb-max-width:350px;--awb-caption-title-font-family:var(--h2_typography-font-family);--awb-caption-title-font-weight:var(--h2_typography-font-weight);--awb-caption-title-font-style:var(--h2_typography-font-style);--awb-caption-title-size:var(--h2_typography-font-size);--awb-caption-title-transform:var(--h2_typography-text-transform);--awb-caption-title-line-height:var(--h2_typography-line-height);--awb-caption-title-letter-spacing:var(--h2_typography-letter-spacing);\"><span class=\"fusion-imageframe imageframe-none imageframe-1 hover-type-none\"><img decoding=\"async\" width=\"900\" height=\"144\" title=\"qei-configwiz\" src=\"https:\/\/www.qeiinc.com\/wp-content\/uploads\/2024\/03\/qei-configwiz.png\" data-orig-src=\"https:\/\/www.qeiinc.com\/wp-content\/uploads\/2024\/03\/qei-configwiz.png\" alt class=\"lazyload img-responsive wp-image-41032\" srcset=\"data:image\/svg+xml,%3Csvg%20xmlns%3D%27http%3A%2F%2Fwww.w3.org%2F2000%2Fsvg%27%20width%3D%27900%27%20height%3D%27144%27%20viewBox%3D%270%200%20900%20144%27%3E%3Crect%20width%3D%27900%27%20height%3D%27144%27%20fill-opacity%3D%220%22%2F%3E%3C%2Fsvg%3E\" data-srcset=\"https:\/\/www.qeiinc.com\/wp-content\/uploads\/2024\/03\/qei-configwiz-200x32.png 200w, https:\/\/www.qeiinc.com\/wp-content\/uploads\/2024\/03\/qei-configwiz-400x64.png 400w, https:\/\/www.qeiinc.com\/wp-content\/uploads\/2024\/03\/qei-configwiz-600x96.png 600w, https:\/\/www.qeiinc.com\/wp-content\/uploads\/2024\/03\/qei-configwiz-800x128.png 800w, https:\/\/www.qeiinc.com\/wp-content\/uploads\/2024\/03\/qei-configwiz.png 900w\" data-sizes=\"auto\" data-orig-sizes=\"(max-width: 640px) 100vw, 600px\" \/><\/span><\/div><div class=\"fusion-separator fusion-full-width-sep\" style=\"align-self: center;margin-left: auto;margin-right: auto;margin-top:15px;width:100%;\"><\/div><div class=\"fusion-text fusion-text-1\" style=\"--awb-font-size:20px;--awb-line-height:30px;--awb-text-color:var(--awb-custom_color_1);\"><p>ConfigWiz proporciona una interfaz de usuario Windows\u00ae de arrastrar y soltar que gu\u00eda al t\u00e9cnico a trav\u00e9s de los pasos necesarios para definir una RTU:<\/p>\n<ul>\n<li>configuraci\u00f3n de todos los puertos de comunicaci\u00f3n<\/li>\n<li>selecci\u00f3n de clientes de comunicaci\u00f3n IED<\/li>\n<li>selecci\u00f3n de servidores de comunicaci\u00f3n Master Station<\/li>\n<li>mapeo de los puntos de datos entre la base de datos del cliente IED de la RTU y la base de datos del servidor de la Master Station<\/li>\n<\/ul>\n<p>Una vez finalizado el proceso de configuraci\u00f3n, el archivo de configuraci\u00f3n de RTU resultante se archiva en PC para su almacenamiento a largo plazo y, a continuaci\u00f3n, se compila y descarga en el STN-9180 para su ejecuci\u00f3n.<\/p>\n<\/div><\/div><\/div><div class=\"fusion-layout-column fusion_builder_column fusion-builder-column-1 fusion_builder_column_3_5 3_5 fusion-flex-column\" style=\"--awb-bg-size:cover;--awb-width-large:60%;--awb-margin-top-large:20px;--awb-spacing-right-large:3.2%;--awb-margin-bottom-large:20px;--awb-spacing-left-large:3.2%;--awb-width-medium:60%;--awb-order-medium:0;--awb-spacing-right-medium:3.2%;--awb-spacing-left-medium:3.2%;--awb-width-small:100%;--awb-order-small:0;--awb-spacing-right-small:1.92%;--awb-spacing-left-small:1.92%;\"><div class=\"fusion-column-wrapper fusion-column-has-shadow fusion-flex-justify-content-flex-start fusion-content-layout-column\"><div class=\"fusion-text fusion-text-2\"><p class=\"p2\">Los STN-9150 y STN 9050 pueden supervisar no s\u00f3lo puntos de estado, anal\u00f3gicos y de control cableados, sino que pueden concentrar datos de los dispositivos electr\u00f3nicos inteligentes que tenga presentes en su red utilizando todos los protocolos IED habituales, como DNP3, Modbus, SEL Fast Meter\/ASCII y otros.<\/p>\n<p class=\"p2\">El STN-9150 est\u00e1 alojado en una gran caja independiente o montada en pared con acceso frontal y utiliza un conjunto modular de paneles de E\/S para entradas cableadas de estado, anal\u00f3gicas, de acumulador y de control. Estos paneles de E\/S cableados se conectan mediante cables planos encadenados. El STN-9050 se aloja en un armario m\u00e1s peque\u00f1o montado en pared o en poste y utiliza un \u00fanico panel de E\/S multifunci\u00f3n de recuento de puntos fijos para sus puntos cableados.<\/p>\n<p class=\"p2\">El m\u00f3dulo de microprocesador RTU base admite conexiones RS-232 y RS-485 para la comunicaci\u00f3n y el puerto serie tanto de la estaci\u00f3n maestra como del IED. Una tarjeta secundaria adicional proporciona conectividad TCP\/IP a trav\u00e9s de dos puertos Ethernet.<\/p>\n<p class=\"p2\">Los puntos de datos de los paneles de E\/S y los IED se asignan para las comunicaciones mediante nuestro software ConfigWiz\u00ae basado en Windows\u00ae. Cualquier valor recuperado de un IED o Panel de E\/S puede ser mapeado a uno o m\u00e1s puertos de comunicaciones independientemente del protocolo, medio de comunicaciones, velocidad en baudios o m\u00e9todo de sondeo. Las RTU STN-9150\/9050 son muy \u00fatiles para adaptar canales y protocolos de comunicaci\u00f3n heredados a la red actual de su empresa.<\/p>\n<\/div><\/div><\/div><\/div><\/div><div class=\"fusion-fullwidth fullwidth-box fusion-builder-row-2 fusion-flex-container nonhundred-percent-fullwidth non-hundred-percent-height-scrolling\" style=\"--awb-border-radius-top-left:0px;--awb-border-radius-top-right:0px;--awb-border-radius-bottom-right:0px;--awb-border-radius-bottom-left:0px;--awb-flex-wrap:wrap;\" ><div class=\"fusion-builder-row fusion-row fusion-flex-align-items-flex-start fusion-flex-content-wrap\" style=\"max-width:1310.4px;margin-left: calc(-4% \/ 2 );margin-right: calc(-4% \/ 2 );\"><div class=\"fusion-layout-column fusion_builder_column fusion-builder-column-2 fusion_builder_column_1_1 1_1 fusion-flex-column\" style=\"--awb-bg-color:var(--awb-color4);--awb-bg-color-hover:var(--awb-color4);--awb-bg-size:cover;--awb-width-large:100%;--awb-margin-top-large:20px;--awb-spacing-right-large:1.92%;--awb-margin-bottom-large:20px;--awb-spacing-left-large:1.92%;--awb-width-medium:100%;--awb-order-medium:0;--awb-spacing-right-medium:1.92%;--awb-spacing-left-medium:1.92%;--awb-width-small:100%;--awb-order-small:0;--awb-spacing-right-small:1.92%;--awb-spacing-left-small:1.92%;\" data-scroll-devices=\"small-visibility,medium-visibility,large-visibility\"><div class=\"fusion-column-wrapper fusion-column-has-shadow fusion-flex-justify-content-flex-start fusion-content-layout-column\"><div class=\"fusion-tabs fusion-tabs-1 clean nav-is-justified horizontal-tabs icon-position-left mobile-mode-accordion\" style=\"--awb-title-border-radius-top-left:0px;--awb-title-border-radius-top-right:0px;--awb-title-border-radius-bottom-right:0px;--awb-title-border-radius-bottom-left:0px;--awb-content-padding-top:0px;--awb-content-padding-right:60px;--awb-content-padding-bottom:0px;--awb-content-padding-left:40px;--awb-title-font-size:22px;--awb-title-text-transform:uppercase;--awb-title-line-height:29px;--awb-alignment:start;--awb-inactive-color:rgba(0,162,224,0.79);--awb-title-text-color:var(--awb-color1);--awb-background-color:var(--awb-custom_color_1);--awb-border-color:var(--awb-color3);--awb-active-border-color:var(--awb-color5);--awb-title-font-family:&quot;Geologica&quot;;--awb-title-font-style:normal;--awb-title-font-weight:200;\"><div class=\"nav\"><ul class=\"nav-tabs nav-justified\" role=\"tablist\"><li class=\"active\" role=\"presentation\"><a class=\"tab-link\" data-toggle=\"tab\" role=\"tab\" aria-controls=\"tab-c6c9c74f43b58f364bb\" aria-selected=\"true\" id=\"fusion-tab-features\" href=\"#tab-c6c9c74f43b58f364bb\"><h4 class=\"fusion-tab-heading\"><i class=\"fontawesome-icon fa-list fas\" aria-hidden=\"true\" style=\"font-size:16px;\"><\/i>Caracter\u00edsticas<\/h4><\/a><\/li><li role=\"presentation\"><a class=\"tab-link\" data-toggle=\"tab\" role=\"tab\" aria-controls=\"tab-7e186712e93b7eda89f\" aria-selected=\"false\" tabindex=\"-1\" id=\"fusion-tab-downloads\" href=\"#tab-7e186712e93b7eda89f\"><h4 class=\"fusion-tab-heading\"><i class=\"fontawesome-icon fa-file-pdf fas\" aria-hidden=\"true\" style=\"font-size:16px;\"><\/i>Descargas <\/h4><\/a><\/li><\/ul><\/div><div class=\"tab-content\"><div class=\"nav fusion-mobile-tab-nav\"><ul class=\"nav-tabs nav-justified\" role=\"tablist\"><li class=\"active\" role=\"presentation\"><a class=\"tab-link\" data-toggle=\"tab\" role=\"tab\" aria-controls=\"tab-c6c9c74f43b58f364bb\" aria-selected=\"true\" id=\"mobile-fusion-tab-features\" href=\"#tab-c6c9c74f43b58f364bb\"><h4 class=\"fusion-tab-heading\"><i class=\"fontawesome-icon fa-list fas\" aria-hidden=\"true\" style=\"font-size:16px;\"><\/i>Caracter\u00edsticas<\/h4><\/a><\/li><\/ul><\/div><div class=\"tab-pane fade fusion-clearfix in active\" role=\"tabpanel\" tabindex=\"0\" aria-labelledby=\"fusion-tab-features\" id=\"tab-c6c9c74f43b58f364bb\">\n<ul>\n<li class=\"p2\">Protocolos de servidor (a estaci\u00f3n maestra): DNP3, L&amp;G 8979 (Serie y sobre IP), Modbus (RTU y TCP), QUICS (Serie y sobre IP), Tejas\/Valmet Series III\/V, BETAC, CDC I &amp; II, Conitel, y otros.<span class=\"Apple-converted-space\">\u00a0<\/span><\/li>\n<li class=\"p2\">Protocolos cliente (a IED): DNP3 (serie y sobre IP), Modbus (RTU y TCP), SEL Fast Meter\/ASCII con detecci\u00f3n de dispositivos.<span class=\"Apple-converted-space\">\u00a0<\/span><\/li>\n<li class=\"p2\">Interfaz de navegador web local o remoto, y otros.<span class=\"Apple-converted-space\">\u00a0<\/span><\/li>\n<li class=\"p2\">Capacidad de control de comunicaciones y l\u00f3gica programable (PLCC) para algoritmos de control de bucle cerrado definidos por el usuario.<span class=\"Apple-converted-space\">\u00a0<\/span><\/li>\n<li class=\"p2\">L\u00edmites de E\/S cableadas para STN-9150: 256 de estado, 128 anal\u00f3gicas, 128 de control.<span class=\"Apple-converted-space\">\u00a0<\/span><\/li>\n<li class=\"p2\">L\u00edmites de E\/S cableados para STN-9050: 16 puntos de estado, 8 anal\u00f3gicos, 4 de control.<span class=\"Apple-converted-space\">\u00a0<\/span><\/li>\n<li class=\"p2\">La configuraci\u00f3n se realiza mediante el programa de gesti\u00f3n segura ConfigWiz\u00ae a trav\u00e9s del puerto de mantenimiento local o de una conexi\u00f3n IP local o remota. Dispone de un complemento completo de filtrado de datos, conmutaci\u00f3n de puertos, control de E\/S IED y otras funciones de gesti\u00f3n\/diagn\u00f3stico.<span class=\"Apple-converted-space\">\u00a0<\/span><\/li>\n<li class=\"p2\">Entrada de alimentaci\u00f3n: 120VAC, 24Vdc, 48Vdc o 125Vdc.<span class=\"Apple-converted-space\">\u00a0<\/span><\/li>\n<li class=\"p3\">Estado de secuencia de eventos (SOE) de 1 ms y entrada de reloj IRIG-B opcional.<span class=\"Apple-converted-space\">\u00a0<\/span><\/li>\n<\/ul>\n<\/div><div class=\"nav fusion-mobile-tab-nav\"><ul class=\"nav-tabs nav-justified\" role=\"tablist\"><li role=\"presentation\"><a class=\"tab-link\" data-toggle=\"tab\" role=\"tab\" aria-controls=\"tab-7e186712e93b7eda89f\" aria-selected=\"false\" tabindex=\"-1\" id=\"mobile-fusion-tab-downloads\" href=\"#tab-7e186712e93b7eda89f\"><h4 class=\"fusion-tab-heading\"><i class=\"fontawesome-icon fa-file-pdf fas\" aria-hidden=\"true\" style=\"font-size:16px;\"><\/i>Descargas <\/h4><\/a><\/li><\/ul><\/div><div class=\"tab-pane fade fusion-clearfix\" role=\"tabpanel\" tabindex=\"0\" aria-labelledby=\"fusion-tab-downloads\" id=\"tab-7e186712e93b7eda89f\">\n<h4><a href=\"https:\/\/www.qeiinc.com\/wp-content\/uploads\/2024\/03\/9-STN-9150_9050-Tech-BulletinRev3.pdf\" target=\"_blank\" rel=\"noopener\">STN-9050\/9150 Folleto de RTU de subestaci\u00f3n<\/a><\/h4>\n<\/div><\/div><\/div><\/div><\/div><\/div><\/div><\/p>","protected":false},"excerpt":{"rendered":"<p class=\"p1\">Las plataformas de RTU de QEI est\u00e1n dise\u00f1adas para actuar como nodos de comunicaci\u00f3n entre la estaci\u00f3n maestra SCADA, los paneles de E\/S de las RTU locales y el conjunto cada vez mayor de dispositivos electr\u00f3nicos inteligentes (IED) que se utilizan actualmente en las compa\u00f1\u00edas el\u00e9ctricas. Disponibles en cajas independientes, montadas en bastidor o montadas en pared o poste, estos modelos pueden configurarse para adaptarse a sus requisitos exactos.<span class=\"Apple-converted-space\">\u00a0<\/span><\/p>\n<p class=\"p2\">Los STN-9150 y STN-9050 est\u00e1n dise\u00f1ados para responder a consultas de una o varias estaciones maestras SCADA mediante uno o varios canales de comunicaciones serie o basados en TCP\/IP. DNP3, Modbus, L&amp;G 8979 y una amplia biblioteca de protocolos SCADA heredados est\u00e1n disponibles para su uso.<span class=\"Apple-converted-space\">\u00a0<\/span><\/p>","protected":false},"featured_media":41269,"comment_status":"open","ping_status":"closed","template":"","meta":{"_acf_changed":false},"product_brand":[],"product_cat":[391,385],"product_tag":[],"class_list":{"0":"post-40574","1":"product","2":"type-product","3":"status-publish","4":"has-post-thumbnail","6":"product_cat-remote-terminal-units","7":"product_cat-automation-products","9":"first","10":"instock","11":"shipping-taxable","12":"product-type-simple"},"acf":[],"yoast_head":"<!-- This site is optimized with the Yoast SEO plugin v27.5 - https:\/\/yoast.com\/product\/yoast-seo-wordpress\/ -->\n<title>STN-9050\/9150 Substation RTU | QEI Automation Solutions<\/title>\n<meta name=\"description\" content=\"QEI\u2019s RTU platforms are designed to act as communication nodes between the SCADA Master Station, the local RTU I\/O panels, and the ever growing suite of Intelligent Electronic Devices (IEDs) now used in electric utilities.\" \/>\n<meta name=\"robots\" content=\"index, follow, max-snippet:-1, max-image-preview:large, max-video-preview:-1\" \/>\n<link rel=\"canonical\" href=\"https:\/\/www.qeiinc.com\/es\/producto\/stn-9050-9150-subestacion-rtu\/\" \/>\n<meta property=\"og:locale\" content=\"es_ES\" \/>\n<meta property=\"og:type\" content=\"article\" \/>\n<meta property=\"og:title\" content=\"STN-9050\/9150 Substation RTU | QEI Automation Solutions\" \/>\n<meta property=\"og:description\" content=\"QEI\u2019s RTU platforms are designed to act as communication nodes between the SCADA Master Station, the local RTU I\/O panels, and the ever growing suite of Intelligent Electronic Devices (IEDs) now used in electric utilities.\" \/>\n<meta property=\"og:url\" content=\"https:\/\/www.qeiinc.com\/es\/producto\/stn-9050-9150-subestacion-rtu\/\" \/>\n<meta property=\"og:site_name\" content=\"QEI Automation Solutions\" \/>\n<meta property=\"article:publisher\" content=\"https:\/\/www.facebook.com\/qeiscada\/\" \/>\n<meta property=\"article:modified_time\" content=\"2024-10-23T15:44:14+00:00\" \/>\n<meta property=\"og:image\" content=\"https:\/\/www.qeiinc.com\/wp-content\/uploads\/2024\/02\/qei-stn-9150.jpg\" \/>\n\t<meta property=\"og:image:width\" content=\"1000\" \/>\n\t<meta property=\"og:image:height\" content=\"720\" \/>\n\t<meta property=\"og:image:type\" content=\"image\/jpeg\" \/>\n<meta name=\"twitter:card\" content=\"summary_large_image\" \/>\n<meta name=\"twitter:site\" content=\"@QeiScada\" \/>\n<meta name=\"twitter:label1\" content=\"Tiempo de lectura\" \/>\n\t<meta name=\"twitter:data1\" content=\"17 minutos\" \/>\n<script type=\"application\/ld+json\" class=\"yoast-schema-graph\">{\"@context\":\"https:\\\/\\\/schema.org\",\"@graph\":[{\"@type\":\"WebPage\",\"@id\":\"https:\\\/\\\/www.qeiinc.com\\\/product\\\/stn-9050-9150-substation-rtu\\\/\",\"url\":\"https:\\\/\\\/www.qeiinc.com\\\/product\\\/stn-9050-9150-substation-rtu\\\/\",\"name\":\"STN-9050\\\/9150 Substation RTU | QEI Automation Solutions\",\"isPartOf\":{\"@id\":\"https:\\\/\\\/www.qeiinc.com\\\/#website\"},\"primaryImageOfPage\":{\"@id\":\"https:\\\/\\\/www.qeiinc.com\\\/product\\\/stn-9050-9150-substation-rtu\\\/#primaryimage\"},\"image\":{\"@id\":\"https:\\\/\\\/www.qeiinc.com\\\/product\\\/stn-9050-9150-substation-rtu\\\/#primaryimage\"},\"thumbnailUrl\":\"https:\\\/\\\/www.qeiinc.com\\\/wp-content\\\/uploads\\\/2024\\\/02\\\/qei-stn-9150.jpg\",\"datePublished\":\"2024-02-23T14:24:45+00:00\",\"dateModified\":\"2024-10-23T15:44:14+00:00\",\"description\":\"QEI\u2019s RTU platforms are designed to act as communication nodes between the SCADA Master Station, the local RTU I\\\/O panels, and the ever growing suite of Intelligent Electronic Devices (IEDs) now used in electric utilities.\",\"breadcrumb\":{\"@id\":\"https:\\\/\\\/www.qeiinc.com\\\/product\\\/stn-9050-9150-substation-rtu\\\/#breadcrumb\"},\"inLanguage\":\"es-CO\",\"potentialAction\":[{\"@type\":\"ReadAction\",\"target\":[\"https:\\\/\\\/www.qeiinc.com\\\/product\\\/stn-9050-9150-substation-rtu\\\/\"]}]},{\"@type\":\"ImageObject\",\"inLanguage\":\"es-CO\",\"@id\":\"https:\\\/\\\/www.qeiinc.com\\\/product\\\/stn-9050-9150-substation-rtu\\\/#primaryimage\",\"url\":\"https:\\\/\\\/www.qeiinc.com\\\/wp-content\\\/uploads\\\/2024\\\/02\\\/qei-stn-9150.jpg\",\"contentUrl\":\"https:\\\/\\\/www.qeiinc.com\\\/wp-content\\\/uploads\\\/2024\\\/02\\\/qei-stn-9150.jpg\",\"width\":1000,\"height\":720},{\"@type\":\"BreadcrumbList\",\"@id\":\"https:\\\/\\\/www.qeiinc.com\\\/product\\\/stn-9050-9150-substation-rtu\\\/#breadcrumb\",\"itemListElement\":[{\"@type\":\"ListItem\",\"position\":1,\"name\":\"Home\",\"item\":\"https:\\\/\\\/www.qeiinc.com\\\/\"},{\"@type\":\"ListItem\",\"position\":2,\"name\":\"Products\",\"item\":\"https:\\\/\\\/www.qeiinc.com\\\/products\\\/\"},{\"@type\":\"ListItem\",\"position\":3,\"name\":\"STN-9050\\\/9150 Substation RTU\"}]},{\"@type\":\"WebSite\",\"@id\":\"https:\\\/\\\/www.qeiinc.com\\\/#website\",\"url\":\"https:\\\/\\\/www.qeiinc.com\\\/\",\"name\":\"QEI\",\"description\":\"Automation Solutions\",\"publisher\":{\"@id\":\"https:\\\/\\\/www.qeiinc.com\\\/#organization\"},\"potentialAction\":[{\"@type\":\"SearchAction\",\"target\":{\"@type\":\"EntryPoint\",\"urlTemplate\":\"https:\\\/\\\/www.qeiinc.com\\\/?s={search_term_string}\"},\"query-input\":{\"@type\":\"PropertyValueSpecification\",\"valueRequired\":true,\"valueName\":\"search_term_string\"}}],\"inLanguage\":\"es-CO\"},{\"@type\":\"Organization\",\"@id\":\"https:\\\/\\\/www.qeiinc.com\\\/#organization\",\"name\":\"QEI\",\"url\":\"https:\\\/\\\/www.qeiinc.com\\\/\",\"logo\":{\"@type\":\"ImageObject\",\"inLanguage\":\"es-CO\",\"@id\":\"https:\\\/\\\/www.qeiinc.com\\\/#\\\/schema\\\/logo\\\/image\\\/\",\"url\":\"https:\\\/\\\/www.qeiinc.com\\\/wp-content\\\/uploads\\\/2025\\\/04\\\/qei-social-logo.jpg\",\"contentUrl\":\"https:\\\/\\\/www.qeiinc.com\\\/wp-content\\\/uploads\\\/2025\\\/04\\\/qei-social-logo.jpg\",\"width\":696,\"height\":696,\"caption\":\"QEI\"},\"image\":{\"@id\":\"https:\\\/\\\/www.qeiinc.com\\\/#\\\/schema\\\/logo\\\/image\\\/\"},\"sameAs\":[\"https:\\\/\\\/www.facebook.com\\\/qeiscada\\\/\",\"https:\\\/\\\/x.com\\\/QeiScada\",\"https:\\\/\\\/www.linkedin.com\\\/company\\\/qei-llc\\\/\"]}]}<\/script>\n<!-- \/ Yoast SEO plugin. -->","yoast_head_json":{"title":"STN-9050\/9150 RTU de subestaci\u00f3n | QEI Automation Solutions","description":"Las plataformas de RTU de QEI est\u00e1n dise\u00f1adas para actuar como nodos de comunicaci\u00f3n entre la estaci\u00f3n maestra SCADA, los paneles de E\/S de las RTU locales y el conjunto cada vez mayor de dispositivos electr\u00f3nicos inteligentes (IED) que se utilizan actualmente en las compa\u00f1\u00edas el\u00e9ctricas.","robots":{"index":"index","follow":"follow","max-snippet":"max-snippet:-1","max-image-preview":"max-image-preview:large","max-video-preview":"max-video-preview:-1"},"canonical":"https:\/\/www.qeiinc.com\/es\/producto\/stn-9050-9150-subestacion-rtu\/","og_locale":"es_ES","og_type":"article","og_title":"STN-9050\/9150 Substation RTU | QEI Automation Solutions","og_description":"QEI\u2019s RTU platforms are designed to act as communication nodes between the SCADA Master Station, the local RTU I\/O panels, and the ever growing suite of Intelligent Electronic Devices (IEDs) now used in electric utilities.","og_url":"https:\/\/www.qeiinc.com\/es\/producto\/stn-9050-9150-subestacion-rtu\/","og_site_name":"QEI Automation Solutions","article_publisher":"https:\/\/www.facebook.com\/qeiscada\/","article_modified_time":"2024-10-23T15:44:14+00:00","og_image":[{"width":1000,"height":720,"url":"https:\/\/www.qeiinc.com\/wp-content\/uploads\/2024\/02\/qei-stn-9150.jpg","type":"image\/jpeg"}],"twitter_card":"summary_large_image","twitter_site":"@QeiScada","twitter_misc":{"Tiempo de lectura":"17 minutos"},"schema":{"@context":"https:\/\/schema.org","@graph":[{"@type":"WebPage","@id":"https:\/\/www.qeiinc.com\/product\/stn-9050-9150-substation-rtu\/","url":"https:\/\/www.qeiinc.com\/product\/stn-9050-9150-substation-rtu\/","name":"STN-9050\/9150 RTU de subestaci\u00f3n | QEI Automation Solutions","isPartOf":{"@id":"https:\/\/www.qeiinc.com\/#website"},"primaryImageOfPage":{"@id":"https:\/\/www.qeiinc.com\/product\/stn-9050-9150-substation-rtu\/#primaryimage"},"image":{"@id":"https:\/\/www.qeiinc.com\/product\/stn-9050-9150-substation-rtu\/#primaryimage"},"thumbnailUrl":"https:\/\/www.qeiinc.com\/wp-content\/uploads\/2024\/02\/qei-stn-9150.jpg","datePublished":"2024-02-23T14:24:45+00:00","dateModified":"2024-10-23T15:44:14+00:00","description":"Las plataformas de RTU de QEI est\u00e1n dise\u00f1adas para actuar como nodos de comunicaci\u00f3n entre la estaci\u00f3n maestra SCADA, los paneles de E\/S de las RTU locales y el conjunto cada vez mayor de dispositivos electr\u00f3nicos inteligentes (IED) que se utilizan actualmente en las compa\u00f1\u00edas el\u00e9ctricas.","breadcrumb":{"@id":"https:\/\/www.qeiinc.com\/product\/stn-9050-9150-substation-rtu\/#breadcrumb"},"inLanguage":"es-CO","potentialAction":[{"@type":"ReadAction","target":["https:\/\/www.qeiinc.com\/product\/stn-9050-9150-substation-rtu\/"]}]},{"@type":"ImageObject","inLanguage":"es-CO","@id":"https:\/\/www.qeiinc.com\/product\/stn-9050-9150-substation-rtu\/#primaryimage","url":"https:\/\/www.qeiinc.com\/wp-content\/uploads\/2024\/02\/qei-stn-9150.jpg","contentUrl":"https:\/\/www.qeiinc.com\/wp-content\/uploads\/2024\/02\/qei-stn-9150.jpg","width":1000,"height":720},{"@type":"BreadcrumbList","@id":"https:\/\/www.qeiinc.com\/product\/stn-9050-9150-substation-rtu\/#breadcrumb","itemListElement":[{"@type":"ListItem","position":1,"name":"Home","item":"https:\/\/www.qeiinc.com\/"},{"@type":"ListItem","position":2,"name":"Products","item":"https:\/\/www.qeiinc.com\/products\/"},{"@type":"ListItem","position":3,"name":"STN-9050\/9150 Substation RTU"}]},{"@type":"WebSite","@id":"https:\/\/www.qeiinc.com\/#website","url":"https:\/\/www.qeiinc.com\/","name":"QEI","description":"Soluciones de automatizaci\u00f3n","publisher":{"@id":"https:\/\/www.qeiinc.com\/#organization"},"potentialAction":[{"@type":"SearchAction","target":{"@type":"EntryPoint","urlTemplate":"https:\/\/www.qeiinc.com\/?s={search_term_string}"},"query-input":{"@type":"PropertyValueSpecification","valueRequired":true,"valueName":"search_term_string"}}],"inLanguage":"es-CO"},{"@type":"Organization","@id":"https:\/\/www.qeiinc.com\/#organization","name":"QEI","url":"https:\/\/www.qeiinc.com\/","logo":{"@type":"ImageObject","inLanguage":"es-CO","@id":"https:\/\/www.qeiinc.com\/#\/schema\/logo\/image\/","url":"https:\/\/www.qeiinc.com\/wp-content\/uploads\/2025\/04\/qei-social-logo.jpg","contentUrl":"https:\/\/www.qeiinc.com\/wp-content\/uploads\/2025\/04\/qei-social-logo.jpg","width":696,"height":696,"caption":"QEI"},"image":{"@id":"https:\/\/www.qeiinc.com\/#\/schema\/logo\/image\/"},"sameAs":["https:\/\/www.facebook.com\/qeiscada\/","https:\/\/x.com\/QeiScada","https:\/\/www.linkedin.com\/company\/qei-llc\/"]}]}},"publishpress_future_workflow_manual_trigger":{"enabledWorkflows":[]},"_links":{"self":[{"href":"https:\/\/www.qeiinc.com\/es\/wp-json\/wp\/v2\/product\/40574","targetHints":{"allow":["GET"]}}],"collection":[{"href":"https:\/\/www.qeiinc.com\/es\/wp-json\/wp\/v2\/product"}],"about":[{"href":"https:\/\/www.qeiinc.com\/es\/wp-json\/wp\/v2\/types\/product"}],"replies":[{"embeddable":true,"href":"https:\/\/www.qeiinc.com\/es\/wp-json\/wp\/v2\/comments?post=40574"}],"wp:featuredmedia":[{"embeddable":true,"href":"https:\/\/www.qeiinc.com\/es\/wp-json\/wp\/v2\/media\/41269"}],"wp:attachment":[{"href":"https:\/\/www.qeiinc.com\/es\/wp-json\/wp\/v2\/media?parent=40574"}],"wp:term":[{"taxonomy":"product_brand","embeddable":true,"href":"https:\/\/www.qeiinc.com\/es\/wp-json\/wp\/v2\/product_brand?post=40574"},{"taxonomy":"product_cat","embeddable":true,"href":"https:\/\/www.qeiinc.com\/es\/wp-json\/wp\/v2\/product_cat?post=40574"},{"taxonomy":"product_tag","embeddable":true,"href":"https:\/\/www.qeiinc.com\/es\/wp-json\/wp\/v2\/product_tag?post=40574"}],"curies":[{"name":"wp","href":"https:\/\/api.w.org\/{rel}","templated":true}]}}