{"id":40576,"date":"2024-02-23T08:25:09","date_gmt":"2024-02-23T14:25:09","guid":{"rendered":"https:\/\/www.qeiinc.com\/?post_type=product&#038;p=40576"},"modified":"2024-10-23T11:43:24","modified_gmt":"2024-10-23T15:43:24","slug":"rcam-ii-control-de-interruptores-subterraneos","status":"publish","type":"product","link":"https:\/\/www.qeiinc.com\/es\/product\/rcam-ii-underground-switch-control\/","title":{"rendered":"Control de interruptor subterr\u00e1neo RCAM II"},"content":{"rendered":"<div class=\"fusion-fullwidth fullwidth-box fusion-builder-row-1 fusion-flex-container nonhundred-percent-fullwidth non-hundred-percent-height-scrolling\" style=\"--awb-border-radius-top-left:0px;--awb-border-radius-top-right:0px;--awb-border-radius-bottom-right:0px;--awb-border-radius-bottom-left:0px;--awb-flex-wrap:wrap;\" ><div class=\"fusion-builder-row fusion-row fusion-flex-align-items-flex-start fusion-flex-content-wrap\" style=\"max-width:1310.4px;margin-left: calc(-4% \/ 2 );margin-right: calc(-4% \/ 2 );\"><div class=\"fusion-layout-column fusion_builder_column fusion-builder-column-0 fusion_builder_column_1_1 1_1 fusion-flex-column\" style=\"--awb-bg-color:var(--awb-color4);--awb-bg-color-hover:var(--awb-color4);--awb-bg-size:cover;--awb-width-large:100%;--awb-margin-top-large:20px;--awb-spacing-right-large:1.92%;--awb-margin-bottom-large:20px;--awb-spacing-left-large:1.92%;--awb-width-medium:100%;--awb-order-medium:0;--awb-spacing-right-medium:1.92%;--awb-spacing-left-medium:1.92%;--awb-width-small:100%;--awb-order-small:0;--awb-spacing-right-small:1.92%;--awb-spacing-left-small:1.92%;\" data-scroll-devices=\"small-visibility,medium-visibility,large-visibility\"><div class=\"fusion-column-wrapper fusion-column-has-shadow fusion-flex-justify-content-flex-start fusion-content-layout-column\"><div class=\"fusion-tabs fusion-tabs-1 clean nav-is-justified horizontal-tabs icon-position-left mobile-mode-accordion\" style=\"--awb-title-border-radius-top-left:0px;--awb-title-border-radius-top-right:0px;--awb-title-border-radius-bottom-right:0px;--awb-title-border-radius-bottom-left:0px;--awb-content-padding-top:0px;--awb-content-padding-right:60px;--awb-content-padding-bottom:0px;--awb-content-padding-left:40px;--awb-title-font-size:22px;--awb-title-text-transform:uppercase;--awb-title-line-height:29px;--awb-alignment:start;--awb-inactive-color:rgba(0,162,224,0.79);--awb-title-text-color:var(--awb-color1);--awb-background-color:var(--awb-custom_color_1);--awb-border-color:var(--awb-color3);--awb-active-border-color:var(--awb-color5);--awb-title-font-family:&quot;Geologica&quot;;--awb-title-font-style:normal;--awb-title-font-weight:200;\"><div class=\"nav\"><ul class=\"nav-tabs nav-justified\" role=\"tablist\"><li class=\"active\" role=\"presentation\"><a class=\"tab-link\" data-toggle=\"tab\" role=\"tab\" aria-controls=\"tab-b7082b1b7062ecbbfea\" aria-selected=\"true\" id=\"fusion-tab-features\" href=\"#tab-b7082b1b7062ecbbfea\"><h4 class=\"fusion-tab-heading\"><i class=\"fontawesome-icon fa-list fas\" aria-hidden=\"true\" style=\"font-size:16px;\"><\/i>Caracter\u00edsticas<\/h4><\/a><\/li><li role=\"presentation\"><a class=\"tab-link\" data-toggle=\"tab\" role=\"tab\" aria-controls=\"tab-a12ee9d73015355bed8\" aria-selected=\"false\" tabindex=\"-1\" id=\"fusion-tab-benefits\" href=\"#tab-a12ee9d73015355bed8\"><h4 class=\"fusion-tab-heading\"><i class=\"fontawesome-icon fa-certificate fas\" aria-hidden=\"true\" style=\"font-size:16px;\"><\/i>Beneficios<\/h4><\/a><\/li><li role=\"presentation\"><a class=\"tab-link\" data-toggle=\"tab\" role=\"tab\" aria-controls=\"tab-38730c276e3c3fd5a6c\" aria-selected=\"false\" tabindex=\"-1\" id=\"fusion-tab-specifications\" href=\"#tab-38730c276e3c3fd5a6c\"><h4 class=\"fusion-tab-heading\"><i class=\"fontawesome-icon fa-cogs fas\" aria-hidden=\"true\" style=\"font-size:16px;\"><\/i>Especificaciones<\/h4><\/a><\/li><li role=\"presentation\"><a class=\"tab-link\" data-toggle=\"tab\" role=\"tab\" aria-controls=\"tab-f3ddd2feadde2de8b4c\" aria-selected=\"false\" tabindex=\"-1\" id=\"fusion-tab-downloads\" href=\"#tab-f3ddd2feadde2de8b4c\"><h4 class=\"fusion-tab-heading\"><i class=\"fontawesome-icon fa-file-pdf fas\" aria-hidden=\"true\" style=\"font-size:16px;\"><\/i>Descargas <\/h4><\/a><\/li><\/ul><\/div><div class=\"tab-content\"><div class=\"nav fusion-mobile-tab-nav\"><ul class=\"nav-tabs nav-justified\" role=\"tablist\"><li class=\"active\" role=\"presentation\"><a class=\"tab-link\" data-toggle=\"tab\" role=\"tab\" aria-controls=\"tab-b7082b1b7062ecbbfea\" aria-selected=\"true\" id=\"mobile-fusion-tab-features\" href=\"#tab-b7082b1b7062ecbbfea\"><h4 class=\"fusion-tab-heading\"><i class=\"fontawesome-icon fa-list fas\" aria-hidden=\"true\" style=\"font-size:16px;\"><\/i>Caracter\u00edsticas<\/h4><\/a><\/li><\/ul><\/div><div class=\"tab-pane fade fusion-clearfix in active\" role=\"tabpanel\" tabindex=\"0\" aria-labelledby=\"fusion-tab-features\" id=\"tab-b7082b1b7062ecbbfea\">\n<ul>\n<li class=\"p2\">Control local accesible<span class=\"Apple-converted-space\">\u00a0<\/span><\/li>\n<li class=\"p2\">Compatible con el protocolo DNP3<span class=\"Apple-converted-space\">\u00a0<\/span><\/li>\n<li class=\"p2\">Alimentaci\u00f3n a 120 VCA con bater\u00eda de reserva<span class=\"Apple-converted-space\">\u00a0<\/span><\/li>\n<li class=\"p2\">Compatible con el sistema SCADA y la red de comunicaciones existentes<span class=\"Apple-converted-space\">\u00a0<\/span><\/li>\n<li class=\"p2\">LED de indicaci\u00f3n positiva con modo de prueba<span class=\"Apple-converted-space\">\u00a0<\/span><\/li>\n<li class=\"p2\">Acceso frontal fusible<span class=\"Apple-converted-space\">\u00a0<\/span><\/li>\n<li class=\"p2\">Resistentes carcasas NEMA 4X<span class=\"Apple-converted-space\">\u00a0<\/span><\/li>\n<li class=\"p2\">Indicaci\u00f3n de fallo de control<span class=\"Apple-converted-space\">\u00a0<\/span><\/li>\n<\/ul>\n<\/div><div class=\"nav fusion-mobile-tab-nav\"><ul class=\"nav-tabs nav-justified\" role=\"tablist\"><li role=\"presentation\"><a class=\"tab-link\" data-toggle=\"tab\" role=\"tab\" aria-controls=\"tab-a12ee9d73015355bed8\" aria-selected=\"false\" tabindex=\"-1\" id=\"mobile-fusion-tab-benefits\" href=\"#tab-a12ee9d73015355bed8\"><h4 class=\"fusion-tab-heading\"><i class=\"fontawesome-icon fa-certificate fas\" aria-hidden=\"true\" style=\"font-size:16px;\"><\/i>Beneficios<\/h4><\/a><\/li><\/ul><\/div><div class=\"tab-pane fade fusion-clearfix\" role=\"tabpanel\" tabindex=\"0\" aria-labelledby=\"fusion-tab-benefits\" id=\"tab-a12ee9d73015355bed8\">\n<ul>\n<li class=\"p2\">Los kits de retroadaptaci\u00f3n conservan la inversi\u00f3n existente<span class=\"Apple-converted-space\">\u00a0<\/span><\/li>\n<li class=\"p2\">Mayor seguridad para el personal<span class=\"Apple-converted-space\">\u00a0<\/span><\/li>\n<li class=\"p2\">Mayor eficacia y ahorro de horas de mano de obra<span class=\"Apple-converted-space\">\u00a0<\/span><\/li>\n<li class=\"p2\">Seccionamiento y restauraci\u00f3n autom\u00e1ticos en bucle (puede ser necesario hardware adicional)<span class=\"Apple-converted-space\">\u00a0<\/span><\/li>\n<li class=\"p2\">Mantener y mejorar la redundancia de la red<span class=\"Apple-converted-space\">\u00a0<\/span><\/li>\n<li class=\"p2\">Supervisi\u00f3n SCADA y registro de datos<span class=\"Apple-converted-space\">\u00a0<\/span><\/li>\n<li class=\"p2\">Sencillo software de configuraci\u00f3n para Windows<span class=\"Apple-converted-space\">\u00a0<\/span><\/li>\n<\/ul>\n<\/div><div class=\"nav fusion-mobile-tab-nav\"><ul class=\"nav-tabs nav-justified\" role=\"tablist\"><li role=\"presentation\"><a class=\"tab-link\" data-toggle=\"tab\" role=\"tab\" aria-controls=\"tab-38730c276e3c3fd5a6c\" aria-selected=\"false\" tabindex=\"-1\" id=\"mobile-fusion-tab-specifications\" href=\"#tab-38730c276e3c3fd5a6c\"><h4 class=\"fusion-tab-heading\"><i class=\"fontawesome-icon fa-cogs fas\" aria-hidden=\"true\" style=\"font-size:16px;\"><\/i>Especificaciones<\/h4><\/a><\/li><\/ul><\/div><div class=\"tab-pane fade fusion-clearfix\" role=\"tabpanel\" tabindex=\"0\" aria-labelledby=\"fusion-tab-specifications\" id=\"tab-38730c276e3c3fd5a6c\">\n<p><a href=\"https:\/\/www.qeiinc.com\/wp-content\/uploads\/2024\/02\/rcamspecs.jpg\"><img decoding=\"async\" class=\"lazyload alignright size-full wp-image-41268\" src=\"https:\/\/www.qeiinc.com\/wp-content\/uploads\/2024\/02\/rcamspecs.jpg\" data-orig-src=\"https:\/\/www.qeiinc.com\/wp-content\/uploads\/2024\/02\/rcamspecs.jpg\" alt=\"\" width=\"1654\" height=\"968\" srcset=\"data:image\/svg+xml,%3Csvg%20xmlns%3D%27http%3A%2F%2Fwww.w3.org%2F2000%2Fsvg%27%20width%3D%271654%27%20height%3D%27968%27%20viewBox%3D%270%200%201654%20968%27%3E%3Crect%20width%3D%271654%27%20height%3D%27968%27%20fill-opacity%3D%220%22%2F%3E%3C%2Fsvg%3E\" data-srcset=\"https:\/\/www.qeiinc.com\/wp-content\/uploads\/2024\/02\/rcamspecs-200x117.jpg 200w, https:\/\/www.qeiinc.com\/wp-content\/uploads\/2024\/02\/rcamspecs-300x176.jpg 300w, https:\/\/www.qeiinc.com\/wp-content\/uploads\/2024\/02\/rcamspecs-400x234.jpg 400w, https:\/\/www.qeiinc.com\/wp-content\/uploads\/2024\/02\/rcamspecs-500x293.jpg 500w, https:\/\/www.qeiinc.com\/wp-content\/uploads\/2024\/02\/rcamspecs-600x351.jpg 600w, https:\/\/www.qeiinc.com\/wp-content\/uploads\/2024\/02\/rcamspecs-700x410.jpg 700w, https:\/\/www.qeiinc.com\/wp-content\/uploads\/2024\/02\/rcamspecs-768x449.jpg 768w, https:\/\/www.qeiinc.com\/wp-content\/uploads\/2024\/02\/rcamspecs-800x468.jpg 800w, https:\/\/www.qeiinc.com\/wp-content\/uploads\/2024\/02\/rcamspecs-1024x599.jpg 1024w, https:\/\/www.qeiinc.com\/wp-content\/uploads\/2024\/02\/rcamspecs-1200x702.jpg 1200w, https:\/\/www.qeiinc.com\/wp-content\/uploads\/2024\/02\/rcamspecs-1536x899.jpg 1536w, https:\/\/www.qeiinc.com\/wp-content\/uploads\/2024\/02\/rcamspecs.jpg 1654w\" data-sizes=\"auto\" data-orig-sizes=\"(max-width: 1654px) 100vw, 1654px\" \/><\/a><\/p>\n<\/div><div class=\"nav fusion-mobile-tab-nav\"><ul class=\"nav-tabs nav-justified\" role=\"tablist\"><li role=\"presentation\"><a class=\"tab-link\" data-toggle=\"tab\" role=\"tab\" aria-controls=\"tab-f3ddd2feadde2de8b4c\" aria-selected=\"false\" tabindex=\"-1\" id=\"mobile-fusion-tab-downloads\" href=\"#tab-f3ddd2feadde2de8b4c\"><h4 class=\"fusion-tab-heading\"><i class=\"fontawesome-icon fa-file-pdf fas\" aria-hidden=\"true\" style=\"font-size:16px;\"><\/i>Descargas <\/h4><\/a><\/li><\/ul><\/div><div class=\"tab-pane fade fusion-clearfix\" role=\"tabpanel\" tabindex=\"0\" aria-labelledby=\"fusion-tab-downloads\" id=\"tab-f3ddd2feadde2de8b4c\">\n<h4><a href=\"https:\/\/www.qeiinc.com\/wp-content\/uploads\/2024\/03\/8-RCAM-E-Tech-Bulletin.Rev7_.pdf\" target=\"_blank\" rel=\"noopener\">Folleto de control de interruptores subterr\u00e1neos RCAM II<\/a><\/h4>\n<\/div><\/div><\/div><\/div><\/div><\/div><\/div>","protected":false},"excerpt":{"rendered":"<p class=\"p1\">La automatizaci\u00f3n de la aparamenta motorizada existente puede suponer una ardua tarea con grandes cantidades de personalizaci\u00f3n e integraci\u00f3n. El RCAM proporciona una potente funcionalidad de automatizaci\u00f3n, control y comunicaciones en un \u00fanico paquete.<\/p>\n<p class=\"p2\">Disponible en versiones personalizadas para <b>G&amp;W y Elastimold <\/b>el RCAM le permitir\u00e1 implementar un control autom\u00e1tico o manual para el restablecimiento o la seccionalizaci\u00f3n, o permitir que ese interruptor funcione como parte de un plan de acci\u00f3n de control m\u00e1s amplio basado en SCADA.<\/p>\n<p class=\"p2\">Compuesto por un armario RTU, un armario de bater\u00edas ventilado y una unidad de control universal, el RCAM funcionar\u00e1 con equipos de comunicaci\u00f3n ampliamente disponibles (MDS TransNEXT o AirLink Raven) y contiene espacio y alimentaci\u00f3n adecuados para la instalaci\u00f3n de los transceptores de datos. Los conectores compatibles con clavijas se conectan directamente a los circuitos de control de la aparamenta y los cables personalizados pueden montar la unidad de control y las bater\u00edas donde sea m\u00e1s apropiado para sus instalaciones espec\u00edficas.<\/p>","protected":false},"featured_media":42405,"comment_status":"open","ping_status":"closed","template":"","meta":{"_acf_changed":false},"product_brand":[],"product_cat":[391,385],"product_tag":[],"class_list":{"0":"post-40576","1":"product","2":"type-product","3":"status-publish","4":"has-post-thumbnail","6":"product_cat-remote-terminal-units","7":"product_cat-automation-products","9":"first","10":"instock","11":"shipping-taxable","12":"product-type-simple"},"acf":[],"yoast_head":"<!-- This site is optimized with the Yoast SEO plugin v27.5 - https:\/\/yoast.com\/product\/yoast-seo-wordpress\/ -->\n<title>RCAM II Underground Switch Control | QEI Automation Solutions<\/title>\n<meta name=\"description\" content=\"Automation of existing motorized switchgear can present a daunting task with large amounts of customized work and initially unique installations. The RCAM provides powerful automation, control and communications functionality in a single package.\" \/>\n<meta name=\"robots\" content=\"index, follow, max-snippet:-1, max-image-preview:large, max-video-preview:-1\" \/>\n<link rel=\"canonical\" href=\"https:\/\/www.qeiinc.com\/es\/producto\/rcam-ii-control-de-interruptores-subterraneos\/\" \/>\n<meta property=\"og:locale\" content=\"es_ES\" \/>\n<meta property=\"og:type\" content=\"article\" \/>\n<meta property=\"og:title\" content=\"RCAM II Underground Switch Control | QEI Automation Solutions\" \/>\n<meta property=\"og:description\" content=\"Automation of existing motorized switchgear can present a daunting task with large amounts of customized work and initially unique installations. The RCAM provides powerful automation, control and communications functionality in a single package.\" \/>\n<meta property=\"og:url\" content=\"https:\/\/www.qeiinc.com\/es\/producto\/rcam-ii-control-de-interruptores-subterraneos\/\" \/>\n<meta property=\"og:site_name\" content=\"QEI Automation Solutions\" \/>\n<meta property=\"article:publisher\" content=\"https:\/\/www.facebook.com\/qeiscada\/\" \/>\n<meta property=\"article:modified_time\" content=\"2024-10-23T15:43:24+00:00\" \/>\n<meta property=\"og:image\" content=\"https:\/\/www.qeiinc.com\/wp-content\/uploads\/2024\/02\/qei-rcam-1.jpg\" \/>\n\t<meta property=\"og:image:width\" content=\"1000\" \/>\n\t<meta property=\"og:image:height\" content=\"720\" \/>\n\t<meta property=\"og:image:type\" content=\"image\/jpeg\" \/>\n<meta name=\"twitter:card\" content=\"summary_large_image\" \/>\n<meta name=\"twitter:site\" content=\"@QeiScada\" \/>\n<meta name=\"twitter:label1\" content=\"Tiempo de lectura\" \/>\n\t<meta name=\"twitter:data1\" content=\"5 minutos\" \/>\n<script type=\"application\/ld+json\" class=\"yoast-schema-graph\">{\"@context\":\"https:\\\/\\\/schema.org\",\"@graph\":[{\"@type\":\"WebPage\",\"@id\":\"https:\\\/\\\/www.qeiinc.com\\\/product\\\/rcam-ii-underground-switch-control\\\/\",\"url\":\"https:\\\/\\\/www.qeiinc.com\\\/product\\\/rcam-ii-underground-switch-control\\\/\",\"name\":\"RCAM II Underground Switch Control | QEI Automation Solutions\",\"isPartOf\":{\"@id\":\"https:\\\/\\\/www.qeiinc.com\\\/#website\"},\"primaryImageOfPage\":{\"@id\":\"https:\\\/\\\/www.qeiinc.com\\\/product\\\/rcam-ii-underground-switch-control\\\/#primaryimage\"},\"image\":{\"@id\":\"https:\\\/\\\/www.qeiinc.com\\\/product\\\/rcam-ii-underground-switch-control\\\/#primaryimage\"},\"thumbnailUrl\":\"https:\\\/\\\/www.qeiinc.com\\\/wp-content\\\/uploads\\\/2024\\\/02\\\/qei-rcam-1.jpg\",\"datePublished\":\"2024-02-23T14:25:09+00:00\",\"dateModified\":\"2024-10-23T15:43:24+00:00\",\"description\":\"Automation of existing motorized switchgear can present a daunting task with large amounts of customized work and initially unique installations. The RCAM provides powerful automation, control and communications functionality in a single package.\",\"breadcrumb\":{\"@id\":\"https:\\\/\\\/www.qeiinc.com\\\/product\\\/rcam-ii-underground-switch-control\\\/#breadcrumb\"},\"inLanguage\":\"es-CO\",\"potentialAction\":[{\"@type\":\"ReadAction\",\"target\":[\"https:\\\/\\\/www.qeiinc.com\\\/product\\\/rcam-ii-underground-switch-control\\\/\"]}]},{\"@type\":\"ImageObject\",\"inLanguage\":\"es-CO\",\"@id\":\"https:\\\/\\\/www.qeiinc.com\\\/product\\\/rcam-ii-underground-switch-control\\\/#primaryimage\",\"url\":\"https:\\\/\\\/www.qeiinc.com\\\/wp-content\\\/uploads\\\/2024\\\/02\\\/qei-rcam-1.jpg\",\"contentUrl\":\"https:\\\/\\\/www.qeiinc.com\\\/wp-content\\\/uploads\\\/2024\\\/02\\\/qei-rcam-1.jpg\",\"width\":1000,\"height\":720},{\"@type\":\"BreadcrumbList\",\"@id\":\"https:\\\/\\\/www.qeiinc.com\\\/product\\\/rcam-ii-underground-switch-control\\\/#breadcrumb\",\"itemListElement\":[{\"@type\":\"ListItem\",\"position\":1,\"name\":\"Home\",\"item\":\"https:\\\/\\\/www.qeiinc.com\\\/\"},{\"@type\":\"ListItem\",\"position\":2,\"name\":\"Products\",\"item\":\"https:\\\/\\\/www.qeiinc.com\\\/products\\\/\"},{\"@type\":\"ListItem\",\"position\":3,\"name\":\"RCAM II Underground Switch Control\"}]},{\"@type\":\"WebSite\",\"@id\":\"https:\\\/\\\/www.qeiinc.com\\\/#website\",\"url\":\"https:\\\/\\\/www.qeiinc.com\\\/\",\"name\":\"QEI\",\"description\":\"Automation Solutions\",\"publisher\":{\"@id\":\"https:\\\/\\\/www.qeiinc.com\\\/#organization\"},\"potentialAction\":[{\"@type\":\"SearchAction\",\"target\":{\"@type\":\"EntryPoint\",\"urlTemplate\":\"https:\\\/\\\/www.qeiinc.com\\\/?s={search_term_string}\"},\"query-input\":{\"@type\":\"PropertyValueSpecification\",\"valueRequired\":true,\"valueName\":\"search_term_string\"}}],\"inLanguage\":\"es-CO\"},{\"@type\":\"Organization\",\"@id\":\"https:\\\/\\\/www.qeiinc.com\\\/#organization\",\"name\":\"QEI\",\"url\":\"https:\\\/\\\/www.qeiinc.com\\\/\",\"logo\":{\"@type\":\"ImageObject\",\"inLanguage\":\"es-CO\",\"@id\":\"https:\\\/\\\/www.qeiinc.com\\\/#\\\/schema\\\/logo\\\/image\\\/\",\"url\":\"https:\\\/\\\/www.qeiinc.com\\\/wp-content\\\/uploads\\\/2025\\\/04\\\/qei-social-logo.jpg\",\"contentUrl\":\"https:\\\/\\\/www.qeiinc.com\\\/wp-content\\\/uploads\\\/2025\\\/04\\\/qei-social-logo.jpg\",\"width\":696,\"height\":696,\"caption\":\"QEI\"},\"image\":{\"@id\":\"https:\\\/\\\/www.qeiinc.com\\\/#\\\/schema\\\/logo\\\/image\\\/\"},\"sameAs\":[\"https:\\\/\\\/www.facebook.com\\\/qeiscada\\\/\",\"https:\\\/\\\/x.com\\\/QeiScada\",\"https:\\\/\\\/www.linkedin.com\\\/company\\\/qei-llc\\\/\"]}]}<\/script>\n<!-- \/ Yoast SEO plugin. -->","yoast_head_json":{"title":"Control de interruptores subterr\u00e1neos RCAM II | QEI Automation Solutions","description":"La automatizaci\u00f3n de los conmutadores motorizados existentes puede suponer una ardua tarea con grandes cantidades de trabajo personalizado e instalaciones inicialmente \u00fanicas. El RCAM proporciona una potente funcionalidad de automatizaci\u00f3n, control y comunicaciones en un solo paquete.","robots":{"index":"index","follow":"follow","max-snippet":"max-snippet:-1","max-image-preview":"max-image-preview:large","max-video-preview":"max-video-preview:-1"},"canonical":"https:\/\/www.qeiinc.com\/es\/producto\/rcam-ii-control-de-interruptores-subterraneos\/","og_locale":"es_ES","og_type":"article","og_title":"RCAM II Underground Switch Control | QEI Automation Solutions","og_description":"Automation of existing motorized switchgear can present a daunting task with large amounts of customized work and initially unique installations. The RCAM provides powerful automation, control and communications functionality in a single package.","og_url":"https:\/\/www.qeiinc.com\/es\/producto\/rcam-ii-control-de-interruptores-subterraneos\/","og_site_name":"QEI Automation Solutions","article_publisher":"https:\/\/www.facebook.com\/qeiscada\/","article_modified_time":"2024-10-23T15:43:24+00:00","og_image":[{"width":1000,"height":720,"url":"https:\/\/www.qeiinc.com\/wp-content\/uploads\/2024\/02\/qei-rcam-1.jpg","type":"image\/jpeg"}],"twitter_card":"summary_large_image","twitter_site":"@QeiScada","twitter_misc":{"Tiempo de lectura":"5 minutos"},"schema":{"@context":"https:\/\/schema.org","@graph":[{"@type":"WebPage","@id":"https:\/\/www.qeiinc.com\/product\/rcam-ii-underground-switch-control\/","url":"https:\/\/www.qeiinc.com\/product\/rcam-ii-underground-switch-control\/","name":"Control de interruptores subterr\u00e1neos RCAM II | QEI Automation Solutions","isPartOf":{"@id":"https:\/\/www.qeiinc.com\/#website"},"primaryImageOfPage":{"@id":"https:\/\/www.qeiinc.com\/product\/rcam-ii-underground-switch-control\/#primaryimage"},"image":{"@id":"https:\/\/www.qeiinc.com\/product\/rcam-ii-underground-switch-control\/#primaryimage"},"thumbnailUrl":"https:\/\/www.qeiinc.com\/wp-content\/uploads\/2024\/02\/qei-rcam-1.jpg","datePublished":"2024-02-23T14:25:09+00:00","dateModified":"2024-10-23T15:43:24+00:00","description":"La automatizaci\u00f3n de los conmutadores motorizados existentes puede suponer una ardua tarea con grandes cantidades de trabajo personalizado e instalaciones inicialmente \u00fanicas. El RCAM proporciona una potente funcionalidad de automatizaci\u00f3n, control y comunicaciones en un solo paquete.","breadcrumb":{"@id":"https:\/\/www.qeiinc.com\/product\/rcam-ii-underground-switch-control\/#breadcrumb"},"inLanguage":"es-CO","potentialAction":[{"@type":"ReadAction","target":["https:\/\/www.qeiinc.com\/product\/rcam-ii-underground-switch-control\/"]}]},{"@type":"ImageObject","inLanguage":"es-CO","@id":"https:\/\/www.qeiinc.com\/product\/rcam-ii-underground-switch-control\/#primaryimage","url":"https:\/\/www.qeiinc.com\/wp-content\/uploads\/2024\/02\/qei-rcam-1.jpg","contentUrl":"https:\/\/www.qeiinc.com\/wp-content\/uploads\/2024\/02\/qei-rcam-1.jpg","width":1000,"height":720},{"@type":"BreadcrumbList","@id":"https:\/\/www.qeiinc.com\/product\/rcam-ii-underground-switch-control\/#breadcrumb","itemListElement":[{"@type":"ListItem","position":1,"name":"Home","item":"https:\/\/www.qeiinc.com\/"},{"@type":"ListItem","position":2,"name":"Products","item":"https:\/\/www.qeiinc.com\/products\/"},{"@type":"ListItem","position":3,"name":"RCAM II Underground Switch Control"}]},{"@type":"WebSite","@id":"https:\/\/www.qeiinc.com\/#website","url":"https:\/\/www.qeiinc.com\/","name":"QEI","description":"Soluciones de automatizaci\u00f3n","publisher":{"@id":"https:\/\/www.qeiinc.com\/#organization"},"potentialAction":[{"@type":"SearchAction","target":{"@type":"EntryPoint","urlTemplate":"https:\/\/www.qeiinc.com\/?s={search_term_string}"},"query-input":{"@type":"PropertyValueSpecification","valueRequired":true,"valueName":"search_term_string"}}],"inLanguage":"es-CO"},{"@type":"Organization","@id":"https:\/\/www.qeiinc.com\/#organization","name":"QEI","url":"https:\/\/www.qeiinc.com\/","logo":{"@type":"ImageObject","inLanguage":"es-CO","@id":"https:\/\/www.qeiinc.com\/#\/schema\/logo\/image\/","url":"https:\/\/www.qeiinc.com\/wp-content\/uploads\/2025\/04\/qei-social-logo.jpg","contentUrl":"https:\/\/www.qeiinc.com\/wp-content\/uploads\/2025\/04\/qei-social-logo.jpg","width":696,"height":696,"caption":"QEI"},"image":{"@id":"https:\/\/www.qeiinc.com\/#\/schema\/logo\/image\/"},"sameAs":["https:\/\/www.facebook.com\/qeiscada\/","https:\/\/x.com\/QeiScada","https:\/\/www.linkedin.com\/company\/qei-llc\/"]}]}},"publishpress_future_workflow_manual_trigger":{"enabledWorkflows":[]},"_links":{"self":[{"href":"https:\/\/www.qeiinc.com\/es\/wp-json\/wp\/v2\/product\/40576","targetHints":{"allow":["GET"]}}],"collection":[{"href":"https:\/\/www.qeiinc.com\/es\/wp-json\/wp\/v2\/product"}],"about":[{"href":"https:\/\/www.qeiinc.com\/es\/wp-json\/wp\/v2\/types\/product"}],"replies":[{"embeddable":true,"href":"https:\/\/www.qeiinc.com\/es\/wp-json\/wp\/v2\/comments?post=40576"}],"wp:featuredmedia":[{"embeddable":true,"href":"https:\/\/www.qeiinc.com\/es\/wp-json\/wp\/v2\/media\/42405"}],"wp:attachment":[{"href":"https:\/\/www.qeiinc.com\/es\/wp-json\/wp\/v2\/media?parent=40576"}],"wp:term":[{"taxonomy":"product_brand","embeddable":true,"href":"https:\/\/www.qeiinc.com\/es\/wp-json\/wp\/v2\/product_brand?post=40576"},{"taxonomy":"product_cat","embeddable":true,"href":"https:\/\/www.qeiinc.com\/es\/wp-json\/wp\/v2\/product_cat?post=40576"},{"taxonomy":"product_tag","embeddable":true,"href":"https:\/\/www.qeiinc.com\/es\/wp-json\/wp\/v2\/product_tag?post=40576"}],"curies":[{"name":"wp","href":"https:\/\/api.w.org\/{rel}","templated":true}]}}