{"id":40577,"date":"2024-02-23T08:25:21","date_gmt":"2024-02-23T14:25:21","guid":{"rendered":"https:\/\/www.qeiinc.com\/?post_type=product&#038;p=40577"},"modified":"2024-10-23T11:42:50","modified_gmt":"2024-10-23T15:42:50","slug":"drt-9070-terminal-remoto-distribuido","status":"publish","type":"product","link":"https:\/\/www.qeiinc.com\/es\/product\/drt-9070-distributed-remote-terminal\/","title":{"rendered":"DRT-9070 Terminal remoto distribuido"},"content":{"rendered":"<div class=\"fusion-fullwidth fullwidth-box fusion-builder-row-1 fusion-flex-container has-pattern-background has-mask-background nonhundred-percent-fullwidth non-hundred-percent-height-scrolling\" style=\"--awb-border-radius-top-left:0px;--awb-border-radius-top-right:0px;--awb-border-radius-bottom-right:0px;--awb-border-radius-bottom-left:0px;--awb-padding-bottom:0px;--awb-margin-bottom:0px;--awb-flex-wrap:wrap;\" ><div class=\"fusion-builder-row fusion-row fusion-flex-align-items-flex-start fusion-flex-content-wrap\" style=\"max-width:1310.4px;margin-left: calc(-4% \/ 2 );margin-right: calc(-4% \/ 2 );\"><div class=\"fusion-layout-column fusion_builder_column fusion-builder-column-0 fusion_builder_column_1_1 1_1 fusion-flex-column\" style=\"--awb-bg-color:var(--awb-color4);--awb-bg-color-hover:var(--awb-color4);--awb-bg-size:cover;--awb-width-large:100%;--awb-margin-top-large:20px;--awb-spacing-right-large:1.92%;--awb-margin-bottom-large:20px;--awb-spacing-left-large:1.92%;--awb-width-medium:100%;--awb-order-medium:0;--awb-spacing-right-medium:1.92%;--awb-spacing-left-medium:1.92%;--awb-width-small:100%;--awb-order-small:0;--awb-spacing-right-small:1.92%;--awb-spacing-left-small:1.92%;\" data-scroll-devices=\"small-visibility,medium-visibility,large-visibility\"><div class=\"fusion-column-wrapper fusion-column-has-shadow fusion-flex-justify-content-flex-start fusion-content-layout-column\"><div class=\"fusion-tabs fusion-tabs-1 clean nav-is-justified horizontal-tabs icon-position-left mobile-mode-accordion\" style=\"--awb-title-border-radius-top-left:0px;--awb-title-border-radius-top-right:0px;--awb-title-border-radius-bottom-right:0px;--awb-title-border-radius-bottom-left:0px;--awb-content-padding-top:0px;--awb-content-padding-right:60px;--awb-content-padding-bottom:0px;--awb-content-padding-left:40px;--awb-title-font-size:22px;--awb-title-text-transform:uppercase;--awb-title-line-height:29px;--awb-alignment:start;--awb-inactive-color:rgba(0,162,224,0.79);--awb-title-text-color:var(--awb-color1);--awb-background-color:var(--awb-custom_color_1);--awb-border-color:var(--awb-color3);--awb-active-border-color:var(--awb-color5);--awb-title-font-family:&quot;Geologica&quot;;--awb-title-font-style:normal;--awb-title-font-weight:200;\"><div class=\"nav\"><ul class=\"nav-tabs nav-justified\" role=\"tablist\"><li class=\"active\" role=\"presentation\"><a class=\"tab-link\" data-toggle=\"tab\" role=\"tab\" aria-controls=\"tab-4ece4131d5cf656c52a\" aria-selected=\"true\" id=\"fusion-tab-features\" href=\"#tab-4ece4131d5cf656c52a\"><h4 class=\"fusion-tab-heading\"><i class=\"fontawesome-icon fa-list fas\" aria-hidden=\"true\" style=\"font-size:16px;\"><\/i>Caracter\u00edsticas<\/h4><\/a><\/li><li role=\"presentation\"><a class=\"tab-link\" data-toggle=\"tab\" role=\"tab\" aria-controls=\"tab-032d90a0d8b61588ea2\" aria-selected=\"false\" tabindex=\"-1\" id=\"fusion-tab-specifications\" href=\"#tab-032d90a0d8b61588ea2\"><h4 class=\"fusion-tab-heading\"><i class=\"fontawesome-icon fa-cogs fas\" aria-hidden=\"true\" style=\"font-size:16px;\"><\/i>Especificaciones<\/h4><\/a><\/li><li role=\"presentation\"><a class=\"tab-link\" data-toggle=\"tab\" role=\"tab\" aria-controls=\"tab-d9976f4f2cfba802cac\" aria-selected=\"false\" tabindex=\"-1\" id=\"fusion-tab-downloads\" href=\"#tab-d9976f4f2cfba802cac\"><h4 class=\"fusion-tab-heading\"><i class=\"fontawesome-icon fa-file-pdf fas\" aria-hidden=\"true\" style=\"font-size:16px;\"><\/i>Descargas <\/h4><\/a><\/li><\/ul><\/div><div class=\"tab-content\"><div class=\"nav fusion-mobile-tab-nav\"><ul class=\"nav-tabs nav-justified\" role=\"tablist\"><li class=\"active\" role=\"presentation\"><a class=\"tab-link\" data-toggle=\"tab\" role=\"tab\" aria-controls=\"tab-4ece4131d5cf656c52a\" aria-selected=\"true\" id=\"mobile-fusion-tab-features\" href=\"#tab-4ece4131d5cf656c52a\"><h4 class=\"fusion-tab-heading\"><i class=\"fontawesome-icon fa-list fas\" aria-hidden=\"true\" style=\"font-size:16px;\"><\/i>Caracter\u00edsticas<\/h4><\/a><\/li><\/ul><\/div><div class=\"tab-pane fade fusion-clearfix in active\" role=\"tabpanel\" tabindex=\"0\" aria-labelledby=\"fusion-tab-features\" id=\"tab-4ece4131d5cf656c52a\">\n<p class=\"p1\">El DRT 9070 es un mini-RTU\/Gateway econ\u00f3mico para funciones de monitoreo y control distribuidos.<span class=\"Apple-converted-space\">\u00a0<\/span><\/p>\n<ul>\n<li class=\"p2\">Montaje en pared o poste<span class=\"Apple-converted-space\">\u00a0<\/span><\/li>\n<li class=\"p2\">Subestaci\u00f3n o alimentador de distribuci\u00f3n<span class=\"Apple-converted-space\">\u00a0<\/span>Pasarela IED<span class=\"Apple-converted-space\">\u00a0<\/span><\/li>\n<li class=\"p2\">Admite una amplia biblioteca de protocolos de estaci\u00f3n maestra y IED.<span class=\"Apple-converted-space\">\u00a0<\/span><\/li>\n<li class=\"p2\">TCP\/IP opcional, interfaz de servidor web<span class=\"Apple-converted-space\">\u00a0<\/span><\/li>\n<li class=\"p2\">Paquete de c\u00e1lculo local para la manipulaci\u00f3n, reducci\u00f3n y automatizaci\u00f3n de fechas.<span class=\"Apple-converted-space\">\u00a0<\/span><\/li>\n<li class=\"p2\">Funciones de seguridad avanzadas para el cumplimiento de NERC-CIP<span class=\"Apple-converted-space\">\u00a0<\/span><\/li>\n<li class=\"p3\">Captura de la secuencia de eventos (SOE)<span class=\"Apple-converted-space\">\u00a0<\/span><\/li>\n<li class=\"p3\">Cumple con todos los requisitos aplicables de resistencia a sobretensiones de IEEE e IEC para un funcionamiento sin problemas.<span class=\"Apple-converted-space\">\u00a0<\/span><\/li>\n<\/ul>\n<\/div><div class=\"nav fusion-mobile-tab-nav\"><ul class=\"nav-tabs nav-justified\" role=\"tablist\"><li role=\"presentation\"><a class=\"tab-link\" data-toggle=\"tab\" role=\"tab\" aria-controls=\"tab-032d90a0d8b61588ea2\" aria-selected=\"false\" tabindex=\"-1\" id=\"mobile-fusion-tab-specifications\" href=\"#tab-032d90a0d8b61588ea2\"><h4 class=\"fusion-tab-heading\"><i class=\"fontawesome-icon fa-cogs fas\" aria-hidden=\"true\" style=\"font-size:16px;\"><\/i>Especificaciones<\/h4><\/a><\/li><\/ul><\/div><div class=\"tab-pane fade fusion-clearfix\" role=\"tabpanel\" tabindex=\"0\" aria-labelledby=\"fusion-tab-specifications\" id=\"tab-032d90a0d8b61588ea2\">\n<p><a href=\"https:\/\/www.qeiinc.com\/wp-content\/uploads\/2024\/02\/DRT-9070-Distributed-Remote-Terminal-specs.jpg\"><img decoding=\"async\" class=\"lazyload aligncenter size-full wp-image-42696\" src=\"https:\/\/www.qeiinc.com\/wp-content\/uploads\/2024\/02\/DRT-9070-Distributed-Remote-Terminal-specs.jpg\" data-orig-src=\"https:\/\/www.qeiinc.com\/wp-content\/uploads\/2024\/02\/DRT-9070-Distributed-Remote-Terminal-specs.jpg\" alt=\"\" width=\"1678\" height=\"1180\" srcset=\"data:image\/svg+xml,%3Csvg%20xmlns%3D%27http%3A%2F%2Fwww.w3.org%2F2000%2Fsvg%27%20width%3D%271678%27%20height%3D%271180%27%20viewBox%3D%270%200%201678%201180%27%3E%3Crect%20width%3D%271678%27%20height%3D%271180%27%20fill-opacity%3D%220%22%2F%3E%3C%2Fsvg%3E\" data-srcset=\"https:\/\/www.qeiinc.com\/wp-content\/uploads\/2024\/02\/DRT-9070-Distributed-Remote-Terminal-specs-200x141.jpg 200w, https:\/\/www.qeiinc.com\/wp-content\/uploads\/2024\/02\/DRT-9070-Distributed-Remote-Terminal-specs-300x211.jpg 300w, https:\/\/www.qeiinc.com\/wp-content\/uploads\/2024\/02\/DRT-9070-Distributed-Remote-Terminal-specs-400x281.jpg 400w, https:\/\/www.qeiinc.com\/wp-content\/uploads\/2024\/02\/DRT-9070-Distributed-Remote-Terminal-specs-500x352.jpg 500w, https:\/\/www.qeiinc.com\/wp-content\/uploads\/2024\/02\/DRT-9070-Distributed-Remote-Terminal-specs-600x422.jpg 600w, https:\/\/www.qeiinc.com\/wp-content\/uploads\/2024\/02\/DRT-9070-Distributed-Remote-Terminal-specs-700x492.jpg 700w, https:\/\/www.qeiinc.com\/wp-content\/uploads\/2024\/02\/DRT-9070-Distributed-Remote-Terminal-specs-768x540.jpg 768w, https:\/\/www.qeiinc.com\/wp-content\/uploads\/2024\/02\/DRT-9070-Distributed-Remote-Terminal-specs-800x563.jpg 800w, https:\/\/www.qeiinc.com\/wp-content\/uploads\/2024\/02\/DRT-9070-Distributed-Remote-Terminal-specs-1024x720.jpg 1024w, https:\/\/www.qeiinc.com\/wp-content\/uploads\/2024\/02\/DRT-9070-Distributed-Remote-Terminal-specs-1200x844.jpg 1200w, https:\/\/www.qeiinc.com\/wp-content\/uploads\/2024\/02\/DRT-9070-Distributed-Remote-Terminal-specs-1536x1080.jpg 1536w, https:\/\/www.qeiinc.com\/wp-content\/uploads\/2024\/02\/DRT-9070-Distributed-Remote-Terminal-specs.jpg 1678w\" data-sizes=\"auto\" data-orig-sizes=\"(max-width: 1678px) 100vw, 1678px\" \/><\/a><\/p>\n<\/div><div class=\"nav fusion-mobile-tab-nav\"><ul class=\"nav-tabs nav-justified\" role=\"tablist\"><li role=\"presentation\"><a class=\"tab-link\" data-toggle=\"tab\" role=\"tab\" aria-controls=\"tab-d9976f4f2cfba802cac\" aria-selected=\"false\" tabindex=\"-1\" id=\"mobile-fusion-tab-downloads\" href=\"#tab-d9976f4f2cfba802cac\"><h4 class=\"fusion-tab-heading\"><i class=\"fontawesome-icon fa-file-pdf fas\" aria-hidden=\"true\" style=\"font-size:16px;\"><\/i>Descargas <\/h4><\/a><\/li><\/ul><\/div><div class=\"tab-pane fade fusion-clearfix\" role=\"tabpanel\" tabindex=\"0\" aria-labelledby=\"fusion-tab-downloads\" id=\"tab-d9976f4f2cfba802cac\">\n<h4><a href=\"https:\/\/www.qeiinc.com\/wp-content\/uploads\/2024\/03\/6-DRT-9070-Tech-Bulletin_QEI-rev5.pdf\" target=\"_blank\" rel=\"noopener\">Folleto del terminal remoto distribuido DRT-9070<\/a><\/h4>\n<\/div><\/div><\/div><\/div><\/div><\/div><\/div>","protected":false},"excerpt":{"rendered":"<p class=\"p1\"><b>Mini-RTU y pasarela IED<span class=\"Apple-converted-space\">\u00a0<\/span><\/b><\/p>\n<p class=\"p2\">La unidad terminal remota DRT-9070 es una plataforma de automatizaci\u00f3n distribuida econ\u00f3mica que se utiliza para el control, la supervisi\u00f3n, la adquisici\u00f3n de datos y la reducci\u00f3n de datos. La DRT-9070 puede actuar como una mini-RTU, un punto de entrada-salida distribuido en su red de distribuci\u00f3n y como un concentrador de datos de dispositivos electr\u00f3nicos inteligentes (IED).<span class=\"Apple-converted-space\">\u00a0<\/span><\/p>\n<p class=\"p2\">El DRT-9070 mantiene una base de datos interna mediante el escaneo de entradas locales cableadas, as\u00ed como del estado y los puntos anal\u00f3gicos dentro de los IED conectados. Estos valores pueden ser consultados por una o m\u00e1s estaciones maestras SCADA a trav\u00e9s de una variedad de protocolos y medios. A continuaci\u00f3n, el DRT-9070 tambi\u00e9n etiqueta con la hora los eventos que est\u00e1n disponibles para la estaci\u00f3n maestra del sistema SCADA, como datos de secuencia de eventos (SOE).<span class=\"Apple-converted-space\">\u00a0<\/span><\/p>\n<p class=\"p2\">El DRT-9070 se puede configurar para comunicaciones a trav\u00e9s de sus puertos serie RS-232 o RS-485. Opcionalmente, se puede equipar con una interfaz de red para la comunicaci\u00f3n a trav\u00e9s de una o dos redes basadas en TCP\/IP. Hay disponibles protocolos de comunicaci\u00f3n populares tanto para la conexi\u00f3n del servidor (a la estaci\u00f3n maestra) como localmente a los IED.<span class=\"Apple-converted-space\">\u00a0<\/span><\/p>\n<p class=\"p2\">El DRT-9070 puede funcionar con una alimentaci\u00f3n de 120 VCA o directamente desde la bater\u00eda de la estaci\u00f3n. Esta configuraci\u00f3n tambi\u00e9n puede proporcionar una bater\u00eda de respaldo para los equipos de comunicaciones locales (radios, enrutadores, etc.).<span class=\"Apple-converted-space\">\u00a0<\/span><\/p>\n<p class=\"p2\">Los puertos de comunicaci\u00f3n maestro e IED y otros par\u00e1metros se pueden introducir f\u00e1cilmente con el software ConfigWiz\u00ae de QEI desde cualquier computadora port\u00e1til o PC con Windows\u00ae est\u00e1ndar.<span class=\"Apple-converted-space\">\u00a0<\/span><\/p>","protected":false},"featured_media":42695,"comment_status":"open","ping_status":"closed","template":"","meta":{"_acf_changed":false},"product_brand":[],"product_cat":[391,385],"product_tag":[],"class_list":{"0":"post-40577","1":"product","2":"type-product","3":"status-publish","4":"has-post-thumbnail","6":"product_cat-remote-terminal-units","7":"product_cat-automation-products","9":"first","10":"instock","11":"shipping-taxable","12":"product-type-simple"},"acf":[],"yoast_head":"<!-- This site is optimized with the Yoast SEO plugin v27.5 - https:\/\/yoast.com\/product\/yoast-seo-wordpress\/ -->\n<title>DRT-9070 Distributed Remote Terminal | QEI Automation Solutions<\/title>\n<meta name=\"description\" content=\"The DRT-9060 provides you with the platform for remote interrogation of IEDs or permits transducerless monitoring and control when there is no IED available. It is the ideal platform for implementing your distribution automation projects.\u00a0\" \/>\n<meta name=\"robots\" content=\"index, follow, max-snippet:-1, max-image-preview:large, max-video-preview:-1\" \/>\n<link rel=\"canonical\" href=\"https:\/\/www.qeiinc.com\/es\/producto\/drt-9070-terminal-remoto-distribuido\/\" \/>\n<meta property=\"og:locale\" content=\"es_ES\" \/>\n<meta property=\"og:type\" content=\"article\" \/>\n<meta property=\"og:title\" content=\"DRT-9070 Distributed Remote Terminal | QEI Automation Solutions\" \/>\n<meta property=\"og:description\" content=\"The DRT-9060 provides you with the platform for remote interrogation of IEDs or permits transducerless monitoring and control when there is no IED available. It is the ideal platform for implementing your distribution automation projects.\u00a0\" \/>\n<meta property=\"og:url\" content=\"https:\/\/www.qeiinc.com\/es\/producto\/drt-9070-terminal-remoto-distribuido\/\" \/>\n<meta property=\"og:site_name\" content=\"QEI Automation Solutions\" \/>\n<meta property=\"article:publisher\" content=\"https:\/\/www.facebook.com\/qeiscada\/\" \/>\n<meta property=\"article:modified_time\" content=\"2024-10-23T15:42:50+00:00\" \/>\n<meta property=\"og:image\" content=\"https:\/\/www.qeiinc.com\/wp-content\/uploads\/2024\/02\/DRT-9070-Distributed-Remote-Terminal.jpg\" \/>\n\t<meta property=\"og:image:width\" content=\"1000\" \/>\n\t<meta property=\"og:image:height\" content=\"720\" \/>\n\t<meta property=\"og:image:type\" content=\"image\/jpeg\" \/>\n<meta name=\"twitter:card\" content=\"summary_large_image\" \/>\n<meta name=\"twitter:site\" content=\"@QeiScada\" \/>\n<meta name=\"twitter:label1\" content=\"Tiempo de lectura\" \/>\n\t<meta name=\"twitter:data1\" content=\"7 minutos\" \/>\n<script type=\"application\/ld+json\" class=\"yoast-schema-graph\">{\"@context\":\"https:\\\/\\\/schema.org\",\"@graph\":[{\"@type\":\"WebPage\",\"@id\":\"https:\\\/\\\/www.qeiinc.com\\\/product\\\/drt-9070-distributed-remote-terminal\\\/\",\"url\":\"https:\\\/\\\/www.qeiinc.com\\\/product\\\/drt-9070-distributed-remote-terminal\\\/\",\"name\":\"DRT-9070 Distributed Remote Terminal | QEI Automation Solutions\",\"isPartOf\":{\"@id\":\"https:\\\/\\\/www.qeiinc.com\\\/#website\"},\"primaryImageOfPage\":{\"@id\":\"https:\\\/\\\/www.qeiinc.com\\\/product\\\/drt-9070-distributed-remote-terminal\\\/#primaryimage\"},\"image\":{\"@id\":\"https:\\\/\\\/www.qeiinc.com\\\/product\\\/drt-9070-distributed-remote-terminal\\\/#primaryimage\"},\"thumbnailUrl\":\"https:\\\/\\\/www.qeiinc.com\\\/wp-content\\\/uploads\\\/2024\\\/02\\\/DRT-9070-Distributed-Remote-Terminal.jpg\",\"datePublished\":\"2024-02-23T14:25:21+00:00\",\"dateModified\":\"2024-10-23T15:42:50+00:00\",\"description\":\"The DRT-9060 provides you with the platform for remote interrogation of IEDs or permits transducerless monitoring and control when there is no IED available. It is the ideal platform for implementing your distribution automation projects.\u00a0\",\"breadcrumb\":{\"@id\":\"https:\\\/\\\/www.qeiinc.com\\\/product\\\/drt-9070-distributed-remote-terminal\\\/#breadcrumb\"},\"inLanguage\":\"es-CO\",\"potentialAction\":[{\"@type\":\"ReadAction\",\"target\":[\"https:\\\/\\\/www.qeiinc.com\\\/product\\\/drt-9070-distributed-remote-terminal\\\/\"]}]},{\"@type\":\"ImageObject\",\"inLanguage\":\"es-CO\",\"@id\":\"https:\\\/\\\/www.qeiinc.com\\\/product\\\/drt-9070-distributed-remote-terminal\\\/#primaryimage\",\"url\":\"https:\\\/\\\/www.qeiinc.com\\\/wp-content\\\/uploads\\\/2024\\\/02\\\/DRT-9070-Distributed-Remote-Terminal.jpg\",\"contentUrl\":\"https:\\\/\\\/www.qeiinc.com\\\/wp-content\\\/uploads\\\/2024\\\/02\\\/DRT-9070-Distributed-Remote-Terminal.jpg\",\"width\":1000,\"height\":720},{\"@type\":\"BreadcrumbList\",\"@id\":\"https:\\\/\\\/www.qeiinc.com\\\/product\\\/drt-9070-distributed-remote-terminal\\\/#breadcrumb\",\"itemListElement\":[{\"@type\":\"ListItem\",\"position\":1,\"name\":\"Home\",\"item\":\"https:\\\/\\\/www.qeiinc.com\\\/\"},{\"@type\":\"ListItem\",\"position\":2,\"name\":\"Products\",\"item\":\"https:\\\/\\\/www.qeiinc.com\\\/products\\\/\"},{\"@type\":\"ListItem\",\"position\":3,\"name\":\"DRT-9070 Distributed Remote Terminal\"}]},{\"@type\":\"WebSite\",\"@id\":\"https:\\\/\\\/www.qeiinc.com\\\/#website\",\"url\":\"https:\\\/\\\/www.qeiinc.com\\\/\",\"name\":\"QEI\",\"description\":\"Automation Solutions\",\"publisher\":{\"@id\":\"https:\\\/\\\/www.qeiinc.com\\\/#organization\"},\"potentialAction\":[{\"@type\":\"SearchAction\",\"target\":{\"@type\":\"EntryPoint\",\"urlTemplate\":\"https:\\\/\\\/www.qeiinc.com\\\/?s={search_term_string}\"},\"query-input\":{\"@type\":\"PropertyValueSpecification\",\"valueRequired\":true,\"valueName\":\"search_term_string\"}}],\"inLanguage\":\"es-CO\"},{\"@type\":\"Organization\",\"@id\":\"https:\\\/\\\/www.qeiinc.com\\\/#organization\",\"name\":\"QEI\",\"url\":\"https:\\\/\\\/www.qeiinc.com\\\/\",\"logo\":{\"@type\":\"ImageObject\",\"inLanguage\":\"es-CO\",\"@id\":\"https:\\\/\\\/www.qeiinc.com\\\/#\\\/schema\\\/logo\\\/image\\\/\",\"url\":\"https:\\\/\\\/www.qeiinc.com\\\/wp-content\\\/uploads\\\/2025\\\/04\\\/qei-social-logo.jpg\",\"contentUrl\":\"https:\\\/\\\/www.qeiinc.com\\\/wp-content\\\/uploads\\\/2025\\\/04\\\/qei-social-logo.jpg\",\"width\":696,\"height\":696,\"caption\":\"QEI\"},\"image\":{\"@id\":\"https:\\\/\\\/www.qeiinc.com\\\/#\\\/schema\\\/logo\\\/image\\\/\"},\"sameAs\":[\"https:\\\/\\\/www.facebook.com\\\/qeiscada\\\/\",\"https:\\\/\\\/x.com\\\/QeiScada\",\"https:\\\/\\\/www.linkedin.com\\\/company\\\/qei-llc\\\/\"]}]}<\/script>\n<!-- \/ Yoast SEO plugin. -->","yoast_head_json":{"title":"Terminal remoto distribuido DRT-9070 | Soluciones de automatizaci\u00f3n QEI","description":"El DRT-9060 le proporciona la plataforma para la interrogaci\u00f3n remota de dispositivos electr\u00f3nicos inteligentes (IED) o permite el monitoreo y control sin transductores cuando no hay ning\u00fan IED disponible. Es la plataforma ideal para implementar sus proyectos de automatizaci\u00f3n de la distribuci\u00f3n.\u00a0","robots":{"index":"index","follow":"follow","max-snippet":"max-snippet:-1","max-image-preview":"max-image-preview:large","max-video-preview":"max-video-preview:-1"},"canonical":"https:\/\/www.qeiinc.com\/es\/producto\/drt-9070-terminal-remoto-distribuido\/","og_locale":"es_ES","og_type":"article","og_title":"DRT-9070 Distributed Remote Terminal | QEI Automation Solutions","og_description":"The DRT-9060 provides you with the platform for remote interrogation of IEDs or permits transducerless monitoring and control when there is no IED available. It is the ideal platform for implementing your distribution automation projects.\u00a0","og_url":"https:\/\/www.qeiinc.com\/es\/producto\/drt-9070-terminal-remoto-distribuido\/","og_site_name":"QEI Automation Solutions","article_publisher":"https:\/\/www.facebook.com\/qeiscada\/","article_modified_time":"2024-10-23T15:42:50+00:00","og_image":[{"width":1000,"height":720,"url":"https:\/\/www.qeiinc.com\/wp-content\/uploads\/2024\/02\/DRT-9070-Distributed-Remote-Terminal.jpg","type":"image\/jpeg"}],"twitter_card":"summary_large_image","twitter_site":"@QeiScada","twitter_misc":{"Tiempo de lectura":"7 minutos"},"schema":{"@context":"https:\/\/schema.org","@graph":[{"@type":"WebPage","@id":"https:\/\/www.qeiinc.com\/product\/drt-9070-distributed-remote-terminal\/","url":"https:\/\/www.qeiinc.com\/product\/drt-9070-distributed-remote-terminal\/","name":"Terminal remoto distribuido DRT-9070 | Soluciones de automatizaci\u00f3n QEI","isPartOf":{"@id":"https:\/\/www.qeiinc.com\/#website"},"primaryImageOfPage":{"@id":"https:\/\/www.qeiinc.com\/product\/drt-9070-distributed-remote-terminal\/#primaryimage"},"image":{"@id":"https:\/\/www.qeiinc.com\/product\/drt-9070-distributed-remote-terminal\/#primaryimage"},"thumbnailUrl":"https:\/\/www.qeiinc.com\/wp-content\/uploads\/2024\/02\/DRT-9070-Distributed-Remote-Terminal.jpg","datePublished":"2024-02-23T14:25:21+00:00","dateModified":"2024-10-23T15:42:50+00:00","description":"El DRT-9060 le proporciona la plataforma para la interrogaci\u00f3n remota de dispositivos electr\u00f3nicos inteligentes (IED) o permite el monitoreo y control sin transductores cuando no hay ning\u00fan IED disponible. Es la plataforma ideal para implementar sus proyectos de automatizaci\u00f3n de la distribuci\u00f3n.\u00a0","breadcrumb":{"@id":"https:\/\/www.qeiinc.com\/product\/drt-9070-distributed-remote-terminal\/#breadcrumb"},"inLanguage":"es-CO","potentialAction":[{"@type":"ReadAction","target":["https:\/\/www.qeiinc.com\/product\/drt-9070-distributed-remote-terminal\/"]}]},{"@type":"ImageObject","inLanguage":"es-CO","@id":"https:\/\/www.qeiinc.com\/product\/drt-9070-distributed-remote-terminal\/#primaryimage","url":"https:\/\/www.qeiinc.com\/wp-content\/uploads\/2024\/02\/DRT-9070-Distributed-Remote-Terminal.jpg","contentUrl":"https:\/\/www.qeiinc.com\/wp-content\/uploads\/2024\/02\/DRT-9070-Distributed-Remote-Terminal.jpg","width":1000,"height":720},{"@type":"BreadcrumbList","@id":"https:\/\/www.qeiinc.com\/product\/drt-9070-distributed-remote-terminal\/#breadcrumb","itemListElement":[{"@type":"ListItem","position":1,"name":"Home","item":"https:\/\/www.qeiinc.com\/"},{"@type":"ListItem","position":2,"name":"Products","item":"https:\/\/www.qeiinc.com\/products\/"},{"@type":"ListItem","position":3,"name":"DRT-9070 Distributed Remote Terminal"}]},{"@type":"WebSite","@id":"https:\/\/www.qeiinc.com\/#website","url":"https:\/\/www.qeiinc.com\/","name":"QEI","description":"Soluciones de automatizaci\u00f3n","publisher":{"@id":"https:\/\/www.qeiinc.com\/#organization"},"potentialAction":[{"@type":"SearchAction","target":{"@type":"EntryPoint","urlTemplate":"https:\/\/www.qeiinc.com\/?s={search_term_string}"},"query-input":{"@type":"PropertyValueSpecification","valueRequired":true,"valueName":"search_term_string"}}],"inLanguage":"es-CO"},{"@type":"Organization","@id":"https:\/\/www.qeiinc.com\/#organization","name":"QEI","url":"https:\/\/www.qeiinc.com\/","logo":{"@type":"ImageObject","inLanguage":"es-CO","@id":"https:\/\/www.qeiinc.com\/#\/schema\/logo\/image\/","url":"https:\/\/www.qeiinc.com\/wp-content\/uploads\/2025\/04\/qei-social-logo.jpg","contentUrl":"https:\/\/www.qeiinc.com\/wp-content\/uploads\/2025\/04\/qei-social-logo.jpg","width":696,"height":696,"caption":"QEI"},"image":{"@id":"https:\/\/www.qeiinc.com\/#\/schema\/logo\/image\/"},"sameAs":["https:\/\/www.facebook.com\/qeiscada\/","https:\/\/x.com\/QeiScada","https:\/\/www.linkedin.com\/company\/qei-llc\/"]}]}},"publishpress_future_workflow_manual_trigger":{"enabledWorkflows":[]},"_links":{"self":[{"href":"https:\/\/www.qeiinc.com\/es\/wp-json\/wp\/v2\/product\/40577","targetHints":{"allow":["GET"]}}],"collection":[{"href":"https:\/\/www.qeiinc.com\/es\/wp-json\/wp\/v2\/product"}],"about":[{"href":"https:\/\/www.qeiinc.com\/es\/wp-json\/wp\/v2\/types\/product"}],"replies":[{"embeddable":true,"href":"https:\/\/www.qeiinc.com\/es\/wp-json\/wp\/v2\/comments?post=40577"}],"wp:featuredmedia":[{"embeddable":true,"href":"https:\/\/www.qeiinc.com\/es\/wp-json\/wp\/v2\/media\/42695"}],"wp:attachment":[{"href":"https:\/\/www.qeiinc.com\/es\/wp-json\/wp\/v2\/media?parent=40577"}],"wp:term":[{"taxonomy":"product_brand","embeddable":true,"href":"https:\/\/www.qeiinc.com\/es\/wp-json\/wp\/v2\/product_brand?post=40577"},{"taxonomy":"product_cat","embeddable":true,"href":"https:\/\/www.qeiinc.com\/es\/wp-json\/wp\/v2\/product_cat?post=40577"},{"taxonomy":"product_tag","embeddable":true,"href":"https:\/\/www.qeiinc.com\/es\/wp-json\/wp\/v2\/product_tag?post=40577"}],"curies":[{"name":"wp","href":"https:\/\/api.w.org\/{rel}","templated":true}]}}