{"id":40579,"date":"2024-02-23T08:29:36","date_gmt":"2024-02-23T14:29:36","guid":{"rendered":"https:\/\/www.qeiinc.com\/?post_type=product&#038;p=40579"},"modified":"2024-10-18T14:05:00","modified_gmt":"2024-10-18T18:05:00","slug":"ecap-9445-controlador-trifasico-de-condensadores","status":"publish","type":"product","link":"https:\/\/www.qeiinc.com\/es\/product\/ecap-9445-three-phase-capacitor-controller\/","title":{"rendered":"Controlador de condensadores trif\u00e1sico eCAP 9445"},"content":{"rendered":"<div class=\"fusion-fullwidth fullwidth-box fusion-builder-row-1 fusion-flex-container nonhundred-percent-fullwidth non-hundred-percent-height-scrolling\" style=\"--awb-border-radius-top-left:0px;--awb-border-radius-top-right:0px;--awb-border-radius-bottom-right:0px;--awb-border-radius-bottom-left:0px;--awb-flex-wrap:wrap;\" ><div class=\"fusion-builder-row fusion-row fusion-flex-align-items-flex-start fusion-flex-content-wrap\" style=\"max-width:1310.4px;margin-left: calc(-4% \/ 2 );margin-right: calc(-4% \/ 2 );\"><div class=\"fusion-layout-column fusion_builder_column fusion-builder-column-0 fusion_builder_column_1_1 1_1 fusion-flex-column\" style=\"--awb-bg-color:var(--awb-color4);--awb-bg-color-hover:var(--awb-color4);--awb-bg-size:cover;--awb-width-large:100%;--awb-margin-top-large:20px;--awb-spacing-right-large:1.92%;--awb-margin-bottom-large:20px;--awb-spacing-left-large:1.92%;--awb-width-medium:100%;--awb-order-medium:0;--awb-spacing-right-medium:1.92%;--awb-spacing-left-medium:1.92%;--awb-width-small:100%;--awb-order-small:0;--awb-spacing-right-small:1.92%;--awb-spacing-left-small:1.92%;\" data-scroll-devices=\"small-visibility,medium-visibility,large-visibility\"><div class=\"fusion-column-wrapper fusion-column-has-shadow fusion-flex-justify-content-flex-start fusion-content-layout-column\"><div class=\"fusion-tabs fusion-tabs-1 clean nav-is-justified horizontal-tabs icon-position-left mobile-mode-accordion\" style=\"--awb-title-border-radius-top-left:0px;--awb-title-border-radius-top-right:0px;--awb-title-border-radius-bottom-right:0px;--awb-title-border-radius-bottom-left:0px;--awb-content-padding-top:0px;--awb-content-padding-right:60px;--awb-content-padding-bottom:0px;--awb-content-padding-left:40px;--awb-title-font-size:22px;--awb-title-text-transform:uppercase;--awb-title-line-height:29px;--awb-alignment:start;--awb-inactive-color:rgba(0,162,224,0.79);--awb-title-text-color:var(--awb-color1);--awb-background-color:var(--awb-custom_color_1);--awb-border-color:var(--awb-color3);--awb-active-border-color:var(--awb-color5);--awb-title-font-family:&quot;Geologica&quot;;--awb-title-font-style:normal;--awb-title-font-weight:200;\"><div class=\"nav\"><ul class=\"nav-tabs nav-justified\" role=\"tablist\"><li class=\"active\" role=\"presentation\"><a class=\"tab-link\" data-toggle=\"tab\" role=\"tab\" aria-controls=\"tab-25e4c4ee603535303ae\" aria-selected=\"true\" id=\"fusion-tab-features\" href=\"#tab-25e4c4ee603535303ae\"><h4 class=\"fusion-tab-heading\"><i class=\"fontawesome-icon fa-list fas\" aria-hidden=\"true\" style=\"font-size:16px;\"><\/i>Caracter\u00edsticas<\/h4><\/a><\/li><li role=\"presentation\"><a class=\"tab-link\" data-toggle=\"tab\" role=\"tab\" aria-controls=\"tab-3c65c599d33ca5eef01\" aria-selected=\"false\" tabindex=\"-1\" id=\"fusion-tab-specifications\" href=\"#tab-3c65c599d33ca5eef01\"><h4 class=\"fusion-tab-heading\"><i class=\"fontawesome-icon fa-cogs fas\" aria-hidden=\"true\" style=\"font-size:16px;\"><\/i>Especificaciones<\/h4><\/a><\/li><li role=\"presentation\"><a class=\"tab-link\" data-toggle=\"tab\" role=\"tab\" aria-controls=\"tab-b68da49e66b6eaa02ef\" aria-selected=\"false\" tabindex=\"-1\" id=\"fusion-tab-downloads\" href=\"#tab-b68da49e66b6eaa02ef\"><h4 class=\"fusion-tab-heading\"><i class=\"fontawesome-icon fa-file-pdf fas\" aria-hidden=\"true\" style=\"font-size:16px;\"><\/i>Descargas <\/h4><\/a><\/li><\/ul><\/div><div class=\"tab-content\"><div class=\"nav fusion-mobile-tab-nav\"><ul class=\"nav-tabs nav-justified\" role=\"tablist\"><li class=\"active\" role=\"presentation\"><a class=\"tab-link\" data-toggle=\"tab\" role=\"tab\" aria-controls=\"tab-25e4c4ee603535303ae\" aria-selected=\"true\" id=\"mobile-fusion-tab-features\" href=\"#tab-25e4c4ee603535303ae\"><h4 class=\"fusion-tab-heading\"><i class=\"fontawesome-icon fa-list fas\" aria-hidden=\"true\" style=\"font-size:16px;\"><\/i>Caracter\u00edsticas<\/h4><\/a><\/li><\/ul><\/div><div class=\"tab-pane fade fusion-clearfix in active\" role=\"tabpanel\" tabindex=\"0\" aria-labelledby=\"fusion-tab-features\" id=\"tab-25e4c4ee603535303ae\">\n<h4>Controles e indicaciones<\/h4>\n<ul>\n<li>Control del interruptor del panel frontal: A,B,C Fase A,B,C apertura\/cierre, autom\u00e1tico\/manual, local\/remoto y bloqueo. Lectura LED multil\u00ednea e indicadores LED para evaluar el funcionamiento.<\/li>\n<li>CommFail: Vuelve al control local autom\u00e1tico si fallan las comunicaciones con la estaci\u00f3n maestra SCADA.<\/li>\n<li>Control autom\u00e1tico: Control totalmente autom\u00e1tico basado en algoritmos de conmutaci\u00f3n internos definidos por el usuario.<\/li>\n<li>Bloqueo: Fallo detectado - operaciones de control bloqueadas hasta que se restablezcan localmente o desde la estaci\u00f3n maestra SCADA.<\/li>\n<\/ul>\n<h4>Seguridad<\/h4>\n<ul>\n<li>La protecci\u00f3n contra quemaduras bloquea todas las operaciones del interruptor hasta que la tensi\u00f3n de l\u00ednea alcanza un nivel aceptable.<\/li>\n<li>Protecci\u00f3n contra la caza para evitar operaciones excesivas (definida por el usuario)<\/li>\n<li>El usuario puede limitar la tasa de reintentos de la operaci\u00f3n, as\u00ed como el n\u00famero total de intentos.<\/li>\n<li>Intervalo de tiempo y reintentos programables para detectar condiciones de fallo del neutro<\/li>\n<\/ul>\n<\/div><div class=\"nav fusion-mobile-tab-nav\"><ul class=\"nav-tabs nav-justified\" role=\"tablist\"><li role=\"presentation\"><a class=\"tab-link\" data-toggle=\"tab\" role=\"tab\" aria-controls=\"tab-3c65c599d33ca5eef01\" aria-selected=\"false\" tabindex=\"-1\" id=\"mobile-fusion-tab-specifications\" href=\"#tab-3c65c599d33ca5eef01\"><h4 class=\"fusion-tab-heading\"><i class=\"fontawesome-icon fa-cogs fas\" aria-hidden=\"true\" style=\"font-size:16px;\"><\/i>Especificaciones<\/h4><\/a><\/li><\/ul><\/div><div class=\"tab-pane fade fusion-clearfix\" role=\"tabpanel\" tabindex=\"0\" aria-labelledby=\"fusion-tab-specifications\" id=\"tab-3c65c599d33ca5eef01\">\n<p><a href=\"https:\/\/www.qeiinc.com\/wp-content\/uploads\/2024\/02\/eCAP-9450-Three-Phase-Capacitor-Controller2-1.jpg\"><img decoding=\"async\" class=\"lazyload aligncenter size-full wp-image-42687\" src=\"https:\/\/www.qeiinc.com\/wp-content\/uploads\/2024\/02\/eCAP-9450-Three-Phase-Capacitor-Controller2-1.jpg\" data-orig-src=\"https:\/\/www.qeiinc.com\/wp-content\/uploads\/2024\/02\/eCAP-9450-Three-Phase-Capacitor-Controller2-1.jpg\" alt=\"\" width=\"1444\" height=\"724\" srcset=\"data:image\/svg+xml,%3Csvg%20xmlns%3D%27http%3A%2F%2Fwww.w3.org%2F2000%2Fsvg%27%20width%3D%271444%27%20height%3D%27724%27%20viewBox%3D%270%200%201444%20724%27%3E%3Crect%20width%3D%271444%27%20height%3D%27724%27%20fill-opacity%3D%220%22%2F%3E%3C%2Fsvg%3E\" data-srcset=\"https:\/\/www.qeiinc.com\/wp-content\/uploads\/2024\/02\/eCAP-9450-Three-Phase-Capacitor-Controller2-1-200x100.jpg 200w, https:\/\/www.qeiinc.com\/wp-content\/uploads\/2024\/02\/eCAP-9450-Three-Phase-Capacitor-Controller2-1-300x150.jpg 300w, https:\/\/www.qeiinc.com\/wp-content\/uploads\/2024\/02\/eCAP-9450-Three-Phase-Capacitor-Controller2-1-400x201.jpg 400w, https:\/\/www.qeiinc.com\/wp-content\/uploads\/2024\/02\/eCAP-9450-Three-Phase-Capacitor-Controller2-1-500x251.jpg 500w, https:\/\/www.qeiinc.com\/wp-content\/uploads\/2024\/02\/eCAP-9450-Three-Phase-Capacitor-Controller2-1-540x272.jpg 540w, https:\/\/www.qeiinc.com\/wp-content\/uploads\/2024\/02\/eCAP-9450-Three-Phase-Capacitor-Controller2-1-600x301.jpg 600w, https:\/\/www.qeiinc.com\/wp-content\/uploads\/2024\/02\/eCAP-9450-Three-Phase-Capacitor-Controller2-1-700x351.jpg 700w, https:\/\/www.qeiinc.com\/wp-content\/uploads\/2024\/02\/eCAP-9450-Three-Phase-Capacitor-Controller2-1-768x385.jpg 768w, https:\/\/www.qeiinc.com\/wp-content\/uploads\/2024\/02\/eCAP-9450-Three-Phase-Capacitor-Controller2-1-800x401.jpg 800w, https:\/\/www.qeiinc.com\/wp-content\/uploads\/2024\/02\/eCAP-9450-Three-Phase-Capacitor-Controller2-1-1024x513.jpg 1024w, https:\/\/www.qeiinc.com\/wp-content\/uploads\/2024\/02\/eCAP-9450-Three-Phase-Capacitor-Controller2-1-1200x602.jpg 1200w, https:\/\/www.qeiinc.com\/wp-content\/uploads\/2024\/02\/eCAP-9450-Three-Phase-Capacitor-Controller2-1.jpg 1444w\" data-sizes=\"auto\" data-orig-sizes=\"(max-width: 1444px) 100vw, 1444px\" \/><\/a><\/p>\n<\/div><div class=\"nav fusion-mobile-tab-nav\"><ul class=\"nav-tabs nav-justified\" role=\"tablist\"><li role=\"presentation\"><a class=\"tab-link\" data-toggle=\"tab\" role=\"tab\" aria-controls=\"tab-b68da49e66b6eaa02ef\" aria-selected=\"false\" tabindex=\"-1\" id=\"mobile-fusion-tab-downloads\" href=\"#tab-b68da49e66b6eaa02ef\"><h4 class=\"fusion-tab-heading\"><i class=\"fontawesome-icon fa-file-pdf fas\" aria-hidden=\"true\" style=\"font-size:16px;\"><\/i>Descargas <\/h4><\/a><\/li><\/ul><\/div><div class=\"tab-pane fade fusion-clearfix\" role=\"tabpanel\" tabindex=\"0\" aria-labelledby=\"fusion-tab-downloads\" id=\"tab-b68da49e66b6eaa02ef\">\n<h4><a href=\"https:\/\/www.qeiinc.com\/wp-content\/uploads\/2025\/12\/4-eCAP-9445-Tech-Bulletin.Rev3-es-419.pdf\" target=\"_blank\" rel=\"noopener\">Folleto del controlador trif\u00e1sico de condensadores eCAP 9445<\/a><\/h4>\n<\/div><\/div><\/div><\/div><\/div><\/div><\/div>","protected":false},"excerpt":{"rendered":"<p>Basado en la probada plataforma 6ACP6 de QEI, el eCAP-9445 proporciona control de bater\u00edas de condensadores trif\u00e1sicas, monof\u00e1sicas, de 3 pasos o de 2 pasos en un paquete rentable. Cuando est\u00e1 equipado con un canal de comunicaci\u00f3n serie o basado en TCP\/IP adecuado, proporciona funcionalidad SCADA a trav\u00e9s de DNP3 o cualquier otro protocolo actual o heredado de la biblioteca 6ACP6 para integrarse sin problemas con su sistema de gesti\u00f3n de distribuci\u00f3n m\u00e1s amplio.<\/p>\n<p>El eCAP-9445 acepta entradas de tensi\u00f3n y corriente de sensores de poste de l\u00ednea o transformadores de instrumentos directamente. La conmutaci\u00f3n de condensadores puede basarse en tensi\u00f3n o kVAR, con una opci\u00f3n de anulaci\u00f3n de tensi\u00f3n local incluida, que tiene prioridad sobre el control de kVAR. Tambi\u00e9n dispone de detecci\u00f3n de corriente neutra.<\/p>\n<p>La fuente de alimentaci\u00f3n de +12VDC 2,0A proporciona alimentaci\u00f3n tanto para la propia placa 6ACP6 como para una radio suministrada por el usuario. Seis salidas de rel\u00e9 de control (cada una a 10A\/250VAC) est\u00e1n dispuestas como 3 pares de disparo\/cierre para el control independiente o en grupo de tres interruptores de banco de tapas. Se incluyen interruptores en el panel frontal para las fases A, B y C de apertura\/cierre, autom\u00e1tico, manual, local\/remoto y bloqueo. Se incluyen indicadores LED en el panel frontal para facilitar la evaluaci\u00f3n de las operaciones.<\/p>","protected":false},"featured_media":42444,"comment_status":"open","ping_status":"closed","template":"","meta":{"_acf_changed":false},"product_brand":[],"product_cat":[385,393],"product_tag":[],"class_list":{"0":"post-40579","1":"product","2":"type-product","3":"status-publish","4":"has-post-thumbnail","6":"product_cat-automation-products","7":"product_cat-capacitor-controllers","9":"first","10":"instock","11":"shipping-taxable","12":"product-type-simple"},"acf":[],"yoast_head":"<!-- This site is optimized with the Yoast SEO plugin v27.4 - https:\/\/yoast.com\/product\/yoast-seo-wordpress\/ -->\n<title>eCAP 9445 Three-Phase Capacitor Controller | QEI Automation Solutions<\/title>\n<meta name=\"description\" content=\"Based upon QEI\u2019s field proven 6ACP6 platform, the eCAP-9445 provides three-phase, singlephase, 3-step, or 2-step capacitor bank control in a cost effective package.\" \/>\n<meta name=\"robots\" content=\"index, follow, max-snippet:-1, max-image-preview:large, max-video-preview:-1\" \/>\n<link rel=\"canonical\" href=\"https:\/\/www.qeiinc.com\/es\/producto\/ecap-9445-controlador-trifasico-de-condensadores\/\" \/>\n<meta property=\"og:locale\" content=\"es_ES\" \/>\n<meta property=\"og:type\" content=\"article\" \/>\n<meta property=\"og:title\" content=\"eCAP 9445 Three-Phase Capacitor Controller | QEI Automation Solutions\" \/>\n<meta property=\"og:description\" content=\"Based upon QEI\u2019s field proven 6ACP6 platform, the eCAP-9445 provides three-phase, singlephase, 3-step, or 2-step capacitor bank control in a cost effective package.\" \/>\n<meta property=\"og:url\" content=\"https:\/\/www.qeiinc.com\/es\/producto\/ecap-9445-controlador-trifasico-de-condensadores\/\" \/>\n<meta property=\"og:site_name\" content=\"QEI Automation Solutions\" \/>\n<meta property=\"article:publisher\" content=\"https:\/\/www.facebook.com\/qeiscada\/\" \/>\n<meta property=\"article:modified_time\" content=\"2024-10-18T18:05:00+00:00\" \/>\n<meta property=\"og:image\" content=\"https:\/\/www.qeiinc.com\/wp-content\/uploads\/2024\/02\/qei-ecap9445v2.jpg\" \/>\n\t<meta property=\"og:image:width\" content=\"1000\" \/>\n\t<meta property=\"og:image:height\" content=\"720\" \/>\n\t<meta property=\"og:image:type\" content=\"image\/jpeg\" \/>\n<meta name=\"twitter:card\" content=\"summary_large_image\" \/>\n<meta name=\"twitter:site\" content=\"@QeiScada\" \/>\n<meta name=\"twitter:label1\" content=\"Tiempo de lectura\" \/>\n\t<meta name=\"twitter:data1\" content=\"5 minutos\" \/>\n<script type=\"application\/ld+json\" class=\"yoast-schema-graph\">{\"@context\":\"https:\\\/\\\/schema.org\",\"@graph\":[{\"@type\":\"WebPage\",\"@id\":\"https:\\\/\\\/www.qeiinc.com\\\/product\\\/ecap-9445-three-phase-capacitor-controller\\\/\",\"url\":\"https:\\\/\\\/www.qeiinc.com\\\/product\\\/ecap-9445-three-phase-capacitor-controller\\\/\",\"name\":\"eCAP 9445 Three-Phase Capacitor Controller | QEI Automation Solutions\",\"isPartOf\":{\"@id\":\"https:\\\/\\\/www.qeiinc.com\\\/#website\"},\"primaryImageOfPage\":{\"@id\":\"https:\\\/\\\/www.qeiinc.com\\\/product\\\/ecap-9445-three-phase-capacitor-controller\\\/#primaryimage\"},\"image\":{\"@id\":\"https:\\\/\\\/www.qeiinc.com\\\/product\\\/ecap-9445-three-phase-capacitor-controller\\\/#primaryimage\"},\"thumbnailUrl\":\"https:\\\/\\\/www.qeiinc.com\\\/wp-content\\\/uploads\\\/2024\\\/02\\\/qei-ecap9445v2.jpg\",\"datePublished\":\"2024-02-23T14:29:36+00:00\",\"dateModified\":\"2024-10-18T18:05:00+00:00\",\"description\":\"Based upon QEI\u2019s field proven 6ACP6 platform, the eCAP-9445 provides three-phase, singlephase, 3-step, or 2-step capacitor bank control in a cost effective package.\",\"breadcrumb\":{\"@id\":\"https:\\\/\\\/www.qeiinc.com\\\/product\\\/ecap-9445-three-phase-capacitor-controller\\\/#breadcrumb\"},\"inLanguage\":\"es-CO\",\"potentialAction\":[{\"@type\":\"ReadAction\",\"target\":[\"https:\\\/\\\/www.qeiinc.com\\\/product\\\/ecap-9445-three-phase-capacitor-controller\\\/\"]}]},{\"@type\":\"ImageObject\",\"inLanguage\":\"es-CO\",\"@id\":\"https:\\\/\\\/www.qeiinc.com\\\/product\\\/ecap-9445-three-phase-capacitor-controller\\\/#primaryimage\",\"url\":\"https:\\\/\\\/www.qeiinc.com\\\/wp-content\\\/uploads\\\/2024\\\/02\\\/qei-ecap9445v2.jpg\",\"contentUrl\":\"https:\\\/\\\/www.qeiinc.com\\\/wp-content\\\/uploads\\\/2024\\\/02\\\/qei-ecap9445v2.jpg\",\"width\":1000,\"height\":720},{\"@type\":\"BreadcrumbList\",\"@id\":\"https:\\\/\\\/www.qeiinc.com\\\/product\\\/ecap-9445-three-phase-capacitor-controller\\\/#breadcrumb\",\"itemListElement\":[{\"@type\":\"ListItem\",\"position\":1,\"name\":\"Home\",\"item\":\"https:\\\/\\\/www.qeiinc.com\\\/\"},{\"@type\":\"ListItem\",\"position\":2,\"name\":\"Products\",\"item\":\"https:\\\/\\\/www.qeiinc.com\\\/products\\\/\"},{\"@type\":\"ListItem\",\"position\":3,\"name\":\"eCAP 9445 Three-Phase Capacitor Controller\"}]},{\"@type\":\"WebSite\",\"@id\":\"https:\\\/\\\/www.qeiinc.com\\\/#website\",\"url\":\"https:\\\/\\\/www.qeiinc.com\\\/\",\"name\":\"QEI\",\"description\":\"Automation Solutions\",\"publisher\":{\"@id\":\"https:\\\/\\\/www.qeiinc.com\\\/#organization\"},\"potentialAction\":[{\"@type\":\"SearchAction\",\"target\":{\"@type\":\"EntryPoint\",\"urlTemplate\":\"https:\\\/\\\/www.qeiinc.com\\\/?s={search_term_string}\"},\"query-input\":{\"@type\":\"PropertyValueSpecification\",\"valueRequired\":true,\"valueName\":\"search_term_string\"}}],\"inLanguage\":\"es-CO\"},{\"@type\":\"Organization\",\"@id\":\"https:\\\/\\\/www.qeiinc.com\\\/#organization\",\"name\":\"QEI\",\"url\":\"https:\\\/\\\/www.qeiinc.com\\\/\",\"logo\":{\"@type\":\"ImageObject\",\"inLanguage\":\"es-CO\",\"@id\":\"https:\\\/\\\/www.qeiinc.com\\\/#\\\/schema\\\/logo\\\/image\\\/\",\"url\":\"https:\\\/\\\/www.qeiinc.com\\\/wp-content\\\/uploads\\\/2025\\\/04\\\/qei-social-logo.jpg\",\"contentUrl\":\"https:\\\/\\\/www.qeiinc.com\\\/wp-content\\\/uploads\\\/2025\\\/04\\\/qei-social-logo.jpg\",\"width\":696,\"height\":696,\"caption\":\"QEI\"},\"image\":{\"@id\":\"https:\\\/\\\/www.qeiinc.com\\\/#\\\/schema\\\/logo\\\/image\\\/\"},\"sameAs\":[\"https:\\\/\\\/www.facebook.com\\\/qeiscada\\\/\",\"https:\\\/\\\/x.com\\\/QeiScada\",\"https:\\\/\\\/www.linkedin.com\\\/company\\\/qei-llc\\\/\"]}]}<\/script>\n<!-- \/ Yoast SEO plugin. -->","yoast_head_json":{"title":"Controlador trif\u00e1sico de condensadores eCAP 9445 | QEI Automation Solutions","description":"Basado en la plataforma 6ACP6 de QEI, de eficacia probada en campo, el eCAP-9445 proporciona control de bater\u00edas de condensadores trif\u00e1sicas, monof\u00e1sicas, de 3 pasos o de 2 pasos en un paquete rentable.","robots":{"index":"index","follow":"follow","max-snippet":"max-snippet:-1","max-image-preview":"max-image-preview:large","max-video-preview":"max-video-preview:-1"},"canonical":"https:\/\/www.qeiinc.com\/es\/producto\/ecap-9445-controlador-trifasico-de-condensadores\/","og_locale":"es_ES","og_type":"article","og_title":"eCAP 9445 Three-Phase Capacitor Controller | QEI Automation Solutions","og_description":"Based upon QEI\u2019s field proven 6ACP6 platform, the eCAP-9445 provides three-phase, singlephase, 3-step, or 2-step capacitor bank control in a cost effective package.","og_url":"https:\/\/www.qeiinc.com\/es\/producto\/ecap-9445-controlador-trifasico-de-condensadores\/","og_site_name":"QEI Automation Solutions","article_publisher":"https:\/\/www.facebook.com\/qeiscada\/","article_modified_time":"2024-10-18T18:05:00+00:00","og_image":[{"width":1000,"height":720,"url":"https:\/\/www.qeiinc.com\/wp-content\/uploads\/2024\/02\/qei-ecap9445v2.jpg","type":"image\/jpeg"}],"twitter_card":"summary_large_image","twitter_site":"@QeiScada","twitter_misc":{"Tiempo de lectura":"5 minutos"},"schema":{"@context":"https:\/\/schema.org","@graph":[{"@type":"WebPage","@id":"https:\/\/www.qeiinc.com\/product\/ecap-9445-three-phase-capacitor-controller\/","url":"https:\/\/www.qeiinc.com\/product\/ecap-9445-three-phase-capacitor-controller\/","name":"Controlador trif\u00e1sico de condensadores eCAP 9445 | QEI Automation Solutions","isPartOf":{"@id":"https:\/\/www.qeiinc.com\/#website"},"primaryImageOfPage":{"@id":"https:\/\/www.qeiinc.com\/product\/ecap-9445-three-phase-capacitor-controller\/#primaryimage"},"image":{"@id":"https:\/\/www.qeiinc.com\/product\/ecap-9445-three-phase-capacitor-controller\/#primaryimage"},"thumbnailUrl":"https:\/\/www.qeiinc.com\/wp-content\/uploads\/2024\/02\/qei-ecap9445v2.jpg","datePublished":"2024-02-23T14:29:36+00:00","dateModified":"2024-10-18T18:05:00+00:00","description":"Basado en la plataforma 6ACP6 de QEI, de eficacia probada en campo, el eCAP-9445 proporciona control de bater\u00edas de condensadores trif\u00e1sicas, monof\u00e1sicas, de 3 pasos o de 2 pasos en un paquete rentable.","breadcrumb":{"@id":"https:\/\/www.qeiinc.com\/product\/ecap-9445-three-phase-capacitor-controller\/#breadcrumb"},"inLanguage":"es-CO","potentialAction":[{"@type":"ReadAction","target":["https:\/\/www.qeiinc.com\/product\/ecap-9445-three-phase-capacitor-controller\/"]}]},{"@type":"ImageObject","inLanguage":"es-CO","@id":"https:\/\/www.qeiinc.com\/product\/ecap-9445-three-phase-capacitor-controller\/#primaryimage","url":"https:\/\/www.qeiinc.com\/wp-content\/uploads\/2024\/02\/qei-ecap9445v2.jpg","contentUrl":"https:\/\/www.qeiinc.com\/wp-content\/uploads\/2024\/02\/qei-ecap9445v2.jpg","width":1000,"height":720},{"@type":"BreadcrumbList","@id":"https:\/\/www.qeiinc.com\/product\/ecap-9445-three-phase-capacitor-controller\/#breadcrumb","itemListElement":[{"@type":"ListItem","position":1,"name":"Home","item":"https:\/\/www.qeiinc.com\/"},{"@type":"ListItem","position":2,"name":"Products","item":"https:\/\/www.qeiinc.com\/products\/"},{"@type":"ListItem","position":3,"name":"eCAP 9445 Three-Phase Capacitor Controller"}]},{"@type":"WebSite","@id":"https:\/\/www.qeiinc.com\/#website","url":"https:\/\/www.qeiinc.com\/","name":"QEI","description":"Soluciones de automatizaci\u00f3n","publisher":{"@id":"https:\/\/www.qeiinc.com\/#organization"},"potentialAction":[{"@type":"SearchAction","target":{"@type":"EntryPoint","urlTemplate":"https:\/\/www.qeiinc.com\/?s={search_term_string}"},"query-input":{"@type":"PropertyValueSpecification","valueRequired":true,"valueName":"search_term_string"}}],"inLanguage":"es-CO"},{"@type":"Organization","@id":"https:\/\/www.qeiinc.com\/#organization","name":"QEI","url":"https:\/\/www.qeiinc.com\/","logo":{"@type":"ImageObject","inLanguage":"es-CO","@id":"https:\/\/www.qeiinc.com\/#\/schema\/logo\/image\/","url":"https:\/\/www.qeiinc.com\/wp-content\/uploads\/2025\/04\/qei-social-logo.jpg","contentUrl":"https:\/\/www.qeiinc.com\/wp-content\/uploads\/2025\/04\/qei-social-logo.jpg","width":696,"height":696,"caption":"QEI"},"image":{"@id":"https:\/\/www.qeiinc.com\/#\/schema\/logo\/image\/"},"sameAs":["https:\/\/www.facebook.com\/qeiscada\/","https:\/\/x.com\/QeiScada","https:\/\/www.linkedin.com\/company\/qei-llc\/"]}]}},"publishpress_future_workflow_manual_trigger":{"enabledWorkflows":[]},"_links":{"self":[{"href":"https:\/\/www.qeiinc.com\/es\/wp-json\/wp\/v2\/product\/40579","targetHints":{"allow":["GET"]}}],"collection":[{"href":"https:\/\/www.qeiinc.com\/es\/wp-json\/wp\/v2\/product"}],"about":[{"href":"https:\/\/www.qeiinc.com\/es\/wp-json\/wp\/v2\/types\/product"}],"replies":[{"embeddable":true,"href":"https:\/\/www.qeiinc.com\/es\/wp-json\/wp\/v2\/comments?post=40579"}],"wp:featuredmedia":[{"embeddable":true,"href":"https:\/\/www.qeiinc.com\/es\/wp-json\/wp\/v2\/media\/42444"}],"wp:attachment":[{"href":"https:\/\/www.qeiinc.com\/es\/wp-json\/wp\/v2\/media?parent=40579"}],"wp:term":[{"taxonomy":"product_brand","embeddable":true,"href":"https:\/\/www.qeiinc.com\/es\/wp-json\/wp\/v2\/product_brand?post=40579"},{"taxonomy":"product_cat","embeddable":true,"href":"https:\/\/www.qeiinc.com\/es\/wp-json\/wp\/v2\/product_cat?post=40579"},{"taxonomy":"product_tag","embeddable":true,"href":"https:\/\/www.qeiinc.com\/es\/wp-json\/wp\/v2\/product_tag?post=40579"}],"curies":[{"name":"wp","href":"https:\/\/api.w.org\/{rel}","templated":true}]}}