{"id":40582,"date":"2024-02-23T08:30:31","date_gmt":"2024-02-23T14:30:31","guid":{"rendered":"https:\/\/www.qeiinc.com\/?post_type=product&#038;p=40582"},"modified":"2024-10-18T14:10:39","modified_gmt":"2024-10-18T18:10:39","slug":"supervision-de-la-red-secundaria-dnmesh","status":"publish","type":"product","link":"https:\/\/www.qeiinc.com\/es\/product\/dnmesh-secondary-network-monitoring\/","title":{"rendered":"Monitorizaci\u00f3n de la red secundaria DNMesh"},"content":{"rendered":"<div class=\"fusion-fullwidth fullwidth-box fusion-builder-row-1 fusion-flex-container has-pattern-background has-mask-background nonhundred-percent-fullwidth non-hundred-percent-height-scrolling\" style=\"--awb-border-radius-top-left:0px;--awb-border-radius-top-right:0px;--awb-border-radius-bottom-right:0px;--awb-border-radius-bottom-left:0px;--awb-padding-top:0px;--awb-margin-top:0px;--awb-flex-wrap:wrap;\" ><div class=\"fusion-builder-row fusion-row fusion-flex-align-items-center fusion-flex-content-wrap\" style=\"max-width:1310.4px;margin-left: calc(-4% \/ 2 );margin-right: calc(-4% \/ 2 );\"><div class=\"fusion-layout-column fusion_builder_column fusion-builder-column-0 fusion_builder_column_2_5 2_5 fusion-flex-column\" style=\"--awb-bg-size:cover;--awb-width-large:40%;--awb-margin-top-large:20px;--awb-spacing-right-large:4.8%;--awb-margin-bottom-large:20px;--awb-spacing-left-large:4.8%;--awb-width-medium:40%;--awb-order-medium:0;--awb-spacing-right-medium:4.8%;--awb-spacing-left-medium:4.8%;--awb-width-small:100%;--awb-order-small:0;--awb-spacing-right-small:1.92%;--awb-spacing-left-small:1.92%;\"><div class=\"fusion-column-wrapper fusion-column-has-shadow fusion-flex-justify-content-flex-start fusion-content-layout-column\"><div class=\"fusion-image-element\" style=\"text-align:center;--awb-max-width:350px;--awb-caption-title-font-family:var(--h2_typography-font-family);--awb-caption-title-font-weight:var(--h2_typography-font-weight);--awb-caption-title-font-style:var(--h2_typography-font-style);--awb-caption-title-size:var(--h2_typography-font-size);--awb-caption-title-transform:var(--h2_typography-text-transform);--awb-caption-title-line-height:var(--h2_typography-line-height);--awb-caption-title-letter-spacing:var(--h2_typography-letter-spacing);\"><span class=\"fusion-imageframe imageframe-none imageframe-1 hover-type-none\"><img decoding=\"async\" width=\"466\" height=\"450\" title=\"Captura de pantalla 2024-03-06 a las 13.13.32 horas\" src=\"https:\/\/www.qeiinc.com\/wp-content\/uploads\/2024\/02\/Screen-Shot-2024-03-06-at-1.13.32-PM.png\" data-orig-src=\"https:\/\/www.qeiinc.com\/wp-content\/uploads\/2024\/02\/Screen-Shot-2024-03-06-at-1.13.32-PM.png\" alt class=\"lazyload img-responsive wp-image-41285\" srcset=\"data:image\/svg+xml,%3Csvg%20xmlns%3D%27http%3A%2F%2Fwww.w3.org%2F2000%2Fsvg%27%20width%3D%27466%27%20height%3D%27450%27%20viewBox%3D%270%200%20466%20450%27%3E%3Crect%20width%3D%27466%27%20height%3D%27450%27%20fill-opacity%3D%220%22%2F%3E%3C%2Fsvg%3E\" data-srcset=\"https:\/\/www.qeiinc.com\/wp-content\/uploads\/2024\/02\/Screen-Shot-2024-03-06-at-1.13.32-PM-200x193.png 200w, https:\/\/www.qeiinc.com\/wp-content\/uploads\/2024\/02\/Screen-Shot-2024-03-06-at-1.13.32-PM-400x386.png 400w, https:\/\/www.qeiinc.com\/wp-content\/uploads\/2024\/02\/Screen-Shot-2024-03-06-at-1.13.32-PM.png 466w\" data-sizes=\"auto\" data-orig-sizes=\"(max-width: 640px) 100vw, 466px\" \/><\/span><\/div><\/div><\/div><div class=\"fusion-layout-column fusion_builder_column fusion-builder-column-1 fusion_builder_column_3_5 3_5 fusion-flex-column\" style=\"--awb-bg-size:cover;--awb-width-large:60%;--awb-margin-top-large:20px;--awb-spacing-right-large:3.2%;--awb-margin-bottom-large:20px;--awb-spacing-left-large:3.2%;--awb-width-medium:60%;--awb-order-medium:0;--awb-spacing-right-medium:3.2%;--awb-spacing-left-medium:3.2%;--awb-width-small:100%;--awb-order-small:0;--awb-spacing-right-small:1.92%;--awb-spacing-left-small:1.92%;\"><div class=\"fusion-column-wrapper fusion-column-has-shadow fusion-flex-justify-content-flex-start fusion-content-layout-column\"><div class=\"fusion-text fusion-text-1\"><h4 class=\"p2 fusion-responsive-typography-calculated\" style=\"--fontsize: 24; line-height: 1.42; --minfontsize: 24;\" data-fontsize=\"24\" data-lineheight=\"34.08px\"><b>Producto CEMesh de PSI<\/b><\/h4>\n<ul>\n<li class=\"p3\">CEMesh es un sistema de detecci\u00f3n distribuida de corriente, tensi\u00f3n y \u00e1ngulo de fase.<\/li>\n<li class=\"p3\">Se utiliza para controlar el rendimiento de los conductores de alta corriente en una red secundaria de baja tensi\u00f3n.<\/li>\n<li class=\"p3\">La experiencia de PSI incluye sensores, procesamiento de datos y dise\u00f1o de equipos para el entorno de los servicios p\u00fablicos.<\/li>\n<\/ul>\n<\/div><\/div><\/div><\/div><\/div>","protected":false},"excerpt":{"rendered":"<p class=\"p2\"><span class=\"s2\"><b>DNMesh <\/b><\/span><b>- Integraci\u00f3n de MicroPAQ-940P con CEMesh<\/b><\/p>\n<p class=\"p1\"><span class=\"s1\">DNMesh <\/span>aborda la necesidad de proporcionar visibilidad de las condiciones de funcionamiento del mayor activo no supervisado de la empresa de servicios p\u00fablicos, los cables, y con DNP3 estos cables pueden integrarse f\u00e1cilmente con el sistema SCADA.<span class=\"Apple-converted-space\">\u00a0<\/span><\/p>\n<ul>\n<li class=\"p2\">PSI aprovech\u00f3 la experiencia de QEI en DNP3 para montar un sistema de detecci\u00f3n distribuida probado.<\/li>\n<li class=\"p2\">El QEI <span class=\"s1\"><b>MicroPAQ-940P <\/b><\/span>por su fiabilidad y robustez.<\/li>\n<li class=\"p2\">Para mejorar la soluci\u00f3n, QEI ha desarrollado una interfaz que puede aceptar el flujo digital de datos preprocesados y ponerlo a disposici\u00f3n de los usuarios finales a trav\u00e9s de DNP3 <span class=\"s1\">en<\/span>\u00a0TCP\/IP.<span class=\"Apple-converted-space\">\u00a0<\/span><\/li>\n<li class=\"p2\">\n<div class=\"textWrapper-0-2-487\">\n<div class=\"block-0-2-17 block-d678-0-2-2247 body-0-2-25\">La comunicaci\u00f3n DNP3 permite que DNMesh se integre f\u00e1cilmente en el sistema SCADA de las empresas de servicios p\u00fablicos.<\/div>\n<\/div>\n<\/li>\n<li class=\"p2\">Esta soluci\u00f3n se integra perfectamente con el aparato PSI, lo que permite a los usuarios finales acceder a los datos con facilidad y eficacia.<\/li>\n<\/ul>","protected":false},"featured_media":43030,"comment_status":"open","ping_status":"closed","template":"","meta":{"_acf_changed":false},"product_brand":[],"product_cat":[402,385],"product_tag":[],"class_list":{"0":"post-40582","1":"product","2":"type-product","3":"status-publish","4":"has-post-thumbnail","6":"product_cat-power-monitoring","7":"product_cat-automation-products","9":"first","10":"instock","11":"shipping-taxable","12":"product-type-simple"},"acf":[],"yoast_head":"<!-- This site is optimized with the Yoast SEO plugin v27.5 - https:\/\/yoast.com\/product\/yoast-seo-wordpress\/ -->\n<title>DNMesh Secondary Network Monitoring | QEI Automation Solutions<\/title>\n<meta name=\"description\" content=\"DNMesh addresses the need to provide visibility into operating conditions of the utility&#039;s largest unmonitored asset - cables and with DNP 3.0 can be easily integrated with SCADA system.\u00a0\" \/>\n<meta name=\"robots\" content=\"index, follow, max-snippet:-1, max-image-preview:large, max-video-preview:-1\" \/>\n<link rel=\"canonical\" href=\"https:\/\/www.qeiinc.com\/es\/producto\/supervision-de-la-red-secundaria-dnmesh\/\" \/>\n<meta property=\"og:locale\" content=\"es_ES\" \/>\n<meta property=\"og:type\" content=\"article\" \/>\n<meta property=\"og:title\" content=\"DNMesh Secondary Network Monitoring | QEI Automation Solutions\" \/>\n<meta property=\"og:description\" content=\"DNMesh addresses the need to provide visibility into operating conditions of the utility&#039;s largest unmonitored asset - cables and with DNP 3.0 can be easily integrated with SCADA system.\u00a0\" \/>\n<meta property=\"og:url\" content=\"https:\/\/www.qeiinc.com\/es\/producto\/supervision-de-la-red-secundaria-dnmesh\/\" \/>\n<meta property=\"og:site_name\" content=\"QEI Automation Solutions\" \/>\n<meta property=\"article:publisher\" content=\"https:\/\/www.facebook.com\/qeiscada\/\" \/>\n<meta property=\"article:modified_time\" content=\"2024-10-18T18:10:39+00:00\" \/>\n<meta property=\"og:image\" content=\"https:\/\/www.qeiinc.com\/wp-content\/uploads\/2024\/02\/qei-PSI-Data-Processing-System.jpg\" \/>\n\t<meta property=\"og:image:width\" content=\"1000\" \/>\n\t<meta property=\"og:image:height\" content=\"600\" \/>\n\t<meta property=\"og:image:type\" content=\"image\/jpeg\" \/>\n<meta name=\"twitter:card\" content=\"summary_large_image\" \/>\n<meta name=\"twitter:site\" content=\"@QeiScada\" \/>\n<meta name=\"twitter:label1\" content=\"Tiempo de lectura\" \/>\n\t<meta name=\"twitter:data1\" content=\"5 minutos\" \/>\n<script type=\"application\/ld+json\" class=\"yoast-schema-graph\">{\"@context\":\"https:\\\/\\\/schema.org\",\"@graph\":[{\"@type\":\"WebPage\",\"@id\":\"https:\\\/\\\/www.qeiinc.com\\\/product\\\/dnmesh-secondary-network-monitoring\\\/\",\"url\":\"https:\\\/\\\/www.qeiinc.com\\\/product\\\/dnmesh-secondary-network-monitoring\\\/\",\"name\":\"DNMesh Secondary Network Monitoring | QEI Automation Solutions\",\"isPartOf\":{\"@id\":\"https:\\\/\\\/www.qeiinc.com\\\/#website\"},\"primaryImageOfPage\":{\"@id\":\"https:\\\/\\\/www.qeiinc.com\\\/product\\\/dnmesh-secondary-network-monitoring\\\/#primaryimage\"},\"image\":{\"@id\":\"https:\\\/\\\/www.qeiinc.com\\\/product\\\/dnmesh-secondary-network-monitoring\\\/#primaryimage\"},\"thumbnailUrl\":\"https:\\\/\\\/www.qeiinc.com\\\/wp-content\\\/uploads\\\/2024\\\/02\\\/qei-PSI-Data-Processing-System.jpg\",\"datePublished\":\"2024-02-23T14:30:31+00:00\",\"dateModified\":\"2024-10-18T18:10:39+00:00\",\"description\":\"DNMesh addresses the need to provide visibility into operating conditions of the utility's largest unmonitored asset - cables and with DNP 3.0 can be easily integrated with SCADA system.\u00a0\",\"breadcrumb\":{\"@id\":\"https:\\\/\\\/www.qeiinc.com\\\/product\\\/dnmesh-secondary-network-monitoring\\\/#breadcrumb\"},\"inLanguage\":\"es-CO\",\"potentialAction\":[{\"@type\":\"ReadAction\",\"target\":[\"https:\\\/\\\/www.qeiinc.com\\\/product\\\/dnmesh-secondary-network-monitoring\\\/\"]}]},{\"@type\":\"ImageObject\",\"inLanguage\":\"es-CO\",\"@id\":\"https:\\\/\\\/www.qeiinc.com\\\/product\\\/dnmesh-secondary-network-monitoring\\\/#primaryimage\",\"url\":\"https:\\\/\\\/www.qeiinc.com\\\/wp-content\\\/uploads\\\/2024\\\/02\\\/qei-PSI-Data-Processing-System.jpg\",\"contentUrl\":\"https:\\\/\\\/www.qeiinc.com\\\/wp-content\\\/uploads\\\/2024\\\/02\\\/qei-PSI-Data-Processing-System.jpg\",\"width\":1000,\"height\":600},{\"@type\":\"BreadcrumbList\",\"@id\":\"https:\\\/\\\/www.qeiinc.com\\\/product\\\/dnmesh-secondary-network-monitoring\\\/#breadcrumb\",\"itemListElement\":[{\"@type\":\"ListItem\",\"position\":1,\"name\":\"Home\",\"item\":\"https:\\\/\\\/www.qeiinc.com\\\/\"},{\"@type\":\"ListItem\",\"position\":2,\"name\":\"Products\",\"item\":\"https:\\\/\\\/www.qeiinc.com\\\/products\\\/\"},{\"@type\":\"ListItem\",\"position\":3,\"name\":\"DNMesh Secondary Network Monitoring\"}]},{\"@type\":\"WebSite\",\"@id\":\"https:\\\/\\\/www.qeiinc.com\\\/#website\",\"url\":\"https:\\\/\\\/www.qeiinc.com\\\/\",\"name\":\"QEI\",\"description\":\"Automation Solutions\",\"publisher\":{\"@id\":\"https:\\\/\\\/www.qeiinc.com\\\/#organization\"},\"potentialAction\":[{\"@type\":\"SearchAction\",\"target\":{\"@type\":\"EntryPoint\",\"urlTemplate\":\"https:\\\/\\\/www.qeiinc.com\\\/?s={search_term_string}\"},\"query-input\":{\"@type\":\"PropertyValueSpecification\",\"valueRequired\":true,\"valueName\":\"search_term_string\"}}],\"inLanguage\":\"es-CO\"},{\"@type\":\"Organization\",\"@id\":\"https:\\\/\\\/www.qeiinc.com\\\/#organization\",\"name\":\"QEI\",\"url\":\"https:\\\/\\\/www.qeiinc.com\\\/\",\"logo\":{\"@type\":\"ImageObject\",\"inLanguage\":\"es-CO\",\"@id\":\"https:\\\/\\\/www.qeiinc.com\\\/#\\\/schema\\\/logo\\\/image\\\/\",\"url\":\"https:\\\/\\\/www.qeiinc.com\\\/wp-content\\\/uploads\\\/2025\\\/04\\\/qei-social-logo.jpg\",\"contentUrl\":\"https:\\\/\\\/www.qeiinc.com\\\/wp-content\\\/uploads\\\/2025\\\/04\\\/qei-social-logo.jpg\",\"width\":696,\"height\":696,\"caption\":\"QEI\"},\"image\":{\"@id\":\"https:\\\/\\\/www.qeiinc.com\\\/#\\\/schema\\\/logo\\\/image\\\/\"},\"sameAs\":[\"https:\\\/\\\/www.facebook.com\\\/qeiscada\\\/\",\"https:\\\/\\\/x.com\\\/QeiScada\",\"https:\\\/\\\/www.linkedin.com\\\/company\\\/qei-llc\\\/\"]}]}<\/script>\n<!-- \/ Yoast SEO plugin. -->","yoast_head_json":{"title":"Monitorizaci\u00f3n de red secundaria DNMesh | Soluciones de automatizaci\u00f3n QEI","description":"DNMesh aborda la necesidad de proporcionar visibilidad de las condiciones de funcionamiento del mayor activo no supervisado de la empresa de servicios p\u00fablicos: los cables, y con DNP 3.0 puede integrarse f\u00e1cilmente con el sistema SCADA.\u00a0","robots":{"index":"index","follow":"follow","max-snippet":"max-snippet:-1","max-image-preview":"max-image-preview:large","max-video-preview":"max-video-preview:-1"},"canonical":"https:\/\/www.qeiinc.com\/es\/producto\/supervision-de-la-red-secundaria-dnmesh\/","og_locale":"es_ES","og_type":"article","og_title":"DNMesh Secondary Network Monitoring | QEI Automation Solutions","og_description":"DNMesh addresses the need to provide visibility into operating conditions of the utility's largest unmonitored asset - cables and with DNP 3.0 can be easily integrated with SCADA system.\u00a0","og_url":"https:\/\/www.qeiinc.com\/es\/producto\/supervision-de-la-red-secundaria-dnmesh\/","og_site_name":"QEI Automation Solutions","article_publisher":"https:\/\/www.facebook.com\/qeiscada\/","article_modified_time":"2024-10-18T18:10:39+00:00","og_image":[{"width":1000,"height":600,"url":"https:\/\/www.qeiinc.com\/wp-content\/uploads\/2024\/02\/qei-PSI-Data-Processing-System.jpg","type":"image\/jpeg"}],"twitter_card":"summary_large_image","twitter_site":"@QeiScada","twitter_misc":{"Tiempo de lectura":"5 minutos"},"schema":{"@context":"https:\/\/schema.org","@graph":[{"@type":"WebPage","@id":"https:\/\/www.qeiinc.com\/product\/dnmesh-secondary-network-monitoring\/","url":"https:\/\/www.qeiinc.com\/product\/dnmesh-secondary-network-monitoring\/","name":"Monitorizaci\u00f3n de red secundaria DNMesh | Soluciones de automatizaci\u00f3n QEI","isPartOf":{"@id":"https:\/\/www.qeiinc.com\/#website"},"primaryImageOfPage":{"@id":"https:\/\/www.qeiinc.com\/product\/dnmesh-secondary-network-monitoring\/#primaryimage"},"image":{"@id":"https:\/\/www.qeiinc.com\/product\/dnmesh-secondary-network-monitoring\/#primaryimage"},"thumbnailUrl":"https:\/\/www.qeiinc.com\/wp-content\/uploads\/2024\/02\/qei-PSI-Data-Processing-System.jpg","datePublished":"2024-02-23T14:30:31+00:00","dateModified":"2024-10-18T18:10:39+00:00","description":"DNMesh aborda la necesidad de proporcionar visibilidad de las condiciones de funcionamiento del mayor activo no supervisado de la empresa de servicios p\u00fablicos: los cables, y con DNP 3.0 puede integrarse f\u00e1cilmente con el sistema SCADA.\u00a0","breadcrumb":{"@id":"https:\/\/www.qeiinc.com\/product\/dnmesh-secondary-network-monitoring\/#breadcrumb"},"inLanguage":"es-CO","potentialAction":[{"@type":"ReadAction","target":["https:\/\/www.qeiinc.com\/product\/dnmesh-secondary-network-monitoring\/"]}]},{"@type":"ImageObject","inLanguage":"es-CO","@id":"https:\/\/www.qeiinc.com\/product\/dnmesh-secondary-network-monitoring\/#primaryimage","url":"https:\/\/www.qeiinc.com\/wp-content\/uploads\/2024\/02\/qei-PSI-Data-Processing-System.jpg","contentUrl":"https:\/\/www.qeiinc.com\/wp-content\/uploads\/2024\/02\/qei-PSI-Data-Processing-System.jpg","width":1000,"height":600},{"@type":"BreadcrumbList","@id":"https:\/\/www.qeiinc.com\/product\/dnmesh-secondary-network-monitoring\/#breadcrumb","itemListElement":[{"@type":"ListItem","position":1,"name":"Home","item":"https:\/\/www.qeiinc.com\/"},{"@type":"ListItem","position":2,"name":"Products","item":"https:\/\/www.qeiinc.com\/products\/"},{"@type":"ListItem","position":3,"name":"DNMesh Secondary Network Monitoring"}]},{"@type":"WebSite","@id":"https:\/\/www.qeiinc.com\/#website","url":"https:\/\/www.qeiinc.com\/","name":"QEI","description":"Soluciones de automatizaci\u00f3n","publisher":{"@id":"https:\/\/www.qeiinc.com\/#organization"},"potentialAction":[{"@type":"SearchAction","target":{"@type":"EntryPoint","urlTemplate":"https:\/\/www.qeiinc.com\/?s={search_term_string}"},"query-input":{"@type":"PropertyValueSpecification","valueRequired":true,"valueName":"search_term_string"}}],"inLanguage":"es-CO"},{"@type":"Organization","@id":"https:\/\/www.qeiinc.com\/#organization","name":"QEI","url":"https:\/\/www.qeiinc.com\/","logo":{"@type":"ImageObject","inLanguage":"es-CO","@id":"https:\/\/www.qeiinc.com\/#\/schema\/logo\/image\/","url":"https:\/\/www.qeiinc.com\/wp-content\/uploads\/2025\/04\/qei-social-logo.jpg","contentUrl":"https:\/\/www.qeiinc.com\/wp-content\/uploads\/2025\/04\/qei-social-logo.jpg","width":696,"height":696,"caption":"QEI"},"image":{"@id":"https:\/\/www.qeiinc.com\/#\/schema\/logo\/image\/"},"sameAs":["https:\/\/www.facebook.com\/qeiscada\/","https:\/\/x.com\/QeiScada","https:\/\/www.linkedin.com\/company\/qei-llc\/"]}]}},"publishpress_future_workflow_manual_trigger":{"enabledWorkflows":[]},"_links":{"self":[{"href":"https:\/\/www.qeiinc.com\/es\/wp-json\/wp\/v2\/product\/40582","targetHints":{"allow":["GET"]}}],"collection":[{"href":"https:\/\/www.qeiinc.com\/es\/wp-json\/wp\/v2\/product"}],"about":[{"href":"https:\/\/www.qeiinc.com\/es\/wp-json\/wp\/v2\/types\/product"}],"replies":[{"embeddable":true,"href":"https:\/\/www.qeiinc.com\/es\/wp-json\/wp\/v2\/comments?post=40582"}],"wp:featuredmedia":[{"embeddable":true,"href":"https:\/\/www.qeiinc.com\/es\/wp-json\/wp\/v2\/media\/43030"}],"wp:attachment":[{"href":"https:\/\/www.qeiinc.com\/es\/wp-json\/wp\/v2\/media?parent=40582"}],"wp:term":[{"taxonomy":"product_brand","embeddable":true,"href":"https:\/\/www.qeiinc.com\/es\/wp-json\/wp\/v2\/product_brand?post=40582"},{"taxonomy":"product_cat","embeddable":true,"href":"https:\/\/www.qeiinc.com\/es\/wp-json\/wp\/v2\/product_cat?post=40582"},{"taxonomy":"product_tag","embeddable":true,"href":"https:\/\/www.qeiinc.com\/es\/wp-json\/wp\/v2\/product_tag?post=40582"}],"curies":[{"name":"wp","href":"https:\/\/api.w.org\/{rel}","templated":true}]}}