{"id":40583,"date":"2024-02-23T08:30:47","date_gmt":"2024-02-23T14:30:47","guid":{"rendered":"https:\/\/www.qeiinc.com\/?post_type=product&#038;p=40583"},"modified":"2024-10-23T11:41:12","modified_gmt":"2024-10-23T15:41:12","slug":"micropaq-ac-primary-monitorizacion-de-red","status":"publish","type":"product","link":"https:\/\/www.qeiinc.com\/es\/product\/micropaq-ac-primary-network-monitoring\/","title":{"rendered":"Supervisi\u00f3n de la red principal de MicroPAQ AC"},"content":{"rendered":"<div class=\"fusion-fullwidth fullwidth-box fusion-builder-row-1 fusion-flex-container nonhundred-percent-fullwidth non-hundred-percent-height-scrolling\" style=\"--awb-border-radius-top-left:0px;--awb-border-radius-top-right:0px;--awb-border-radius-bottom-right:0px;--awb-border-radius-bottom-left:0px;--awb-flex-wrap:wrap;\" ><div class=\"fusion-builder-row fusion-row fusion-flex-align-items-flex-start fusion-flex-content-wrap\" style=\"max-width:1310.4px;margin-left: calc(-4% \/ 2 );margin-right: calc(-4% \/ 2 );\"><div class=\"fusion-layout-column fusion_builder_column fusion-builder-column-0 fusion_builder_column_1_1 1_1 fusion-flex-column\" style=\"--awb-bg-color:var(--awb-color4);--awb-bg-color-hover:var(--awb-color4);--awb-bg-size:cover;--awb-width-large:100%;--awb-margin-top-large:20px;--awb-spacing-right-large:1.92%;--awb-margin-bottom-large:20px;--awb-spacing-left-large:1.92%;--awb-width-medium:100%;--awb-order-medium:0;--awb-spacing-right-medium:1.92%;--awb-spacing-left-medium:1.92%;--awb-width-small:100%;--awb-order-small:0;--awb-spacing-right-small:1.92%;--awb-spacing-left-small:1.92%;\" data-scroll-devices=\"small-visibility,medium-visibility,large-visibility\"><div class=\"fusion-column-wrapper fusion-column-has-shadow fusion-flex-justify-content-flex-start fusion-content-layout-column\"><div class=\"fusion-tabs fusion-tabs-1 clean nav-is-justified horizontal-tabs icon-position-left mobile-mode-accordion\" style=\"--awb-title-border-radius-top-left:0px;--awb-title-border-radius-top-right:0px;--awb-title-border-radius-bottom-right:0px;--awb-title-border-radius-bottom-left:0px;--awb-content-padding-top:0px;--awb-content-padding-right:60px;--awb-content-padding-bottom:0px;--awb-content-padding-left:40px;--awb-title-font-size:22px;--awb-title-text-transform:uppercase;--awb-title-line-height:29px;--awb-alignment:start;--awb-inactive-color:rgba(0,162,224,0.79);--awb-title-text-color:var(--awb-color1);--awb-background-color:var(--awb-custom_color_1);--awb-border-color:var(--awb-color3);--awb-active-border-color:var(--awb-color5);--awb-title-font-family:&quot;Geologica&quot;;--awb-title-font-style:normal;--awb-title-font-weight:200;\"><div class=\"nav\"><ul class=\"nav-tabs nav-justified\" role=\"tablist\"><li class=\"active\" role=\"presentation\"><a class=\"tab-link\" data-toggle=\"tab\" role=\"tab\" aria-controls=\"tab-6e27b0ce7bab99e45e4\" aria-selected=\"true\" id=\"fusion-tab-features\" href=\"#tab-6e27b0ce7bab99e45e4\"><h4 class=\"fusion-tab-heading\"><i class=\"fontawesome-icon fa-list fas\" aria-hidden=\"true\" style=\"font-size:16px;\"><\/i>Caracter\u00edsticas<\/h4><\/a><\/li><\/ul><\/div><div class=\"tab-content\"><div class=\"nav fusion-mobile-tab-nav\"><ul class=\"nav-tabs nav-justified\" role=\"tablist\"><li class=\"active\" role=\"presentation\"><a class=\"tab-link\" data-toggle=\"tab\" role=\"tab\" aria-controls=\"tab-6e27b0ce7bab99e45e4\" aria-selected=\"true\" id=\"mobile-fusion-tab-features\" href=\"#tab-6e27b0ce7bab99e45e4\"><h4 class=\"fusion-tab-heading\"><i class=\"fontawesome-icon fa-list fas\" aria-hidden=\"true\" style=\"font-size:16px;\"><\/i>Caracter\u00edsticas<\/h4><\/a><\/li><\/ul><\/div><div class=\"tab-pane fade fusion-clearfix in active\" role=\"tabpanel\" tabindex=\"0\" aria-labelledby=\"fusion-tab-features\" id=\"tab-6e27b0ce7bab99e45e4\">\n<ul>\n<li>Montaje en carril DIN o panel<\/li>\n<\/ul>\n<ul>\n<li>7 entradas anal\u00f3gicas\n<ul>\n<li>Tensi\u00f3n alterna trif\u00e1sica (PT)<\/li>\n<li>Corriente alterna trif\u00e1sica (TC)<\/li>\n<li>1 DC<\/li>\n<\/ul>\n<\/li>\n<\/ul>\n<ul>\n<li>Alimentaci\u00f3n de entrada: +24 Vcc nominal (+9 Vcc m\u00edn. a +36 Vcc m\u00e1x.) @TBD mA con fusible.<\/li>\n<\/ul>\n<ul>\n<li>Comunicaciones:\n<ul>\n<li>Puerto de expansi\u00f3n de E\/S: RS-422, utilizando dos tomas RJ45 paralelas para el paso de comunicaciones<\/li>\n<li>Puerto RS232 interno: Diagn\u00f3stico, uso en f\u00e1brica<\/li>\n<\/ul>\n<\/li>\n<\/ul>\n<\/div><\/div><\/div><\/div><\/div><\/div><\/div>","protected":false},"excerpt":{"rendered":"<p><strong>Expansi\u00f3n de entrada anal\u00f3gica para MicroPAQ-940P y ePAQ-9410\/20\/25<\/strong><\/p>\n<p>El M\u00f3dulo de Entrada Anal\u00f3gica MicroPAQ-940AC es un M\u00f3dulo de Expansi\u00f3n de E\/S que forma parte de la familia QEI de Productos de Automatizaci\u00f3n de Distribuci\u00f3n.<\/p>\n<p>Se trata de un conjunto el\u00e9ctrico basado en microprocesador que proporciona capacidad de medici\u00f3n anal\u00f3gica a los productos MicroPAQ-940P y ePAQ-9410\/20\/25.<\/p>\n<p>Los siete puntos anal\u00f3gicos est\u00e1n dispuestos en dos grupos de tres puntos en TB1, y cuatro puntos en TB2.  Para aplicaciones de CA, las entradas anal\u00f3gicas de CA se conectan directamente a sensores externos, TC y PT, sin necesidad de transductores, lo que hace que las entradas sean sin transductor.<\/p>\n<p>Un banco de 8 interruptores DIP en cada m\u00f3dulo permite el direccionamiento de hasta 256 m\u00f3dulos, para una capacidad total de hasta 2048 puntos anal\u00f3gicos (256 x 8). Se incluyen indicadores LED para el diagn\u00f3stico de la unidad y las comunicaciones RS-422.<\/p>\n<p>La entrada de alimentaci\u00f3n al MicroPAQ-940AC se realiza a trav\u00e9s de los pines de las tomas RS-422 RJ45. La alimentaci\u00f3n se suministra a trav\u00e9s del puerto troncal MicroPAQ-940P o ePAQ-9410\/20\/25, o a trav\u00e9s de una fuente de alimentaci\u00f3n independiente.<\/p>","protected":false},"featured_media":41614,"comment_status":"open","ping_status":"closed","template":"","meta":{"_acf_changed":false},"product_brand":[],"product_cat":[402,385],"product_tag":[],"class_list":{"0":"post-40583","1":"product","2":"type-product","3":"status-publish","4":"has-post-thumbnail","6":"product_cat-power-monitoring","7":"product_cat-automation-products","9":"first","10":"instock","11":"shipping-taxable","12":"product-type-simple"},"acf":[],"yoast_head":"<!-- This site is optimized with the Yoast SEO plugin v27.5 - https:\/\/yoast.com\/product\/yoast-seo-wordpress\/ -->\n<title>MicroPAQ AC Primary Network Monitoring | QEI Automation Solutions<\/title>\n<meta name=\"description\" content=\"The MicroPAQ-940AC Analog Input Module is an I\/O Expansion Module that is part of the QEI family of Distribution Automation Products.\" \/>\n<meta name=\"robots\" content=\"index, follow, max-snippet:-1, max-image-preview:large, max-video-preview:-1\" \/>\n<link rel=\"canonical\" href=\"https:\/\/www.qeiinc.com\/es\/producto\/micropaq-ac-primary-monitorizacion-de-red\/\" \/>\n<meta property=\"og:locale\" content=\"es_ES\" \/>\n<meta property=\"og:type\" content=\"article\" \/>\n<meta property=\"og:title\" content=\"MicroPAQ AC Primary Network Monitoring | QEI Automation Solutions\" \/>\n<meta property=\"og:description\" content=\"The MicroPAQ-940AC Analog Input Module is an I\/O Expansion Module that is part of the QEI family of Distribution Automation Products.\" \/>\n<meta property=\"og:url\" content=\"https:\/\/www.qeiinc.com\/es\/producto\/micropaq-ac-primary-monitorizacion-de-red\/\" \/>\n<meta property=\"og:site_name\" content=\"QEI Automation Solutions\" \/>\n<meta property=\"article:publisher\" content=\"https:\/\/www.facebook.com\/qeiscada\/\" \/>\n<meta property=\"article:modified_time\" content=\"2024-10-23T15:41:12+00:00\" \/>\n<meta property=\"og:image\" content=\"https:\/\/www.qeiinc.com\/wp-content\/uploads\/2024\/02\/MicroPAQ-940AC-Analog-Input-Module.jpg\" \/>\n\t<meta property=\"og:image:width\" content=\"1000\" \/>\n\t<meta property=\"og:image:height\" content=\"720\" \/>\n\t<meta property=\"og:image:type\" content=\"image\/jpeg\" \/>\n<meta name=\"twitter:card\" content=\"summary_large_image\" \/>\n<meta name=\"twitter:site\" content=\"@QeiScada\" \/>\n<meta name=\"twitter:label1\" content=\"Tiempo de lectura\" \/>\n\t<meta name=\"twitter:data1\" content=\"5 minutos\" \/>\n<script type=\"application\/ld+json\" class=\"yoast-schema-graph\">{\"@context\":\"https:\\\/\\\/schema.org\",\"@graph\":[{\"@type\":\"WebPage\",\"@id\":\"https:\\\/\\\/www.qeiinc.com\\\/product\\\/micropaq-ac-primary-network-monitoring\\\/\",\"url\":\"https:\\\/\\\/www.qeiinc.com\\\/product\\\/micropaq-ac-primary-network-monitoring\\\/\",\"name\":\"MicroPAQ AC Primary Network Monitoring | QEI Automation Solutions\",\"isPartOf\":{\"@id\":\"https:\\\/\\\/www.qeiinc.com\\\/#website\"},\"primaryImageOfPage\":{\"@id\":\"https:\\\/\\\/www.qeiinc.com\\\/product\\\/micropaq-ac-primary-network-monitoring\\\/#primaryimage\"},\"image\":{\"@id\":\"https:\\\/\\\/www.qeiinc.com\\\/product\\\/micropaq-ac-primary-network-monitoring\\\/#primaryimage\"},\"thumbnailUrl\":\"https:\\\/\\\/www.qeiinc.com\\\/wp-content\\\/uploads\\\/2024\\\/02\\\/MicroPAQ-940AC-Analog-Input-Module.jpg\",\"datePublished\":\"2024-02-23T14:30:47+00:00\",\"dateModified\":\"2024-10-23T15:41:12+00:00\",\"description\":\"The MicroPAQ-940AC Analog Input Module is an I\\\/O Expansion Module that is part of the QEI family of Distribution Automation Products.\",\"breadcrumb\":{\"@id\":\"https:\\\/\\\/www.qeiinc.com\\\/product\\\/micropaq-ac-primary-network-monitoring\\\/#breadcrumb\"},\"inLanguage\":\"es-CO\",\"potentialAction\":[{\"@type\":\"ReadAction\",\"target\":[\"https:\\\/\\\/www.qeiinc.com\\\/product\\\/micropaq-ac-primary-network-monitoring\\\/\"]}]},{\"@type\":\"ImageObject\",\"inLanguage\":\"es-CO\",\"@id\":\"https:\\\/\\\/www.qeiinc.com\\\/product\\\/micropaq-ac-primary-network-monitoring\\\/#primaryimage\",\"url\":\"https:\\\/\\\/www.qeiinc.com\\\/wp-content\\\/uploads\\\/2024\\\/02\\\/MicroPAQ-940AC-Analog-Input-Module.jpg\",\"contentUrl\":\"https:\\\/\\\/www.qeiinc.com\\\/wp-content\\\/uploads\\\/2024\\\/02\\\/MicroPAQ-940AC-Analog-Input-Module.jpg\",\"width\":1000,\"height\":720},{\"@type\":\"BreadcrumbList\",\"@id\":\"https:\\\/\\\/www.qeiinc.com\\\/product\\\/micropaq-ac-primary-network-monitoring\\\/#breadcrumb\",\"itemListElement\":[{\"@type\":\"ListItem\",\"position\":1,\"name\":\"Home\",\"item\":\"https:\\\/\\\/www.qeiinc.com\\\/\"},{\"@type\":\"ListItem\",\"position\":2,\"name\":\"Products\",\"item\":\"https:\\\/\\\/www.qeiinc.com\\\/products\\\/\"},{\"@type\":\"ListItem\",\"position\":3,\"name\":\"MicroPAQ AC Primary Network Monitoring\"}]},{\"@type\":\"WebSite\",\"@id\":\"https:\\\/\\\/www.qeiinc.com\\\/#website\",\"url\":\"https:\\\/\\\/www.qeiinc.com\\\/\",\"name\":\"QEI\",\"description\":\"Automation Solutions\",\"publisher\":{\"@id\":\"https:\\\/\\\/www.qeiinc.com\\\/#organization\"},\"potentialAction\":[{\"@type\":\"SearchAction\",\"target\":{\"@type\":\"EntryPoint\",\"urlTemplate\":\"https:\\\/\\\/www.qeiinc.com\\\/?s={search_term_string}\"},\"query-input\":{\"@type\":\"PropertyValueSpecification\",\"valueRequired\":true,\"valueName\":\"search_term_string\"}}],\"inLanguage\":\"es-CO\"},{\"@type\":\"Organization\",\"@id\":\"https:\\\/\\\/www.qeiinc.com\\\/#organization\",\"name\":\"QEI\",\"url\":\"https:\\\/\\\/www.qeiinc.com\\\/\",\"logo\":{\"@type\":\"ImageObject\",\"inLanguage\":\"es-CO\",\"@id\":\"https:\\\/\\\/www.qeiinc.com\\\/#\\\/schema\\\/logo\\\/image\\\/\",\"url\":\"https:\\\/\\\/www.qeiinc.com\\\/wp-content\\\/uploads\\\/2025\\\/04\\\/qei-social-logo.jpg\",\"contentUrl\":\"https:\\\/\\\/www.qeiinc.com\\\/wp-content\\\/uploads\\\/2025\\\/04\\\/qei-social-logo.jpg\",\"width\":696,\"height\":696,\"caption\":\"QEI\"},\"image\":{\"@id\":\"https:\\\/\\\/www.qeiinc.com\\\/#\\\/schema\\\/logo\\\/image\\\/\"},\"sameAs\":[\"https:\\\/\\\/www.facebook.com\\\/qeiscada\\\/\",\"https:\\\/\\\/x.com\\\/QeiScada\",\"https:\\\/\\\/www.linkedin.com\\\/company\\\/qei-llc\\\/\"]}]}<\/script>\n<!-- \/ Yoast SEO plugin. -->","yoast_head_json":{"title":"Monitorizaci\u00f3n de red primaria MicroPAQ AC | QEI Automation Solutions","description":"El M\u00f3dulo de Entrada Anal\u00f3gica MicroPAQ-940AC es un M\u00f3dulo de Expansi\u00f3n de E\/S que forma parte de la familia QEI de Productos de Automatizaci\u00f3n de Distribuci\u00f3n.","robots":{"index":"index","follow":"follow","max-snippet":"max-snippet:-1","max-image-preview":"max-image-preview:large","max-video-preview":"max-video-preview:-1"},"canonical":"https:\/\/www.qeiinc.com\/es\/producto\/micropaq-ac-primary-monitorizacion-de-red\/","og_locale":"es_ES","og_type":"article","og_title":"MicroPAQ AC Primary Network Monitoring | QEI Automation Solutions","og_description":"The MicroPAQ-940AC Analog Input Module is an I\/O Expansion Module that is part of the QEI family of Distribution Automation Products.","og_url":"https:\/\/www.qeiinc.com\/es\/producto\/micropaq-ac-primary-monitorizacion-de-red\/","og_site_name":"QEI Automation Solutions","article_publisher":"https:\/\/www.facebook.com\/qeiscada\/","article_modified_time":"2024-10-23T15:41:12+00:00","og_image":[{"width":1000,"height":720,"url":"https:\/\/www.qeiinc.com\/wp-content\/uploads\/2024\/02\/MicroPAQ-940AC-Analog-Input-Module.jpg","type":"image\/jpeg"}],"twitter_card":"summary_large_image","twitter_site":"@QeiScada","twitter_misc":{"Tiempo de lectura":"5 minutos"},"schema":{"@context":"https:\/\/schema.org","@graph":[{"@type":"WebPage","@id":"https:\/\/www.qeiinc.com\/product\/micropaq-ac-primary-network-monitoring\/","url":"https:\/\/www.qeiinc.com\/product\/micropaq-ac-primary-network-monitoring\/","name":"Monitorizaci\u00f3n de red primaria MicroPAQ AC | QEI Automation Solutions","isPartOf":{"@id":"https:\/\/www.qeiinc.com\/#website"},"primaryImageOfPage":{"@id":"https:\/\/www.qeiinc.com\/product\/micropaq-ac-primary-network-monitoring\/#primaryimage"},"image":{"@id":"https:\/\/www.qeiinc.com\/product\/micropaq-ac-primary-network-monitoring\/#primaryimage"},"thumbnailUrl":"https:\/\/www.qeiinc.com\/wp-content\/uploads\/2024\/02\/MicroPAQ-940AC-Analog-Input-Module.jpg","datePublished":"2024-02-23T14:30:47+00:00","dateModified":"2024-10-23T15:41:12+00:00","description":"El M\u00f3dulo de Entrada Anal\u00f3gica MicroPAQ-940AC es un M\u00f3dulo de Expansi\u00f3n de E\/S que forma parte de la familia QEI de Productos de Automatizaci\u00f3n de Distribuci\u00f3n.","breadcrumb":{"@id":"https:\/\/www.qeiinc.com\/product\/micropaq-ac-primary-network-monitoring\/#breadcrumb"},"inLanguage":"es-CO","potentialAction":[{"@type":"ReadAction","target":["https:\/\/www.qeiinc.com\/product\/micropaq-ac-primary-network-monitoring\/"]}]},{"@type":"ImageObject","inLanguage":"es-CO","@id":"https:\/\/www.qeiinc.com\/product\/micropaq-ac-primary-network-monitoring\/#primaryimage","url":"https:\/\/www.qeiinc.com\/wp-content\/uploads\/2024\/02\/MicroPAQ-940AC-Analog-Input-Module.jpg","contentUrl":"https:\/\/www.qeiinc.com\/wp-content\/uploads\/2024\/02\/MicroPAQ-940AC-Analog-Input-Module.jpg","width":1000,"height":720},{"@type":"BreadcrumbList","@id":"https:\/\/www.qeiinc.com\/product\/micropaq-ac-primary-network-monitoring\/#breadcrumb","itemListElement":[{"@type":"ListItem","position":1,"name":"Home","item":"https:\/\/www.qeiinc.com\/"},{"@type":"ListItem","position":2,"name":"Products","item":"https:\/\/www.qeiinc.com\/products\/"},{"@type":"ListItem","position":3,"name":"MicroPAQ AC Primary Network Monitoring"}]},{"@type":"WebSite","@id":"https:\/\/www.qeiinc.com\/#website","url":"https:\/\/www.qeiinc.com\/","name":"QEI","description":"Soluciones de automatizaci\u00f3n","publisher":{"@id":"https:\/\/www.qeiinc.com\/#organization"},"potentialAction":[{"@type":"SearchAction","target":{"@type":"EntryPoint","urlTemplate":"https:\/\/www.qeiinc.com\/?s={search_term_string}"},"query-input":{"@type":"PropertyValueSpecification","valueRequired":true,"valueName":"search_term_string"}}],"inLanguage":"es-CO"},{"@type":"Organization","@id":"https:\/\/www.qeiinc.com\/#organization","name":"QEI","url":"https:\/\/www.qeiinc.com\/","logo":{"@type":"ImageObject","inLanguage":"es-CO","@id":"https:\/\/www.qeiinc.com\/#\/schema\/logo\/image\/","url":"https:\/\/www.qeiinc.com\/wp-content\/uploads\/2025\/04\/qei-social-logo.jpg","contentUrl":"https:\/\/www.qeiinc.com\/wp-content\/uploads\/2025\/04\/qei-social-logo.jpg","width":696,"height":696,"caption":"QEI"},"image":{"@id":"https:\/\/www.qeiinc.com\/#\/schema\/logo\/image\/"},"sameAs":["https:\/\/www.facebook.com\/qeiscada\/","https:\/\/x.com\/QeiScada","https:\/\/www.linkedin.com\/company\/qei-llc\/"]}]}},"publishpress_future_workflow_manual_trigger":{"enabledWorkflows":[]},"_links":{"self":[{"href":"https:\/\/www.qeiinc.com\/es\/wp-json\/wp\/v2\/product\/40583","targetHints":{"allow":["GET"]}}],"collection":[{"href":"https:\/\/www.qeiinc.com\/es\/wp-json\/wp\/v2\/product"}],"about":[{"href":"https:\/\/www.qeiinc.com\/es\/wp-json\/wp\/v2\/types\/product"}],"replies":[{"embeddable":true,"href":"https:\/\/www.qeiinc.com\/es\/wp-json\/wp\/v2\/comments?post=40583"}],"wp:featuredmedia":[{"embeddable":true,"href":"https:\/\/www.qeiinc.com\/es\/wp-json\/wp\/v2\/media\/41614"}],"wp:attachment":[{"href":"https:\/\/www.qeiinc.com\/es\/wp-json\/wp\/v2\/media?parent=40583"}],"wp:term":[{"taxonomy":"product_brand","embeddable":true,"href":"https:\/\/www.qeiinc.com\/es\/wp-json\/wp\/v2\/product_brand?post=40583"},{"taxonomy":"product_cat","embeddable":true,"href":"https:\/\/www.qeiinc.com\/es\/wp-json\/wp\/v2\/product_cat?post=40583"},{"taxonomy":"product_tag","embeddable":true,"href":"https:\/\/www.qeiinc.com\/es\/wp-json\/wp\/v2\/product_tag?post=40583"}],"curies":[{"name":"wp","href":"https:\/\/api.w.org\/{rel}","templated":true}]}}