{"id":40594,"date":"2024-02-23T09:11:25","date_gmt":"2024-02-23T15:11:25","guid":{"rendered":"https:\/\/www.qeiinc.com\/?post_type=product&#038;p=40594"},"modified":"2024-10-18T12:21:46","modified_gmt":"2024-10-18T16:21:46","slug":"monitorizacion-del-sistema-de-disparo-de-emergencia-ets","status":"publish","type":"product","link":"https:\/\/www.qeiinc.com\/es\/product\/ets-emergency-trip-system-monitoring\/","title":{"rendered":"ETS - Supervisi\u00f3n del sistema de disparo de emergencia"},"content":{"rendered":"<p><div class=\"fusion-fullwidth fullwidth-box fusion-builder-row-1 fusion-flex-container has-pattern-background has-mask-background nonhundred-percent-fullwidth non-hundred-percent-height-scrolling\" style=\"--awb-border-radius-top-left:0px;--awb-border-radius-top-right:0px;--awb-border-radius-bottom-right:0px;--awb-border-radius-bottom-left:0px;--awb-flex-wrap:wrap;\" ><div class=\"fusion-builder-row fusion-row fusion-flex-align-items-flex-start fusion-flex-content-wrap\" style=\"max-width:1310.4px;margin-left: calc(-4% \/ 2 );margin-right: calc(-4% \/ 2 );\"><div class=\"fusion-layout-column fusion_builder_column fusion-builder-column-0 fusion_builder_column_2_5 2_5 fusion-flex-column\" style=\"--awb-bg-size:cover;--awb-box-shadow:0px 0px 25px 4px rgba(1,52,79,0.14);;--awb-width-large:40%;--awb-margin-top-large:0px;--awb-spacing-right-large:4.8%;--awb-margin-bottom-large:0px;--awb-spacing-left-large:4.8%;--awb-width-medium:40%;--awb-order-medium:0;--awb-spacing-right-medium:4.8%;--awb-spacing-left-medium:4.8%;--awb-width-small:100%;--awb-order-small:0;--awb-spacing-right-small:1.92%;--awb-spacing-left-small:1.92%;\" data-scroll-devices=\"small-visibility,medium-visibility,large-visibility\"><div class=\"fusion-column-wrapper fusion-column-has-shadow fusion-flex-justify-content-flex-start fusion-content-layout-column\"><div class=\"fusion-image-element\" style=\"--awb-margin-top:0px;--awb-margin-right:0px;--awb-margin-bottom:0px;--awb-margin-left:0px;--awb-caption-title-font-family:var(--h2_typography-font-family);--awb-caption-title-font-weight:var(--h2_typography-font-weight);--awb-caption-title-font-style:var(--h2_typography-font-style);--awb-caption-title-size:var(--h2_typography-font-size);--awb-caption-title-transform:var(--h2_typography-text-transform);--awb-caption-title-line-height:var(--h2_typography-line-height);--awb-caption-title-letter-spacing:var(--h2_typography-letter-spacing);\"><span class=\"fusion-imageframe imageframe-none imageframe-1 hover-type-none\"><img decoding=\"async\" width=\"578\" height=\"1086\" title=\"qei-ets-installv2\" src=\"https:\/\/www.qeiinc.com\/wp-content\/uploads\/2024\/02\/qei-ets-installv2.jpg\" data-orig-src=\"https:\/\/www.qeiinc.com\/wp-content\/uploads\/2024\/02\/qei-ets-installv2.jpg\" alt class=\"lazyload img-responsive wp-image-42456\" srcset=\"data:image\/svg+xml,%3Csvg%20xmlns%3D%27http%3A%2F%2Fwww.w3.org%2F2000%2Fsvg%27%20width%3D%27578%27%20height%3D%271086%27%20viewBox%3D%270%200%20578%201086%27%3E%3Crect%20width%3D%27578%27%20height%3D%271086%27%20fill-opacity%3D%220%22%2F%3E%3C%2Fsvg%3E\" data-srcset=\"https:\/\/www.qeiinc.com\/wp-content\/uploads\/2024\/02\/qei-ets-installv2-200x376.jpg 200w, https:\/\/www.qeiinc.com\/wp-content\/uploads\/2024\/02\/qei-ets-installv2-400x752.jpg 400w, https:\/\/www.qeiinc.com\/wp-content\/uploads\/2024\/02\/qei-ets-installv2.jpg 578w\" data-sizes=\"auto\" data-orig-sizes=\"(max-width: 640px) 100vw, 578px\" \/><\/span><\/div><\/div><\/div><div class=\"fusion-layout-column fusion_builder_column fusion-builder-column-1 fusion_builder_column_3_5 3_5 fusion-flex-column\" style=\"--awb-bg-size:cover;--awb-width-large:60%;--awb-margin-top-large:20px;--awb-spacing-right-large:3.2%;--awb-margin-bottom-large:20px;--awb-spacing-left-large:100px;--awb-width-medium:60%;--awb-order-medium:0;--awb-spacing-right-medium:3.2%;--awb-spacing-left-medium:100px;--awb-width-small:100%;--awb-order-small:0;--awb-spacing-right-small:1.92%;--awb-spacing-left-small:1.92%;\" data-scroll-devices=\"small-visibility,medium-visibility,large-visibility\"><div class=\"fusion-column-wrapper fusion-column-has-shadow fusion-flex-justify-content-flex-start fusion-content-layout-column\"><div class=\"fusion-title title fusion-title-1 fusion-sep-none fusion-title-text fusion-title-size-one\" style=\"--awb-margin-top-small:10px;--awb-margin-right-small:0px;--awb-margin-bottom-small:20px;--awb-margin-left-small:0px;--awb-font-size:42px;\"><h1 class=\"fusion-title-heading title-heading-left fusion-responsive-typography-calculated\" style=\"margin:0;font-size:1em;--fontSize:42;line-height:1.19;\">ETS - Supervisi\u00f3n del sistema de disparo de emergencia<\/h1><\/div><div class=\"fusion-text fusion-text-1\"><p>El Sistema de Disparo de Emergencia (ETS) se utiliza para supervisar las condiciones de disparo mediante Pulsadores de Disparo (TPB) en m\u00faltiples ubicaciones a lo largo de la v\u00eda f\u00e9rrea. Los pulsadores de disparo se utilizan para disparar las dos subestaciones adyacentes y desenergizar la alimentaci\u00f3n de un tramo de v\u00eda f\u00e9rrea en caso de emergencia. Se utiliza un tel\u00e9fono para comunicarse directamente con el centro de control e informar de una emergencia en la v\u00eda.<\/p>\n<p>El sistema supervisa la tensi\u00f3n de la bobina TPB, el estado actual del disparo y el estado general de los equipos ETS instalados a lo largo de la v\u00eda. Unos LED azules brillantes muestran siempre la ubicaci\u00f3n de la unidad ETS a lo largo de esa secci\u00f3n y unos LED \u00e1mbar parpadeantes indican a los maquinistas la presencia de un equipo de trabajo en una secci\u00f3n de v\u00eda.<\/p>\n<p>Las condiciones de estado de cada unidad ETS a lo largo de la v\u00eda y el hecho de que haya personal presente en esa secci\u00f3n de la l\u00ednea se retransmiten al concentrador de datos ePAQ m\u00e1s cercano para su visualizaci\u00f3n local (a trav\u00e9s de la HMI de pantalla t\u00e1ctil), as\u00ed como la retransmisi\u00f3n de esta informaci\u00f3n al Centro de Operaciones SCADA central.<\/p>\n<\/div><div ><a class=\"fusion-button button-flat fusion-button-default-size button-default fusion-button-default button-1 fusion-button-default-span fusion-button-default-type\" target=\"_self\" href=\"\/es\/pongase-en-contacto-con\/\"><span class=\"fusion-button-text awb-button__text awb-button__text--default\">SOLICITAR PRESUPUESTO<\/span><\/a><\/div>\n<\/div><\/div><\/div><\/div><div class=\"fusion-fullwidth fullwidth-box fusion-builder-row-2 fusion-flex-container nonhundred-percent-fullwidth non-hundred-percent-height-scrolling\" style=\"--awb-border-radius-top-left:0px;--awb-border-radius-top-right:0px;--awb-border-radius-bottom-right:0px;--awb-border-radius-bottom-left:0px;--awb-flex-wrap:wrap;\" ><div class=\"fusion-builder-row fusion-row fusion-flex-align-items-flex-start fusion-flex-content-wrap\" style=\"max-width:1310.4px;margin-left: calc(-4% \/ 2 );margin-right: calc(-4% \/ 2 );\"><div class=\"fusion-layout-column fusion_builder_column fusion-builder-column-2 fusion_builder_column_1_1 1_1 fusion-flex-column\" style=\"--awb-bg-color:var(--awb-color4);--awb-bg-color-hover:var(--awb-color4);--awb-bg-size:cover;--awb-width-large:100%;--awb-margin-top-large:20px;--awb-spacing-right-large:1.92%;--awb-margin-bottom-large:20px;--awb-spacing-left-large:1.92%;--awb-width-medium:100%;--awb-order-medium:0;--awb-spacing-right-medium:1.92%;--awb-spacing-left-medium:1.92%;--awb-width-small:100%;--awb-order-small:0;--awb-spacing-right-small:1.92%;--awb-spacing-left-small:1.92%;\" data-scroll-devices=\"small-visibility,medium-visibility,large-visibility\"><div class=\"fusion-column-wrapper fusion-column-has-shadow fusion-flex-justify-content-flex-start fusion-content-layout-column\"><div class=\"fusion-tabs fusion-tabs-1 clean nav-is-justified horizontal-tabs icon-position-left mobile-mode-accordion\" style=\"--awb-title-border-radius-top-left:0px;--awb-title-border-radius-top-right:0px;--awb-title-border-radius-bottom-right:0px;--awb-title-border-radius-bottom-left:0px;--awb-content-padding-top:0px;--awb-content-padding-right:60px;--awb-content-padding-bottom:0px;--awb-content-padding-left:40px;--awb-title-font-size:22px;--awb-title-text-transform:uppercase;--awb-title-line-height:29px;--awb-alignment:start;--awb-inactive-color:rgba(0,162,224,0.79);--awb-title-text-color:var(--awb-color1);--awb-background-color:var(--awb-custom_color_1);--awb-border-color:var(--awb-color3);--awb-active-border-color:var(--awb-color5);--awb-title-font-family:&quot;Geologica&quot;;--awb-title-font-style:normal;--awb-title-font-weight:200;\"><div class=\"nav\"><ul class=\"nav-tabs nav-justified\" role=\"tablist\"><li class=\"active\" role=\"presentation\"><a class=\"tab-link\" data-toggle=\"tab\" role=\"tab\" aria-controls=\"tab-f9897235cfabb307555\" aria-selected=\"true\" id=\"fusion-tab-features\" href=\"#tab-f9897235cfabb307555\"><h4 class=\"fusion-tab-heading\"><i class=\"fontawesome-icon fa-list fas\" aria-hidden=\"true\" style=\"font-size:16px;\"><\/i>Caracter\u00edsticas<\/h4><\/a><\/li><li role=\"presentation\"><a class=\"tab-link\" data-toggle=\"tab\" role=\"tab\" aria-controls=\"tab-14a876368aa12df5d4f\" aria-selected=\"false\" tabindex=\"-1\" id=\"fusion-tab-specifications\" href=\"#tab-14a876368aa12df5d4f\"><h4 class=\"fusion-tab-heading\"><i class=\"fontawesome-icon fa-cogs fas\" aria-hidden=\"true\" style=\"font-size:16px;\"><\/i>Especificaciones<\/h4><\/a><\/li><li role=\"presentation\"><a class=\"tab-link\" data-toggle=\"tab\" role=\"tab\" aria-controls=\"tab-f695d86e507bc5148de\" aria-selected=\"false\" tabindex=\"-1\" id=\"fusion-tab-downloads\" href=\"#tab-f695d86e507bc5148de\"><h4 class=\"fusion-tab-heading\"><i class=\"fontawesome-icon fa-file-pdf fas\" aria-hidden=\"true\" style=\"font-size:16px;\"><\/i>Descargas<\/h4><\/a><\/li><\/ul><\/div><div class=\"tab-content\"><div class=\"nav fusion-mobile-tab-nav\"><ul class=\"nav-tabs nav-justified\" role=\"tablist\"><li class=\"active\" role=\"presentation\"><a class=\"tab-link\" data-toggle=\"tab\" role=\"tab\" aria-controls=\"tab-f9897235cfabb307555\" aria-selected=\"true\" id=\"mobile-fusion-tab-features\" href=\"#tab-f9897235cfabb307555\"><h4 class=\"fusion-tab-heading\"><i class=\"fontawesome-icon fa-list fas\" aria-hidden=\"true\" style=\"font-size:16px;\"><\/i>Caracter\u00edsticas<\/h4><\/a><\/li><\/ul><\/div><div class=\"tab-pane fade fusion-clearfix in active\" role=\"tabpanel\" tabindex=\"0\" aria-labelledby=\"fusion-tab-features\" id=\"tab-f9897235cfabb307555\">\n<ul>\n<li class=\"p1\">Funciona con m\u00f3dulos DIO distribuidos para supervisar el estado de los disparos, las alarmas de fallo de hardware y los avisos de presencia de los trabajadores.<\/li>\n<li class=\"p1\">Supervisa las paradas de seguridad de los alimentadores<\/li>\n<li class=\"p1\">Indicadores LED locales \u00e1mbar\/azul para anunciar la ubicaci\u00f3n de la unidad ETS e indicaci\u00f3n de seguridad de presencia de personal<\/li>\n<li class=\"p1\">Notifica al concentrador de datos m\u00e1s cercano y a la estaci\u00f3n maestra SCADA el estado actual de la desconexi\u00f3n.<\/li>\n<li class=\"p1\">Comunicaciones redundantes de alta fiabilidad<\/li>\n<li class=\"p1\">Compatible con el protocolo DNP3 est\u00e1ndar del IEEE<\/li>\n<li class=\"p1\">Los cambios de estado se registran mediante el reloj de E\/S distribuido<\/li>\n<li class=\"p1\">Montaje en rack de 19\u2033 o en panel<\/li>\n<\/ul>\n<\/div><div class=\"nav fusion-mobile-tab-nav\"><ul class=\"nav-tabs nav-justified\" role=\"tablist\"><li role=\"presentation\"><a class=\"tab-link\" data-toggle=\"tab\" role=\"tab\" aria-controls=\"tab-14a876368aa12df5d4f\" aria-selected=\"false\" tabindex=\"-1\" id=\"mobile-fusion-tab-specifications\" href=\"#tab-14a876368aa12df5d4f\"><h4 class=\"fusion-tab-heading\"><i class=\"fontawesome-icon fa-cogs fas\" aria-hidden=\"true\" style=\"font-size:16px;\"><\/i>Especificaciones<\/h4><\/a><\/li><\/ul><\/div><div class=\"tab-pane fade fusion-clearfix\" role=\"tabpanel\" tabindex=\"0\" aria-labelledby=\"fusion-tab-specifications\" id=\"tab-14a876368aa12df5d4f\">\n<h4>Comunicaci\u00f3n<\/h4>\n<ul>\n<li>\n<div class=\"textWrapper-0-2-1125\">\n<div class=\"block-0-2-11 block-d1146-0-2-6646 body-0-2-19\">Se\u00f1alizaci\u00f3n del centro de operaciones de una condici\u00f3n de desconexi\u00f3n a trav\u00e9s de un protocolo est\u00e1ndar IEEE, DNP 3<\/div>\n<\/div>\n<p>Nivel 2.<\/li>\n<li>Notificaci\u00f3n de aviso de se\u00f1alizaci\u00f3n de subestaci\u00f3n en cada extremo del Tramo de V\u00eda.<\/li>\n<li>Canales de comunicaci\u00f3n redundantes para garantizar la fiabilidad de los datos.<\/li>\n<li>Puerto USB de mantenimiento para facilitar la configuraci\u00f3n y la supervisi\u00f3n local.<\/li>\n<li>Comunicaci\u00f3n a trav\u00e9s de varias opciones de medios (fibra, RS-485, CAT5e) en un solo m\u00f3dulo.<\/li>\n<\/ul>\n<h4>Capacidades<\/h4>\n<ul>\n<li class=\"p1\">Interfaz de tiempo IRIG-B, dise\u00f1ada para proporcionar sincronizaci\u00f3n de tiempo, sellado de tiempo de todos los eventos y secuencia de eventos (SOE).<\/li>\n<li class=\"p1\">Interruptor local y remoto de seguridad, que desconecta los controles cuando se realiza el mantenimiento in situ.<\/li>\n<li class=\"p1\">Indicaci\u00f3n luminosa (azul y \u00e1mbar) l\u00f3gica\/inteligente para indicar que la v\u00eda est\u00e1 \u201cdespejada\u201d u \u201cocupada\u201d.<\/li>\n<li class=\"p1\">Los controles funcionan con un \u201cseleccionar antes de operar\u201d (SBO) para evitar operaciones err\u00f3neas.<\/li>\n<li class=\"p1\">\u201cDetecci\u00f3n de \u201dcable roto\" posible gracias a la topolog\u00eda de la red de controladores ETS.<\/li>\n<\/ul>\n<h4>F\u00edsico<\/h4>\n<ul>\n<li>Resistente a las condiciones en pista<\/li>\n<li>Probado seg\u00fan las normas IEEE; C37.90.1-2000<\/li>\n<li>Rangos de temperatura de -40 a +85 grados C, humedad de 5 a 95% (sin condensaci\u00f3n)<\/li>\n<\/ul>\n<h4>Potencia<\/h4>\n<ul>\n<li>12 Vcc, 125 Vcc, 120 Vca, 277 Vca.<\/li>\n<\/ul>\n<\/div><div class=\"nav fusion-mobile-tab-nav\"><ul class=\"nav-tabs nav-justified\" role=\"tablist\"><li role=\"presentation\"><a class=\"tab-link\" data-toggle=\"tab\" role=\"tab\" aria-controls=\"tab-f695d86e507bc5148de\" aria-selected=\"false\" tabindex=\"-1\" id=\"mobile-fusion-tab-downloads\" href=\"#tab-f695d86e507bc5148de\"><h4 class=\"fusion-tab-heading\"><i class=\"fontawesome-icon fa-file-pdf fas\" aria-hidden=\"true\" style=\"font-size:16px;\"><\/i>Descargas<\/h4><\/a><\/li><\/ul><\/div><div class=\"tab-pane fade fusion-clearfix\" role=\"tabpanel\" tabindex=\"0\" aria-labelledby=\"fusion-tab-downloads\" id=\"tab-f695d86e507bc5148de\">\n<h4><a href=\"https:\/\/www.qeiinc.com\/wp-content\/uploads\/2024\/03\/13-Emergency-Trip-System-Tech-Bulletin.Rev5_.pdf\" target=\"_blank\" rel=\"noopener\">ETS - Folleto de monitorizaci\u00f3n del sistema de disparo de emergencia<\/a><\/h4>\n<\/div><\/div><\/div><\/div><\/div><\/div><\/div><\/p>","protected":false},"excerpt":{"rendered":"<p>El sistema de disparo de emergencia (ETS) se utiliza para supervisar las condiciones de disparo mediante botones de disparo (TPB) situados en m\u00faltiples ubicaciones a lo largo de la v\u00eda f\u00e9rrea. Los botones de disparo se utilizan para disparar las dos subestaciones adyacentes y desenergizar la alimentaci\u00f3n el\u00e9ctrica de un tramo de v\u00eda f\u00e9rrea en caso de emergencia. Se utiliza un tel\u00e9fono para comunicarse directamente con el centro de control de despacho e informar de una emergencia en la v\u00eda.<\/p>","protected":false},"featured_media":42456,"comment_status":"open","ping_status":"closed","template":"","meta":{"_acf_changed":false},"product_brand":[],"product_cat":[398],"product_tag":[],"class_list":{"0":"post-40594","1":"product","2":"type-product","3":"status-publish","4":"has-post-thumbnail","6":"product_cat-engineered-integrated-assemblies","8":"first","9":"instock","10":"shipping-taxable","11":"product-type-simple"},"acf":[],"yoast_head":"<!-- This site is optimized with the Yoast SEO plugin v27.5 - https:\/\/yoast.com\/product\/yoast-seo-wordpress\/ -->\n<title>ETS \u2013 Emergency Trip System Monitoring | QEI Automation Solutions<\/title>\n<meta name=\"description\" content=\"The Emergency Trip System (ETS) is used for monitoring trip conditions by Trip Push Buttons (TPB) at multiple locations along the rail track.\" \/>\n<meta name=\"robots\" content=\"index, follow, max-snippet:-1, max-image-preview:large, max-video-preview:-1\" \/>\n<link rel=\"canonical\" href=\"https:\/\/www.qeiinc.com\/es\/producto\/monitorizacion-del-sistema-de-disparo-de-emergencia-ets\/\" \/>\n<meta property=\"og:locale\" content=\"es_ES\" \/>\n<meta property=\"og:type\" content=\"article\" \/>\n<meta property=\"og:title\" content=\"ETS \u2013 Emergency Trip System Monitoring | QEI Automation Solutions\" \/>\n<meta property=\"og:description\" content=\"The Emergency Trip System (ETS) is used for monitoring trip conditions by Trip Push Buttons (TPB) at multiple locations along the rail track.\" \/>\n<meta property=\"og:url\" content=\"https:\/\/www.qeiinc.com\/es\/producto\/monitorizacion-del-sistema-de-disparo-de-emergencia-ets\/\" \/>\n<meta property=\"og:site_name\" content=\"QEI Automation Solutions\" \/>\n<meta property=\"article:publisher\" content=\"https:\/\/www.facebook.com\/qeiscada\/\" \/>\n<meta property=\"article:modified_time\" content=\"2024-10-18T16:21:46+00:00\" \/>\n<meta property=\"og:image\" content=\"https:\/\/www.qeiinc.com\/wp-content\/uploads\/2024\/02\/qei-ets-installv2.jpg\" \/>\n\t<meta property=\"og:image:width\" content=\"578\" \/>\n\t<meta property=\"og:image:height\" content=\"1086\" \/>\n\t<meta property=\"og:image:type\" content=\"image\/jpeg\" \/>\n<meta name=\"twitter:card\" content=\"summary_large_image\" \/>\n<meta name=\"twitter:site\" content=\"@QeiScada\" \/>\n<meta name=\"twitter:label1\" content=\"Tiempo de lectura\" \/>\n\t<meta name=\"twitter:data1\" content=\"17 minutos\" \/>\n<script type=\"application\/ld+json\" class=\"yoast-schema-graph\">{\"@context\":\"https:\\\/\\\/schema.org\",\"@graph\":[{\"@type\":\"WebPage\",\"@id\":\"https:\\\/\\\/www.qeiinc.com\\\/product\\\/ets-emergency-trip-system-monitoring\\\/\",\"url\":\"https:\\\/\\\/www.qeiinc.com\\\/product\\\/ets-emergency-trip-system-monitoring\\\/\",\"name\":\"ETS \u2013 Emergency Trip System Monitoring | QEI Automation Solutions\",\"isPartOf\":{\"@id\":\"https:\\\/\\\/www.qeiinc.com\\\/#website\"},\"primaryImageOfPage\":{\"@id\":\"https:\\\/\\\/www.qeiinc.com\\\/product\\\/ets-emergency-trip-system-monitoring\\\/#primaryimage\"},\"image\":{\"@id\":\"https:\\\/\\\/www.qeiinc.com\\\/product\\\/ets-emergency-trip-system-monitoring\\\/#primaryimage\"},\"thumbnailUrl\":\"https:\\\/\\\/www.qeiinc.com\\\/wp-content\\\/uploads\\\/2024\\\/02\\\/qei-ets-installv2.jpg\",\"datePublished\":\"2024-02-23T15:11:25+00:00\",\"dateModified\":\"2024-10-18T16:21:46+00:00\",\"description\":\"The Emergency Trip System (ETS) is used for monitoring trip conditions by Trip Push Buttons (TPB) at multiple locations along the rail track.\",\"breadcrumb\":{\"@id\":\"https:\\\/\\\/www.qeiinc.com\\\/product\\\/ets-emergency-trip-system-monitoring\\\/#breadcrumb\"},\"inLanguage\":\"es-CO\",\"potentialAction\":[{\"@type\":\"ReadAction\",\"target\":[\"https:\\\/\\\/www.qeiinc.com\\\/product\\\/ets-emergency-trip-system-monitoring\\\/\"]}]},{\"@type\":\"ImageObject\",\"inLanguage\":\"es-CO\",\"@id\":\"https:\\\/\\\/www.qeiinc.com\\\/product\\\/ets-emergency-trip-system-monitoring\\\/#primaryimage\",\"url\":\"https:\\\/\\\/www.qeiinc.com\\\/wp-content\\\/uploads\\\/2024\\\/02\\\/qei-ets-installv2.jpg\",\"contentUrl\":\"https:\\\/\\\/www.qeiinc.com\\\/wp-content\\\/uploads\\\/2024\\\/02\\\/qei-ets-installv2.jpg\",\"width\":578,\"height\":1086},{\"@type\":\"BreadcrumbList\",\"@id\":\"https:\\\/\\\/www.qeiinc.com\\\/product\\\/ets-emergency-trip-system-monitoring\\\/#breadcrumb\",\"itemListElement\":[{\"@type\":\"ListItem\",\"position\":1,\"name\":\"Home\",\"item\":\"https:\\\/\\\/www.qeiinc.com\\\/\"},{\"@type\":\"ListItem\",\"position\":2,\"name\":\"Products\",\"item\":\"https:\\\/\\\/www.qeiinc.com\\\/products\\\/\"},{\"@type\":\"ListItem\",\"position\":3,\"name\":\"ETS \u2013 Emergency Trip System Monitoring\"}]},{\"@type\":\"WebSite\",\"@id\":\"https:\\\/\\\/www.qeiinc.com\\\/#website\",\"url\":\"https:\\\/\\\/www.qeiinc.com\\\/\",\"name\":\"QEI\",\"description\":\"Automation Solutions\",\"publisher\":{\"@id\":\"https:\\\/\\\/www.qeiinc.com\\\/#organization\"},\"potentialAction\":[{\"@type\":\"SearchAction\",\"target\":{\"@type\":\"EntryPoint\",\"urlTemplate\":\"https:\\\/\\\/www.qeiinc.com\\\/?s={search_term_string}\"},\"query-input\":{\"@type\":\"PropertyValueSpecification\",\"valueRequired\":true,\"valueName\":\"search_term_string\"}}],\"inLanguage\":\"es-CO\"},{\"@type\":\"Organization\",\"@id\":\"https:\\\/\\\/www.qeiinc.com\\\/#organization\",\"name\":\"QEI\",\"url\":\"https:\\\/\\\/www.qeiinc.com\\\/\",\"logo\":{\"@type\":\"ImageObject\",\"inLanguage\":\"es-CO\",\"@id\":\"https:\\\/\\\/www.qeiinc.com\\\/#\\\/schema\\\/logo\\\/image\\\/\",\"url\":\"https:\\\/\\\/www.qeiinc.com\\\/wp-content\\\/uploads\\\/2025\\\/04\\\/qei-social-logo.jpg\",\"contentUrl\":\"https:\\\/\\\/www.qeiinc.com\\\/wp-content\\\/uploads\\\/2025\\\/04\\\/qei-social-logo.jpg\",\"width\":696,\"height\":696,\"caption\":\"QEI\"},\"image\":{\"@id\":\"https:\\\/\\\/www.qeiinc.com\\\/#\\\/schema\\\/logo\\\/image\\\/\"},\"sameAs\":[\"https:\\\/\\\/www.facebook.com\\\/qeiscada\\\/\",\"https:\\\/\\\/x.com\\\/QeiScada\",\"https:\\\/\\\/www.linkedin.com\\\/company\\\/qei-llc\\\/\"]}]}<\/script>\n<!-- \/ Yoast SEO plugin. -->","yoast_head_json":{"title":"ETS - Supervisi\u00f3n del sistema de disparo de emergencia | QEI Automation Solutions","description":"El Sistema de Disparo de Emergencia (ETS) se utiliza para supervisar las condiciones de disparo mediante Pulsadores de Disparo (TPB) en m\u00faltiples ubicaciones a lo largo de la v\u00eda f\u00e9rrea.","robots":{"index":"index","follow":"follow","max-snippet":"max-snippet:-1","max-image-preview":"max-image-preview:large","max-video-preview":"max-video-preview:-1"},"canonical":"https:\/\/www.qeiinc.com\/es\/producto\/monitorizacion-del-sistema-de-disparo-de-emergencia-ets\/","og_locale":"es_ES","og_type":"article","og_title":"ETS \u2013 Emergency Trip System Monitoring | QEI Automation Solutions","og_description":"The Emergency Trip System (ETS) is used for monitoring trip conditions by Trip Push Buttons (TPB) at multiple locations along the rail track.","og_url":"https:\/\/www.qeiinc.com\/es\/producto\/monitorizacion-del-sistema-de-disparo-de-emergencia-ets\/","og_site_name":"QEI Automation Solutions","article_publisher":"https:\/\/www.facebook.com\/qeiscada\/","article_modified_time":"2024-10-18T16:21:46+00:00","og_image":[{"width":578,"height":1086,"url":"https:\/\/www.qeiinc.com\/wp-content\/uploads\/2024\/02\/qei-ets-installv2.jpg","type":"image\/jpeg"}],"twitter_card":"summary_large_image","twitter_site":"@QeiScada","twitter_misc":{"Tiempo de lectura":"17 minutos"},"schema":{"@context":"https:\/\/schema.org","@graph":[{"@type":"WebPage","@id":"https:\/\/www.qeiinc.com\/product\/ets-emergency-trip-system-monitoring\/","url":"https:\/\/www.qeiinc.com\/product\/ets-emergency-trip-system-monitoring\/","name":"ETS - Supervisi\u00f3n del sistema de disparo de emergencia | QEI Automation Solutions","isPartOf":{"@id":"https:\/\/www.qeiinc.com\/#website"},"primaryImageOfPage":{"@id":"https:\/\/www.qeiinc.com\/product\/ets-emergency-trip-system-monitoring\/#primaryimage"},"image":{"@id":"https:\/\/www.qeiinc.com\/product\/ets-emergency-trip-system-monitoring\/#primaryimage"},"thumbnailUrl":"https:\/\/www.qeiinc.com\/wp-content\/uploads\/2024\/02\/qei-ets-installv2.jpg","datePublished":"2024-02-23T15:11:25+00:00","dateModified":"2024-10-18T16:21:46+00:00","description":"El Sistema de Disparo de Emergencia (ETS) se utiliza para supervisar las condiciones de disparo mediante Pulsadores de Disparo (TPB) en m\u00faltiples ubicaciones a lo largo de la v\u00eda f\u00e9rrea.","breadcrumb":{"@id":"https:\/\/www.qeiinc.com\/product\/ets-emergency-trip-system-monitoring\/#breadcrumb"},"inLanguage":"es-CO","potentialAction":[{"@type":"ReadAction","target":["https:\/\/www.qeiinc.com\/product\/ets-emergency-trip-system-monitoring\/"]}]},{"@type":"ImageObject","inLanguage":"es-CO","@id":"https:\/\/www.qeiinc.com\/product\/ets-emergency-trip-system-monitoring\/#primaryimage","url":"https:\/\/www.qeiinc.com\/wp-content\/uploads\/2024\/02\/qei-ets-installv2.jpg","contentUrl":"https:\/\/www.qeiinc.com\/wp-content\/uploads\/2024\/02\/qei-ets-installv2.jpg","width":578,"height":1086},{"@type":"BreadcrumbList","@id":"https:\/\/www.qeiinc.com\/product\/ets-emergency-trip-system-monitoring\/#breadcrumb","itemListElement":[{"@type":"ListItem","position":1,"name":"Home","item":"https:\/\/www.qeiinc.com\/"},{"@type":"ListItem","position":2,"name":"Products","item":"https:\/\/www.qeiinc.com\/products\/"},{"@type":"ListItem","position":3,"name":"ETS \u2013 Emergency Trip System Monitoring"}]},{"@type":"WebSite","@id":"https:\/\/www.qeiinc.com\/#website","url":"https:\/\/www.qeiinc.com\/","name":"QEI","description":"Soluciones de automatizaci\u00f3n","publisher":{"@id":"https:\/\/www.qeiinc.com\/#organization"},"potentialAction":[{"@type":"SearchAction","target":{"@type":"EntryPoint","urlTemplate":"https:\/\/www.qeiinc.com\/?s={search_term_string}"},"query-input":{"@type":"PropertyValueSpecification","valueRequired":true,"valueName":"search_term_string"}}],"inLanguage":"es-CO"},{"@type":"Organization","@id":"https:\/\/www.qeiinc.com\/#organization","name":"QEI","url":"https:\/\/www.qeiinc.com\/","logo":{"@type":"ImageObject","inLanguage":"es-CO","@id":"https:\/\/www.qeiinc.com\/#\/schema\/logo\/image\/","url":"https:\/\/www.qeiinc.com\/wp-content\/uploads\/2025\/04\/qei-social-logo.jpg","contentUrl":"https:\/\/www.qeiinc.com\/wp-content\/uploads\/2025\/04\/qei-social-logo.jpg","width":696,"height":696,"caption":"QEI"},"image":{"@id":"https:\/\/www.qeiinc.com\/#\/schema\/logo\/image\/"},"sameAs":["https:\/\/www.facebook.com\/qeiscada\/","https:\/\/x.com\/QeiScada","https:\/\/www.linkedin.com\/company\/qei-llc\/"]}]}},"publishpress_future_workflow_manual_trigger":{"enabledWorkflows":[]},"_links":{"self":[{"href":"https:\/\/www.qeiinc.com\/es\/wp-json\/wp\/v2\/product\/40594","targetHints":{"allow":["GET"]}}],"collection":[{"href":"https:\/\/www.qeiinc.com\/es\/wp-json\/wp\/v2\/product"}],"about":[{"href":"https:\/\/www.qeiinc.com\/es\/wp-json\/wp\/v2\/types\/product"}],"replies":[{"embeddable":true,"href":"https:\/\/www.qeiinc.com\/es\/wp-json\/wp\/v2\/comments?post=40594"}],"wp:featuredmedia":[{"embeddable":true,"href":"https:\/\/www.qeiinc.com\/es\/wp-json\/wp\/v2\/media\/42456"}],"wp:attachment":[{"href":"https:\/\/www.qeiinc.com\/es\/wp-json\/wp\/v2\/media?parent=40594"}],"wp:term":[{"taxonomy":"product_brand","embeddable":true,"href":"https:\/\/www.qeiinc.com\/es\/wp-json\/wp\/v2\/product_brand?post=40594"},{"taxonomy":"product_cat","embeddable":true,"href":"https:\/\/www.qeiinc.com\/es\/wp-json\/wp\/v2\/product_cat?post=40594"},{"taxonomy":"product_tag","embeddable":true,"href":"https:\/\/www.qeiinc.com\/es\/wp-json\/wp\/v2\/product_tag?post=40594"}],"curies":[{"name":"wp","href":"https:\/\/api.w.org\/{rel}","templated":true}]}}