{"id":41289,"date":"2024-03-06T12:23:44","date_gmt":"2024-03-06T18:23:44","guid":{"rendered":"https:\/\/www.qeiinc.com\/?post_type=product&#038;p=41289"},"modified":"2025-02-04T10:18:39","modified_gmt":"2025-02-04T15:18:39","slug":"exp-9435-expansor-de-puertos-de-comunicacion","status":"publish","type":"product","link":"https:\/\/www.qeiinc.com\/es\/product\/exp-9435-communication-port-expander\/","title":{"rendered":"Expansor de puertos de comunicaci\u00f3n eXP-9435"},"content":{"rendered":"<div class=\"fusion-fullwidth fullwidth-box fusion-builder-row-1 fusion-flex-container nonhundred-percent-fullwidth non-hundred-percent-height-scrolling\" style=\"--awb-border-radius-top-left:0px;--awb-border-radius-top-right:0px;--awb-border-radius-bottom-right:0px;--awb-border-radius-bottom-left:0px;--awb-flex-wrap:wrap;\" ><div class=\"fusion-builder-row fusion-row fusion-flex-align-items-flex-start fusion-flex-content-wrap\" style=\"max-width:1310.4px;margin-left: calc(-4% \/ 2 );margin-right: calc(-4% \/ 2 );\"><div class=\"fusion-layout-column fusion_builder_column fusion-builder-column-0 fusion_builder_column_1_1 1_1 fusion-flex-column\" style=\"--awb-bg-color:var(--awb-color4);--awb-bg-color-hover:var(--awb-color4);--awb-bg-size:cover;--awb-width-large:100%;--awb-margin-top-large:20px;--awb-spacing-right-large:1.92%;--awb-margin-bottom-large:20px;--awb-spacing-left-large:1.92%;--awb-width-medium:100%;--awb-order-medium:0;--awb-spacing-right-medium:1.92%;--awb-spacing-left-medium:1.92%;--awb-width-small:100%;--awb-order-small:0;--awb-spacing-right-small:1.92%;--awb-spacing-left-small:1.92%;\" data-scroll-devices=\"small-visibility,medium-visibility,large-visibility\"><div class=\"fusion-column-wrapper fusion-column-has-shadow fusion-flex-justify-content-flex-start fusion-content-layout-column\"><div class=\"fusion-tabs fusion-tabs-1 clean nav-is-justified horizontal-tabs icon-position-left mobile-mode-accordion\" style=\"--awb-title-border-radius-top-left:0px;--awb-title-border-radius-top-right:0px;--awb-title-border-radius-bottom-right:0px;--awb-title-border-radius-bottom-left:0px;--awb-content-padding-top:0px;--awb-content-padding-right:60px;--awb-content-padding-bottom:0px;--awb-content-padding-left:40px;--awb-title-font-size:22px;--awb-title-text-transform:uppercase;--awb-title-line-height:29px;--awb-alignment:start;--awb-inactive-color:rgba(0,162,224,0.79);--awb-title-text-color:var(--awb-color1);--awb-background-color:var(--awb-custom_color_1);--awb-border-color:var(--awb-color3);--awb-active-border-color:var(--awb-color5);--awb-title-font-family:&quot;Geologica&quot;;--awb-title-font-style:normal;--awb-title-font-weight:200;\"><div class=\"nav\"><ul class=\"nav-tabs nav-justified\" role=\"tablist\"><li class=\"active\" role=\"presentation\"><a class=\"tab-link\" data-toggle=\"tab\" role=\"tab\" aria-controls=\"tab-ee8166170b998491d3c\" aria-selected=\"true\" id=\"fusion-tab-features\" href=\"#tab-ee8166170b998491d3c\"><h4 class=\"fusion-tab-heading\"><i class=\"fontawesome-icon fa-list fas\" aria-hidden=\"true\" style=\"font-size:16px;\"><\/i>Caracter\u00edsticas<\/h4><\/a><\/li><li role=\"presentation\"><a class=\"tab-link\" data-toggle=\"tab\" role=\"tab\" aria-controls=\"tab-5afbe60488cbfcca53c\" aria-selected=\"false\" tabindex=\"-1\" id=\"fusion-tab-specifications\" href=\"#tab-5afbe60488cbfcca53c\"><h4 class=\"fusion-tab-heading\"><i class=\"fontawesome-icon fa-cogs fas\" aria-hidden=\"true\" style=\"font-size:16px;\"><\/i>Especificaciones<\/h4><\/a><\/li><li role=\"presentation\"><a class=\"tab-link\" data-toggle=\"tab\" role=\"tab\" aria-controls=\"tab-3be53847b6cf9e98f29\" aria-selected=\"false\" tabindex=\"-1\" id=\"fusion-tab-downloads\" href=\"#tab-3be53847b6cf9e98f29\"><h4 class=\"fusion-tab-heading\"><i class=\"fontawesome-icon fa-file-pdf fas\" aria-hidden=\"true\" style=\"font-size:16px;\"><\/i>Descargas <\/h4><\/a><\/li><\/ul><\/div><div class=\"tab-content\"><div class=\"nav fusion-mobile-tab-nav\"><ul class=\"nav-tabs nav-justified\" role=\"tablist\"><li class=\"active\" role=\"presentation\"><a class=\"tab-link\" data-toggle=\"tab\" role=\"tab\" aria-controls=\"tab-ee8166170b998491d3c\" aria-selected=\"true\" id=\"mobile-fusion-tab-features\" href=\"#tab-ee8166170b998491d3c\"><h4 class=\"fusion-tab-heading\"><i class=\"fontawesome-icon fa-list fas\" aria-hidden=\"true\" style=\"font-size:16px;\"><\/i>Caracter\u00edsticas<\/h4><\/a><\/li><\/ul><\/div><div class=\"tab-pane fade fusion-clearfix in active\" role=\"tabpanel\" tabindex=\"0\" aria-labelledby=\"fusion-tab-features\" id=\"tab-ee8166170b998491d3c\">\n<ul>\n<li class=\"p1\"><span class=\"Apple-converted-space\">\u00a0<\/span>Ampl\u00ede sus plataformas de subestaci\u00f3n QEI a dispositivos, protocolos e interfaces de comunicaci\u00f3n adicionales con un c\u00f3modo paquete modular<\/li>\n<li class=\"p2\">Puertos Ethernet 10\/100 BaseTX y 100 BaseFX para accesibilidad IP<\/li>\n<li class=\"p2\">Diecis\u00e9is puertos RS-232\/RS-485 u ocho de fibra serie para incorporar dispositivos futuros, actuales o heredados.<\/li>\n<li class=\"p2\">Se puede acceder a los puertos serie a trav\u00e9s de las conexiones DB-9 o de fibra ST del panel posterior<\/li>\n<li class=\"p2\">Trabaja dentro de su plan de subestaci\u00f3n para cumplir los requisitos NERC-CIP y de ciberseguridad<\/li>\n<li class=\"p2\">Configuraci\u00f3n r\u00e1pida y sencilla con el software para Windows ConfigWiz\u00ae suministrado<\/li>\n<li class=\"p2\">Indicadores LED en el panel frontal para facilitar la evaluaci\u00f3n del funcionamiento<\/li>\n<li class=\"p2\">Interfaz IRIG-B para la sincronizaci\u00f3n horaria del sistema<\/li>\n<\/ul>\n<\/div><div class=\"nav fusion-mobile-tab-nav\"><ul class=\"nav-tabs nav-justified\" role=\"tablist\"><li role=\"presentation\"><a class=\"tab-link\" data-toggle=\"tab\" role=\"tab\" aria-controls=\"tab-5afbe60488cbfcca53c\" aria-selected=\"false\" tabindex=\"-1\" id=\"mobile-fusion-tab-specifications\" href=\"#tab-5afbe60488cbfcca53c\"><h4 class=\"fusion-tab-heading\"><i class=\"fontawesome-icon fa-cogs fas\" aria-hidden=\"true\" style=\"font-size:16px;\"><\/i>Especificaciones<\/h4><\/a><\/li><\/ul><\/div><div class=\"tab-pane fade fusion-clearfix\" role=\"tabpanel\" tabindex=\"0\" aria-labelledby=\"fusion-tab-specifications\" id=\"tab-5afbe60488cbfcca53c\">\n<p><a href=\"https:\/\/www.qeiinc.com\/wp-content\/uploads\/2024\/03\/eXP-9435-Comm-Port-Expander-specs.jpg\"><img decoding=\"async\" class=\"lazyload alignright size-full wp-image-41290\" src=\"https:\/\/www.qeiinc.com\/wp-content\/uploads\/2024\/03\/eXP-9435-Comm-Port-Expander-specs.jpg\" data-orig-src=\"https:\/\/www.qeiinc.com\/wp-content\/uploads\/2024\/03\/eXP-9435-Comm-Port-Expander-specs.jpg\" alt=\"\" width=\"1680\" height=\"978\" srcset=\"data:image\/svg+xml,%3Csvg%20xmlns%3D%27http%3A%2F%2Fwww.w3.org%2F2000%2Fsvg%27%20width%3D%271680%27%20height%3D%27978%27%20viewBox%3D%270%200%201680%20978%27%3E%3Crect%20width%3D%271680%27%20height%3D%27978%27%20fill-opacity%3D%220%22%2F%3E%3C%2Fsvg%3E\" data-srcset=\"https:\/\/www.qeiinc.com\/wp-content\/uploads\/2024\/03\/eXP-9435-Comm-Port-Expander-specs-200x116.jpg 200w, https:\/\/www.qeiinc.com\/wp-content\/uploads\/2024\/03\/eXP-9435-Comm-Port-Expander-specs-300x175.jpg 300w, https:\/\/www.qeiinc.com\/wp-content\/uploads\/2024\/03\/eXP-9435-Comm-Port-Expander-specs-400x233.jpg 400w, https:\/\/www.qeiinc.com\/wp-content\/uploads\/2024\/03\/eXP-9435-Comm-Port-Expander-specs-500x291.jpg 500w, https:\/\/www.qeiinc.com\/wp-content\/uploads\/2024\/03\/eXP-9435-Comm-Port-Expander-specs-600x349.jpg 600w, https:\/\/www.qeiinc.com\/wp-content\/uploads\/2024\/03\/eXP-9435-Comm-Port-Expander-specs-700x408.jpg 700w, https:\/\/www.qeiinc.com\/wp-content\/uploads\/2024\/03\/eXP-9435-Comm-Port-Expander-specs-768x447.jpg 768w, https:\/\/www.qeiinc.com\/wp-content\/uploads\/2024\/03\/eXP-9435-Comm-Port-Expander-specs-800x466.jpg 800w, https:\/\/www.qeiinc.com\/wp-content\/uploads\/2024\/03\/eXP-9435-Comm-Port-Expander-specs-1024x596.jpg 1024w, https:\/\/www.qeiinc.com\/wp-content\/uploads\/2024\/03\/eXP-9435-Comm-Port-Expander-specs-1200x699.jpg 1200w, https:\/\/www.qeiinc.com\/wp-content\/uploads\/2024\/03\/eXP-9435-Comm-Port-Expander-specs-1536x894.jpg 1536w, https:\/\/www.qeiinc.com\/wp-content\/uploads\/2024\/03\/eXP-9435-Comm-Port-Expander-specs.jpg 1680w\" data-sizes=\"auto\" data-orig-sizes=\"(max-width: 1680px) 100vw, 1680px\" \/><\/a><\/p>\n<\/div><div class=\"nav fusion-mobile-tab-nav\"><ul class=\"nav-tabs nav-justified\" role=\"tablist\"><li role=\"presentation\"><a class=\"tab-link\" data-toggle=\"tab\" role=\"tab\" aria-controls=\"tab-3be53847b6cf9e98f29\" aria-selected=\"false\" tabindex=\"-1\" id=\"mobile-fusion-tab-downloads\" href=\"#tab-3be53847b6cf9e98f29\"><h4 class=\"fusion-tab-heading\"><i class=\"fontawesome-icon fa-file-pdf fas\" aria-hidden=\"true\" style=\"font-size:16px;\"><\/i>Descargas <\/h4><\/a><\/li><\/ul><\/div><div class=\"tab-pane fade fusion-clearfix\" role=\"tabpanel\" tabindex=\"0\" aria-labelledby=\"fusion-tab-downloads\" id=\"tab-3be53847b6cf9e98f29\">\n<h4 class=\"fusion-title-heading title-heading-center fusion-responsive-typography-calculated\"><a href=\"https:\/\/www.qeiinc.com\/wp-content\/uploads\/2025\/12\/eXP-9435-V-3.7-3-13-24-es-419.pdf\" target=\"_blank\" rel=\"noopener\">Folleto del expansor de puertos de comunicaci\u00f3n eXP-9435<\/a><\/h4>\n<h4><a href=\"https:\/\/www.qeiinc.com\/wp-content\/uploads\/2025\/12\/11-CONFIGWIZ-2-Tech-Bulletin.Rev7-es-419.pdf\">Software de configuraci\u00f3n<\/a><\/h4>\n<\/div><\/div><\/div><\/div><\/div><\/div><\/div>","protected":false},"excerpt":{"rendered":"<p class=\"p2\"><b>Ampl\u00ede su concentrador de datos de subestaci\u00f3n y proporcione acceso seguro a toda su empresa<\/b><\/p>\n<p class=\"p2\">El eXP-9435 es un complemento compacto para su pasarela multifunci\u00f3n ePAQ-9410\/9420\/9425, que ampl\u00eda el n\u00famero de puertos serie o IP para acceder a dispositivos o IED adicionales.<\/p>\n<p class=\"p2\">Alojado en una carcasa de 19\u201d de ancho con una huella de 1U, el eXP-9435 dispone de conexiones de acceso posterior para un c\u00f3modo montaje en bastidor. Se puede acceder a los puertos de comunicaci\u00f3n serie a trav\u00e9s de conectores ST de fibra del panel trasero o conectores DB-9.<\/p>\n<p class=\"p2\"><b>Puertos de comunicaci\u00f3n convertibles para instalaciones flexibles<\/b><\/p>\n<p class=\"p2\">El eXP-9435 proporciona 16 puertos adicionales que son RS-232 o RS-485 convertibles y pueden asignarse por puerto. Opcionalmente, se pueden proporcionar como ocho puertos serie de fibra con ocho conectores ST (multimodo), o como una mezcla de ocho puertos RS-232\/485 y cuatro puertos de fibra.<\/p>\n<p class=\"p2\">La conexi\u00f3n 10\/100 BaseTX se realiza a trav\u00e9s de una conexi\u00f3n RJ-45 est\u00e1ndar, mientras que la interfaz 100 BaseFX utiliza conectores de fibra ST est\u00e1ndar.<\/p>","protected":false},"featured_media":42454,"comment_status":"open","ping_status":"closed","template":"","meta":{"_acf_changed":false},"product_brand":[],"product_cat":[390,385],"product_tag":[],"class_list":{"0":"post-41289","1":"product","2":"type-product","3":"status-publish","4":"has-post-thumbnail","6":"product_cat-data-concentrators","7":"product_cat-automation-products","9":"first","10":"instock","11":"shipping-taxable","12":"product-type-simple"},"acf":[],"yoast_head":"<!-- This site is optimized with the Yoast SEO plugin v27.5 - https:\/\/yoast.com\/product\/yoast-seo-wordpress\/ -->\n<title>eXP-9435 Communication Port Expander | QEI Automation Solutions<\/title>\n<meta name=\"description\" content=\"The eXP-9435 is a compact addition to your ePAQ-9410\/9420\/9425 Multifunction Gateway, which expands the number of serial or IP ports for access to additional devices or IEDs.\" \/>\n<meta name=\"robots\" content=\"index, follow, max-snippet:-1, max-image-preview:large, max-video-preview:-1\" \/>\n<link rel=\"canonical\" href=\"https:\/\/www.qeiinc.com\/es\/producto\/exp-9435-expansor-de-puertos-de-comunicacion\/\" \/>\n<meta property=\"og:locale\" content=\"es_ES\" \/>\n<meta property=\"og:type\" content=\"article\" \/>\n<meta property=\"og:title\" content=\"eXP-9435 Communication Port Expander | QEI Automation Solutions\" \/>\n<meta property=\"og:description\" content=\"The eXP-9435 is a compact addition to your ePAQ-9410\/9420\/9425 Multifunction Gateway, which expands the number of serial or IP ports for access to additional devices or IEDs.\" \/>\n<meta property=\"og:url\" content=\"https:\/\/www.qeiinc.com\/es\/producto\/exp-9435-expansor-de-puertos-de-comunicacion\/\" \/>\n<meta property=\"og:site_name\" content=\"QEI Automation Solutions\" \/>\n<meta property=\"article:publisher\" content=\"https:\/\/www.facebook.com\/qeiscada\/\" \/>\n<meta property=\"article:modified_time\" content=\"2025-02-04T15:18:39+00:00\" \/>\n<meta property=\"og:image\" content=\"https:\/\/www.qeiinc.com\/wp-content\/uploads\/2024\/03\/qei-exp-9435v2.jpg\" \/>\n\t<meta property=\"og:image:width\" content=\"1000\" \/>\n\t<meta property=\"og:image:height\" content=\"720\" \/>\n\t<meta property=\"og:image:type\" content=\"image\/jpeg\" \/>\n<meta name=\"twitter:card\" content=\"summary_large_image\" \/>\n<meta name=\"twitter:site\" content=\"@QeiScada\" \/>\n<meta name=\"twitter:label1\" content=\"Tiempo de lectura\" \/>\n\t<meta name=\"twitter:data1\" content=\"3 minutos\" \/>\n<script type=\"application\/ld+json\" class=\"yoast-schema-graph\">{\"@context\":\"https:\\\/\\\/schema.org\",\"@graph\":[{\"@type\":\"WebPage\",\"@id\":\"https:\\\/\\\/www.qeiinc.com\\\/product\\\/exp-9435-communication-port-expander\\\/\",\"url\":\"https:\\\/\\\/www.qeiinc.com\\\/product\\\/exp-9435-communication-port-expander\\\/\",\"name\":\"eXP-9435 Communication Port Expander | QEI Automation Solutions\",\"isPartOf\":{\"@id\":\"https:\\\/\\\/www.qeiinc.com\\\/#website\"},\"primaryImageOfPage\":{\"@id\":\"https:\\\/\\\/www.qeiinc.com\\\/product\\\/exp-9435-communication-port-expander\\\/#primaryimage\"},\"image\":{\"@id\":\"https:\\\/\\\/www.qeiinc.com\\\/product\\\/exp-9435-communication-port-expander\\\/#primaryimage\"},\"thumbnailUrl\":\"https:\\\/\\\/www.qeiinc.com\\\/wp-content\\\/uploads\\\/2024\\\/03\\\/qei-exp-9435v2.jpg\",\"datePublished\":\"2024-03-06T18:23:44+00:00\",\"dateModified\":\"2025-02-04T15:18:39+00:00\",\"description\":\"The eXP-9435 is a compact addition to your ePAQ-9410\\\/9420\\\/9425 Multifunction Gateway, which expands the number of serial or IP ports for access to additional devices or IEDs.\",\"breadcrumb\":{\"@id\":\"https:\\\/\\\/www.qeiinc.com\\\/product\\\/exp-9435-communication-port-expander\\\/#breadcrumb\"},\"inLanguage\":\"es-CO\",\"potentialAction\":[{\"@type\":\"ReadAction\",\"target\":[\"https:\\\/\\\/www.qeiinc.com\\\/product\\\/exp-9435-communication-port-expander\\\/\"]}]},{\"@type\":\"ImageObject\",\"inLanguage\":\"es-CO\",\"@id\":\"https:\\\/\\\/www.qeiinc.com\\\/product\\\/exp-9435-communication-port-expander\\\/#primaryimage\",\"url\":\"https:\\\/\\\/www.qeiinc.com\\\/wp-content\\\/uploads\\\/2024\\\/03\\\/qei-exp-9435v2.jpg\",\"contentUrl\":\"https:\\\/\\\/www.qeiinc.com\\\/wp-content\\\/uploads\\\/2024\\\/03\\\/qei-exp-9435v2.jpg\",\"width\":1000,\"height\":720},{\"@type\":\"BreadcrumbList\",\"@id\":\"https:\\\/\\\/www.qeiinc.com\\\/product\\\/exp-9435-communication-port-expander\\\/#breadcrumb\",\"itemListElement\":[{\"@type\":\"ListItem\",\"position\":1,\"name\":\"Home\",\"item\":\"https:\\\/\\\/www.qeiinc.com\\\/\"},{\"@type\":\"ListItem\",\"position\":2,\"name\":\"Products\",\"item\":\"https:\\\/\\\/www.qeiinc.com\\\/products\\\/\"},{\"@type\":\"ListItem\",\"position\":3,\"name\":\"eXP-9435 Communication Port Expander\"}]},{\"@type\":\"WebSite\",\"@id\":\"https:\\\/\\\/www.qeiinc.com\\\/#website\",\"url\":\"https:\\\/\\\/www.qeiinc.com\\\/\",\"name\":\"QEI\",\"description\":\"Automation Solutions\",\"publisher\":{\"@id\":\"https:\\\/\\\/www.qeiinc.com\\\/#organization\"},\"potentialAction\":[{\"@type\":\"SearchAction\",\"target\":{\"@type\":\"EntryPoint\",\"urlTemplate\":\"https:\\\/\\\/www.qeiinc.com\\\/?s={search_term_string}\"},\"query-input\":{\"@type\":\"PropertyValueSpecification\",\"valueRequired\":true,\"valueName\":\"search_term_string\"}}],\"inLanguage\":\"es-CO\"},{\"@type\":\"Organization\",\"@id\":\"https:\\\/\\\/www.qeiinc.com\\\/#organization\",\"name\":\"QEI\",\"url\":\"https:\\\/\\\/www.qeiinc.com\\\/\",\"logo\":{\"@type\":\"ImageObject\",\"inLanguage\":\"es-CO\",\"@id\":\"https:\\\/\\\/www.qeiinc.com\\\/#\\\/schema\\\/logo\\\/image\\\/\",\"url\":\"https:\\\/\\\/www.qeiinc.com\\\/wp-content\\\/uploads\\\/2025\\\/04\\\/qei-social-logo.jpg\",\"contentUrl\":\"https:\\\/\\\/www.qeiinc.com\\\/wp-content\\\/uploads\\\/2025\\\/04\\\/qei-social-logo.jpg\",\"width\":696,\"height\":696,\"caption\":\"QEI\"},\"image\":{\"@id\":\"https:\\\/\\\/www.qeiinc.com\\\/#\\\/schema\\\/logo\\\/image\\\/\"},\"sameAs\":[\"https:\\\/\\\/www.facebook.com\\\/qeiscada\\\/\",\"https:\\\/\\\/x.com\\\/QeiScada\",\"https:\\\/\\\/www.linkedin.com\\\/company\\\/qei-llc\\\/\"]}]}<\/script>\n<!-- \/ Yoast SEO plugin. -->","yoast_head_json":{"title":"eXP-9435 Expansor de puertos de comunicaci\u00f3n | QEI Automation Solutions","description":"El eXP-9435 es un complemento compacto para su pasarela multifunci\u00f3n ePAQ-9410\/9420\/9425, que ampl\u00eda el n\u00famero de puertos serie o IP para acceder a dispositivos o IED adicionales.","robots":{"index":"index","follow":"follow","max-snippet":"max-snippet:-1","max-image-preview":"max-image-preview:large","max-video-preview":"max-video-preview:-1"},"canonical":"https:\/\/www.qeiinc.com\/es\/producto\/exp-9435-expansor-de-puertos-de-comunicacion\/","og_locale":"es_ES","og_type":"article","og_title":"eXP-9435 Communication Port Expander | QEI Automation Solutions","og_description":"The eXP-9435 is a compact addition to your ePAQ-9410\/9420\/9425 Multifunction Gateway, which expands the number of serial or IP ports for access to additional devices or IEDs.","og_url":"https:\/\/www.qeiinc.com\/es\/producto\/exp-9435-expansor-de-puertos-de-comunicacion\/","og_site_name":"QEI Automation Solutions","article_publisher":"https:\/\/www.facebook.com\/qeiscada\/","article_modified_time":"2025-02-04T15:18:39+00:00","og_image":[{"width":1000,"height":720,"url":"https:\/\/www.qeiinc.com\/wp-content\/uploads\/2024\/03\/qei-exp-9435v2.jpg","type":"image\/jpeg"}],"twitter_card":"summary_large_image","twitter_site":"@QeiScada","twitter_misc":{"Tiempo de lectura":"3 minutos"},"schema":{"@context":"https:\/\/schema.org","@graph":[{"@type":"WebPage","@id":"https:\/\/www.qeiinc.com\/product\/exp-9435-communication-port-expander\/","url":"https:\/\/www.qeiinc.com\/product\/exp-9435-communication-port-expander\/","name":"eXP-9435 Expansor de puertos de comunicaci\u00f3n | QEI Automation Solutions","isPartOf":{"@id":"https:\/\/www.qeiinc.com\/#website"},"primaryImageOfPage":{"@id":"https:\/\/www.qeiinc.com\/product\/exp-9435-communication-port-expander\/#primaryimage"},"image":{"@id":"https:\/\/www.qeiinc.com\/product\/exp-9435-communication-port-expander\/#primaryimage"},"thumbnailUrl":"https:\/\/www.qeiinc.com\/wp-content\/uploads\/2024\/03\/qei-exp-9435v2.jpg","datePublished":"2024-03-06T18:23:44+00:00","dateModified":"2025-02-04T15:18:39+00:00","description":"El eXP-9435 es un complemento compacto para su pasarela multifunci\u00f3n ePAQ-9410\/9420\/9425, que ampl\u00eda el n\u00famero de puertos serie o IP para acceder a dispositivos o IED adicionales.","breadcrumb":{"@id":"https:\/\/www.qeiinc.com\/product\/exp-9435-communication-port-expander\/#breadcrumb"},"inLanguage":"es-CO","potentialAction":[{"@type":"ReadAction","target":["https:\/\/www.qeiinc.com\/product\/exp-9435-communication-port-expander\/"]}]},{"@type":"ImageObject","inLanguage":"es-CO","@id":"https:\/\/www.qeiinc.com\/product\/exp-9435-communication-port-expander\/#primaryimage","url":"https:\/\/www.qeiinc.com\/wp-content\/uploads\/2024\/03\/qei-exp-9435v2.jpg","contentUrl":"https:\/\/www.qeiinc.com\/wp-content\/uploads\/2024\/03\/qei-exp-9435v2.jpg","width":1000,"height":720},{"@type":"BreadcrumbList","@id":"https:\/\/www.qeiinc.com\/product\/exp-9435-communication-port-expander\/#breadcrumb","itemListElement":[{"@type":"ListItem","position":1,"name":"Home","item":"https:\/\/www.qeiinc.com\/"},{"@type":"ListItem","position":2,"name":"Products","item":"https:\/\/www.qeiinc.com\/products\/"},{"@type":"ListItem","position":3,"name":"eXP-9435 Communication Port Expander"}]},{"@type":"WebSite","@id":"https:\/\/www.qeiinc.com\/#website","url":"https:\/\/www.qeiinc.com\/","name":"QEI","description":"Soluciones de automatizaci\u00f3n","publisher":{"@id":"https:\/\/www.qeiinc.com\/#organization"},"potentialAction":[{"@type":"SearchAction","target":{"@type":"EntryPoint","urlTemplate":"https:\/\/www.qeiinc.com\/?s={search_term_string}"},"query-input":{"@type":"PropertyValueSpecification","valueRequired":true,"valueName":"search_term_string"}}],"inLanguage":"es-CO"},{"@type":"Organization","@id":"https:\/\/www.qeiinc.com\/#organization","name":"QEI","url":"https:\/\/www.qeiinc.com\/","logo":{"@type":"ImageObject","inLanguage":"es-CO","@id":"https:\/\/www.qeiinc.com\/#\/schema\/logo\/image\/","url":"https:\/\/www.qeiinc.com\/wp-content\/uploads\/2025\/04\/qei-social-logo.jpg","contentUrl":"https:\/\/www.qeiinc.com\/wp-content\/uploads\/2025\/04\/qei-social-logo.jpg","width":696,"height":696,"caption":"QEI"},"image":{"@id":"https:\/\/www.qeiinc.com\/#\/schema\/logo\/image\/"},"sameAs":["https:\/\/www.facebook.com\/qeiscada\/","https:\/\/x.com\/QeiScada","https:\/\/www.linkedin.com\/company\/qei-llc\/"]}]}},"publishpress_future_workflow_manual_trigger":{"enabledWorkflows":[]},"_links":{"self":[{"href":"https:\/\/www.qeiinc.com\/es\/wp-json\/wp\/v2\/product\/41289","targetHints":{"allow":["GET"]}}],"collection":[{"href":"https:\/\/www.qeiinc.com\/es\/wp-json\/wp\/v2\/product"}],"about":[{"href":"https:\/\/www.qeiinc.com\/es\/wp-json\/wp\/v2\/types\/product"}],"replies":[{"embeddable":true,"href":"https:\/\/www.qeiinc.com\/es\/wp-json\/wp\/v2\/comments?post=41289"}],"wp:featuredmedia":[{"embeddable":true,"href":"https:\/\/www.qeiinc.com\/es\/wp-json\/wp\/v2\/media\/42454"}],"wp:attachment":[{"href":"https:\/\/www.qeiinc.com\/es\/wp-json\/wp\/v2\/media?parent=41289"}],"wp:term":[{"taxonomy":"product_brand","embeddable":true,"href":"https:\/\/www.qeiinc.com\/es\/wp-json\/wp\/v2\/product_brand?post=41289"},{"taxonomy":"product_cat","embeddable":true,"href":"https:\/\/www.qeiinc.com\/es\/wp-json\/wp\/v2\/product_cat?post=41289"},{"taxonomy":"product_tag","embeddable":true,"href":"https:\/\/www.qeiinc.com\/es\/wp-json\/wp\/v2\/product_tag?post=41289"}],"curies":[{"name":"wp","href":"https:\/\/api.w.org\/{rel}","templated":true}]}}