{"id":41502,"date":"2024-03-07T14:59:34","date_gmt":"2024-03-07T20:59:34","guid":{"rendered":"https:\/\/www.qeiinc.com\/?post_type=product&#038;p=41502"},"modified":"2024-10-23T11:36:03","modified_gmt":"2024-10-23T15:36:03","slug":"drt-9080-terminal-remoto-distribuido","status":"publish","type":"product","link":"https:\/\/www.qeiinc.com\/es\/product\/drt-9080-distributed-remote-terminal\/","title":{"rendered":"DRT-9080 Terminal remoto distribuido"},"content":{"rendered":"<div class=\"fusion-fullwidth fullwidth-box fusion-builder-row-1 fusion-flex-container nonhundred-percent-fullwidth non-hundred-percent-height-scrolling\" style=\"--awb-border-radius-top-left:0px;--awb-border-radius-top-right:0px;--awb-border-radius-bottom-right:0px;--awb-border-radius-bottom-left:0px;--awb-flex-wrap:wrap;\" ><div class=\"fusion-builder-row fusion-row fusion-flex-align-items-flex-start fusion-flex-content-wrap\" style=\"max-width:1310.4px;margin-left: calc(-4% \/ 2 );margin-right: calc(-4% \/ 2 );\"><div class=\"fusion-layout-column fusion_builder_column fusion-builder-column-0 fusion_builder_column_1_1 1_1 fusion-flex-column\" style=\"--awb-bg-color:var(--awb-color4);--awb-bg-color-hover:var(--awb-color4);--awb-bg-size:cover;--awb-width-large:100%;--awb-margin-top-large:20px;--awb-spacing-right-large:1.92%;--awb-margin-bottom-large:20px;--awb-spacing-left-large:1.92%;--awb-width-medium:100%;--awb-order-medium:0;--awb-spacing-right-medium:1.92%;--awb-spacing-left-medium:1.92%;--awb-width-small:100%;--awb-order-small:0;--awb-spacing-right-small:1.92%;--awb-spacing-left-small:1.92%;\" data-scroll-devices=\"small-visibility,medium-visibility,large-visibility\"><div class=\"fusion-column-wrapper fusion-column-has-shadow fusion-flex-justify-content-flex-start fusion-content-layout-column\"><div class=\"fusion-tabs fusion-tabs-1 clean nav-is-justified horizontal-tabs icon-position-left mobile-mode-accordion\" style=\"--awb-title-border-radius-top-left:0px;--awb-title-border-radius-top-right:0px;--awb-title-border-radius-bottom-right:0px;--awb-title-border-radius-bottom-left:0px;--awb-content-padding-top:0px;--awb-content-padding-right:60px;--awb-content-padding-bottom:0px;--awb-content-padding-left:40px;--awb-title-font-size:22px;--awb-title-text-transform:uppercase;--awb-title-line-height:29px;--awb-alignment:start;--awb-inactive-color:rgba(0,162,224,0.79);--awb-title-text-color:var(--awb-color1);--awb-background-color:var(--awb-custom_color_1);--awb-border-color:var(--awb-color3);--awb-active-border-color:var(--awb-color5);--awb-title-font-family:&quot;Geologica&quot;;--awb-title-font-style:normal;--awb-title-font-weight:200;\"><div class=\"nav\"><ul class=\"nav-tabs nav-justified\" role=\"tablist\"><li class=\"active\" role=\"presentation\"><a class=\"tab-link\" data-toggle=\"tab\" role=\"tab\" aria-controls=\"tab-4116717bf1aec6a9a11\" aria-selected=\"true\" id=\"fusion-tab-features\" href=\"#tab-4116717bf1aec6a9a11\"><h4 class=\"fusion-tab-heading\"><i class=\"fontawesome-icon fa-list fas\" aria-hidden=\"true\" style=\"font-size:16px;\"><\/i>Caracter\u00edsticas<\/h4><\/a><\/li><li role=\"presentation\"><a class=\"tab-link\" data-toggle=\"tab\" role=\"tab\" aria-controls=\"tab-7f1920b8f1ef2bbf1ba\" aria-selected=\"false\" tabindex=\"-1\" id=\"fusion-tab-specifications\" href=\"#tab-7f1920b8f1ef2bbf1ba\"><h4 class=\"fusion-tab-heading\"><i class=\"fontawesome-icon fa-cogs fas\" aria-hidden=\"true\" style=\"font-size:16px;\"><\/i>Especificaciones<\/h4><\/a><\/li><li role=\"presentation\"><a class=\"tab-link\" data-toggle=\"tab\" role=\"tab\" aria-controls=\"tab-fb741fa17dc8e36cf00\" aria-selected=\"false\" tabindex=\"-1\" id=\"fusion-tab-downloads\" href=\"#tab-fb741fa17dc8e36cf00\"><h4 class=\"fusion-tab-heading\"><i class=\"fontawesome-icon fa-file-pdf fas\" aria-hidden=\"true\" style=\"font-size:16px;\"><\/i>Descargas <\/h4><\/a><\/li><\/ul><\/div><div class=\"tab-content\"><div class=\"nav fusion-mobile-tab-nav\"><ul class=\"nav-tabs nav-justified\" role=\"tablist\"><li class=\"active\" role=\"presentation\"><a class=\"tab-link\" data-toggle=\"tab\" role=\"tab\" aria-controls=\"tab-4116717bf1aec6a9a11\" aria-selected=\"true\" id=\"mobile-fusion-tab-features\" href=\"#tab-4116717bf1aec6a9a11\"><h4 class=\"fusion-tab-heading\"><i class=\"fontawesome-icon fa-list fas\" aria-hidden=\"true\" style=\"font-size:16px;\"><\/i>Caracter\u00edsticas<\/h4><\/a><\/li><\/ul><\/div><div class=\"tab-pane fade fusion-clearfix in active\" role=\"tabpanel\" tabindex=\"0\" aria-labelledby=\"fusion-tab-features\" id=\"tab-4116717bf1aec6a9a11\">\n<p class=\"p1\">El DRT-9080 es la plataforma ideal para sus aplicaciones de automatizaci\u00f3n de alimentadores:<span class=\"Apple-converted-space\">\u00a0<\/span><\/p>\n<ul>\n<li class=\"p2\">Captura de formas de onda de fallos para recuperaci\u00f3n manual o automatizada<span class=\"Apple-converted-space\">\u00a0<\/span><\/li>\n<li class=\"p2\">Extrae y concentra datos de cualquier DEI<span class=\"Apple-converted-space\">\u00a0<\/span><\/li>\n<li class=\"p2\">Proporciona una conexi\u00f3n de red de paso a un IED para fines de ingenier\u00eda y programaci\u00f3n.<span class=\"Apple-converted-space\">\u00a0<\/span><\/li>\n<li class=\"p2\">Complemento completo de interfaces serie, TCP\/IP, servidor web y HMI<span class=\"Apple-converted-space\">\u00a0<\/span><\/li>\n<li class=\"p2\">Permite sofisticados guiones de automatizaci\u00f3n para la gesti\u00f3n de la tensi\u00f3n, los condensadores o los alimentadores.<span class=\"Apple-converted-space\">\u00a0<\/span><\/li>\n<li class=\"p2\">Algoritmos internos de seccionamiento autom\u00e1tico<span class=\"Apple-converted-space\">\u00a0<\/span><\/li>\n<li class=\"p2\">Amplia biblioteca de protocolos cliente y servidor<span class=\"Apple-converted-space\">\u00a0<\/span><\/li>\n<li class=\"p2\">C\u00f3modas interfaces MicroSD y USB para programaci\u00f3n y acceso a la memoria<span class=\"Apple-converted-space\">\u00a0<\/span><\/li>\n<li class=\"p2\">Reloj en tiempo real con supercap reserva<span class=\"Apple-converted-space\">\u00a0<\/span><\/li>\n<\/ul>\n<\/div><div class=\"nav fusion-mobile-tab-nav\"><ul class=\"nav-tabs nav-justified\" role=\"tablist\"><li role=\"presentation\"><a class=\"tab-link\" data-toggle=\"tab\" role=\"tab\" aria-controls=\"tab-7f1920b8f1ef2bbf1ba\" aria-selected=\"false\" tabindex=\"-1\" id=\"mobile-fusion-tab-specifications\" href=\"#tab-7f1920b8f1ef2bbf1ba\"><h4 class=\"fusion-tab-heading\"><i class=\"fontawesome-icon fa-cogs fas\" aria-hidden=\"true\" style=\"font-size:16px;\"><\/i>Especificaciones<\/h4><\/a><\/li><\/ul><\/div><div class=\"tab-pane fade fusion-clearfix\" role=\"tabpanel\" tabindex=\"0\" aria-labelledby=\"fusion-tab-specifications\" id=\"tab-7f1920b8f1ef2bbf1ba\">\n<p><a href=\"https:\/\/www.qeiinc.com\/wp-content\/uploads\/2024\/03\/DRT-9080-Distributed-Remote-Terminal-specs.jpg\"><img decoding=\"async\" class=\"lazyload alignright size-full wp-image-41504\" src=\"https:\/\/www.qeiinc.com\/wp-content\/uploads\/2024\/03\/DRT-9080-Distributed-Remote-Terminal-specs.jpg\" data-orig-src=\"https:\/\/www.qeiinc.com\/wp-content\/uploads\/2024\/03\/DRT-9080-Distributed-Remote-Terminal-specs.jpg\" alt=\"\" width=\"1810\" height=\"1624\" srcset=\"data:image\/svg+xml,%3Csvg%20xmlns%3D%27http%3A%2F%2Fwww.w3.org%2F2000%2Fsvg%27%20width%3D%271810%27%20height%3D%271624%27%20viewBox%3D%270%200%201810%201624%27%3E%3Crect%20width%3D%271810%27%20height%3D%271624%27%20fill-opacity%3D%220%22%2F%3E%3C%2Fsvg%3E\" data-srcset=\"https:\/\/www.qeiinc.com\/wp-content\/uploads\/2024\/03\/DRT-9080-Distributed-Remote-Terminal-specs-200x179.jpg 200w, https:\/\/www.qeiinc.com\/wp-content\/uploads\/2024\/03\/DRT-9080-Distributed-Remote-Terminal-specs-300x269.jpg 300w, https:\/\/www.qeiinc.com\/wp-content\/uploads\/2024\/03\/DRT-9080-Distributed-Remote-Terminal-specs-400x359.jpg 400w, https:\/\/www.qeiinc.com\/wp-content\/uploads\/2024\/03\/DRT-9080-Distributed-Remote-Terminal-specs-500x449.jpg 500w, https:\/\/www.qeiinc.com\/wp-content\/uploads\/2024\/03\/DRT-9080-Distributed-Remote-Terminal-specs-600x538.jpg 600w, https:\/\/www.qeiinc.com\/wp-content\/uploads\/2024\/03\/DRT-9080-Distributed-Remote-Terminal-specs-700x628.jpg 700w, https:\/\/www.qeiinc.com\/wp-content\/uploads\/2024\/03\/DRT-9080-Distributed-Remote-Terminal-specs-768x689.jpg 768w, https:\/\/www.qeiinc.com\/wp-content\/uploads\/2024\/03\/DRT-9080-Distributed-Remote-Terminal-specs-800x718.jpg 800w, https:\/\/www.qeiinc.com\/wp-content\/uploads\/2024\/03\/DRT-9080-Distributed-Remote-Terminal-specs-1024x919.jpg 1024w, https:\/\/www.qeiinc.com\/wp-content\/uploads\/2024\/03\/DRT-9080-Distributed-Remote-Terminal-specs-1200x1077.jpg 1200w, https:\/\/www.qeiinc.com\/wp-content\/uploads\/2024\/03\/DRT-9080-Distributed-Remote-Terminal-specs-1536x1378.jpg 1536w, https:\/\/www.qeiinc.com\/wp-content\/uploads\/2024\/03\/DRT-9080-Distributed-Remote-Terminal-specs.jpg 1810w\" data-sizes=\"auto\" data-orig-sizes=\"(max-width: 1810px) 100vw, 1810px\" \/><\/a><\/p>\n<\/div><div class=\"nav fusion-mobile-tab-nav\"><ul class=\"nav-tabs nav-justified\" role=\"tablist\"><li role=\"presentation\"><a class=\"tab-link\" data-toggle=\"tab\" role=\"tab\" aria-controls=\"tab-fb741fa17dc8e36cf00\" aria-selected=\"false\" tabindex=\"-1\" id=\"mobile-fusion-tab-downloads\" href=\"#tab-fb741fa17dc8e36cf00\"><h4 class=\"fusion-tab-heading\"><i class=\"fontawesome-icon fa-file-pdf fas\" aria-hidden=\"true\" style=\"font-size:16px;\"><\/i>Descargas <\/h4><\/a><\/li><\/ul><\/div><div class=\"tab-pane fade fusion-clearfix\" role=\"tabpanel\" tabindex=\"0\" aria-labelledby=\"fusion-tab-downloads\" id=\"tab-fb741fa17dc8e36cf00\">\n<h5 class=\"fusion-title-heading title-heading-center fusion-responsive-typography-calculated\"><a href=\"https:\/\/www.qeiinc.com\/wp-content\/uploads\/2024\/03\/6-DRT-9080-Feeder-Automation-Device-rev6.pdf\" target=\"_blank\" rel=\"noopener\">DRT-9080 Folleto del terminal remoto distribuido<\/a><\/h5>\n<\/div><\/div><\/div><\/div><\/div><\/div><\/div>","protected":false},"excerpt":{"rendered":"<p class=\"p1\">El DRT-9080 le proporciona la plataforma para la interrogaci\u00f3n remota de IED o la supervisi\u00f3n y el control sin transductor donde no hay ning\u00fan IED disponible. Es la plataforma ideal para implementar sus proyectos de automatizaci\u00f3n de la distribuci\u00f3n.<span class=\"Apple-converted-space\">\u00a0<\/span><\/p>\n<p class=\"p2\">El DRT-9080 puede aceptar directamente entradas de postes de l\u00ednea o secundarios de transformadores de medida y calcular e informar autom\u00e1ticamente de los valores de demanda, consumo y factor de potencia necesarios para sus programas de automatizaci\u00f3n de la distribuci\u00f3n, como la seccionalizaci\u00f3n autom\u00e1tica y el control Volt-VAR.<span class=\"Apple-converted-space\">\u00a0<\/span><\/p>\n<p class=\"p2\">El DRT-9080 est\u00e1 dise\u00f1ado espec\u00edficamente para el entorno de alimentadores robustos y para su uso con la infraestructura de comunicaciones serie o basada en TCP\/IP de que disponga. Las interfaces serie, fibra y Ethernet incorporadas permitir\u00e1n que el DRT-9080 crezca con su sistema. Una amplia biblioteca de protocolos de comunicaciones de cliente y servidor permitir\u00e1 una interfaz sencilla con sus IED y estaciones maestras SCADA existentes.<span class=\"Apple-converted-space\">\u00a0<\/span><\/p>\n<p class=\"p2\">Alojado en un robusto armario de acceso frontal, el DRT-9080 tiene el espacio y la potencia respaldados por bater\u00eda para su uso con las radios de datos m\u00e1s populares y su hardware de interfaz de red existente.<span class=\"Apple-converted-space\">\u00a0<\/span><\/p>","protected":false},"featured_media":41503,"comment_status":"open","ping_status":"closed","template":"","meta":{"_acf_changed":false},"product_brand":[],"product_cat":[391,385],"product_tag":[],"class_list":{"0":"post-41502","1":"product","2":"type-product","3":"status-publish","4":"has-post-thumbnail","6":"product_cat-remote-terminal-units","7":"product_cat-automation-products","9":"first","10":"instock","11":"shipping-taxable","12":"product-type-simple"},"acf":[],"yoast_head":"<!-- This site is optimized with the Yoast SEO plugin v27.6 - https:\/\/yoast.com\/product\/yoast-seo-wordpress\/ -->\n<title>DRT-9080 Distributed Remote Terminal | QEI Automation Solutions<\/title>\n<meta name=\"description\" content=\"The DRT-9080 provides you with the platform for remote interrogation of IEDs or transducerless monitoring and control where there is no IED available. It is the ideal platform for implementing your distribution automation projects.\u00a0\" \/>\n<meta name=\"robots\" content=\"index, follow, max-snippet:-1, max-image-preview:large, max-video-preview:-1\" \/>\n<link rel=\"canonical\" href=\"https:\/\/www.qeiinc.com\/es\/producto\/drt-9080-terminal-remoto-distribuido\/\" \/>\n<meta property=\"og:locale\" content=\"es_ES\" \/>\n<meta property=\"og:type\" content=\"article\" \/>\n<meta property=\"og:title\" content=\"DRT-9080 Distributed Remote Terminal | QEI Automation Solutions\" \/>\n<meta property=\"og:description\" content=\"The DRT-9080 provides you with the platform for remote interrogation of IEDs or transducerless monitoring and control where there is no IED available. It is the ideal platform for implementing your distribution automation projects.\u00a0\" \/>\n<meta property=\"og:url\" content=\"https:\/\/www.qeiinc.com\/es\/producto\/drt-9080-terminal-remoto-distribuido\/\" \/>\n<meta property=\"og:site_name\" content=\"QEI Automation Solutions\" \/>\n<meta property=\"article:publisher\" content=\"https:\/\/www.facebook.com\/qeiscada\/\" \/>\n<meta property=\"article:modified_time\" content=\"2024-10-23T15:36:03+00:00\" \/>\n<meta property=\"og:image\" content=\"https:\/\/www.qeiinc.com\/wp-content\/uploads\/2024\/03\/DRT-9080-Distributed-Remote-Terminal.jpg\" \/>\n\t<meta property=\"og:image:width\" content=\"1000\" \/>\n\t<meta property=\"og:image:height\" content=\"720\" \/>\n\t<meta property=\"og:image:type\" content=\"image\/jpeg\" \/>\n<meta name=\"twitter:card\" content=\"summary_large_image\" \/>\n<meta name=\"twitter:site\" content=\"@QeiScada\" \/>\n<meta name=\"twitter:label1\" content=\"Tiempo de lectura\" \/>\n\t<meta name=\"twitter:data1\" content=\"5 minutos\" \/>\n<script type=\"application\/ld+json\" class=\"yoast-schema-graph\">{\"@context\":\"https:\\\/\\\/schema.org\",\"@graph\":[{\"@type\":\"WebPage\",\"@id\":\"https:\\\/\\\/www.qeiinc.com\\\/product\\\/drt-9080-distributed-remote-terminal\\\/\",\"url\":\"https:\\\/\\\/www.qeiinc.com\\\/product\\\/drt-9080-distributed-remote-terminal\\\/\",\"name\":\"DRT-9080 Distributed Remote Terminal | QEI Automation Solutions\",\"isPartOf\":{\"@id\":\"https:\\\/\\\/www.qeiinc.com\\\/#website\"},\"primaryImageOfPage\":{\"@id\":\"https:\\\/\\\/www.qeiinc.com\\\/product\\\/drt-9080-distributed-remote-terminal\\\/#primaryimage\"},\"image\":{\"@id\":\"https:\\\/\\\/www.qeiinc.com\\\/product\\\/drt-9080-distributed-remote-terminal\\\/#primaryimage\"},\"thumbnailUrl\":\"https:\\\/\\\/www.qeiinc.com\\\/wp-content\\\/uploads\\\/2024\\\/03\\\/DRT-9080-Distributed-Remote-Terminal.jpg\",\"datePublished\":\"2024-03-07T20:59:34+00:00\",\"dateModified\":\"2024-10-23T15:36:03+00:00\",\"description\":\"The DRT-9080 provides you with the platform for remote interrogation of IEDs or transducerless monitoring and control where there is no IED available. It is the ideal platform for implementing your distribution automation projects.\u00a0\",\"breadcrumb\":{\"@id\":\"https:\\\/\\\/www.qeiinc.com\\\/product\\\/drt-9080-distributed-remote-terminal\\\/#breadcrumb\"},\"inLanguage\":\"es-CO\",\"potentialAction\":[{\"@type\":\"ReadAction\",\"target\":[\"https:\\\/\\\/www.qeiinc.com\\\/product\\\/drt-9080-distributed-remote-terminal\\\/\"]}]},{\"@type\":\"ImageObject\",\"inLanguage\":\"es-CO\",\"@id\":\"https:\\\/\\\/www.qeiinc.com\\\/product\\\/drt-9080-distributed-remote-terminal\\\/#primaryimage\",\"url\":\"https:\\\/\\\/www.qeiinc.com\\\/wp-content\\\/uploads\\\/2024\\\/03\\\/DRT-9080-Distributed-Remote-Terminal.jpg\",\"contentUrl\":\"https:\\\/\\\/www.qeiinc.com\\\/wp-content\\\/uploads\\\/2024\\\/03\\\/DRT-9080-Distributed-Remote-Terminal.jpg\",\"width\":1000,\"height\":720},{\"@type\":\"BreadcrumbList\",\"@id\":\"https:\\\/\\\/www.qeiinc.com\\\/product\\\/drt-9080-distributed-remote-terminal\\\/#breadcrumb\",\"itemListElement\":[{\"@type\":\"ListItem\",\"position\":1,\"name\":\"Home\",\"item\":\"https:\\\/\\\/www.qeiinc.com\\\/\"},{\"@type\":\"ListItem\",\"position\":2,\"name\":\"Products\",\"item\":\"https:\\\/\\\/www.qeiinc.com\\\/products\\\/\"},{\"@type\":\"ListItem\",\"position\":3,\"name\":\"DRT-9080 Distributed Remote Terminal\"}]},{\"@type\":\"WebSite\",\"@id\":\"https:\\\/\\\/www.qeiinc.com\\\/#website\",\"url\":\"https:\\\/\\\/www.qeiinc.com\\\/\",\"name\":\"QEI\",\"description\":\"Automation Solutions\",\"publisher\":{\"@id\":\"https:\\\/\\\/www.qeiinc.com\\\/#organization\"},\"potentialAction\":[{\"@type\":\"SearchAction\",\"target\":{\"@type\":\"EntryPoint\",\"urlTemplate\":\"https:\\\/\\\/www.qeiinc.com\\\/?s={search_term_string}\"},\"query-input\":{\"@type\":\"PropertyValueSpecification\",\"valueRequired\":true,\"valueName\":\"search_term_string\"}}],\"inLanguage\":\"es-CO\"},{\"@type\":\"Organization\",\"@id\":\"https:\\\/\\\/www.qeiinc.com\\\/#organization\",\"name\":\"QEI\",\"url\":\"https:\\\/\\\/www.qeiinc.com\\\/\",\"logo\":{\"@type\":\"ImageObject\",\"inLanguage\":\"es-CO\",\"@id\":\"https:\\\/\\\/www.qeiinc.com\\\/#\\\/schema\\\/logo\\\/image\\\/\",\"url\":\"https:\\\/\\\/www.qeiinc.com\\\/wp-content\\\/uploads\\\/2025\\\/04\\\/qei-social-logo.jpg\",\"contentUrl\":\"https:\\\/\\\/www.qeiinc.com\\\/wp-content\\\/uploads\\\/2025\\\/04\\\/qei-social-logo.jpg\",\"width\":696,\"height\":696,\"caption\":\"QEI\"},\"image\":{\"@id\":\"https:\\\/\\\/www.qeiinc.com\\\/#\\\/schema\\\/logo\\\/image\\\/\"},\"sameAs\":[\"https:\\\/\\\/www.facebook.com\\\/qeiscada\\\/\",\"https:\\\/\\\/x.com\\\/QeiScada\",\"https:\\\/\\\/www.linkedin.com\\\/company\\\/qei-llc\\\/\"]}]}<\/script>\n<!-- \/ Yoast SEO plugin. -->","yoast_head_json":{"title":"DRT-9080 Terminal remoto distribuido | QEI Automation Solutions","description":"El DRT-9080 le proporciona la plataforma para la interrogaci\u00f3n remota de IED o la supervisi\u00f3n y el control sin transductor donde no hay ning\u00fan IED disponible. Es la plataforma ideal para implementar sus proyectos de automatizaci\u00f3n de la distribuci\u00f3n.\u00a0","robots":{"index":"index","follow":"follow","max-snippet":"max-snippet:-1","max-image-preview":"max-image-preview:large","max-video-preview":"max-video-preview:-1"},"canonical":"https:\/\/www.qeiinc.com\/es\/producto\/drt-9080-terminal-remoto-distribuido\/","og_locale":"es_ES","og_type":"article","og_title":"DRT-9080 Distributed Remote Terminal | QEI Automation Solutions","og_description":"The DRT-9080 provides you with the platform for remote interrogation of IEDs or transducerless monitoring and control where there is no IED available. It is the ideal platform for implementing your distribution automation projects.\u00a0","og_url":"https:\/\/www.qeiinc.com\/es\/producto\/drt-9080-terminal-remoto-distribuido\/","og_site_name":"QEI Automation Solutions","article_publisher":"https:\/\/www.facebook.com\/qeiscada\/","article_modified_time":"2024-10-23T15:36:03+00:00","og_image":[{"width":1000,"height":720,"url":"https:\/\/www.qeiinc.com\/wp-content\/uploads\/2024\/03\/DRT-9080-Distributed-Remote-Terminal.jpg","type":"image\/jpeg"}],"twitter_card":"summary_large_image","twitter_site":"@QeiScada","twitter_misc":{"Tiempo de lectura":"5 minutos"},"schema":{"@context":"https:\/\/schema.org","@graph":[{"@type":"WebPage","@id":"https:\/\/www.qeiinc.com\/product\/drt-9080-distributed-remote-terminal\/","url":"https:\/\/www.qeiinc.com\/product\/drt-9080-distributed-remote-terminal\/","name":"DRT-9080 Terminal remoto distribuido | QEI Automation Solutions","isPartOf":{"@id":"https:\/\/www.qeiinc.com\/#website"},"primaryImageOfPage":{"@id":"https:\/\/www.qeiinc.com\/product\/drt-9080-distributed-remote-terminal\/#primaryimage"},"image":{"@id":"https:\/\/www.qeiinc.com\/product\/drt-9080-distributed-remote-terminal\/#primaryimage"},"thumbnailUrl":"https:\/\/www.qeiinc.com\/wp-content\/uploads\/2024\/03\/DRT-9080-Distributed-Remote-Terminal.jpg","datePublished":"2024-03-07T20:59:34+00:00","dateModified":"2024-10-23T15:36:03+00:00","description":"El DRT-9080 le proporciona la plataforma para la interrogaci\u00f3n remota de IED o la supervisi\u00f3n y el control sin transductor donde no hay ning\u00fan IED disponible. Es la plataforma ideal para implementar sus proyectos de automatizaci\u00f3n de la distribuci\u00f3n.\u00a0","breadcrumb":{"@id":"https:\/\/www.qeiinc.com\/product\/drt-9080-distributed-remote-terminal\/#breadcrumb"},"inLanguage":"es-CO","potentialAction":[{"@type":"ReadAction","target":["https:\/\/www.qeiinc.com\/product\/drt-9080-distributed-remote-terminal\/"]}]},{"@type":"ImageObject","inLanguage":"es-CO","@id":"https:\/\/www.qeiinc.com\/product\/drt-9080-distributed-remote-terminal\/#primaryimage","url":"https:\/\/www.qeiinc.com\/wp-content\/uploads\/2024\/03\/DRT-9080-Distributed-Remote-Terminal.jpg","contentUrl":"https:\/\/www.qeiinc.com\/wp-content\/uploads\/2024\/03\/DRT-9080-Distributed-Remote-Terminal.jpg","width":1000,"height":720},{"@type":"BreadcrumbList","@id":"https:\/\/www.qeiinc.com\/product\/drt-9080-distributed-remote-terminal\/#breadcrumb","itemListElement":[{"@type":"ListItem","position":1,"name":"Home","item":"https:\/\/www.qeiinc.com\/"},{"@type":"ListItem","position":2,"name":"Products","item":"https:\/\/www.qeiinc.com\/products\/"},{"@type":"ListItem","position":3,"name":"DRT-9080 Distributed Remote Terminal"}]},{"@type":"WebSite","@id":"https:\/\/www.qeiinc.com\/#website","url":"https:\/\/www.qeiinc.com\/","name":"QEI","description":"Soluciones de automatizaci\u00f3n","publisher":{"@id":"https:\/\/www.qeiinc.com\/#organization"},"potentialAction":[{"@type":"SearchAction","target":{"@type":"EntryPoint","urlTemplate":"https:\/\/www.qeiinc.com\/?s={search_term_string}"},"query-input":{"@type":"PropertyValueSpecification","valueRequired":true,"valueName":"search_term_string"}}],"inLanguage":"es-CO"},{"@type":"Organization","@id":"https:\/\/www.qeiinc.com\/#organization","name":"QEI","url":"https:\/\/www.qeiinc.com\/","logo":{"@type":"ImageObject","inLanguage":"es-CO","@id":"https:\/\/www.qeiinc.com\/#\/schema\/logo\/image\/","url":"https:\/\/www.qeiinc.com\/wp-content\/uploads\/2025\/04\/qei-social-logo.jpg","contentUrl":"https:\/\/www.qeiinc.com\/wp-content\/uploads\/2025\/04\/qei-social-logo.jpg","width":696,"height":696,"caption":"QEI"},"image":{"@id":"https:\/\/www.qeiinc.com\/#\/schema\/logo\/image\/"},"sameAs":["https:\/\/www.facebook.com\/qeiscada\/","https:\/\/x.com\/QeiScada","https:\/\/www.linkedin.com\/company\/qei-llc\/"]}]}},"publishpress_future_workflow_manual_trigger":{"enabledWorkflows":[]},"_links":{"self":[{"href":"https:\/\/www.qeiinc.com\/es\/wp-json\/wp\/v2\/product\/41502","targetHints":{"allow":["GET"]}}],"collection":[{"href":"https:\/\/www.qeiinc.com\/es\/wp-json\/wp\/v2\/product"}],"about":[{"href":"https:\/\/www.qeiinc.com\/es\/wp-json\/wp\/v2\/types\/product"}],"replies":[{"embeddable":true,"href":"https:\/\/www.qeiinc.com\/es\/wp-json\/wp\/v2\/comments?post=41502"}],"wp:featuredmedia":[{"embeddable":true,"href":"https:\/\/www.qeiinc.com\/es\/wp-json\/wp\/v2\/media\/41503"}],"wp:attachment":[{"href":"https:\/\/www.qeiinc.com\/es\/wp-json\/wp\/v2\/media?parent=41502"}],"wp:term":[{"taxonomy":"product_brand","embeddable":true,"href":"https:\/\/www.qeiinc.com\/es\/wp-json\/wp\/v2\/product_brand?post=41502"},{"taxonomy":"product_cat","embeddable":true,"href":"https:\/\/www.qeiinc.com\/es\/wp-json\/wp\/v2\/product_cat?post=41502"},{"taxonomy":"product_tag","embeddable":true,"href":"https:\/\/www.qeiinc.com\/es\/wp-json\/wp\/v2\/product_tag?post=41502"}],"curies":[{"name":"wp","href":"https:\/\/api.w.org\/{rel}","templated":true}]}}