{"id":42942,"date":"2024-05-10T13:07:13","date_gmt":"2024-05-10T17:07:13","guid":{"rendered":"https:\/\/www.qeiinc.com\/?post_type=product&#038;p=42942"},"modified":"2024-10-23T11:34:40","modified_gmt":"2024-10-23T15:34:40","slug":"qtrace-analytics","status":"publish","type":"product","link":"https:\/\/www.qeiinc.com\/es\/product\/qtrace-analytics\/","title":{"rendered":"An\u00e1lisis QTrace"},"content":{"rendered":"","protected":false},"excerpt":{"rendered":"<p>QTrace Analytics se conecta a varias configuraciones del QEI 6ACP6 para mostrar y registrar informaci\u00f3n de potencia como transitorios, arm\u00f3nicos, p\u00e9rdidas\/fallas de potencia, etc. Los datos anal\u00f3gicos se recogen hasta en catorce entradas denominadas Canales. El n\u00famero de entradas anal\u00f3gicas depende de la aplicaci\u00f3n. Normalmente, las aplicaciones de CC (DCTrace) tienen doce canales y las aplicaciones de CA (dos y tres alimentadores) tienen hasta catorce. Aunque el 6ACP6 tiene aplicaciones diferentes en entornos de CA y CC, la forma en que se utiliza el software QTrace Analytics es muy similar.<\/p>\n<p>El 6ACP6, ya sea en una aplicaci\u00f3n de CA o de CC, tiene la capacidad de registrar datos en los canales bas\u00e1ndose en eventos. En la aplicaci\u00f3n DC esto se basa en puntos de disparo (cambio de estado 0 a 1) mientras que en la aplicaci\u00f3n AC estos eventos son fallos o umbrales que han sido violados. Estos datos capturados contienen hasta 8000 muestras por canal (configurable en ConfigWiz 2.0) a una velocidad de 2000 muestras por segundo. La transmisi\u00f3n de datos en el 6ACP6 para todos los canales puede realizarse a 2000 muestras por segundo utilizando el software QTrace Analytics. La grabaci\u00f3n continua en todos los canales puede realizarse a una velocidad definida por el usuario de hasta 2000 muestras por segundo utilizando la grabadora QTrace Recorder suministrada con el software QTrace Analytics; pueden grabarse hasta 24 horas por archivo.<\/p>\n<p>QTrace Analytics puede transmitir los datos en directo a una pantalla gr\u00e1fica f\u00e1cil de usar, mostrar los datos grabados causados por los eventos o mostrar los datos grabados de 24 horas. QTrace Analytics permite personalizar la pantalla gr\u00e1fica para ayudar al usuario a analizar los datos de cada canal. Adem\u00e1s, los datos pueden imprimirse o guardarse en un archivo para futuras consultas.<\/p>","protected":false},"featured_media":42943,"comment_status":"open","ping_status":"closed","template":"","meta":{"_acf_changed":false},"product_brand":[],"product_cat":[402,385],"product_tag":[],"class_list":{"0":"post-42942","1":"product","2":"type-product","3":"status-publish","4":"has-post-thumbnail","6":"product_cat-power-monitoring","7":"product_cat-automation-products","9":"first","10":"instock","11":"shipping-taxable","12":"product-type-simple"},"acf":[],"yoast_head":"<!-- This site is optimized with the Yoast SEO plugin v27.5 - https:\/\/yoast.com\/product\/yoast-seo-wordpress\/ -->\n<title>QTrace Analytics | QEI Automation Solutions<\/title>\n<meta name=\"description\" content=\"QTrace Analytics connects to various configurations of the QEI 6ACP6 to display and record power information\" \/>\n<meta name=\"robots\" content=\"index, follow, max-snippet:-1, max-image-preview:large, max-video-preview:-1\" \/>\n<link rel=\"canonical\" href=\"https:\/\/www.qeiinc.com\/es\/producto\/qtrace-analytics\/\" \/>\n<meta property=\"og:locale\" content=\"es_ES\" \/>\n<meta property=\"og:type\" content=\"article\" \/>\n<meta property=\"og:title\" content=\"QTrace Analytics | QEI Automation Solutions\" \/>\n<meta property=\"og:description\" content=\"QTrace Analytics connects to various configurations of the QEI 6ACP6 to display and record power information\" \/>\n<meta property=\"og:url\" content=\"https:\/\/www.qeiinc.com\/es\/producto\/qtrace-analytics\/\" \/>\n<meta property=\"og:site_name\" content=\"QEI Automation Solutions\" \/>\n<meta property=\"article:publisher\" content=\"https:\/\/www.facebook.com\/qeiscada\/\" \/>\n<meta property=\"article:modified_time\" content=\"2024-10-23T15:34:40+00:00\" \/>\n<meta property=\"og:image\" content=\"https:\/\/www.qeiinc.com\/wp-content\/uploads\/2024\/05\/qei-qtrace-analytics.jpg\" \/>\n\t<meta property=\"og:image:width\" content=\"1000\" \/>\n\t<meta property=\"og:image:height\" content=\"720\" \/>\n\t<meta property=\"og:image:type\" content=\"image\/jpeg\" \/>\n<meta name=\"twitter:card\" content=\"summary_large_image\" \/>\n<meta name=\"twitter:site\" content=\"@QeiScada\" \/>\n<script type=\"application\/ld+json\" class=\"yoast-schema-graph\">{\"@context\":\"https:\\\/\\\/schema.org\",\"@graph\":[{\"@type\":\"WebPage\",\"@id\":\"https:\\\/\\\/www.qeiinc.com\\\/product\\\/qtrace-analytics\\\/\",\"url\":\"https:\\\/\\\/www.qeiinc.com\\\/product\\\/qtrace-analytics\\\/\",\"name\":\"QTrace Analytics | QEI Automation Solutions\",\"isPartOf\":{\"@id\":\"https:\\\/\\\/www.qeiinc.com\\\/#website\"},\"primaryImageOfPage\":{\"@id\":\"https:\\\/\\\/www.qeiinc.com\\\/product\\\/qtrace-analytics\\\/#primaryimage\"},\"image\":{\"@id\":\"https:\\\/\\\/www.qeiinc.com\\\/product\\\/qtrace-analytics\\\/#primaryimage\"},\"thumbnailUrl\":\"https:\\\/\\\/www.qeiinc.com\\\/wp-content\\\/uploads\\\/2024\\\/05\\\/qei-qtrace-analytics.jpg\",\"datePublished\":\"2024-05-10T17:07:13+00:00\",\"dateModified\":\"2024-10-23T15:34:40+00:00\",\"description\":\"QTrace Analytics connects to various configurations of the QEI 6ACP6 to display and record power information\",\"breadcrumb\":{\"@id\":\"https:\\\/\\\/www.qeiinc.com\\\/product\\\/qtrace-analytics\\\/#breadcrumb\"},\"inLanguage\":\"es-CO\",\"potentialAction\":[{\"@type\":\"ReadAction\",\"target\":[\"https:\\\/\\\/www.qeiinc.com\\\/product\\\/qtrace-analytics\\\/\"]}]},{\"@type\":\"ImageObject\",\"inLanguage\":\"es-CO\",\"@id\":\"https:\\\/\\\/www.qeiinc.com\\\/product\\\/qtrace-analytics\\\/#primaryimage\",\"url\":\"https:\\\/\\\/www.qeiinc.com\\\/wp-content\\\/uploads\\\/2024\\\/05\\\/qei-qtrace-analytics.jpg\",\"contentUrl\":\"https:\\\/\\\/www.qeiinc.com\\\/wp-content\\\/uploads\\\/2024\\\/05\\\/qei-qtrace-analytics.jpg\",\"width\":1000,\"height\":720},{\"@type\":\"BreadcrumbList\",\"@id\":\"https:\\\/\\\/www.qeiinc.com\\\/product\\\/qtrace-analytics\\\/#breadcrumb\",\"itemListElement\":[{\"@type\":\"ListItem\",\"position\":1,\"name\":\"Home\",\"item\":\"https:\\\/\\\/www.qeiinc.com\\\/\"},{\"@type\":\"ListItem\",\"position\":2,\"name\":\"Products\",\"item\":\"https:\\\/\\\/www.qeiinc.com\\\/products\\\/\"},{\"@type\":\"ListItem\",\"position\":3,\"name\":\"QTrace Analytics\"}]},{\"@type\":\"WebSite\",\"@id\":\"https:\\\/\\\/www.qeiinc.com\\\/#website\",\"url\":\"https:\\\/\\\/www.qeiinc.com\\\/\",\"name\":\"QEI\",\"description\":\"Automation Solutions\",\"publisher\":{\"@id\":\"https:\\\/\\\/www.qeiinc.com\\\/#organization\"},\"potentialAction\":[{\"@type\":\"SearchAction\",\"target\":{\"@type\":\"EntryPoint\",\"urlTemplate\":\"https:\\\/\\\/www.qeiinc.com\\\/?s={search_term_string}\"},\"query-input\":{\"@type\":\"PropertyValueSpecification\",\"valueRequired\":true,\"valueName\":\"search_term_string\"}}],\"inLanguage\":\"es-CO\"},{\"@type\":\"Organization\",\"@id\":\"https:\\\/\\\/www.qeiinc.com\\\/#organization\",\"name\":\"QEI\",\"url\":\"https:\\\/\\\/www.qeiinc.com\\\/\",\"logo\":{\"@type\":\"ImageObject\",\"inLanguage\":\"es-CO\",\"@id\":\"https:\\\/\\\/www.qeiinc.com\\\/#\\\/schema\\\/logo\\\/image\\\/\",\"url\":\"https:\\\/\\\/www.qeiinc.com\\\/wp-content\\\/uploads\\\/2025\\\/04\\\/qei-social-logo.jpg\",\"contentUrl\":\"https:\\\/\\\/www.qeiinc.com\\\/wp-content\\\/uploads\\\/2025\\\/04\\\/qei-social-logo.jpg\",\"width\":696,\"height\":696,\"caption\":\"QEI\"},\"image\":{\"@id\":\"https:\\\/\\\/www.qeiinc.com\\\/#\\\/schema\\\/logo\\\/image\\\/\"},\"sameAs\":[\"https:\\\/\\\/www.facebook.com\\\/qeiscada\\\/\",\"https:\\\/\\\/x.com\\\/QeiScada\",\"https:\\\/\\\/www.linkedin.com\\\/company\\\/qei-llc\\\/\"]}]}<\/script>\n<!-- \/ Yoast SEO plugin. -->","yoast_head_json":{"title":"QTrace Analytics | Soluciones de automatizaci\u00f3n QEI","description":"QTrace Analytics se conecta a varias configuraciones del QEI 6ACP6 para mostrar y registrar informaci\u00f3n sobre la potencia","robots":{"index":"index","follow":"follow","max-snippet":"max-snippet:-1","max-image-preview":"max-image-preview:large","max-video-preview":"max-video-preview:-1"},"canonical":"https:\/\/www.qeiinc.com\/es\/producto\/qtrace-analytics\/","og_locale":"es_ES","og_type":"article","og_title":"QTrace Analytics | QEI Automation Solutions","og_description":"QTrace Analytics connects to various configurations of the QEI 6ACP6 to display and record power information","og_url":"https:\/\/www.qeiinc.com\/es\/producto\/qtrace-analytics\/","og_site_name":"QEI Automation Solutions","article_publisher":"https:\/\/www.facebook.com\/qeiscada\/","article_modified_time":"2024-10-23T15:34:40+00:00","og_image":[{"width":1000,"height":720,"url":"https:\/\/www.qeiinc.com\/wp-content\/uploads\/2024\/05\/qei-qtrace-analytics.jpg","type":"image\/jpeg"}],"twitter_card":"summary_large_image","twitter_site":"@QeiScada","schema":{"@context":"https:\/\/schema.org","@graph":[{"@type":"WebPage","@id":"https:\/\/www.qeiinc.com\/product\/qtrace-analytics\/","url":"https:\/\/www.qeiinc.com\/product\/qtrace-analytics\/","name":"QTrace Analytics | Soluciones de automatizaci\u00f3n QEI","isPartOf":{"@id":"https:\/\/www.qeiinc.com\/#website"},"primaryImageOfPage":{"@id":"https:\/\/www.qeiinc.com\/product\/qtrace-analytics\/#primaryimage"},"image":{"@id":"https:\/\/www.qeiinc.com\/product\/qtrace-analytics\/#primaryimage"},"thumbnailUrl":"https:\/\/www.qeiinc.com\/wp-content\/uploads\/2024\/05\/qei-qtrace-analytics.jpg","datePublished":"2024-05-10T17:07:13+00:00","dateModified":"2024-10-23T15:34:40+00:00","description":"QTrace Analytics se conecta a varias configuraciones del QEI 6ACP6 para mostrar y registrar informaci\u00f3n sobre la potencia","breadcrumb":{"@id":"https:\/\/www.qeiinc.com\/product\/qtrace-analytics\/#breadcrumb"},"inLanguage":"es-CO","potentialAction":[{"@type":"ReadAction","target":["https:\/\/www.qeiinc.com\/product\/qtrace-analytics\/"]}]},{"@type":"ImageObject","inLanguage":"es-CO","@id":"https:\/\/www.qeiinc.com\/product\/qtrace-analytics\/#primaryimage","url":"https:\/\/www.qeiinc.com\/wp-content\/uploads\/2024\/05\/qei-qtrace-analytics.jpg","contentUrl":"https:\/\/www.qeiinc.com\/wp-content\/uploads\/2024\/05\/qei-qtrace-analytics.jpg","width":1000,"height":720},{"@type":"BreadcrumbList","@id":"https:\/\/www.qeiinc.com\/product\/qtrace-analytics\/#breadcrumb","itemListElement":[{"@type":"ListItem","position":1,"name":"Home","item":"https:\/\/www.qeiinc.com\/"},{"@type":"ListItem","position":2,"name":"Products","item":"https:\/\/www.qeiinc.com\/products\/"},{"@type":"ListItem","position":3,"name":"QTrace Analytics"}]},{"@type":"WebSite","@id":"https:\/\/www.qeiinc.com\/#website","url":"https:\/\/www.qeiinc.com\/","name":"QEI","description":"Soluciones de automatizaci\u00f3n","publisher":{"@id":"https:\/\/www.qeiinc.com\/#organization"},"potentialAction":[{"@type":"SearchAction","target":{"@type":"EntryPoint","urlTemplate":"https:\/\/www.qeiinc.com\/?s={search_term_string}"},"query-input":{"@type":"PropertyValueSpecification","valueRequired":true,"valueName":"search_term_string"}}],"inLanguage":"es-CO"},{"@type":"Organization","@id":"https:\/\/www.qeiinc.com\/#organization","name":"QEI","url":"https:\/\/www.qeiinc.com\/","logo":{"@type":"ImageObject","inLanguage":"es-CO","@id":"https:\/\/www.qeiinc.com\/#\/schema\/logo\/image\/","url":"https:\/\/www.qeiinc.com\/wp-content\/uploads\/2025\/04\/qei-social-logo.jpg","contentUrl":"https:\/\/www.qeiinc.com\/wp-content\/uploads\/2025\/04\/qei-social-logo.jpg","width":696,"height":696,"caption":"QEI"},"image":{"@id":"https:\/\/www.qeiinc.com\/#\/schema\/logo\/image\/"},"sameAs":["https:\/\/www.facebook.com\/qeiscada\/","https:\/\/x.com\/QeiScada","https:\/\/www.linkedin.com\/company\/qei-llc\/"]}]}},"publishpress_future_workflow_manual_trigger":{"enabledWorkflows":[]},"_links":{"self":[{"href":"https:\/\/www.qeiinc.com\/es\/wp-json\/wp\/v2\/product\/42942","targetHints":{"allow":["GET"]}}],"collection":[{"href":"https:\/\/www.qeiinc.com\/es\/wp-json\/wp\/v2\/product"}],"about":[{"href":"https:\/\/www.qeiinc.com\/es\/wp-json\/wp\/v2\/types\/product"}],"replies":[{"embeddable":true,"href":"https:\/\/www.qeiinc.com\/es\/wp-json\/wp\/v2\/comments?post=42942"}],"wp:featuredmedia":[{"embeddable":true,"href":"https:\/\/www.qeiinc.com\/es\/wp-json\/wp\/v2\/media\/42943"}],"wp:attachment":[{"href":"https:\/\/www.qeiinc.com\/es\/wp-json\/wp\/v2\/media?parent=42942"}],"wp:term":[{"taxonomy":"product_brand","embeddable":true,"href":"https:\/\/www.qeiinc.com\/es\/wp-json\/wp\/v2\/product_brand?post=42942"},{"taxonomy":"product_cat","embeddable":true,"href":"https:\/\/www.qeiinc.com\/es\/wp-json\/wp\/v2\/product_cat?post=42942"},{"taxonomy":"product_tag","embeddable":true,"href":"https:\/\/www.qeiinc.com\/es\/wp-json\/wp\/v2\/product_tag?post=42942"}],"curies":[{"name":"wp","href":"https:\/\/api.w.org\/{rel}","templated":true}]}}