{"id":44519,"date":"2023-02-17T10:38:55","date_gmt":"2023-02-17T15:38:55","guid":{"rendered":"https:\/\/www.qeiinc.com\/?post_type=product&#038;p=44519"},"modified":"2026-03-10T13:53:19","modified_gmt":"2026-03-10T17:53:19","slug":"pasarela-multifuncion-epaq-9710","status":"publish","type":"product","link":"https:\/\/www.qeiinc.com\/es\/product\/epaq-9710-multifunction-gateway\/","title":{"rendered":"Pasarela multifunci\u00f3n ePAQ-9710"},"content":{"rendered":"<div class=\"fusion-fullwidth fullwidth-box fusion-builder-row-1 fusion-flex-container nonhundred-percent-fullwidth non-hundred-percent-height-scrolling\" style=\"--awb-border-radius-top-left:0px;--awb-border-radius-top-right:0px;--awb-border-radius-bottom-right:0px;--awb-border-radius-bottom-left:0px;--awb-flex-wrap:wrap;\" ><div class=\"fusion-builder-row fusion-row fusion-flex-align-items-flex-start fusion-flex-content-wrap\" style=\"max-width:1310.4px;margin-left: calc(-4% \/ 2 );margin-right: calc(-4% \/ 2 );\"><div class=\"fusion-layout-column fusion_builder_column fusion-builder-column-0 fusion_builder_column_1_1 1_1 fusion-flex-column\" style=\"--awb-bg-color:var(--awb-color4);--awb-bg-color-hover:var(--awb-color4);--awb-bg-size:cover;--awb-width-large:100%;--awb-margin-top-large:20px;--awb-spacing-right-large:1.92%;--awb-margin-bottom-large:20px;--awb-spacing-left-large:1.92%;--awb-width-medium:100%;--awb-order-medium:0;--awb-spacing-right-medium:1.92%;--awb-spacing-left-medium:1.92%;--awb-width-small:100%;--awb-order-small:0;--awb-spacing-right-small:1.92%;--awb-spacing-left-small:1.92%;\" data-scroll-devices=\"small-visibility,medium-visibility,large-visibility\"><div class=\"fusion-column-wrapper fusion-column-has-shadow fusion-flex-justify-content-flex-start fusion-content-layout-column\"><div class=\"fusion-tabs fusion-tabs-1 clean nav-is-justified horizontal-tabs icon-position-left mobile-mode-accordion\" style=\"--awb-title-border-radius-top-left:0px;--awb-title-border-radius-top-right:0px;--awb-title-border-radius-bottom-right:0px;--awb-title-border-radius-bottom-left:0px;--awb-content-padding-top:0px;--awb-content-padding-right:60px;--awb-content-padding-bottom:0px;--awb-content-padding-left:40px;--awb-title-font-size:22px;--awb-title-text-transform:uppercase;--awb-title-line-height:29px;--awb-alignment:start;--awb-inactive-color:rgba(0,162,224,0.79);--awb-title-text-color:var(--awb-color1);--awb-background-color:var(--awb-custom_color_1);--awb-border-color:var(--awb-color3);--awb-active-border-color:var(--awb-color5);--awb-title-font-family:&quot;Geologica&quot;;--awb-title-font-style:normal;--awb-title-font-weight:200;\"><div class=\"nav\"><ul class=\"nav-tabs nav-justified\" role=\"tablist\"><li class=\"active\" role=\"presentation\"><a class=\"tab-link\" data-toggle=\"tab\" role=\"tab\" aria-controls=\"tab-e017fc28402c2772a1a\" aria-selected=\"true\" id=\"fusion-tab-features\" href=\"#tab-e017fc28402c2772a1a\"><h4 class=\"fusion-tab-heading\"><i class=\"fontawesome-icon fa-list fas\" aria-hidden=\"true\" style=\"font-size:16px;\"><\/i>Caracter\u00edsticas<\/h4><\/a><\/li><li role=\"presentation\"><a class=\"tab-link\" data-toggle=\"tab\" role=\"tab\" aria-controls=\"tab-7f8b7fe06ba3a1fc747\" aria-selected=\"false\" tabindex=\"-1\" id=\"fusion-tab-specifications\" href=\"#tab-7f8b7fe06ba3a1fc747\"><h4 class=\"fusion-tab-heading\"><i class=\"fontawesome-icon fa-cogs fas\" aria-hidden=\"true\" style=\"font-size:16px;\"><\/i>Especificaciones<\/h4><\/a><\/li><li role=\"presentation\"><a class=\"tab-link\" data-toggle=\"tab\" role=\"tab\" aria-controls=\"tab-a61dd54663cdf05ac85\" aria-selected=\"false\" tabindex=\"-1\" id=\"fusion-tab-downloads\" href=\"#tab-a61dd54663cdf05ac85\"><h4 class=\"fusion-tab-heading\"><i class=\"fontawesome-icon fa-file-pdf fas\" aria-hidden=\"true\" style=\"font-size:16px;\"><\/i>Descargas <\/h4><\/a><\/li><\/ul><\/div><div class=\"tab-content\"><div class=\"nav fusion-mobile-tab-nav\"><ul class=\"nav-tabs nav-justified\" role=\"tablist\"><li class=\"active\" role=\"presentation\"><a class=\"tab-link\" data-toggle=\"tab\" role=\"tab\" aria-controls=\"tab-e017fc28402c2772a1a\" aria-selected=\"true\" id=\"mobile-fusion-tab-features\" href=\"#tab-e017fc28402c2772a1a\"><h4 class=\"fusion-tab-heading\"><i class=\"fontawesome-icon fa-list fas\" aria-hidden=\"true\" style=\"font-size:16px;\"><\/i>Caracter\u00edsticas<\/h4><\/a><\/li><\/ul><\/div><div class=\"tab-pane fade fusion-clearfix in active\" role=\"tabpanel\" tabindex=\"0\" aria-labelledby=\"fusion-tab-features\" id=\"tab-e017fc28402c2772a1a\">\n<ul>\n<li>Arquitectura de cuatro n\u00facleos de alto rendimiento<\/li>\n<li>Compatible con m\u00e1s de 500 dispositivos<\/li>\n<li>Funciones avanzadas de ciberseguridad<\/li>\n<li>Procesador adicional en tiempo real<\/li>\n<li>Sistema operativo Linux integrado<\/li>\n<li>Redes flexibles y ampliables<\/li>\n<li>Manejo de datos de alta capacidad<\/li>\n<li>Salida HDMI integrada<\/li>\n<li>Dise\u00f1o de montaje en bastidor 2U que ahorra espacio<\/li>\n<\/ul>\n<\/div><div class=\"nav fusion-mobile-tab-nav\"><ul class=\"nav-tabs nav-justified\" role=\"tablist\"><li role=\"presentation\"><a class=\"tab-link\" data-toggle=\"tab\" role=\"tab\" aria-controls=\"tab-7f8b7fe06ba3a1fc747\" aria-selected=\"false\" tabindex=\"-1\" id=\"mobile-fusion-tab-specifications\" href=\"#tab-7f8b7fe06ba3a1fc747\"><h4 class=\"fusion-tab-heading\"><i class=\"fontawesome-icon fa-cogs fas\" aria-hidden=\"true\" style=\"font-size:16px;\"><\/i>Especificaciones<\/h4><\/a><\/li><\/ul><\/div><div class=\"tab-pane fade fusion-clearfix\" role=\"tabpanel\" tabindex=\"0\" aria-labelledby=\"fusion-tab-specifications\" id=\"tab-7f8b7fe06ba3a1fc747\">\n<p><img decoding=\"async\" class=\"lazyload alignleft size-full wp-image-44521\" src=\"https:\/\/www.qeiinc.com\/wp-content\/uploads\/2026\/02\/qei-epaq9710-specifications.jpg\" data-orig-src=\"https:\/\/www.qeiinc.com\/wp-content\/uploads\/2026\/02\/qei-epaq9710-specifications.jpg\" alt=\"\" width=\"1268\" height=\"1160\" srcset=\"data:image\/svg+xml,%3Csvg%20xmlns%3D%27http%3A%2F%2Fwww.w3.org%2F2000%2Fsvg%27%20width%3D%271268%27%20height%3D%271160%27%20viewBox%3D%270%200%201268%201160%27%3E%3Crect%20width%3D%271268%27%20height%3D%271160%27%20fill-opacity%3D%220%22%2F%3E%3C%2Fsvg%3E\" data-srcset=\"https:\/\/www.qeiinc.com\/wp-content\/uploads\/2026\/02\/qei-epaq9710-specifications-13x12.jpg 13w, https:\/\/www.qeiinc.com\/wp-content\/uploads\/2026\/02\/qei-epaq9710-specifications-200x183.jpg 200w, https:\/\/www.qeiinc.com\/wp-content\/uploads\/2026\/02\/qei-epaq9710-specifications-300x274.jpg 300w, https:\/\/www.qeiinc.com\/wp-content\/uploads\/2026\/02\/qei-epaq9710-specifications-400x366.jpg 400w, https:\/\/www.qeiinc.com\/wp-content\/uploads\/2026\/02\/qei-epaq9710-specifications-500x457.jpg 500w, https:\/\/www.qeiinc.com\/wp-content\/uploads\/2026\/02\/qei-epaq9710-specifications-600x549.jpg 600w, https:\/\/www.qeiinc.com\/wp-content\/uploads\/2026\/02\/qei-epaq9710-specifications-700x640.jpg 700w, https:\/\/www.qeiinc.com\/wp-content\/uploads\/2026\/02\/qei-epaq9710-specifications-768x703.jpg 768w, https:\/\/www.qeiinc.com\/wp-content\/uploads\/2026\/02\/qei-epaq9710-specifications-800x732.jpg 800w, https:\/\/www.qeiinc.com\/wp-content\/uploads\/2026\/02\/qei-epaq9710-specifications-1024x937.jpg 1024w, https:\/\/www.qeiinc.com\/wp-content\/uploads\/2026\/02\/qei-epaq9710-specifications-1200x1098.jpg 1200w, https:\/\/www.qeiinc.com\/wp-content\/uploads\/2026\/02\/qei-epaq9710-specifications.jpg 1268w\" data-sizes=\"auto\" data-orig-sizes=\"(max-width: 1268px) 100vw, 1268px\" \/><\/p>\n<\/div><div class=\"nav fusion-mobile-tab-nav\"><ul class=\"nav-tabs nav-justified\" role=\"tablist\"><li role=\"presentation\"><a class=\"tab-link\" data-toggle=\"tab\" role=\"tab\" aria-controls=\"tab-a61dd54663cdf05ac85\" aria-selected=\"false\" tabindex=\"-1\" id=\"mobile-fusion-tab-downloads\" href=\"#tab-a61dd54663cdf05ac85\"><h4 class=\"fusion-tab-heading\"><i class=\"fontawesome-icon fa-file-pdf fas\" aria-hidden=\"true\" style=\"font-size:16px;\"><\/i>Descargas <\/h4><\/a><\/li><\/ul><\/div><div class=\"tab-pane fade fusion-clearfix\" role=\"tabpanel\" tabindex=\"0\" aria-labelledby=\"fusion-tab-downloads\" id=\"tab-a61dd54663cdf05ac85\">\n<h4>Folletos<\/h4>\n<p><a href=\"https:\/\/www.qeiinc.com\/wp-content\/uploads\/2026\/03\/ePAQ-9710-Spanish-Version-Rev.-1.7.pdf\" target=\"_blank\" rel=\"noopener\"><strong>Pasarela multifunci\u00f3n ePAQ-9710<\/strong><\/a><\/div><\/div><\/div><\/div><\/div><\/div><\/div>","protected":false},"excerpt":{"rendered":"<p><strong>Aproveche todo el potencial de los dispositivos de su subestaci\u00f3n.<\/strong><\/p>\n<p>La pasarela multifunci\u00f3n ePAQ-9710 re\u00fane la concentraci\u00f3n de datos, la traducci\u00f3n de protocolos y la comunicaci\u00f3n segura para su subestaci\u00f3n, lo que permite integrar tanto los IED heredados como los modernos en una infraestructura SCADA unificada. Dise\u00f1ado para las operaciones reales de las subestaciones, el ePAQ-9710 puede filtrar, preprocesar y calcular los datos de los IED de forma local, lo que reduce el volumen de datos enviados aguas arriba, mejora la eficiencia de la red y agiliza la toma de decisiones. Sus opciones de expansi\u00f3n flexibles le permiten a\u00f1adir puertos o m\u00f3dulos de comunicaci\u00f3n adicionales a medida que su red evoluciona, lo que ayuda a preparar su sistema para el futuro.<\/p>\n<p>El acceso remoto seguro, que incluye cifrado y autenticaci\u00f3n, garantiza la integridad de los datos y cumple con las normas de ciberseguridad. La unidad est\u00e1 fabricada para entornos de servicios p\u00fablicos exigentes y dise\u00f1ada para ofrecer confiabilidad, escalabilidad e implementaci\u00f3n a largo plazo.<\/p>\n<p>F\u00e1cil de configurar, acceder y solucionar problemas utilizando el navegador HMI QEI y el software de configuraci\u00f3n. El navegador HMI tambi\u00e9n incluye un analizador de protocolos que proporciona una visualizaci\u00f3n en tiempo real del tr\u00e1fico de comunicaciones sin procesar.<\/p>","protected":false},"featured_media":44520,"comment_status":"open","ping_status":"closed","template":"","meta":{"_acf_changed":false},"product_brand":[],"product_cat":[390,385],"product_tag":[],"class_list":{"0":"post-44519","1":"product","2":"type-product","3":"status-publish","4":"has-post-thumbnail","6":"product_cat-data-concentrators","7":"product_cat-automation-products","9":"first","10":"instock","11":"shipping-taxable","12":"product-type-simple"},"acf":[],"yoast_head":"<!-- This site is optimized with the Yoast SEO plugin v27.4 - https:\/\/yoast.com\/product\/yoast-seo-wordpress\/ -->\n<title>ePAQ-9710 Multifunction Gateway | QEI Automation Solutions<\/title>\n<meta name=\"description\" content=\"The ePAQ-9710 Multifunction Gateway brings together data concentration, protocol translation, and secure communication for your substation.\" \/>\n<meta name=\"robots\" content=\"index, follow, max-snippet:-1, max-image-preview:large, max-video-preview:-1\" \/>\n<link rel=\"canonical\" href=\"https:\/\/www.qeiinc.com\/es\/producto\/pasarela-multifuncion-epaq-9710\/\" \/>\n<meta property=\"og:locale\" content=\"es_ES\" \/>\n<meta property=\"og:type\" content=\"article\" \/>\n<meta property=\"og:title\" content=\"ePAQ-9710 Multifunction Gateway | QEI Automation Solutions\" \/>\n<meta property=\"og:description\" content=\"The ePAQ-9710 Multifunction Gateway brings together data concentration, protocol translation, and secure communication for your substation.\" \/>\n<meta property=\"og:url\" content=\"https:\/\/www.qeiinc.com\/es\/producto\/pasarela-multifuncion-epaq-9710\/\" \/>\n<meta property=\"og:site_name\" content=\"QEI Automation Solutions\" \/>\n<meta property=\"article:publisher\" content=\"https:\/\/www.facebook.com\/qeiscada\/\" \/>\n<meta property=\"article:modified_time\" content=\"2026-03-10T17:53:19+00:00\" \/>\n<meta property=\"og:image\" content=\"https:\/\/www.qeiinc.com\/wp-content\/uploads\/2026\/02\/qei-epaq9710.jpg\" \/>\n\t<meta property=\"og:image:width\" content=\"1200\" \/>\n\t<meta property=\"og:image:height\" content=\"864\" \/>\n\t<meta property=\"og:image:type\" content=\"image\/jpeg\" \/>\n<meta name=\"twitter:card\" content=\"summary_large_image\" \/>\n<meta name=\"twitter:site\" content=\"@QeiScada\" \/>\n<meta name=\"twitter:label1\" content=\"Tiempo de lectura\" \/>\n\t<meta name=\"twitter:data1\" content=\"5 minutos\" \/>\n<script type=\"application\/ld+json\" class=\"yoast-schema-graph\">{\"@context\":\"https:\\\/\\\/schema.org\",\"@graph\":[{\"@type\":\"WebPage\",\"@id\":\"https:\\\/\\\/www.qeiinc.com\\\/product\\\/epaq-9710-multifunction-gateway\\\/\",\"url\":\"https:\\\/\\\/www.qeiinc.com\\\/product\\\/epaq-9710-multifunction-gateway\\\/\",\"name\":\"ePAQ-9710 Multifunction Gateway | QEI Automation Solutions\",\"isPartOf\":{\"@id\":\"https:\\\/\\\/www.qeiinc.com\\\/#website\"},\"primaryImageOfPage\":{\"@id\":\"https:\\\/\\\/www.qeiinc.com\\\/product\\\/epaq-9710-multifunction-gateway\\\/#primaryimage\"},\"image\":{\"@id\":\"https:\\\/\\\/www.qeiinc.com\\\/product\\\/epaq-9710-multifunction-gateway\\\/#primaryimage\"},\"thumbnailUrl\":\"https:\\\/\\\/www.qeiinc.com\\\/wp-content\\\/uploads\\\/2026\\\/02\\\/qei-epaq9710.jpg\",\"datePublished\":\"2023-02-17T15:38:55+00:00\",\"dateModified\":\"2026-03-10T17:53:19+00:00\",\"description\":\"The ePAQ-9710 Multifunction Gateway brings together data concentration, protocol translation, and secure communication for your substation.\",\"breadcrumb\":{\"@id\":\"https:\\\/\\\/www.qeiinc.com\\\/product\\\/epaq-9710-multifunction-gateway\\\/#breadcrumb\"},\"inLanguage\":\"es-CO\",\"potentialAction\":[{\"@type\":\"ReadAction\",\"target\":[\"https:\\\/\\\/www.qeiinc.com\\\/product\\\/epaq-9710-multifunction-gateway\\\/\"]}]},{\"@type\":\"ImageObject\",\"inLanguage\":\"es-CO\",\"@id\":\"https:\\\/\\\/www.qeiinc.com\\\/product\\\/epaq-9710-multifunction-gateway\\\/#primaryimage\",\"url\":\"https:\\\/\\\/www.qeiinc.com\\\/wp-content\\\/uploads\\\/2026\\\/02\\\/qei-epaq9710.jpg\",\"contentUrl\":\"https:\\\/\\\/www.qeiinc.com\\\/wp-content\\\/uploads\\\/2026\\\/02\\\/qei-epaq9710.jpg\",\"width\":1200,\"height\":864},{\"@type\":\"BreadcrumbList\",\"@id\":\"https:\\\/\\\/www.qeiinc.com\\\/product\\\/epaq-9710-multifunction-gateway\\\/#breadcrumb\",\"itemListElement\":[{\"@type\":\"ListItem\",\"position\":1,\"name\":\"Home\",\"item\":\"https:\\\/\\\/www.qeiinc.com\\\/\"},{\"@type\":\"ListItem\",\"position\":2,\"name\":\"Products\",\"item\":\"https:\\\/\\\/www.qeiinc.com\\\/products\\\/\"},{\"@type\":\"ListItem\",\"position\":3,\"name\":\"ePAQ-9710 Multifunction Gateway\"}]},{\"@type\":\"WebSite\",\"@id\":\"https:\\\/\\\/www.qeiinc.com\\\/#website\",\"url\":\"https:\\\/\\\/www.qeiinc.com\\\/\",\"name\":\"QEI\",\"description\":\"Automation Solutions\",\"publisher\":{\"@id\":\"https:\\\/\\\/www.qeiinc.com\\\/#organization\"},\"potentialAction\":[{\"@type\":\"SearchAction\",\"target\":{\"@type\":\"EntryPoint\",\"urlTemplate\":\"https:\\\/\\\/www.qeiinc.com\\\/?s={search_term_string}\"},\"query-input\":{\"@type\":\"PropertyValueSpecification\",\"valueRequired\":true,\"valueName\":\"search_term_string\"}}],\"inLanguage\":\"es-CO\"},{\"@type\":\"Organization\",\"@id\":\"https:\\\/\\\/www.qeiinc.com\\\/#organization\",\"name\":\"QEI\",\"url\":\"https:\\\/\\\/www.qeiinc.com\\\/\",\"logo\":{\"@type\":\"ImageObject\",\"inLanguage\":\"es-CO\",\"@id\":\"https:\\\/\\\/www.qeiinc.com\\\/#\\\/schema\\\/logo\\\/image\\\/\",\"url\":\"https:\\\/\\\/www.qeiinc.com\\\/wp-content\\\/uploads\\\/2025\\\/04\\\/qei-social-logo.jpg\",\"contentUrl\":\"https:\\\/\\\/www.qeiinc.com\\\/wp-content\\\/uploads\\\/2025\\\/04\\\/qei-social-logo.jpg\",\"width\":696,\"height\":696,\"caption\":\"QEI\"},\"image\":{\"@id\":\"https:\\\/\\\/www.qeiinc.com\\\/#\\\/schema\\\/logo\\\/image\\\/\"},\"sameAs\":[\"https:\\\/\\\/www.facebook.com\\\/qeiscada\\\/\",\"https:\\\/\\\/x.com\\\/QeiScada\",\"https:\\\/\\\/www.linkedin.com\\\/company\\\/qei-llc\\\/\"]}]}<\/script>\n<!-- \/ Yoast SEO plugin. -->","yoast_head_json":{"title":"Pasarela multifunci\u00f3n ePAQ-9710 | Soluciones de automatizaci\u00f3n QEI","description":"La pasarela multifunci\u00f3n ePAQ-9710 re\u00fane la concentraci\u00f3n de datos, la traducci\u00f3n de protocolos y la comunicaci\u00f3n segura para su subestaci\u00f3n.","robots":{"index":"index","follow":"follow","max-snippet":"max-snippet:-1","max-image-preview":"max-image-preview:large","max-video-preview":"max-video-preview:-1"},"canonical":"https:\/\/www.qeiinc.com\/es\/producto\/pasarela-multifuncion-epaq-9710\/","og_locale":"es_ES","og_type":"article","og_title":"ePAQ-9710 Multifunction Gateway | QEI Automation Solutions","og_description":"The ePAQ-9710 Multifunction Gateway brings together data concentration, protocol translation, and secure communication for your substation.","og_url":"https:\/\/www.qeiinc.com\/es\/producto\/pasarela-multifuncion-epaq-9710\/","og_site_name":"QEI Automation Solutions","article_publisher":"https:\/\/www.facebook.com\/qeiscada\/","article_modified_time":"2026-03-10T17:53:19+00:00","og_image":[{"width":1200,"height":864,"url":"https:\/\/www.qeiinc.com\/wp-content\/uploads\/2026\/02\/qei-epaq9710.jpg","type":"image\/jpeg"}],"twitter_card":"summary_large_image","twitter_site":"@QeiScada","twitter_misc":{"Tiempo de lectura":"5 minutos"},"schema":{"@context":"https:\/\/schema.org","@graph":[{"@type":"WebPage","@id":"https:\/\/www.qeiinc.com\/product\/epaq-9710-multifunction-gateway\/","url":"https:\/\/www.qeiinc.com\/product\/epaq-9710-multifunction-gateway\/","name":"Pasarela multifunci\u00f3n ePAQ-9710 | Soluciones de automatizaci\u00f3n QEI","isPartOf":{"@id":"https:\/\/www.qeiinc.com\/#website"},"primaryImageOfPage":{"@id":"https:\/\/www.qeiinc.com\/product\/epaq-9710-multifunction-gateway\/#primaryimage"},"image":{"@id":"https:\/\/www.qeiinc.com\/product\/epaq-9710-multifunction-gateway\/#primaryimage"},"thumbnailUrl":"https:\/\/www.qeiinc.com\/wp-content\/uploads\/2026\/02\/qei-epaq9710.jpg","datePublished":"2023-02-17T15:38:55+00:00","dateModified":"2026-03-10T17:53:19+00:00","description":"La pasarela multifunci\u00f3n ePAQ-9710 re\u00fane la concentraci\u00f3n de datos, la traducci\u00f3n de protocolos y la comunicaci\u00f3n segura para su subestaci\u00f3n.","breadcrumb":{"@id":"https:\/\/www.qeiinc.com\/product\/epaq-9710-multifunction-gateway\/#breadcrumb"},"inLanguage":"es-CO","potentialAction":[{"@type":"ReadAction","target":["https:\/\/www.qeiinc.com\/product\/epaq-9710-multifunction-gateway\/"]}]},{"@type":"ImageObject","inLanguage":"es-CO","@id":"https:\/\/www.qeiinc.com\/product\/epaq-9710-multifunction-gateway\/#primaryimage","url":"https:\/\/www.qeiinc.com\/wp-content\/uploads\/2026\/02\/qei-epaq9710.jpg","contentUrl":"https:\/\/www.qeiinc.com\/wp-content\/uploads\/2026\/02\/qei-epaq9710.jpg","width":1200,"height":864},{"@type":"BreadcrumbList","@id":"https:\/\/www.qeiinc.com\/product\/epaq-9710-multifunction-gateway\/#breadcrumb","itemListElement":[{"@type":"ListItem","position":1,"name":"Home","item":"https:\/\/www.qeiinc.com\/"},{"@type":"ListItem","position":2,"name":"Products","item":"https:\/\/www.qeiinc.com\/products\/"},{"@type":"ListItem","position":3,"name":"ePAQ-9710 Multifunction Gateway"}]},{"@type":"WebSite","@id":"https:\/\/www.qeiinc.com\/#website","url":"https:\/\/www.qeiinc.com\/","name":"QEI","description":"Soluciones de automatizaci\u00f3n","publisher":{"@id":"https:\/\/www.qeiinc.com\/#organization"},"potentialAction":[{"@type":"SearchAction","target":{"@type":"EntryPoint","urlTemplate":"https:\/\/www.qeiinc.com\/?s={search_term_string}"},"query-input":{"@type":"PropertyValueSpecification","valueRequired":true,"valueName":"search_term_string"}}],"inLanguage":"es-CO"},{"@type":"Organization","@id":"https:\/\/www.qeiinc.com\/#organization","name":"QEI","url":"https:\/\/www.qeiinc.com\/","logo":{"@type":"ImageObject","inLanguage":"es-CO","@id":"https:\/\/www.qeiinc.com\/#\/schema\/logo\/image\/","url":"https:\/\/www.qeiinc.com\/wp-content\/uploads\/2025\/04\/qei-social-logo.jpg","contentUrl":"https:\/\/www.qeiinc.com\/wp-content\/uploads\/2025\/04\/qei-social-logo.jpg","width":696,"height":696,"caption":"QEI"},"image":{"@id":"https:\/\/www.qeiinc.com\/#\/schema\/logo\/image\/"},"sameAs":["https:\/\/www.facebook.com\/qeiscada\/","https:\/\/x.com\/QeiScada","https:\/\/www.linkedin.com\/company\/qei-llc\/"]}]}},"publishpress_future_workflow_manual_trigger":{"enabledWorkflows":[]},"_links":{"self":[{"href":"https:\/\/www.qeiinc.com\/es\/wp-json\/wp\/v2\/product\/44519","targetHints":{"allow":["GET"]}}],"collection":[{"href":"https:\/\/www.qeiinc.com\/es\/wp-json\/wp\/v2\/product"}],"about":[{"href":"https:\/\/www.qeiinc.com\/es\/wp-json\/wp\/v2\/types\/product"}],"replies":[{"embeddable":true,"href":"https:\/\/www.qeiinc.com\/es\/wp-json\/wp\/v2\/comments?post=44519"}],"wp:featuredmedia":[{"embeddable":true,"href":"https:\/\/www.qeiinc.com\/es\/wp-json\/wp\/v2\/media\/44520"}],"wp:attachment":[{"href":"https:\/\/www.qeiinc.com\/es\/wp-json\/wp\/v2\/media?parent=44519"}],"wp:term":[{"taxonomy":"product_brand","embeddable":true,"href":"https:\/\/www.qeiinc.com\/es\/wp-json\/wp\/v2\/product_brand?post=44519"},{"taxonomy":"product_cat","embeddable":true,"href":"https:\/\/www.qeiinc.com\/es\/wp-json\/wp\/v2\/product_cat?post=44519"},{"taxonomy":"product_tag","embeddable":true,"href":"https:\/\/www.qeiinc.com\/es\/wp-json\/wp\/v2\/product_tag?post=44519"}],"curies":[{"name":"wp","href":"https:\/\/api.w.org\/{rel}","templated":true}]}}